{"id":1027,"date":"2018-07-02T11:47:15","date_gmt":"2018-07-02T11:47:15","guid":{"rendered":"http:\/\/epinut.umh.es\/?page_id=1027"},"modified":"2026-04-15T09:48:37","modified_gmt":"2026-04-15T09:48:37","slug":"stomach-cancer-pooling-project-stop-project","status":"publish","type":"page","link":"https:\/\/epinut.umh.es\/en\/stomach-cancer-pooling-project-stop-project\/","title":{"rendered":"Stomach cancer Pooling Project (StoP Project)"},"content":{"rendered":"<p>[et_pb_section admin_label=&#8221;section&#8221;]<br \/>\n\t\t\t[et_pb_row admin_label=&#8221;row&#8221;]<br \/>\n\t\t\t\t[et_pb_column type=&#8221;4_4&#8243;][et_pb_text admin_label=&#8221;Text&#8221;]<\/p>\n<h4><strong><span style=\"color: #008080\">DESCRIPTION<\/span><\/strong><\/h4>\n<hr \/>\n<p><strong>The Stomach cancer Pooling (StoP) Project<\/strong> is a consortium of epidemiological studies of gastric cancer.<\/p>\n<p>The project started in July 2012, based on a core group of 10 studies. Several investigators joined the project during the last 5 years, and the consortium\u00a0now counts over 30 studies from different world areas.<\/p>\n<p>The main aim of the StoP Project is <strong>to examine the role of several lifestyle and genetic determinants in the aetiology of gastric cancer<\/strong>, through pooled analyses of individual-level data, after central collection and validation of the original datasets.<\/p>\n<p><strong>Publications<\/strong>\u00a0related<\/p>\n<hr \/>\n<p>1. Ferro A, Morais S, Rota, et al.\u00a0<strong>Alcohol intake and gastric cancer: Meta-analyses of published data versus individual participant data pooled analyses (StoP Project).<\/strong>\u00a0<span style=\"color: #008080\"><a style=\"color: #008080\" href=\"https:\/\/www.ncbi.nlm.nih.gov\/pubmed\/29727805\"><span class=\"jrnl\" title=\"Cancer epidemiology\">Cancer Epidemiol<\/span>. 2018 Jun;54:125-132.<\/a><\/span><\/p>\n<hr \/>\n<p>2. Ferro A, Morais S, Rota M, et al.\u00a0<strong>Tobacco smoking and gastric cancer: meta-analyses of published data versus pooled analyses of individual participant data (StoP Project).<\/strong>\u00a0<span style=\"color: #008080\"><a style=\"color: #008080\" href=\"https:\/\/www.ncbi.nlm.nih.gov\/pubmed\/29595756\"><span class=\"jrnl\" title=\"European journal of cancer prevention : the official journal of the European Cancer Prevention Organisation (ECP)\">Eur J Cancer Prev<\/span>. 2018 May;27(3):197-204.<\/a><\/span><\/p>\n<hr \/>\n<p>3. Rota M, Pelucchi C, Bertuccio P, et al.\u00a0<strong>Alcohol consumption and gastric cancer risk-A pooled analysis within the StoP project consortium.<\/strong>\u00a0<span style=\"color: #008080\"><a style=\"color: #008080\" href=\"https:\/\/www.ncbi.nlm.nih.gov\/pubmed\/28718913\"><span class=\"jrnl\" title=\"International journal of cancer\">Int J Cancer<\/span>. 2017 Nov 15;141(10):1950-1962.<\/a><\/span><\/p>\n<hr \/>\n<p>4. Praud D, Rota M, Pelucchi C, et al.\u00a0<strong>Cigarette smoking and gastric cancer in the Stomach Cancer Pooling (StoP) Project.<\/strong>\u00a0<span style=\"color: #008080\"><a style=\"color: #008080\" href=\"https:\/\/www.ncbi.nlm.nih.gov\/pubmed\/27560662\"><span class=\"jrnl\" title=\"European journal of cancer prevention : the official journal of the European Cancer Prevention Organisation (ECP)\">Eur J Cancer Prev<\/span>. 2018 Mar;27(2):124-133.<\/a><\/span><\/p>\n<hr \/>\n<p><a href=\"http:\/\/epinut.umh.es\/?p=34\"><strong><span style=\"color: #008080\">&lt;&lt;Back<\/span><\/strong><\/a>[\/et_pb_text][\/et_pb_column]<br \/>\n\t\t\t[\/et_pb_row]<br \/>\n\t\t[\/et_pb_section]<\/p>","protected":false},"excerpt":{"rendered":"<p>DESCRIPTION The Stomach cancer Pooling (StoP) Project is a consortium of epidemiological studies of gastric cancer. The project started in July 2012, based on a core group of 10 studies. Several investigators joined the project during the last 5 years, and the consortium\u00a0now counts over 30 studies from different world areas. The main aim of [&hellip;]<\/p>\n","protected":false},"author":163,"featured_media":0,"parent":0,"menu_order":0,"comment_status":"closed","ping_status":"closed","template":"","meta":{"_et_pb_use_builder":"on","_et_pb_old_content":"<h4><strong><span style=\"color: #008080;\">DESCRIPTION<\/span><\/strong><\/h4>\r\n\r\n<hr \/>\r\n\r\n<strong>The Stomach cancer Pooling (StoP) Project<\/strong> is a consortium of epidemiological studies of gastric cancer.\r\n\r\nThe project started in July 2012, based on a core group of 10 studies. Several investigators joined the project during the last 5 years, and the consortium\u00a0now counts over 30 studies from different world areas.\r\n\r\nThe main aim of the StoP Project is <strong>to examine the role of several lifestyle and genetic determinants in the aetiology of gastric cancer<\/strong>, through pooled analyses of individual-level data, after central collection and validation of the original datasets.\r\n\r\n<strong>Publications<\/strong>\u00a0related\r\n\r\n<hr \/>\r\n\r\n1. Ferro A, Morais S, Rota, et al.\u00a0<strong>Alcohol intake and gastric cancer: Meta-analyses of published data versus individual participant data pooled analyses (StoP Project).<\/strong>\u00a0<span style=\"color: #008080;\"><a style=\"color: #008080;\" href=\"https:\/\/www.ncbi.nlm.nih.gov\/pubmed\/29727805\"><span class=\"jrnl\" title=\"Cancer epidemiology\">Cancer Epidemiol<\/span>. 2018 Jun;54:125-132.<\/a><\/span>\r\n\r\n<hr \/>\r\n\r\n2. Ferro A, Morais S, Rota M, et al.\u00a0<strong>Tobacco smoking and gastric cancer: meta-analyses of published data versus pooled analyses of individual participant data (StoP Project).<\/strong>\u00a0<span style=\"color: #008080;\"><a style=\"color: #008080;\" href=\"https:\/\/www.ncbi.nlm.nih.gov\/pubmed\/29595756\"><span class=\"jrnl\" title=\"European journal of cancer prevention : the official journal of the European Cancer Prevention Organisation (ECP)\">Eur J Cancer Prev<\/span>. 2018 May;27(3):197-204.<\/a><\/span>\r\n\r\n<hr \/>\r\n\r\n3. Rota M, Pelucchi C, Bertuccio P, et al.\u00a0<strong>Alcohol consumption and gastric cancer risk-A pooled analysis within the StoP project consortium.<\/strong>\u00a0<span style=\"color: #008080;\"><a style=\"color: #008080;\" href=\"https:\/\/www.ncbi.nlm.nih.gov\/pubmed\/28718913\"><span class=\"jrnl\" title=\"International journal of cancer\">Int J Cancer<\/span>. 2017 Nov 15;141(10):1950-1962.<\/a><\/span>\r\n\r\n<hr \/>\r\n\r\n4. Praud D, Rota M, Pelucchi C, et al.\u00a0<strong>Cigarette smoking and gastric cancer in the Stomach Cancer Pooling (StoP) Project.<\/strong>\u00a0<span style=\"color: #008080;\"><a style=\"color: #008080;\" href=\"https:\/\/www.ncbi.nlm.nih.gov\/pubmed\/27560662\"><span class=\"jrnl\" title=\"European journal of cancer prevention : the official journal of the European Cancer Prevention Organisation (ECP)\">Eur J Cancer Prev<\/span>. 2018 Mar;27(2):124-133.<\/a><\/span>\r\n\r\n<hr \/>\r\n\r\n<a href=\"http:\/\/epinut.umh.es\/?p=34\"><strong><span style=\"color: #008080;\">&lt;&lt;Back<\/span><\/strong><\/a>","_et_gb_content_width":"","_links_to":"","_links_to_target":""},"yoast_head":"<!-- This site is optimized with the Yoast SEO plugin v17.5 - https:\/\/yoast.com\/wordpress\/plugins\/seo\/ -->\n<title>Stomach cancer Pooling Project (StoP Project) - Unidad de epidemiolog\u00eda de la nutrici\u00f3n<\/title>\n<meta name=\"robots\" content=\"index, follow, max-snippet:-1, max-image-preview:large, max-video-preview:-1\" \/>\n<link rel=\"canonical\" href=\"https:\/\/epinut.umh.es\/stomach-cancer-pooling-project-stop-project\/\" \/>\n<meta property=\"og:locale\" content=\"en_US\" \/>\n<meta property=\"og:type\" content=\"article\" \/>\n<meta property=\"og:title\" content=\"Stomach cancer Pooling Project (StoP Project) - Unidad de epidemiolog\u00eda de la nutrici\u00f3n\" \/>\n<meta property=\"og:description\" content=\"DESCRIPTION The Stomach cancer Pooling (StoP) Project is a consortium of epidemiological studies of gastric cancer. The project started in July 2012, based on a core group of 10 studies. Several investigators joined the project during the last 5 years, and the consortium\u00a0now counts over 30 studies from different world areas. The main aim of [&hellip;]\" \/>\n<meta property=\"og:url\" content=\"https:\/\/epinut.umh.es\/stomach-cancer-pooling-project-stop-project\/\" \/>\n<meta property=\"og:site_name\" content=\"Unidad de epidemiolog\u00eda de la nutrici\u00f3n\" \/>\n<meta property=\"article:modified_time\" content=\"2026-04-15T09:48:37+00:00\" \/>\n<meta name=\"twitter:card\" content=\"summary\" \/>\n<meta name=\"twitter:label1\" content=\"Est. reading time\" \/>\n\t<meta name=\"twitter:data1\" content=\"2 minutes\" \/>\n<script type=\"application\/ld+json\" class=\"yoast-schema-graph\">{\"@context\":\"https:\/\/schema.org\",\"@graph\":[{\"@type\":\"WebSite\",\"@id\":\"https:\/\/epinut.umh.es\/#website\",\"url\":\"https:\/\/epinut.umh.es\/\",\"name\":\"Unidad de epidemiolog\\u00eda de la nutrici\\u00f3n\",\"description\":\"Universidad Miguel Hern\\u00e1ndez de Elche\",\"potentialAction\":[{\"@type\":\"SearchAction\",\"target\":{\"@type\":\"EntryPoint\",\"urlTemplate\":\"https:\/\/epinut.umh.es\/?s={search_term_string}\"},\"query-input\":\"required name=search_term_string\"}],\"inLanguage\":\"en-US\"},{\"@type\":\"WebPage\",\"@id\":\"https:\/\/epinut.umh.es\/stomach-cancer-pooling-project-stop-project\/#webpage\",\"url\":\"https:\/\/epinut.umh.es\/stomach-cancer-pooling-project-stop-project\/\",\"name\":\"Stomach cancer Pooling Project (StoP Project) - Unidad de epidemiolog\\u00eda de la nutrici\\u00f3n\",\"isPartOf\":{\"@id\":\"https:\/\/epinut.umh.es\/#website\"},\"datePublished\":\"2018-07-02T11:47:15+00:00\",\"dateModified\":\"2026-04-15T09:48:37+00:00\",\"breadcrumb\":{\"@id\":\"https:\/\/epinut.umh.es\/stomach-cancer-pooling-project-stop-project\/#breadcrumb\"},\"inLanguage\":\"en-US\",\"potentialAction\":[{\"@type\":\"ReadAction\",\"target\":[\"https:\/\/epinut.umh.es\/stomach-cancer-pooling-project-stop-project\/\"]}]},{\"@type\":\"BreadcrumbList\",\"@id\":\"https:\/\/epinut.umh.es\/stomach-cancer-pooling-project-stop-project\/#breadcrumb\",\"itemListElement\":[{\"@type\":\"ListItem\",\"position\":1,\"name\":\"Home\",\"item\":\"https:\/\/epinut.umh.es\/\"},{\"@type\":\"ListItem\",\"position\":2,\"name\":\"Stomach cancer Pooling Project (StoP Project)\"}]}]}<\/script>\n<!-- \/ Yoast SEO plugin. -->","yoast_head_json":{"title":"Stomach cancer Pooling Project (StoP Project) - Unidad de epidemiolog\u00eda de la nutrici\u00f3n","robots":{"index":"index","follow":"follow","max-snippet":"max-snippet:-1","max-image-preview":"max-image-preview:large","max-video-preview":"max-video-preview:-1"},"canonical":"https:\/\/epinut.umh.es\/stomach-cancer-pooling-project-stop-project\/","og_locale":"en_US","og_type":"article","og_title":"Stomach cancer Pooling Project (StoP Project) - Unidad de epidemiolog\u00eda de la nutrici\u00f3n","og_description":"DESCRIPTION The Stomach cancer Pooling (StoP) Project is a consortium of epidemiological studies of gastric cancer. The project started in July 2012, based on a core group of 10 studies. Several investigators joined the project during the last 5 years, and the consortium\u00a0now counts over 30 studies from different world areas. The main aim of [&hellip;]","og_url":"https:\/\/epinut.umh.es\/stomach-cancer-pooling-project-stop-project\/","og_site_name":"Unidad de epidemiolog\u00eda de la nutrici\u00f3n","article_modified_time":"2026-04-15T09:48:37+00:00","twitter_card":"summary","twitter_misc":{"Est. reading time":"2 minutes"},"schema":{"@context":"https:\/\/schema.org","@graph":[{"@type":"WebSite","@id":"https:\/\/epinut.umh.es\/#website","url":"https:\/\/epinut.umh.es\/","name":"Unidad de epidemiolog\u00eda de la nutrici\u00f3n","description":"Universidad Miguel Hern\u00e1ndez de Elche","potentialAction":[{"@type":"SearchAction","target":{"@type":"EntryPoint","urlTemplate":"https:\/\/epinut.umh.es\/?s={search_term_string}"},"query-input":"required name=search_term_string"}],"inLanguage":"en-US"},{"@type":"WebPage","@id":"https:\/\/epinut.umh.es\/stomach-cancer-pooling-project-stop-project\/#webpage","url":"https:\/\/epinut.umh.es\/stomach-cancer-pooling-project-stop-project\/","name":"Stomach cancer Pooling Project (StoP Project) - Unidad de epidemiolog\u00eda de la nutrici\u00f3n","isPartOf":{"@id":"https:\/\/epinut.umh.es\/#website"},"datePublished":"2018-07-02T11:47:15+00:00","dateModified":"2026-04-15T09:48:37+00:00","breadcrumb":{"@id":"https:\/\/epinut.umh.es\/stomach-cancer-pooling-project-stop-project\/#breadcrumb"},"inLanguage":"en-US","potentialAction":[{"@type":"ReadAction","target":["https:\/\/epinut.umh.es\/stomach-cancer-pooling-project-stop-project\/"]}]},{"@type":"BreadcrumbList","@id":"https:\/\/epinut.umh.es\/stomach-cancer-pooling-project-stop-project\/#breadcrumb","itemListElement":[{"@type":"ListItem","position":1,"name":"Home","item":"https:\/\/epinut.umh.es\/"},{"@type":"ListItem","position":2,"name":"Stomach cancer Pooling Project (StoP Project)"}]}]}},"_links":{"self":[{"href":"https:\/\/epinut.umh.es\/en\/wp-json\/wp\/v2\/pages\/1027"}],"collection":[{"href":"https:\/\/epinut.umh.es\/en\/wp-json\/wp\/v2\/pages"}],"about":[{"href":"https:\/\/epinut.umh.es\/en\/wp-json\/wp\/v2\/types\/page"}],"author":[{"embeddable":true,"href":"https:\/\/epinut.umh.es\/en\/wp-json\/wp\/v2\/users\/163"}],"replies":[{"embeddable":true,"href":"https:\/\/epinut.umh.es\/en\/wp-json\/wp\/v2\/comments?post=1027"}],"version-history":[{"count":0,"href":"https:\/\/epinut.umh.es\/en\/wp-json\/wp\/v2\/pages\/1027\/revisions"}],"wp:attachment":[{"href":"https:\/\/epinut.umh.es\/en\/wp-json\/wp\/v2\/media?parent=1027"}],"curies":[{"name":"wp","href":"https:\/\/api.w.org\/{rel}","templated":true}]}}