{"id":1032,"date":"2018-07-02T13:12:24","date_gmt":"2018-07-02T13:12:24","guid":{"rendered":"http:\/\/epinut.umh.es\/?page_id=1032"},"modified":"2018-07-09T07:36:22","modified_gmt":"2018-07-09T07:36:22","slug":"ncd-risk-factor-collaboration-ncd-risc","status":"publish","type":"page","link":"https:\/\/epinut.umh.es\/en\/ncd-risk-factor-collaboration-ncd-risc\/","title":{"rendered":"NCD Risk Factor Collaboration (NCD-RisC)"},"content":{"rendered":"<p><\/p>\n<h5><strong><span style=\"color: #008080;\">DESCRIPTION<\/span><\/strong><\/h5>\n<hr \/>\n<p class=\"lead\">NCD Risk Factor Collaboration (NCD-RisC) is a network of health scientists around the world that provides rigorous and timely data on risk factors for non-communicable diseases (NCDs) for 200 countries and territories. The group works closely with the World Health Organisation (WHO), through the WHO Collaborating Centre on NCD Surveillance and Epidemiology at Imperial College London. NCD-RisC pools high-quality population-based data using advanced statistical methods, designed specifically for analysing NCD risk factors. The Collaboration currently has data from over 2,545 population-based surveys from 193 countries since 1957, with nearly 129 million participants whose risk factor levels have been measured.<\/p>\n<p class=\"lead\">NCD-RisC is coordinated by the WHO Collaborating Centre on NCD Surveillance and Epidemiology at Imperial College London, and by its Director, Professor Majid Ezzati. NCD-RisC members are researchers and practitioners from a variety of fields and disciplines who re-analyse specific population-based data that are eventually included in the Collaboration\u2019s pooling analyses. They come from all regions of the world, and are indicated on the map below by country of their primary institution. Core funding for the NCD-RisC database is provided by the Wellcome Trust. Work on children and adolescents is funded by a charitable grant from the AstraZeneca Young Health Programme.<\/p>\n<p class=\"lead\"><strong>Publications<\/strong> related<\/p>\n<hr \/>\n<p><b>NCD<\/b> Risk Factor Collaboration (<b>NCD<\/b>&#8211;<b>RisC<\/b>).\u00a0<strong>Contributions of mean and shape of blood pressure distribution to worldwide trends and variations in raised blood pressure: a pooled analysis of 1018 population-based measurement studies with 88.6 million participants.<\/strong>\u00a0<span style=\"color: #008080;\"><a style=\"color: #008080;\" href=\"https:\/\/www.ncbi.nlm.nih.gov\/pubmed\/29579276\"><span class=\"jrnl\" title=\"International journal of epidemiology\">Int J Epidemiol<\/span>. 2018 Mar 19.<\/a><\/span><\/p>\n<hr \/>\n<p><b>NCD<\/b> Risk Factor Collaboration (<b>NCD<\/b>&#8211;<b>RisC<\/b>).\u00a0<strong>Worldwide trends in body-mass index, underweight, overweight, and obesity from 1975 to 2016: a pooled analysis of 2416 population-based measurement studies in 128\u00b79 million children, adolescents, and adults.<\/strong>\u00a0<span style=\"color: #008080;\"><a style=\"color: #008080;\" href=\"https:\/\/www.ncbi.nlm.nih.gov\/pubmed\/29029897\"><span class=\"jrnl\" title=\"Lancet (London, England)\">Lancet<\/span>. 2017 Dec 16;390(10113):2627-2642.<\/a><\/span><\/p>\n<hr \/>\n<p><b>NCD<\/b> Risk Factor Collaboration (<b>NCD<\/b>&#8211;<b>RisC<\/b>).\u00a0<strong>Worldwide trends in blood pressure from 1975 to 2015: a pooled analysis of 1479 population-based measurement studies with 19\u00b71 million participants.<\/strong>\u00a0<span style=\"color: #008080;\"><a style=\"color: #008080;\" href=\"https:\/\/www.ncbi.nlm.nih.gov\/pubmed\/27863813\"><span class=\"jrnl\" title=\"Lancet (London, England)\">Lancet<\/span>. 2017 Jan 7;389(10064):37-55.<\/a><\/span><\/p>\n<hr \/>\n<p><b>NCD<\/b> Risk Factor Collaboration (<b>NCD<\/b>&#8211;<b>RisC<\/b>).\u00a0<strong>A century of trends in adult human height.<\/strong>\u00a0<span style=\"color: #008080;\"><a style=\"color: #008080;\" href=\"https:\/\/www.ncbi.nlm.nih.gov\/pubmed\/27458798\"><span class=\"jrnl\" title=\"eLife\">Elife<\/span>. 2016 Jul 26;5. pii: e13410.<\/a><\/span><\/p>\n<hr \/>\n<p><b>NCD<\/b> Risk Factor Collaboration (<b>NCD<\/b>&#8211;<b>RisC<\/b>).\u00a0<strong>Worldwide trends in diabetes since 1980: a pooled analysis of 751 population-based studies with 4.4 million participants.<\/strong>\u00a0<span style=\"color: #008080;\"><a style=\"color: #008080;\" href=\"https:\/\/www.ncbi.nlm.nih.gov\/pubmed\/27061677\"><span class=\"jrnl\" title=\"Lancet (London, England)\">Lancet<\/span>. 2016 Apr 9;387(10027):1513-30.<\/a><\/span><\/p>\n<hr \/>\n<p><b>NCD<\/b> Risk Factor Collaboration (<b>NCD<\/b>&#8211;<b>RisC<\/b>).\u00a0<strong>Effects of diabetes definition on global surveillance of diabetes prevalence and diagnosis: a pooled analysis of 96 population-based studies with 331,288 participants.<\/strong>\u00a0<span style=\"color: #008080;\"><a style=\"color: #008080;\" href=\"https:\/\/www.ncbi.nlm.nih.gov\/pubmed\/26109024\"><span class=\"jrnl\" title=\"The lancet. Diabetes &amp; endocrinology\">Lancet Diabetes Endocrinol<\/span>. 2015 Aug;3(8):624-37.<\/a><\/span><\/p>\n<hr \/>\n<p class=\"lead\"><a href=\"http:\/\/epinut.umh.es\/?p=34\"><strong><span style=\"color: #008080;\">&lt;&lt;Back<\/span><\/strong><\/a><\/p>\n<p><\/p>","protected":false},"excerpt":{"rendered":"<p>DESCRIPTION NCD Risk Factor Collaboration (NCD-RisC) is a network of health scientists around the world that provides rigorous and timely data on risk factors for non-communicable diseases (NCDs) for 200 countries and territories. The group works closely with the World Health Organisation (WHO), through the WHO Collaborating Centre on NCD Surveillance and Epidemiology at Imperial [&hellip;]<\/p>\n","protected":false},"author":163,"featured_media":0,"parent":0,"menu_order":0,"comment_status":"closed","ping_status":"closed","template":"","meta":{"_et_pb_use_builder":"","_et_pb_old_content":"","_et_gb_content_width":"","_links_to":"","_links_to_target":""},"yoast_head":"<!-- This site is optimized with the Yoast SEO plugin v17.5 - https:\/\/yoast.com\/wordpress\/plugins\/seo\/ -->\n<title>NCD Risk Factor Collaboration (NCD-RisC) - Unidad de epidemiolog\u00eda de la nutrici\u00f3n<\/title>\n<meta name=\"robots\" content=\"index, follow, max-snippet:-1, max-image-preview:large, max-video-preview:-1\" \/>\n<link rel=\"canonical\" href=\"https:\/\/epinut.umh.es\/ncd-risk-factor-collaboration-ncd-risc\/\" \/>\n<meta property=\"og:locale\" content=\"en_US\" \/>\n<meta property=\"og:type\" content=\"article\" \/>\n<meta property=\"og:title\" content=\"NCD Risk Factor Collaboration (NCD-RisC) - Unidad de epidemiolog\u00eda de la nutrici\u00f3n\" \/>\n<meta property=\"og:description\" content=\"DESCRIPTION NCD Risk Factor Collaboration (NCD-RisC) is a network of health scientists around the world that provides rigorous and timely data on risk factors for non-communicable diseases (NCDs) for 200 countries and territories. The group works closely with the World Health Organisation (WHO), through the WHO Collaborating Centre on NCD Surveillance and Epidemiology at Imperial [&hellip;]\" \/>\n<meta property=\"og:url\" content=\"https:\/\/epinut.umh.es\/ncd-risk-factor-collaboration-ncd-risc\/\" \/>\n<meta property=\"og:site_name\" content=\"Unidad de epidemiolog\u00eda de la nutrici\u00f3n\" \/>\n<meta property=\"article:modified_time\" content=\"2018-07-09T07:36:22+00:00\" \/>\n<meta name=\"twitter:card\" content=\"summary\" \/>\n<meta name=\"twitter:label1\" content=\"Est. reading time\" \/>\n\t<meta name=\"twitter:data1\" content=\"4 minutes\" \/>\n<script type=\"application\/ld+json\" class=\"yoast-schema-graph\">{\"@context\":\"https:\/\/schema.org\",\"@graph\":[{\"@type\":\"WebSite\",\"@id\":\"https:\/\/epinut.umh.es\/#website\",\"url\":\"https:\/\/epinut.umh.es\/\",\"name\":\"Unidad de epidemiolog\\u00eda de la nutrici\\u00f3n\",\"description\":\"Universidad Miguel Hern\\u00e1ndez de Elche\",\"potentialAction\":[{\"@type\":\"SearchAction\",\"target\":{\"@type\":\"EntryPoint\",\"urlTemplate\":\"https:\/\/epinut.umh.es\/?s={search_term_string}\"},\"query-input\":\"required name=search_term_string\"}],\"inLanguage\":\"en-US\"},{\"@type\":\"WebPage\",\"@id\":\"https:\/\/epinut.umh.es\/ncd-risk-factor-collaboration-ncd-risc\/#webpage\",\"url\":\"https:\/\/epinut.umh.es\/ncd-risk-factor-collaboration-ncd-risc\/\",\"name\":\"NCD Risk Factor Collaboration (NCD-RisC) - Unidad de epidemiolog\\u00eda de la nutrici\\u00f3n\",\"isPartOf\":{\"@id\":\"https:\/\/epinut.umh.es\/#website\"},\"datePublished\":\"2018-07-02T13:12:24+00:00\",\"dateModified\":\"2018-07-09T07:36:22+00:00\",\"breadcrumb\":{\"@id\":\"https:\/\/epinut.umh.es\/ncd-risk-factor-collaboration-ncd-risc\/#breadcrumb\"},\"inLanguage\":\"en-US\",\"potentialAction\":[{\"@type\":\"ReadAction\",\"target\":[\"https:\/\/epinut.umh.es\/ncd-risk-factor-collaboration-ncd-risc\/\"]}]},{\"@type\":\"BreadcrumbList\",\"@id\":\"https:\/\/epinut.umh.es\/ncd-risk-factor-collaboration-ncd-risc\/#breadcrumb\",\"itemListElement\":[{\"@type\":\"ListItem\",\"position\":1,\"name\":\"Home\",\"item\":\"https:\/\/epinut.umh.es\/\"},{\"@type\":\"ListItem\",\"position\":2,\"name\":\"NCD Risk Factor Collaboration (NCD-RisC)\"}]}]}<\/script>\n<!-- \/ Yoast SEO plugin. -->","yoast_head_json":{"title":"NCD Risk Factor Collaboration (NCD-RisC) - Unidad de epidemiolog\u00eda de la nutrici\u00f3n","robots":{"index":"index","follow":"follow","max-snippet":"max-snippet:-1","max-image-preview":"max-image-preview:large","max-video-preview":"max-video-preview:-1"},"canonical":"https:\/\/epinut.umh.es\/ncd-risk-factor-collaboration-ncd-risc\/","og_locale":"en_US","og_type":"article","og_title":"NCD Risk Factor Collaboration (NCD-RisC) - Unidad de epidemiolog\u00eda de la nutrici\u00f3n","og_description":"DESCRIPTION NCD Risk Factor Collaboration (NCD-RisC) is a network of health scientists around the world that provides rigorous and timely data on risk factors for non-communicable diseases (NCDs) for 200 countries and territories. The group works closely with the World Health Organisation (WHO), through the WHO Collaborating Centre on NCD Surveillance and Epidemiology at Imperial [&hellip;]","og_url":"https:\/\/epinut.umh.es\/ncd-risk-factor-collaboration-ncd-risc\/","og_site_name":"Unidad de epidemiolog\u00eda de la nutrici\u00f3n","article_modified_time":"2018-07-09T07:36:22+00:00","twitter_card":"summary","twitter_misc":{"Est. reading time":"4 minutes"},"schema":{"@context":"https:\/\/schema.org","@graph":[{"@type":"WebSite","@id":"https:\/\/epinut.umh.es\/#website","url":"https:\/\/epinut.umh.es\/","name":"Unidad de epidemiolog\u00eda de la nutrici\u00f3n","description":"Universidad Miguel Hern\u00e1ndez de Elche","potentialAction":[{"@type":"SearchAction","target":{"@type":"EntryPoint","urlTemplate":"https:\/\/epinut.umh.es\/?s={search_term_string}"},"query-input":"required name=search_term_string"}],"inLanguage":"en-US"},{"@type":"WebPage","@id":"https:\/\/epinut.umh.es\/ncd-risk-factor-collaboration-ncd-risc\/#webpage","url":"https:\/\/epinut.umh.es\/ncd-risk-factor-collaboration-ncd-risc\/","name":"NCD Risk Factor Collaboration (NCD-RisC) - Unidad de epidemiolog\u00eda de la nutrici\u00f3n","isPartOf":{"@id":"https:\/\/epinut.umh.es\/#website"},"datePublished":"2018-07-02T13:12:24+00:00","dateModified":"2018-07-09T07:36:22+00:00","breadcrumb":{"@id":"https:\/\/epinut.umh.es\/ncd-risk-factor-collaboration-ncd-risc\/#breadcrumb"},"inLanguage":"en-US","potentialAction":[{"@type":"ReadAction","target":["https:\/\/epinut.umh.es\/ncd-risk-factor-collaboration-ncd-risc\/"]}]},{"@type":"BreadcrumbList","@id":"https:\/\/epinut.umh.es\/ncd-risk-factor-collaboration-ncd-risc\/#breadcrumb","itemListElement":[{"@type":"ListItem","position":1,"name":"Home","item":"https:\/\/epinut.umh.es\/"},{"@type":"ListItem","position":2,"name":"NCD Risk Factor Collaboration (NCD-RisC)"}]}]}},"_links":{"self":[{"href":"https:\/\/epinut.umh.es\/en\/wp-json\/wp\/v2\/pages\/1032"}],"collection":[{"href":"https:\/\/epinut.umh.es\/en\/wp-json\/wp\/v2\/pages"}],"about":[{"href":"https:\/\/epinut.umh.es\/en\/wp-json\/wp\/v2\/types\/page"}],"author":[{"embeddable":true,"href":"https:\/\/epinut.umh.es\/en\/wp-json\/wp\/v2\/users\/163"}],"replies":[{"embeddable":true,"href":"https:\/\/epinut.umh.es\/en\/wp-json\/wp\/v2\/comments?post=1032"}],"version-history":[{"count":0,"href":"https:\/\/epinut.umh.es\/en\/wp-json\/wp\/v2\/pages\/1032\/revisions"}],"wp:attachment":[{"href":"https:\/\/epinut.umh.es\/en\/wp-json\/wp\/v2\/media?parent=1032"}],"curies":[{"name":"wp","href":"https:\/\/api.w.org\/{rel}","templated":true}]}}