{"id":1101,"date":"2018-07-04T10:47:56","date_gmt":"2018-07-04T10:47:56","guid":{"rendered":"http:\/\/epinut.umh.es\/?page_id=1101"},"modified":"2021-05-03T11:33:34","modified_gmt":"2021-05-03T11:33:34","slug":"cfa-46-items","status":"publish","type":"page","link":"https:\/\/epinut.umh.es\/en\/cfa-46-items\/","title":{"rendered":"FFQ 46 ITEMS"},"content":{"rendered":"<p>The 46-item FFQhas been used in children aged 4-6 years participating in several cohorts of the INMA Study (Children and the Environment). This version is an update of the FFQ\u00a0of 95 items that is used in several cohorts of the INMA study and is being validated with 24-hour reminders and nutritional markers in plasma. It is adapted for children.<\/p>\n<p><a href=\"http:\/\/epinut.umh.es\/files\/2018\/07\/CFA-46-.pdf\"><br \/>\n<\/a><a href=\"http:\/\/epinut.umh.es\/files\/2018\/07\/CFA-46-.pdf\"><img loading=\"lazy\" class=\"  wp-image-1445 aligncenter\" src=\"http:\/\/epinut.umh.es\/files\/2011\/07\/icono-pdf-150x150.png\" alt=\"icono-pdf\" width=\"79\" height=\"79\" srcset=\"https:\/\/epinut.umh.es\/files\/2011\/07\/icono-pdf-150x148.png 150w, https:\/\/epinut.umh.es\/files\/2011\/07\/icono-pdf-300x296.png 300w, https:\/\/epinut.umh.es\/files\/2011\/07\/icono-pdf.png 338w\" sizes=\"(max-width: 79px) 100vw, 79px\" \/><\/a><\/p>\n<hr \/>\n<p><a href=\"http:\/\/epinut.umh.es\/?p=62\"><strong><span style=\"color: #008080;\">&lt;&lt;Back<\/span><\/strong><\/a><\/p>","protected":false},"excerpt":{"rendered":"<p>The 46-item FFQhas been used in children aged 4-6 years participating in several cohorts of the INMA Study (Children and the Environment). This version is an update of the FFQ\u00a0of 95 items that is used in several cohorts of the INMA study and is being validated with 24-hour reminders and nutritional markers in plasma. It [&hellip;]<\/p>\n","protected":false},"author":163,"featured_media":0,"parent":0,"menu_order":0,"comment_status":"closed","ping_status":"closed","template":"","meta":{"_et_pb_use_builder":"","_et_pb_old_content":"","_et_gb_content_width":"","_links_to":"","_links_to_target":""},"yoast_head":"<!-- This site is optimized with the Yoast SEO plugin v17.5 - https:\/\/yoast.com\/wordpress\/plugins\/seo\/ -->\n<title>FFQ 46 ITEMS - Unidad de epidemiolog\u00eda de la nutrici\u00f3n<\/title>\n<meta name=\"robots\" content=\"index, follow, max-snippet:-1, max-image-preview:large, max-video-preview:-1\" \/>\n<link rel=\"canonical\" href=\"https:\/\/epinut.umh.es\/cfa-46-items\/\" \/>\n<meta property=\"og:locale\" content=\"en_US\" \/>\n<meta property=\"og:type\" content=\"article\" \/>\n<meta property=\"og:title\" content=\"FFQ 46 ITEMS - Unidad de epidemiolog\u00eda de la nutrici\u00f3n\" \/>\n<meta property=\"og:description\" content=\"The 46-item FFQhas been used in children aged 4-6 years participating in several cohorts of the INMA Study (Children and the Environment). This version is an update of the FFQ\u00a0of 95 items that is used in several cohorts of the INMA study and is being validated with 24-hour reminders and nutritional markers in plasma. It [&hellip;]\" \/>\n<meta property=\"og:url\" content=\"https:\/\/epinut.umh.es\/cfa-46-items\/\" \/>\n<meta property=\"og:site_name\" content=\"Unidad de epidemiolog\u00eda de la nutrici\u00f3n\" \/>\n<meta property=\"article:modified_time\" content=\"2021-05-03T11:33:34+00:00\" \/>\n<meta property=\"og:image\" content=\"http:\/\/epinut.umh.es\/files\/2011\/07\/icono-pdf-150x150.png\" \/>\n<meta name=\"twitter:card\" content=\"summary\" \/>\n<meta name=\"twitter:label1\" content=\"Est. reading time\" \/>\n\t<meta name=\"twitter:data1\" content=\"1 minute\" \/>\n<script type=\"application\/ld+json\" class=\"yoast-schema-graph\">{\"@context\":\"https:\/\/schema.org\",\"@graph\":[{\"@type\":\"WebSite\",\"@id\":\"https:\/\/epinut.umh.es\/en\/#website\",\"url\":\"https:\/\/epinut.umh.es\/en\/\",\"name\":\"Unidad de epidemiolog\\u00eda de la nutrici\\u00f3n\",\"description\":\"Universidad Miguel Hern\\u00e1ndez de Elche\",\"potentialAction\":[{\"@type\":\"SearchAction\",\"target\":{\"@type\":\"EntryPoint\",\"urlTemplate\":\"https:\/\/epinut.umh.es\/en\/?s={search_term_string}\"},\"query-input\":\"required name=search_term_string\"}],\"inLanguage\":\"en-US\"},{\"@type\":\"ImageObject\",\"@id\":\"https:\/\/epinut.umh.es\/cfa-46-items\/#primaryimage\",\"inLanguage\":\"en-US\",\"url\":\"http:\/\/epinut.umh.es\/files\/2011\/07\/icono-pdf-150x150.png\",\"contentUrl\":\"http:\/\/epinut.umh.es\/files\/2011\/07\/icono-pdf-150x150.png\"},{\"@type\":\"WebPage\",\"@id\":\"https:\/\/epinut.umh.es\/cfa-46-items\/#webpage\",\"url\":\"https:\/\/epinut.umh.es\/cfa-46-items\/\",\"name\":\"FFQ 46 ITEMS - Unidad de epidemiolog\\u00eda de la nutrici\\u00f3n\",\"isPartOf\":{\"@id\":\"https:\/\/epinut.umh.es\/en\/#website\"},\"primaryImageOfPage\":{\"@id\":\"https:\/\/epinut.umh.es\/cfa-46-items\/#primaryimage\"},\"datePublished\":\"2018-07-04T10:47:56+00:00\",\"dateModified\":\"2021-05-03T11:33:34+00:00\",\"breadcrumb\":{\"@id\":\"https:\/\/epinut.umh.es\/cfa-46-items\/#breadcrumb\"},\"inLanguage\":\"en-US\",\"potentialAction\":[{\"@type\":\"ReadAction\",\"target\":[\"https:\/\/epinut.umh.es\/cfa-46-items\/\"]}]},{\"@type\":\"BreadcrumbList\",\"@id\":\"https:\/\/epinut.umh.es\/cfa-46-items\/#breadcrumb\",\"itemListElement\":[{\"@type\":\"ListItem\",\"position\":1,\"name\":\"Home\",\"item\":\"https:\/\/epinut.umh.es\/\"},{\"@type\":\"ListItem\",\"position\":2,\"name\":\"CFA 46 ITEMS\"}]}]}<\/script>\n<!-- \/ Yoast SEO plugin. -->","yoast_head_json":{"title":"FFQ 46 ITEMS - Unidad de epidemiolog\u00eda de la nutrici\u00f3n","robots":{"index":"index","follow":"follow","max-snippet":"max-snippet:-1","max-image-preview":"max-image-preview:large","max-video-preview":"max-video-preview:-1"},"canonical":"https:\/\/epinut.umh.es\/cfa-46-items\/","og_locale":"en_US","og_type":"article","og_title":"FFQ 46 ITEMS - Unidad de epidemiolog\u00eda de la nutrici\u00f3n","og_description":"The 46-item FFQhas been used in children aged 4-6 years participating in several cohorts of the INMA Study (Children and the Environment). This version is an update of the FFQ\u00a0of 95 items that is used in several cohorts of the INMA study and is being validated with 24-hour reminders and nutritional markers in plasma. It [&hellip;]","og_url":"https:\/\/epinut.umh.es\/cfa-46-items\/","og_site_name":"Unidad de epidemiolog\u00eda de la nutrici\u00f3n","article_modified_time":"2021-05-03T11:33:34+00:00","og_image":[{"url":"http:\/\/epinut.umh.es\/files\/2011\/07\/icono-pdf-150x150.png"}],"twitter_card":"summary","twitter_misc":{"Est. reading time":"1 minute"},"schema":{"@context":"https:\/\/schema.org","@graph":[{"@type":"WebSite","@id":"https:\/\/epinut.umh.es\/en\/#website","url":"https:\/\/epinut.umh.es\/en\/","name":"Unidad de epidemiolog\u00eda de la nutrici\u00f3n","description":"Universidad Miguel Hern\u00e1ndez de Elche","potentialAction":[{"@type":"SearchAction","target":{"@type":"EntryPoint","urlTemplate":"https:\/\/epinut.umh.es\/en\/?s={search_term_string}"},"query-input":"required name=search_term_string"}],"inLanguage":"en-US"},{"@type":"ImageObject","@id":"https:\/\/epinut.umh.es\/cfa-46-items\/#primaryimage","inLanguage":"en-US","url":"http:\/\/epinut.umh.es\/files\/2011\/07\/icono-pdf-150x150.png","contentUrl":"http:\/\/epinut.umh.es\/files\/2011\/07\/icono-pdf-150x150.png"},{"@type":"WebPage","@id":"https:\/\/epinut.umh.es\/cfa-46-items\/#webpage","url":"https:\/\/epinut.umh.es\/cfa-46-items\/","name":"FFQ 46 ITEMS - Unidad de epidemiolog\u00eda de la nutrici\u00f3n","isPartOf":{"@id":"https:\/\/epinut.umh.es\/en\/#website"},"primaryImageOfPage":{"@id":"https:\/\/epinut.umh.es\/cfa-46-items\/#primaryimage"},"datePublished":"2018-07-04T10:47:56+00:00","dateModified":"2021-05-03T11:33:34+00:00","breadcrumb":{"@id":"https:\/\/epinut.umh.es\/cfa-46-items\/#breadcrumb"},"inLanguage":"en-US","potentialAction":[{"@type":"ReadAction","target":["https:\/\/epinut.umh.es\/cfa-46-items\/"]}]},{"@type":"BreadcrumbList","@id":"https:\/\/epinut.umh.es\/cfa-46-items\/#breadcrumb","itemListElement":[{"@type":"ListItem","position":1,"name":"Home","item":"https:\/\/epinut.umh.es\/"},{"@type":"ListItem","position":2,"name":"CFA 46 ITEMS"}]}]}},"_links":{"self":[{"href":"https:\/\/epinut.umh.es\/en\/wp-json\/wp\/v2\/pages\/1101"}],"collection":[{"href":"https:\/\/epinut.umh.es\/en\/wp-json\/wp\/v2\/pages"}],"about":[{"href":"https:\/\/epinut.umh.es\/en\/wp-json\/wp\/v2\/types\/page"}],"author":[{"embeddable":true,"href":"https:\/\/epinut.umh.es\/en\/wp-json\/wp\/v2\/users\/163"}],"replies":[{"embeddable":true,"href":"https:\/\/epinut.umh.es\/en\/wp-json\/wp\/v2\/comments?post=1101"}],"version-history":[{"count":0,"href":"https:\/\/epinut.umh.es\/en\/wp-json\/wp\/v2\/pages\/1101\/revisions"}],"wp:attachment":[{"href":"https:\/\/epinut.umh.es\/en\/wp-json\/wp\/v2\/media?parent=1101"}],"curies":[{"name":"wp","href":"https:\/\/api.w.org\/{rel}","templated":true}]}}