{"id":12,"date":"2011-07-18T07:48:34","date_gmt":"2011-07-18T07:48:34","guid":{"rendered":"http:\/\/bibliodieta.umh.es\/presentacion\/cuestionarios\/cfa-131-eureye\/"},"modified":"2018-07-09T08:22:20","modified_gmt":"2018-07-09T08:22:20","slug":"cfa-131-eureye","status":"publish","type":"page","link":"https:\/\/epinut.umh.es\/en\/cfa-131-eureye\/","title":{"rendered":"CFA 131 EUREYE"},"content":{"rendered":"<p>This 131-item FFQ is based on the original FFQ of 93 items, used in the European Study on vision impairment and age-related macular degeneration (EUREYE Study, funded by the European Commission Framework V Quality of Life Programme).This questionnaire is suitable for use in an over-65 adult population.<\/p>\n<p style=\"text-align: center;\"><a href=\"http:\/\/epinut.umh.es\/files\/2011\/07\/logo-pdf.jpg\"><img loading=\"lazy\" class=\"alignnone  wp-image-1116\" src=\"http:\/\/epinut.umh.es\/files\/2011\/07\/logo-pdf-150x150.jpg\" alt=\"logo-pdf\" width=\"64\" height=\"64\" \/><\/a><\/p>\n<p style=\"text-align: center;\">For further information about this questionnaire, send us an e-mail to bibliodieta@umh.es<\/p>\n<hr \/>\n<hr \/>\n<p><strong><span style=\"color: #008080;\">Publications related:<\/span><\/strong><\/p>\n<hr \/>\n<p>4. Fletcher AE, Bentham CG, Agnew M, Young IS , Augood C, Chakravarthy U, de Jong PTVM, Rahu M, Seland J, Soubrane G, Tomazzoli L, Topouzis F, Vingerling JR, Vioque J. <strong>Sunlight exposure, antioxidants and age related macular degeneration: the EUREYE study.<\/strong> <span style=\"color: #008080;\"><a style=\"color: #008080;\" href=\"http:\/\/www.ncbi.nlm.nih.gov\/pubmed\/18852418\" target=\"_blank\">Archives of Ophthalmology 2008; 126:1396-1403.<\/a><\/span><\/p>\n<hr \/>\n<p>3. Augood C, Chakravarthy U, Young I, Vioque J, de Jong P, Bentham G, Rahu M, Seland J, Soubrane G, Tomazzoli L, Topouzis F, Vingerling JR, Fletcher AE.<strong> Oily fish consumption, dietary DHA and EPA intake, and associations with age-related macular degeneration.<\/strong> <span style=\"color: #008080;\"><a style=\"color: #008080;\" href=\"http:\/\/www.ncbi.nlm.nih.gov\/pubmed\/18689376\" target=\"_blank\">American Journal of Clinical Nutrition 2008; 88: 398-406.<\/a><\/span><\/p>\n<hr \/>\n<p>2. Vioque J, Weinbrenner T, Asensio L, Castell\u00f3 A, Young IS, Fletcher A. <strong>Plasma concentrations of carotenoids and vitamin C are better correlated with dietary intake in normal weight than overweight and obese elderly subjects.<\/strong> <span style=\"color: #008080;\"><a style=\"color: #008080;\" href=\"https:\/\/www.ncbi.nlm.nih.gov\/pubmed\/17408529\" target=\"_blank\">British Journal of Nutrition 2007; 97, 977\u2013986.<\/a><\/span><\/p>\n<hr \/>\n<p>1. Valero MP, Fletcher AE, De Stavola BL, Vioque J, Alepuz VC. <strong>Vitamin C is associated with reduced risk of cataract in a Mediterranean population. <\/strong><span style=\"color: #008080;\"><a style=\"color: #008080;\" href=\"http:\/\/www.ncbi.nlm.nih.gov\/pubmed\/12042450\" target=\"_blank\">J Nutr. 2002 Jun;132(6):1299-306.<\/a><\/span><\/p>\n<hr \/>\n<p><strong><span style=\"color: #008080;\"><a style=\"color: #008080;\" href=\"http:\/\/bibliodieta.edu.umh.es\/en\/bibliodieta\/\">&lt;&lt;Back<\/a><\/span><\/strong><\/p>","protected":false},"excerpt":{"rendered":"<p>This 131-item FFQ is based on the original FFQ of 93 items, used in the European Study on vision impairment and age-related macular degeneration (EUREYE Study, funded by the European Commission Framework V Quality of Life Programme).This questionnaire is suitable for use in an over-65 adult population. For further information about this questionnaire, send us [&hellip;]<\/p>\n","protected":false},"author":6277,"featured_media":0,"parent":0,"menu_order":0,"comment_status":"closed","ping_status":"open","template":"templates\/template-onecolumn.php","meta":{"_et_pb_use_builder":"","_et_pb_old_content":"","_et_gb_content_width":"","_links_to":"","_links_to_target":""},"yoast_head":"<!-- This site is optimized with the Yoast SEO plugin v17.5 - https:\/\/yoast.com\/wordpress\/plugins\/seo\/ -->\n<title>CFA 131 EUREYE - Unidad de epidemiolog\u00eda de la nutrici\u00f3n<\/title>\n<meta name=\"robots\" content=\"index, follow, max-snippet:-1, max-image-preview:large, max-video-preview:-1\" \/>\n<link rel=\"canonical\" href=\"https:\/\/epinut.umh.es\/cfa-131-eureye\/\" \/>\n<meta property=\"og:locale\" content=\"en_US\" \/>\n<meta property=\"og:type\" content=\"article\" \/>\n<meta property=\"og:title\" content=\"CFA 131 EUREYE - Unidad de epidemiolog\u00eda de la nutrici\u00f3n\" \/>\n<meta property=\"og:description\" content=\"This 131-item FFQ is based on the original FFQ of 93 items, used in the European Study on vision impairment and age-related macular degeneration (EUREYE Study, funded by the European Commission Framework V Quality of Life Programme).This questionnaire is suitable for use in an over-65 adult population. For further information about this questionnaire, send us [&hellip;]\" \/>\n<meta property=\"og:url\" content=\"https:\/\/epinut.umh.es\/cfa-131-eureye\/\" \/>\n<meta property=\"og:site_name\" content=\"Unidad de epidemiolog\u00eda de la nutrici\u00f3n\" \/>\n<meta property=\"article:modified_time\" content=\"2018-07-09T08:22:20+00:00\" \/>\n<meta property=\"og:image\" content=\"http:\/\/epinut.umh.es\/files\/2011\/07\/logo-pdf-150x150.jpg\" \/>\n<meta name=\"twitter:card\" content=\"summary\" \/>\n<meta name=\"twitter:label1\" content=\"Est. reading time\" \/>\n\t<meta name=\"twitter:data1\" content=\"2 minutes\" \/>\n<script type=\"application\/ld+json\" class=\"yoast-schema-graph\">{\"@context\":\"https:\/\/schema.org\",\"@graph\":[{\"@type\":\"WebSite\",\"@id\":\"https:\/\/epinut.umh.es\/en\/#website\",\"url\":\"https:\/\/epinut.umh.es\/en\/\",\"name\":\"Unidad de epidemiolog\\u00eda de la nutrici\\u00f3n\",\"description\":\"Universidad Miguel Hern\\u00e1ndez de Elche\",\"potentialAction\":[{\"@type\":\"SearchAction\",\"target\":{\"@type\":\"EntryPoint\",\"urlTemplate\":\"https:\/\/epinut.umh.es\/en\/?s={search_term_string}\"},\"query-input\":\"required name=search_term_string\"}],\"inLanguage\":\"en-US\"},{\"@type\":\"ImageObject\",\"@id\":\"https:\/\/epinut.umh.es\/cfa-131-eureye\/#primaryimage\",\"inLanguage\":\"en-US\",\"url\":\"http:\/\/epinut.umh.es\/files\/2011\/07\/logo-pdf-150x150.jpg\",\"contentUrl\":\"http:\/\/epinut.umh.es\/files\/2011\/07\/logo-pdf-150x150.jpg\"},{\"@type\":\"WebPage\",\"@id\":\"https:\/\/epinut.umh.es\/cfa-131-eureye\/#webpage\",\"url\":\"https:\/\/epinut.umh.es\/cfa-131-eureye\/\",\"name\":\"CFA 131 EUREYE - Unidad de epidemiolog\\u00eda de la nutrici\\u00f3n\",\"isPartOf\":{\"@id\":\"https:\/\/epinut.umh.es\/en\/#website\"},\"primaryImageOfPage\":{\"@id\":\"https:\/\/epinut.umh.es\/cfa-131-eureye\/#primaryimage\"},\"datePublished\":\"2011-07-18T07:48:34+00:00\",\"dateModified\":\"2018-07-09T08:22:20+00:00\",\"breadcrumb\":{\"@id\":\"https:\/\/epinut.umh.es\/cfa-131-eureye\/#breadcrumb\"},\"inLanguage\":\"en-US\",\"potentialAction\":[{\"@type\":\"ReadAction\",\"target\":[\"https:\/\/epinut.umh.es\/cfa-131-eureye\/\"]}]},{\"@type\":\"BreadcrumbList\",\"@id\":\"https:\/\/epinut.umh.es\/cfa-131-eureye\/#breadcrumb\",\"itemListElement\":[{\"@type\":\"ListItem\",\"position\":1,\"name\":\"Home\",\"item\":\"https:\/\/epinut.umh.es\/\"},{\"@type\":\"ListItem\",\"position\":2,\"name\":\"CFA 131 EUREYE\"}]}]}<\/script>\n<!-- \/ Yoast SEO plugin. -->","yoast_head_json":{"title":"CFA 131 EUREYE - Unidad de epidemiolog\u00eda de la nutrici\u00f3n","robots":{"index":"index","follow":"follow","max-snippet":"max-snippet:-1","max-image-preview":"max-image-preview:large","max-video-preview":"max-video-preview:-1"},"canonical":"https:\/\/epinut.umh.es\/cfa-131-eureye\/","og_locale":"en_US","og_type":"article","og_title":"CFA 131 EUREYE - Unidad de epidemiolog\u00eda de la nutrici\u00f3n","og_description":"This 131-item FFQ is based on the original FFQ of 93 items, used in the European Study on vision impairment and age-related macular degeneration (EUREYE Study, funded by the European Commission Framework V Quality of Life Programme).This questionnaire is suitable for use in an over-65 adult population. For further information about this questionnaire, send us [&hellip;]","og_url":"https:\/\/epinut.umh.es\/cfa-131-eureye\/","og_site_name":"Unidad de epidemiolog\u00eda de la nutrici\u00f3n","article_modified_time":"2018-07-09T08:22:20+00:00","og_image":[{"url":"http:\/\/epinut.umh.es\/files\/2011\/07\/logo-pdf-150x150.jpg"}],"twitter_card":"summary","twitter_misc":{"Est. reading time":"2 minutes"},"schema":{"@context":"https:\/\/schema.org","@graph":[{"@type":"WebSite","@id":"https:\/\/epinut.umh.es\/en\/#website","url":"https:\/\/epinut.umh.es\/en\/","name":"Unidad de epidemiolog\u00eda de la nutrici\u00f3n","description":"Universidad Miguel Hern\u00e1ndez de Elche","potentialAction":[{"@type":"SearchAction","target":{"@type":"EntryPoint","urlTemplate":"https:\/\/epinut.umh.es\/en\/?s={search_term_string}"},"query-input":"required name=search_term_string"}],"inLanguage":"en-US"},{"@type":"ImageObject","@id":"https:\/\/epinut.umh.es\/cfa-131-eureye\/#primaryimage","inLanguage":"en-US","url":"http:\/\/epinut.umh.es\/files\/2011\/07\/logo-pdf-150x150.jpg","contentUrl":"http:\/\/epinut.umh.es\/files\/2011\/07\/logo-pdf-150x150.jpg"},{"@type":"WebPage","@id":"https:\/\/epinut.umh.es\/cfa-131-eureye\/#webpage","url":"https:\/\/epinut.umh.es\/cfa-131-eureye\/","name":"CFA 131 EUREYE - Unidad de epidemiolog\u00eda de la nutrici\u00f3n","isPartOf":{"@id":"https:\/\/epinut.umh.es\/en\/#website"},"primaryImageOfPage":{"@id":"https:\/\/epinut.umh.es\/cfa-131-eureye\/#primaryimage"},"datePublished":"2011-07-18T07:48:34+00:00","dateModified":"2018-07-09T08:22:20+00:00","breadcrumb":{"@id":"https:\/\/epinut.umh.es\/cfa-131-eureye\/#breadcrumb"},"inLanguage":"en-US","potentialAction":[{"@type":"ReadAction","target":["https:\/\/epinut.umh.es\/cfa-131-eureye\/"]}]},{"@type":"BreadcrumbList","@id":"https:\/\/epinut.umh.es\/cfa-131-eureye\/#breadcrumb","itemListElement":[{"@type":"ListItem","position":1,"name":"Home","item":"https:\/\/epinut.umh.es\/"},{"@type":"ListItem","position":2,"name":"CFA 131 EUREYE"}]}]}},"_links":{"self":[{"href":"https:\/\/epinut.umh.es\/en\/wp-json\/wp\/v2\/pages\/12"}],"collection":[{"href":"https:\/\/epinut.umh.es\/en\/wp-json\/wp\/v2\/pages"}],"about":[{"href":"https:\/\/epinut.umh.es\/en\/wp-json\/wp\/v2\/types\/page"}],"author":[{"embeddable":true,"href":"https:\/\/epinut.umh.es\/en\/wp-json\/wp\/v2\/users\/6277"}],"replies":[{"embeddable":true,"href":"https:\/\/epinut.umh.es\/en\/wp-json\/wp\/v2\/comments?post=12"}],"version-history":[{"count":0,"href":"https:\/\/epinut.umh.es\/en\/wp-json\/wp\/v2\/pages\/12\/revisions"}],"wp:attachment":[{"href":"https:\/\/epinut.umh.es\/en\/wp-json\/wp\/v2\/media?parent=12"}],"curies":[{"name":"wp","href":"https:\/\/api.w.org\/{rel}","templated":true}]}}