{"id":14,"date":"2011-07-18T07:50:45","date_gmt":"2011-07-18T07:50:45","guid":{"rendered":"http:\/\/bibliodieta.umh.es\/presentacion\/cuestionarios\/cfa-101-inma-embarazadas\/"},"modified":"2018-07-13T08:08:12","modified_gmt":"2018-07-13T08:08:12","slug":"cfa-101-inma-embarazadas","status":"publish","type":"page","link":"https:\/\/epinut.umh.es\/en\/cfa-101-inma-embarazadas\/","title":{"rendered":"FFQ 101 PREGNANT"},"content":{"rendered":"<p>The 101-item FFQ is based on the original FFQ of 93 items used in pregnant women in the four geographical areas of the INMA Study (Infancia y Medio Ambiente). The 101-FFQ was also used in the BIOMADRID Study.<\/p>\n<p style=\"text-align: center;\"><a href=\"http:\/\/epinut.umh.es\/files\/2011\/07\/CFA101.pdf\"><img loading=\"lazy\" class=\"alignnone  wp-image-1445\" src=\"http:\/\/epinut.umh.es\/files\/2011\/07\/icono-pdf-150x150.png\" alt=\"icono-pdf\" width=\"79\" height=\"79\" srcset=\"https:\/\/epinut.umh.es\/files\/2011\/07\/icono-pdf-150x148.png 150w, https:\/\/epinut.umh.es\/files\/2011\/07\/icono-pdf-300x296.png 300w, https:\/\/epinut.umh.es\/files\/2011\/07\/icono-pdf.png 338w\" sizes=\"(max-width: 79px) 100vw, 79px\" \/><\/a><\/p>\n<p>If you download the questionnaire, please do not forget to use the following reference: Vioque J, Navarrete-Mu\u00f1oz EM, Gimenez-Monz\u00f3 D, Hera MG, Granado F, Young IS, Ram\u00f3n R, Ballester F, Murcia M, Rebagliato M, I\u00f1iguez C. Reproducibility and validity of a food frequency questionnaire among pregnant women in a Mediterranean area.Nutr J. 2013 Feb 19;12(1):26<\/p>\n<p>Este cuestionario de frecuencia alimentaria para evaluar ingesta diet\u00e9tica en poblaci\u00f3n adulta ha sido registrado en el Registro de la Propiedad Intelectual, n\u00famero de registro 09\/2016\/33.<\/p>\n<hr \/>\n<hr \/>\n<p><strong><span style=\"color: #008080;\">Publications related<\/span><\/strong><\/p>\n<hr \/>\n<p>9. Vioque J, Navarrete-Mu\u00f1oz EM, Gimenez-Monz\u00f3 D, Hera MG, Granado F, Young IS, Ram\u00f3n R, Ballester F, Murcia M, Rebagliato M, I\u00f1iguez C. <strong>Reproducibility and validity of a food frequency questionnaire among pregnant women in a Mediterranean area. <\/strong><span style=\"color: #008080;\"><a style=\"color: #008080;\" href=\"http:\/\/www.ncbi.nlm.nih.gov\/pubmed\/23421854\">Nutr J. 2013 Feb 19;12(1):26<\/a><\/span><\/p>\n<hr \/>\n<p>8. Rodr\u00edguez-Bernal CL, Ram\u00f3n R, Quiles J, Murcia M, Navarrete-Mu\u00f1oz EM, Vioque J, Ballester F, Rebagliato M. <strong>Dietary intake in pregnant women in a Spanish Mediterranean area: as good as it is supposed to be?.<\/strong> <span style=\"color: #008080;\"><a style=\"color: #008080;\" href=\"http:\/\/www.ncbi.nlm.nih.gov\/pubmed\/22877515\">Public Health Nutr. 2012 Aug 9:1-11<\/a>.<\/span><\/p>\n<hr \/>\n<p>7. Pastor-Valero M, Navarrete-Mu\u00f1oz EM, Rebagliato M, I\u00f1iguez C, Murcia M, Marco A, Ballester F, Vioque J. <strong>Periconceptional folic acid supplementation and anthropometric measures at birth in a cohort of pregnant women in Valencia, Spain. <\/strong><span style=\"color: #008080;\"><a style=\"color: #008080;\" href=\"http:\/\/www.ncbi.nlm.nih.gov\/pubmed\/21272409\">Br J Nutr. 2011;105:1352-60<\/a><\/span><\/p>\n<hr \/>\n<p>6. Navarrete-Mu\u00f1oz EM, Gim\u00e9nez Monz\u00f3 D, Garc\u00eda de La Hera M, Climent MD, Rebagliato M, Murcia M, I\u00f1iguez C, Ballester F, Ram\u00f3n R, Vioque J. <strong>[Folic acid intake from diet and supplements in a population of pregnant women in Valencia, Spain].<\/strong> <span style=\"color: #008080;\"><a style=\"color: #008080;\" href=\"http:\/\/www.ncbi.nlm.nih.gov\/pubmed\/21070911\">Med Clin (Barc). 2010;135:637-43<\/a><\/span><\/p>\n<hr \/>\n<p>5. Rodr\u00edguez-Bernal CL, Rebagliato M, I\u00f1iguez C, Vioque J, Navarrete-Mu\u00f1oz EM, Murcia M, Bolumar F, Marco A, Ballester F. <strong>Diet quality in early pregnancy and its effects on fetal growth outcomes: the Infancia y Medio Ambiente (Childhood and Environment) Mother and Child Cohort Study in Spain. <\/strong><span style=\"color: #008080;\"><a style=\"color: #008080;\" href=\"http:\/\/www.ncbi.nlm.nih.gov\/pubmed\/20410088\">Am J Clin Nutr. 2010 Jun;91(6):1659-66<\/a><\/span><\/p>\n<hr \/>\n<p>4. Murcia M, Rebagliato M, Espada M, Vioque J, Santa Marina L, Alvarez-Pedrerol M, Lopez-Espinosa MJ, Le\u00f3n G, I\u00f1iguez C, Basterrechea M, Guxens M, Lertxundi A, Perales A, Ballester F, Sunyer J; INMA Study Group. <strong>Iodine intake in a population of pregnant women: INMA mother and child cohort study, Spain. <\/strong><span style=\"color: #008080;\"><a style=\"color: #008080;\" href=\"http:\/\/www.ncbi.nlm.nih.gov\/pubmed\/20008163\">J Epidemiol Community Health. 2010 Dec;64(12):1094-9.<\/a><\/span><\/p>\n<hr \/>\n<p>3. Rebagliato M, Murcia M, Espada M, Alvarez-Pedrerol M, Bol\u00famar F, Vioque J, Basterrechea M, Blarduni E, Ram\u00f3n R, Guxens M, Foradada CM, Ballester F, Ibarluzea J, Sunyer J.<strong> Iodine intake and maternal thyroid function during pregnancy.<\/strong> <span style=\"color: #008080;\"><a style=\"color: #008080;\" href=\"http:\/\/www.ncbi.nlm.nih.gov\/pubmed\/19940773\">Epidemiology. 2010 Jan;21(1):62-9<\/a><\/span><\/p>\n<hr \/>\n<p>2. Ram\u00f3n R, Ballester F, I\u00f1iguez C, Rebagliato M, Murcia M, Esplugues A, Marco A, Garc\u00eda de la Hera M, Vioque J. <strong>Vegetable but not fruit intake during pregnancy is associated with newborn anthropometric measures. <\/strong><span style=\"color: #008080;\"><a style=\"color: #008080;\" href=\"http:\/\/www.ncbi.nlm.nih.gov\/pubmed\/19158218\">J Nutr. 2009;139: 561-7.<\/a><\/span><\/p>\n<hr \/>\n<p>1. Ram\u00f3n R, Ballester F, Aguinagalde X, Amurrio A, Vioque J, Lacasa\u00f1a M, Rebagliato M, Murcia M, I\u00f1iguez C. <strong>Fish consumption during pregnancy, prenatal mercury exposure, and anthropometric measures at birth in a prospective mother-infant cohort study in Spain. <\/strong><span style=\"color: #008080;\"><a style=\"color: #008080;\" href=\"http:\/\/www.ncbi.nlm.nih.gov\/pubmed\/19710189\">Am J Clin Nutr. 2009 ; 90: 1047-55.<\/a><\/span><\/p>\n<hr \/>\n<p><strong><span style=\"color: #008080;\"><a style=\"color: #008080;\" href=\"http:\/\/epinut.umh.es\/en\/bibliodieta\/\">&lt;&lt;Back<\/a><\/span><\/strong><\/p>","protected":false},"excerpt":{"rendered":"<p>The 101-item FFQ is based on the original FFQ of 93 items used in pregnant women in the four geographical areas of the INMA Study (Infancia y Medio Ambiente). The 101-FFQ was also used in the BIOMADRID Study. If you download the questionnaire, please do not forget to use the following reference: Vioque J, Navarrete-Mu\u00f1oz [&hellip;]<\/p>\n","protected":false},"author":6277,"featured_media":0,"parent":0,"menu_order":0,"comment_status":"closed","ping_status":"open","template":"templates\/template-onecolumn.php","meta":{"_et_pb_use_builder":"","_et_pb_old_content":"","_et_gb_content_width":"","_links_to":"","_links_to_target":""},"yoast_head":"<!-- This site is optimized with the Yoast SEO plugin v17.5 - https:\/\/yoast.com\/wordpress\/plugins\/seo\/ -->\n<title>FFQ 101 PREGNANT - Unidad de epidemiolog\u00eda de la nutrici\u00f3n<\/title>\n<meta name=\"robots\" content=\"index, follow, max-snippet:-1, max-image-preview:large, max-video-preview:-1\" \/>\n<link rel=\"canonical\" href=\"https:\/\/epinut.umh.es\/cfa-101-inma-embarazadas\/\" \/>\n<meta property=\"og:locale\" content=\"en_US\" \/>\n<meta property=\"og:type\" content=\"article\" \/>\n<meta property=\"og:title\" content=\"FFQ 101 PREGNANT - Unidad de epidemiolog\u00eda de la nutrici\u00f3n\" \/>\n<meta property=\"og:description\" content=\"The 101-item FFQ is based on the original FFQ of 93 items used in pregnant women in the four geographical areas of the INMA Study (Infancia y Medio Ambiente). The 101-FFQ was also used in the BIOMADRID Study. If you download the questionnaire, please do not forget to use the following reference: Vioque J, Navarrete-Mu\u00f1oz [&hellip;]\" \/>\n<meta property=\"og:url\" content=\"https:\/\/epinut.umh.es\/cfa-101-inma-embarazadas\/\" \/>\n<meta property=\"og:site_name\" content=\"Unidad de epidemiolog\u00eda de la nutrici\u00f3n\" \/>\n<meta property=\"article:modified_time\" content=\"2018-07-13T08:08:12+00:00\" \/>\n<meta property=\"og:image\" content=\"http:\/\/epinut.umh.es\/files\/2011\/07\/icono-pdf-150x150.png\" \/>\n<meta name=\"twitter:card\" content=\"summary\" \/>\n<meta name=\"twitter:label1\" content=\"Est. reading time\" \/>\n\t<meta name=\"twitter:data1\" content=\"5 minutes\" \/>\n<script type=\"application\/ld+json\" class=\"yoast-schema-graph\">{\"@context\":\"https:\/\/schema.org\",\"@graph\":[{\"@type\":\"WebSite\",\"@id\":\"https:\/\/epinut.umh.es\/#website\",\"url\":\"https:\/\/epinut.umh.es\/\",\"name\":\"Unidad de epidemiolog\\u00eda de la nutrici\\u00f3n\",\"description\":\"Universidad Miguel Hern\\u00e1ndez de Elche\",\"potentialAction\":[{\"@type\":\"SearchAction\",\"target\":{\"@type\":\"EntryPoint\",\"urlTemplate\":\"https:\/\/epinut.umh.es\/?s={search_term_string}\"},\"query-input\":\"required name=search_term_string\"}],\"inLanguage\":\"en-US\"},{\"@type\":\"ImageObject\",\"@id\":\"https:\/\/epinut.umh.es\/cfa-101-inma-embarazadas\/#primaryimage\",\"inLanguage\":\"en-US\",\"url\":\"http:\/\/epinut.umh.es\/files\/2011\/07\/icono-pdf-150x150.png\",\"contentUrl\":\"http:\/\/epinut.umh.es\/files\/2011\/07\/icono-pdf-150x150.png\"},{\"@type\":\"WebPage\",\"@id\":\"https:\/\/epinut.umh.es\/cfa-101-inma-embarazadas\/#webpage\",\"url\":\"https:\/\/epinut.umh.es\/cfa-101-inma-embarazadas\/\",\"name\":\"FFQ 101 PREGNANT - Unidad de epidemiolog\\u00eda de la nutrici\\u00f3n\",\"isPartOf\":{\"@id\":\"https:\/\/epinut.umh.es\/#website\"},\"primaryImageOfPage\":{\"@id\":\"https:\/\/epinut.umh.es\/cfa-101-inma-embarazadas\/#primaryimage\"},\"datePublished\":\"2011-07-18T07:50:45+00:00\",\"dateModified\":\"2018-07-13T08:08:12+00:00\",\"breadcrumb\":{\"@id\":\"https:\/\/epinut.umh.es\/cfa-101-inma-embarazadas\/#breadcrumb\"},\"inLanguage\":\"en-US\",\"potentialAction\":[{\"@type\":\"ReadAction\",\"target\":[\"https:\/\/epinut.umh.es\/cfa-101-inma-embarazadas\/\"]}]},{\"@type\":\"BreadcrumbList\",\"@id\":\"https:\/\/epinut.umh.es\/cfa-101-inma-embarazadas\/#breadcrumb\",\"itemListElement\":[{\"@type\":\"ListItem\",\"position\":1,\"name\":\"Home\",\"item\":\"https:\/\/epinut.umh.es\/\"},{\"@type\":\"ListItem\",\"position\":2,\"name\":\"CFA 101 EMBARAZADAS\"}]}]}<\/script>\n<!-- \/ Yoast SEO plugin. -->","yoast_head_json":{"title":"FFQ 101 PREGNANT - Unidad de epidemiolog\u00eda de la nutrici\u00f3n","robots":{"index":"index","follow":"follow","max-snippet":"max-snippet:-1","max-image-preview":"max-image-preview:large","max-video-preview":"max-video-preview:-1"},"canonical":"https:\/\/epinut.umh.es\/cfa-101-inma-embarazadas\/","og_locale":"en_US","og_type":"article","og_title":"FFQ 101 PREGNANT - Unidad de epidemiolog\u00eda de la nutrici\u00f3n","og_description":"The 101-item FFQ is based on the original FFQ of 93 items used in pregnant women in the four geographical areas of the INMA Study (Infancia y Medio Ambiente). The 101-FFQ was also used in the BIOMADRID Study. If you download the questionnaire, please do not forget to use the following reference: Vioque J, Navarrete-Mu\u00f1oz [&hellip;]","og_url":"https:\/\/epinut.umh.es\/cfa-101-inma-embarazadas\/","og_site_name":"Unidad de epidemiolog\u00eda de la nutrici\u00f3n","article_modified_time":"2018-07-13T08:08:12+00:00","og_image":[{"url":"http:\/\/epinut.umh.es\/files\/2011\/07\/icono-pdf-150x150.png"}],"twitter_card":"summary","twitter_misc":{"Est. reading time":"5 minutes"},"schema":{"@context":"https:\/\/schema.org","@graph":[{"@type":"WebSite","@id":"https:\/\/epinut.umh.es\/#website","url":"https:\/\/epinut.umh.es\/","name":"Unidad de epidemiolog\u00eda de la nutrici\u00f3n","description":"Universidad Miguel Hern\u00e1ndez de Elche","potentialAction":[{"@type":"SearchAction","target":{"@type":"EntryPoint","urlTemplate":"https:\/\/epinut.umh.es\/?s={search_term_string}"},"query-input":"required name=search_term_string"}],"inLanguage":"en-US"},{"@type":"ImageObject","@id":"https:\/\/epinut.umh.es\/cfa-101-inma-embarazadas\/#primaryimage","inLanguage":"en-US","url":"http:\/\/epinut.umh.es\/files\/2011\/07\/icono-pdf-150x150.png","contentUrl":"http:\/\/epinut.umh.es\/files\/2011\/07\/icono-pdf-150x150.png"},{"@type":"WebPage","@id":"https:\/\/epinut.umh.es\/cfa-101-inma-embarazadas\/#webpage","url":"https:\/\/epinut.umh.es\/cfa-101-inma-embarazadas\/","name":"FFQ 101 PREGNANT - Unidad de epidemiolog\u00eda de la nutrici\u00f3n","isPartOf":{"@id":"https:\/\/epinut.umh.es\/#website"},"primaryImageOfPage":{"@id":"https:\/\/epinut.umh.es\/cfa-101-inma-embarazadas\/#primaryimage"},"datePublished":"2011-07-18T07:50:45+00:00","dateModified":"2018-07-13T08:08:12+00:00","breadcrumb":{"@id":"https:\/\/epinut.umh.es\/cfa-101-inma-embarazadas\/#breadcrumb"},"inLanguage":"en-US","potentialAction":[{"@type":"ReadAction","target":["https:\/\/epinut.umh.es\/cfa-101-inma-embarazadas\/"]}]},{"@type":"BreadcrumbList","@id":"https:\/\/epinut.umh.es\/cfa-101-inma-embarazadas\/#breadcrumb","itemListElement":[{"@type":"ListItem","position":1,"name":"Home","item":"https:\/\/epinut.umh.es\/"},{"@type":"ListItem","position":2,"name":"CFA 101 EMBARAZADAS"}]}]}},"_links":{"self":[{"href":"https:\/\/epinut.umh.es\/en\/wp-json\/wp\/v2\/pages\/14"}],"collection":[{"href":"https:\/\/epinut.umh.es\/en\/wp-json\/wp\/v2\/pages"}],"about":[{"href":"https:\/\/epinut.umh.es\/en\/wp-json\/wp\/v2\/types\/page"}],"author":[{"embeddable":true,"href":"https:\/\/epinut.umh.es\/en\/wp-json\/wp\/v2\/users\/6277"}],"replies":[{"embeddable":true,"href":"https:\/\/epinut.umh.es\/en\/wp-json\/wp\/v2\/comments?post=14"}],"version-history":[{"count":0,"href":"https:\/\/epinut.umh.es\/en\/wp-json\/wp\/v2\/pages\/14\/revisions"}],"wp:attachment":[{"href":"https:\/\/epinut.umh.es\/en\/wp-json\/wp\/v2\/media?parent=14"}],"curies":[{"name":"wp","href":"https:\/\/api.w.org\/{rel}","templated":true}]}}