{"id":1452,"date":"2018-07-13T08:15:23","date_gmt":"2018-07-13T08:15:23","guid":{"rendered":"http:\/\/epinut.umh.es\/?page_id=1452"},"modified":"2018-07-13T08:34:01","modified_gmt":"2018-07-13T08:34:01","slug":"english-publicaciones-inma","status":"publish","type":"page","link":"https:\/\/epinut.umh.es\/en\/english-publicaciones-inma\/","title":{"rendered":"Publications INMA"},"content":{"rendered":"<p><\/p>\n<h5><strong>1.\u00a0Development and validation of food frequency questionnaires<\/strong><\/h5>\n<hr \/>\n<p>Vioque J, Gimenez-Monzo D, Navarrete-Mu\u00f1oz E.\u00a0<strong>Reproducibility and Validity of a Food Frequency Questionnaire Designed to Assess Diet in Children Aged 4-5 Years.<\/strong>\u00a0<span style=\"color: #008080;\"><a style=\"color: #008080;\" href=\"https:\/\/www.ncbi.nlm.nih.gov\/pubmed\/27898731\"><span class=\"jrnl\" title=\"PloS one\">PLoS One<\/span>. 2016 Nov 29;11(11):e0167338.<\/a><\/span><\/p>\n<hr \/>\n<p>Vioque J, Navarrete-Mu\u00f1oz EM, Gimenez-Monz\u00f3 D.\u00a0<strong>Reproducibility and validity of a food frequency questionnaire among pregnant women in a Mediterranean area.<\/strong>\u00a0<span style=\"color: #008080;\"><a style=\"color: #008080;\" href=\"https:\/\/www.ncbi.nlm.nih.gov\/pubmed\/23421854\"><span class=\"jrnl\" title=\"Nutrition journal\">Nutr J<\/span>. 2013 Feb 19;12:26.<\/a><\/span><\/p>\n<p><!--more--><\/p>\n<h5><\/h5>\n<h5><strong>2.\u00a0Factors associated with obesity<\/strong><\/h5>\n<hr \/>\n<p>Scholz A, Gimenez-Monzo D, Navarrete-Mu\u00f1oz EM.\u00a0<strong>Dietary Intake of Trans Fatty Acids in Children Aged 4-5 in Spain: The INMA Cohort Study.<\/strong>\u00a0<span style=\"color: #008080;\"><a style=\"color: #008080;\" href=\"https:\/\/www.ncbi.nlm.nih.gov\/pubmed\/27735864\"><span class=\"jrnl\" title=\"Nutrients\">Nutrients<\/span>. 2016 Oct 10;8(10). pii: E625.<\/a><\/span><\/p>\n<p><!--more--><\/p>\n<h5><\/h5>\n<h5><strong>3.\u00a0Influence of high supplementation with folic acid during pregnancy on the health of the child after birth<\/strong><\/h5>\n<hr \/>\n<p>Navarrete-Mu\u00f1oz EM, Valera-Gran D, Garcia-de-la-Hera M.\u00a0<strong>High doses of folic acid in the periconceptional period and risk of low weight for gestational age at birth in a population based cohort study.<\/strong>\u00a0<span style=\"color: #008080;\"><a style=\"color: #008080;\" href=\"https:\/\/www.ncbi.nlm.nih.gov\/pubmed\/29181588\"><span class=\"jrnl\" title=\"European journal of nutrition\">Eur J Nutr<\/span>. 2017 Nov 27.<\/a><\/span><\/p>\n<hr \/>\n<p>Valera-Gran D, Navarrete-Mu\u00f1oz EM, Garcia de la Hera M.\u00a0<strong>Effect of maternal high dosages of folic acid supplements on neurocognitive development in children at 4-5 y of age: the prospective birth cohort Infancia y Medio Ambiente (INMA) study.<\/strong>\u00a0<span style=\"color: #008080;\"><a style=\"color: #008080;\" href=\"https:\/\/www.ncbi.nlm.nih.gov\/pubmed\/28724645\"><span class=\"jrnl\" title=\"The American journal of clinical nutrition\">Am J Clin Nutr<\/span>. 2017 Sep;106(3):878-887.<\/a><\/span><\/p>\n<hr \/>\n<p>Navarrete-Mu\u00f1oz EM, Valera-Gran D, Garc\u00eda de la Hera M.\u00a0<strong>Use of high doses of folic acid supplements in pregnant women in Spain: an INMA cohort study.<\/strong>\u00a0<span style=\"color: #008080;\"><a style=\"color: #008080;\" href=\"https:\/\/www.ncbi.nlm.nih.gov\/pubmed\/26603248\"><span class=\"jrnl\" title=\"BMJ open\">BMJ Open<\/span>. 2015 Nov 24;5(11):e009202<\/a><\/span><\/p>\n<hr \/>\n<p>Valera-Gran D, Garc\u00eda de la Hera M, Navarrete-Mu\u00f1oz EM.\u00a0<strong>Folic acid supplements during pregnancy and child psychomotor development after the first year of life.<\/strong>\u00a0<span style=\"color: #008080;\"><a style=\"color: #008080;\" href=\"https:\/\/www.ncbi.nlm.nih.gov\/pubmed\/25365251\"><span class=\"jrnl\" title=\"JAMA pediatrics\">JAMA Pediatr<\/span>. 2014 Nov;168(11):e142611.<\/a><\/span><\/p>\n<hr \/>\n<p><a href=\"http:\/\/epinut.umh.es\/?p=988\"><strong><span style=\"color: #008080;\">&lt;&lt;Back<\/span><\/strong><\/a><\/p>","protected":false},"excerpt":{"rendered":"<p>Sorry, this entry is only available in European Spanish.<\/p>\n","protected":false},"author":163,"featured_media":0,"parent":0,"menu_order":0,"comment_status":"closed","ping_status":"closed","template":"","meta":{"_et_pb_use_builder":"","_et_pb_old_content":"","_et_gb_content_width":"","_links_to":"","_links_to_target":""},"yoast_head":"<!-- This site is optimized with the Yoast SEO plugin v17.5 - https:\/\/yoast.com\/wordpress\/plugins\/seo\/ -->\n<title>Publications INMA - Unidad de epidemiolog\u00eda de la nutrici\u00f3n<\/title>\n<meta name=\"robots\" content=\"index, follow, max-snippet:-1, max-image-preview:large, max-video-preview:-1\" \/>\n<link rel=\"canonical\" href=\"https:\/\/epinut.umh.es\/en\/english-publicaciones-inma\/\" \/>\n<meta property=\"og:locale\" content=\"en_US\" \/>\n<meta property=\"og:type\" content=\"article\" \/>\n<meta property=\"og:title\" content=\"Publications INMA - Unidad de epidemiolog\u00eda de la nutrici\u00f3n\" \/>\n<meta property=\"og:description\" content=\"Sorry, this entry is only available in European Spanish.\" \/>\n<meta property=\"og:url\" content=\"https:\/\/epinut.umh.es\/en\/english-publicaciones-inma\/\" \/>\n<meta property=\"og:site_name\" content=\"Unidad de epidemiolog\u00eda de la nutrici\u00f3n\" \/>\n<meta property=\"article:modified_time\" content=\"2018-07-13T08:34:01+00:00\" \/>\n<meta name=\"twitter:card\" content=\"summary\" \/>\n<meta name=\"twitter:label1\" content=\"Est. reading time\" \/>\n\t<meta name=\"twitter:data1\" content=\"3 minutes\" \/>\n<script type=\"application\/ld+json\" class=\"yoast-schema-graph\">{\"@context\":\"https:\/\/schema.org\",\"@graph\":[{\"@type\":\"WebSite\",\"@id\":\"https:\/\/epinut.umh.es\/en\/#website\",\"url\":\"https:\/\/epinut.umh.es\/en\/\",\"name\":\"Unidad de epidemiolog\\u00eda de la nutrici\\u00f3n\",\"description\":\"Universidad Miguel Hern\\u00e1ndez de Elche\",\"potentialAction\":[{\"@type\":\"SearchAction\",\"target\":{\"@type\":\"EntryPoint\",\"urlTemplate\":\"https:\/\/epinut.umh.es\/en\/?s={search_term_string}\"},\"query-input\":\"required name=search_term_string\"}],\"inLanguage\":\"en-US\"},{\"@type\":\"WebPage\",\"@id\":\"https:\/\/epinut.umh.es\/en\/english-publicaciones-inma\/#webpage\",\"url\":\"https:\/\/epinut.umh.es\/en\/english-publicaciones-inma\/\",\"name\":\"Publications INMA - Unidad de epidemiolog\\u00eda de la nutrici\\u00f3n\",\"isPartOf\":{\"@id\":\"https:\/\/epinut.umh.es\/en\/#website\"},\"datePublished\":\"2018-07-13T08:15:23+00:00\",\"dateModified\":\"2018-07-13T08:34:01+00:00\",\"breadcrumb\":{\"@id\":\"https:\/\/epinut.umh.es\/en\/english-publicaciones-inma\/#breadcrumb\"},\"inLanguage\":\"en-US\",\"potentialAction\":[{\"@type\":\"ReadAction\",\"target\":[\"https:\/\/epinut.umh.es\/en\/english-publicaciones-inma\/\"]}]},{\"@type\":\"BreadcrumbList\",\"@id\":\"https:\/\/epinut.umh.es\/en\/english-publicaciones-inma\/#breadcrumb\",\"itemListElement\":[{\"@type\":\"ListItem\",\"position\":1,\"name\":\"Home\",\"item\":\"https:\/\/epinut.umh.es\/\"},{\"@type\":\"ListItem\",\"position\":2,\"name\":\"Publications INMA\"}]}]}<\/script>\n<!-- \/ Yoast SEO plugin. -->","yoast_head_json":{"title":"Publications INMA - Unidad de epidemiolog\u00eda de la nutrici\u00f3n","robots":{"index":"index","follow":"follow","max-snippet":"max-snippet:-1","max-image-preview":"max-image-preview:large","max-video-preview":"max-video-preview:-1"},"canonical":"https:\/\/epinut.umh.es\/en\/english-publicaciones-inma\/","og_locale":"en_US","og_type":"article","og_title":"Publications INMA - Unidad de epidemiolog\u00eda de la nutrici\u00f3n","og_description":"Sorry, this entry is only available in European Spanish.","og_url":"https:\/\/epinut.umh.es\/en\/english-publicaciones-inma\/","og_site_name":"Unidad de epidemiolog\u00eda de la nutrici\u00f3n","article_modified_time":"2018-07-13T08:34:01+00:00","twitter_card":"summary","twitter_misc":{"Est. reading time":"3 minutes"},"schema":{"@context":"https:\/\/schema.org","@graph":[{"@type":"WebSite","@id":"https:\/\/epinut.umh.es\/en\/#website","url":"https:\/\/epinut.umh.es\/en\/","name":"Unidad de epidemiolog\u00eda de la nutrici\u00f3n","description":"Universidad Miguel Hern\u00e1ndez de Elche","potentialAction":[{"@type":"SearchAction","target":{"@type":"EntryPoint","urlTemplate":"https:\/\/epinut.umh.es\/en\/?s={search_term_string}"},"query-input":"required name=search_term_string"}],"inLanguage":"en-US"},{"@type":"WebPage","@id":"https:\/\/epinut.umh.es\/en\/english-publicaciones-inma\/#webpage","url":"https:\/\/epinut.umh.es\/en\/english-publicaciones-inma\/","name":"Publications INMA - Unidad de epidemiolog\u00eda de la nutrici\u00f3n","isPartOf":{"@id":"https:\/\/epinut.umh.es\/en\/#website"},"datePublished":"2018-07-13T08:15:23+00:00","dateModified":"2018-07-13T08:34:01+00:00","breadcrumb":{"@id":"https:\/\/epinut.umh.es\/en\/english-publicaciones-inma\/#breadcrumb"},"inLanguage":"en-US","potentialAction":[{"@type":"ReadAction","target":["https:\/\/epinut.umh.es\/en\/english-publicaciones-inma\/"]}]},{"@type":"BreadcrumbList","@id":"https:\/\/epinut.umh.es\/en\/english-publicaciones-inma\/#breadcrumb","itemListElement":[{"@type":"ListItem","position":1,"name":"Home","item":"https:\/\/epinut.umh.es\/"},{"@type":"ListItem","position":2,"name":"Publications INMA"}]}]}},"_links":{"self":[{"href":"https:\/\/epinut.umh.es\/en\/wp-json\/wp\/v2\/pages\/1452"}],"collection":[{"href":"https:\/\/epinut.umh.es\/en\/wp-json\/wp\/v2\/pages"}],"about":[{"href":"https:\/\/epinut.umh.es\/en\/wp-json\/wp\/v2\/types\/page"}],"author":[{"embeddable":true,"href":"https:\/\/epinut.umh.es\/en\/wp-json\/wp\/v2\/users\/163"}],"replies":[{"embeddable":true,"href":"https:\/\/epinut.umh.es\/en\/wp-json\/wp\/v2\/comments?post=1452"}],"version-history":[{"count":0,"href":"https:\/\/epinut.umh.es\/en\/wp-json\/wp\/v2\/pages\/1452\/revisions"}],"wp:attachment":[{"href":"https:\/\/epinut.umh.es\/en\/wp-json\/wp\/v2\/media?parent=1452"}],"curies":[{"name":"wp","href":"https:\/\/api.w.org\/{rel}","templated":true}]}}