{"id":1491,"date":"2021-05-03T11:35:25","date_gmt":"2021-05-03T11:35:25","guid":{"rendered":"http:\/\/epinut.umh.es\/?page_id=1491"},"modified":"2021-05-03T11:46:21","modified_gmt":"2021-05-03T11:46:21","slug":"cfa-adolescentes","status":"publish","type":"page","link":"https:\/\/epinut.umh.es\/en\/cfa-adolescentes\/","title":{"rendered":"(Espa\u00f1ol) CFA Adolescentes"},"content":{"rendered":"<p class=\"qtranxs-available-languages-message qtranxs-available-languages-message-en\">Sorry, this entry is only available in <a href=\"https:\/\/epinut.umh.es\/es\/wp-json\/wp\/v2\/pages\/1491\" class=\"qtranxs-available-language-link qtranxs-available-language-link-es\" title=\"Espa\u00f1ol\">European Spanish<\/a>.<\/p>","protected":false},"excerpt":{"rendered":"<p>Sorry, this entry is only available in European Spanish.<\/p>\n","protected":false},"author":3711,"featured_media":0,"parent":0,"menu_order":0,"comment_status":"open","ping_status":"open","template":"","meta":{"_et_pb_use_builder":"","_et_pb_old_content":"","_et_gb_content_width":"","_links_to":"","_links_to_target":""},"yoast_head":"<!-- This site is optimized with the Yoast SEO plugin v17.5 - https:\/\/yoast.com\/wordpress\/plugins\/seo\/ -->\n<title>(Espa\u00f1ol) CFA Adolescentes - Unidad de epidemiolog\u00eda de la nutrici\u00f3n<\/title>\n<meta name=\"robots\" content=\"index, follow, max-snippet:-1, max-image-preview:large, max-video-preview:-1\" \/>\n<link rel=\"canonical\" href=\"https:\/\/epinut.umh.es\/cfa-adolescentes\/\" \/>\n<meta property=\"og:locale\" content=\"en_US\" \/>\n<meta property=\"og:type\" content=\"article\" \/>\n<meta property=\"og:title\" content=\"(Espa\u00f1ol) CFA Adolescentes - Unidad de epidemiolog\u00eda de la nutrici\u00f3n\" \/>\n<meta property=\"og:description\" content=\"Sorry, this entry is only available in European Spanish.\" \/>\n<meta property=\"og:url\" content=\"https:\/\/epinut.umh.es\/cfa-adolescentes\/\" \/>\n<meta property=\"og:site_name\" content=\"Unidad de epidemiolog\u00eda de la nutrici\u00f3n\" \/>\n<meta property=\"article:modified_time\" content=\"2021-05-03T11:46:21+00:00\" \/>\n<meta property=\"og:image\" content=\"http:\/\/epinut.umh.es\/files\/2011\/07\/icono-pdf-300x296.png\" \/>\n<meta name=\"twitter:card\" content=\"summary\" \/>\n<script type=\"application\/ld+json\" class=\"yoast-schema-graph\">{\"@context\":\"https:\/\/schema.org\",\"@graph\":[{\"@type\":\"WebSite\",\"@id\":\"https:\/\/epinut.umh.es\/#website\",\"url\":\"https:\/\/epinut.umh.es\/\",\"name\":\"Unidad de epidemiolog\\u00eda de la nutrici\\u00f3n\",\"description\":\"Universidad Miguel Hern\\u00e1ndez de Elche\",\"potentialAction\":[{\"@type\":\"SearchAction\",\"target\":{\"@type\":\"EntryPoint\",\"urlTemplate\":\"https:\/\/epinut.umh.es\/?s={search_term_string}\"},\"query-input\":\"required name=search_term_string\"}],\"inLanguage\":\"en-US\"},{\"@type\":\"ImageObject\",\"@id\":\"https:\/\/epinut.umh.es\/cfa-adolescentes\/#primaryimage\",\"inLanguage\":\"en-US\",\"url\":\"http:\/\/epinut.umh.es\/files\/2011\/07\/icono-pdf-300x296.png\",\"contentUrl\":\"http:\/\/epinut.umh.es\/files\/2011\/07\/icono-pdf-300x296.png\"},{\"@type\":\"WebPage\",\"@id\":\"https:\/\/epinut.umh.es\/cfa-adolescentes\/#webpage\",\"url\":\"https:\/\/epinut.umh.es\/cfa-adolescentes\/\",\"name\":\"(Espa\\u00f1ol) CFA Adolescentes - Unidad de epidemiolog\\u00eda de la nutrici\\u00f3n\",\"isPartOf\":{\"@id\":\"https:\/\/epinut.umh.es\/#website\"},\"primaryImageOfPage\":{\"@id\":\"https:\/\/epinut.umh.es\/cfa-adolescentes\/#primaryimage\"},\"datePublished\":\"2021-05-03T11:35:25+00:00\",\"dateModified\":\"2021-05-03T11:46:21+00:00\",\"breadcrumb\":{\"@id\":\"https:\/\/epinut.umh.es\/cfa-adolescentes\/#breadcrumb\"},\"inLanguage\":\"en-US\",\"potentialAction\":[{\"@type\":\"ReadAction\",\"target\":[\"https:\/\/epinut.umh.es\/cfa-adolescentes\/\"]}]},{\"@type\":\"BreadcrumbList\",\"@id\":\"https:\/\/epinut.umh.es\/cfa-adolescentes\/#breadcrumb\",\"itemListElement\":[{\"@type\":\"ListItem\",\"position\":1,\"name\":\"Home\",\"item\":\"https:\/\/epinut.umh.es\/\"},{\"@type\":\"ListItem\",\"position\":2,\"name\":\"CFA Adolescentes\"}]}]}<\/script>\n<!-- \/ Yoast SEO plugin. -->","yoast_head_json":{"title":"(Espa\u00f1ol) CFA Adolescentes - Unidad de epidemiolog\u00eda de la nutrici\u00f3n","robots":{"index":"index","follow":"follow","max-snippet":"max-snippet:-1","max-image-preview":"max-image-preview:large","max-video-preview":"max-video-preview:-1"},"canonical":"https:\/\/epinut.umh.es\/cfa-adolescentes\/","og_locale":"en_US","og_type":"article","og_title":"(Espa\u00f1ol) CFA Adolescentes - Unidad de epidemiolog\u00eda de la nutrici\u00f3n","og_description":"Sorry, this entry is only available in European Spanish.","og_url":"https:\/\/epinut.umh.es\/cfa-adolescentes\/","og_site_name":"Unidad de epidemiolog\u00eda de la nutrici\u00f3n","article_modified_time":"2021-05-03T11:46:21+00:00","og_image":[{"url":"http:\/\/epinut.umh.es\/files\/2011\/07\/icono-pdf-300x296.png"}],"twitter_card":"summary","schema":{"@context":"https:\/\/schema.org","@graph":[{"@type":"WebSite","@id":"https:\/\/epinut.umh.es\/#website","url":"https:\/\/epinut.umh.es\/","name":"Unidad de epidemiolog\u00eda de la nutrici\u00f3n","description":"Universidad Miguel Hern\u00e1ndez de Elche","potentialAction":[{"@type":"SearchAction","target":{"@type":"EntryPoint","urlTemplate":"https:\/\/epinut.umh.es\/?s={search_term_string}"},"query-input":"required name=search_term_string"}],"inLanguage":"en-US"},{"@type":"ImageObject","@id":"https:\/\/epinut.umh.es\/cfa-adolescentes\/#primaryimage","inLanguage":"en-US","url":"http:\/\/epinut.umh.es\/files\/2011\/07\/icono-pdf-300x296.png","contentUrl":"http:\/\/epinut.umh.es\/files\/2011\/07\/icono-pdf-300x296.png"},{"@type":"WebPage","@id":"https:\/\/epinut.umh.es\/cfa-adolescentes\/#webpage","url":"https:\/\/epinut.umh.es\/cfa-adolescentes\/","name":"(Espa\u00f1ol) CFA Adolescentes - Unidad de epidemiolog\u00eda de la nutrici\u00f3n","isPartOf":{"@id":"https:\/\/epinut.umh.es\/#website"},"primaryImageOfPage":{"@id":"https:\/\/epinut.umh.es\/cfa-adolescentes\/#primaryimage"},"datePublished":"2021-05-03T11:35:25+00:00","dateModified":"2021-05-03T11:46:21+00:00","breadcrumb":{"@id":"https:\/\/epinut.umh.es\/cfa-adolescentes\/#breadcrumb"},"inLanguage":"en-US","potentialAction":[{"@type":"ReadAction","target":["https:\/\/epinut.umh.es\/cfa-adolescentes\/"]}]},{"@type":"BreadcrumbList","@id":"https:\/\/epinut.umh.es\/cfa-adolescentes\/#breadcrumb","itemListElement":[{"@type":"ListItem","position":1,"name":"Home","item":"https:\/\/epinut.umh.es\/"},{"@type":"ListItem","position":2,"name":"CFA Adolescentes"}]}]}},"_links":{"self":[{"href":"https:\/\/epinut.umh.es\/en\/wp-json\/wp\/v2\/pages\/1491"}],"collection":[{"href":"https:\/\/epinut.umh.es\/en\/wp-json\/wp\/v2\/pages"}],"about":[{"href":"https:\/\/epinut.umh.es\/en\/wp-json\/wp\/v2\/types\/page"}],"author":[{"embeddable":true,"href":"https:\/\/epinut.umh.es\/en\/wp-json\/wp\/v2\/users\/3711"}],"replies":[{"embeddable":true,"href":"https:\/\/epinut.umh.es\/en\/wp-json\/wp\/v2\/comments?post=1491"}],"version-history":[{"count":0,"href":"https:\/\/epinut.umh.es\/en\/wp-json\/wp\/v2\/pages\/1491\/revisions"}],"wp:attachment":[{"href":"https:\/\/epinut.umh.es\/en\/wp-json\/wp\/v2\/media?parent=1491"}],"curies":[{"name":"wp","href":"https:\/\/api.w.org\/{rel}","templated":true}]}}