{"id":15,"date":"2011-07-18T07:52:39","date_gmt":"2011-07-18T07:52:39","guid":{"rendered":"http:\/\/bibliodieta.umh.es\/presentacion\/cuestionarios\/cfa-117-ddm\/"},"modified":"2018-07-09T08:25:30","modified_gmt":"2018-07-09T08:25:30","slug":"cfa-117-ddm","status":"publish","type":"page","link":"https:\/\/epinut.umh.es\/en\/cfa-117-ddm\/","title":{"rendered":"CFA 117 DDM"},"content":{"rendered":"<p>The 117-item FFQ was developed for the DDM (Dieta y Densidad Mamogr\u00e1fica) Study in order to assess diet in a large sample of women attending the early detection of breast cancer centres in several Spanish areas. It is based on the 101-FFQ and adds new foods with high soya content.<br \/>\nThis questionnaire is suitable to use in pre- and post-menopausal women.<\/p>\n<p style=\"text-align: center;\"><a href=\"http:\/\/epinut.umh.es\/files\/2011\/07\/logo-pdf.jpg\"><img loading=\"lazy\" class=\"alignnone  wp-image-1116\" src=\"http:\/\/epinut.umh.es\/files\/2011\/07\/logo-pdf-150x150.jpg\" alt=\"logo-pdf\" width=\"64\" height=\"64\" \/><\/a><\/p>\n<p style=\"text-align: center;\">For further information about this questionnaire, send us an e-mail to bibliodieta@umh.es<\/p>\n<hr \/>\n<hr \/>\n<p><strong><span style=\"color: #008080;\">Related publications:<\/span><\/strong><\/p>\n<hr \/>\n<p>1. Garc\u00eda-Arenzana N, Navarrete-Mu\u00f1oz EM, V\u00e1zquez-Carrete JA, et al.\u00a0<strong>[Compliance with current dietary recommendations and geographical variability of diet in women participating in 7 screening programs for breast cancer in Spain].<\/strong>\u00a0<span style=\"color: #008080;\"><a style=\"color: #008080;\" href=\"http:\/\/www.ncbi.nlm.nih.gov\/pubmed\/22470036\" target=\"_blank\">Nutr Hosp. 2011;26:863-73<\/a><\/span><\/p>\n<hr \/>\n<p>2. Garc\u00eda-Arenzana N, Navarrete-Mu\u00f1oz EM, Peris M, et al.\u00a0<strong>Diet quality and related factors among Spanish female participants in breast cancer screening programs. <\/strong>\u00a0<span style=\"color: #008080;\"><a style=\"color: #008080;\" href=\"http:\/\/www.ncbi.nlm.nih.gov\/pubmed\/22760085\" target=\"_blank\">Menopause. 2012;19:1121-9.<\/a><\/span><\/p>\n<hr \/>\n<p><strong><span style=\"color: #008080;\"><a style=\"color: #008080;\" href=\"http:\/\/epinut.umh.es\/?p=62\">&lt;&lt;Back<\/a><\/span><\/strong><\/p>","protected":false},"excerpt":{"rendered":"<p>The 117-item FFQ was developed for the DDM (Dieta y Densidad Mamogr\u00e1fica) Study in order to assess diet in a large sample of women attending the early detection of breast cancer centres in several Spanish areas. It is based on the 101-FFQ and adds new foods with high soya content. This questionnaire is suitable to [&hellip;]<\/p>\n","protected":false},"author":6277,"featured_media":0,"parent":0,"menu_order":0,"comment_status":"closed","ping_status":"open","template":"templates\/template-onecolumn.php","meta":{"_et_pb_use_builder":"","_et_pb_old_content":"","_et_gb_content_width":"","_links_to":"","_links_to_target":""},"yoast_head":"<!-- This site is optimized with the Yoast SEO plugin v17.5 - https:\/\/yoast.com\/wordpress\/plugins\/seo\/ -->\n<title>CFA 117 DDM - Unidad de epidemiolog\u00eda de la nutrici\u00f3n<\/title>\n<meta name=\"robots\" content=\"index, follow, max-snippet:-1, max-image-preview:large, max-video-preview:-1\" \/>\n<link rel=\"canonical\" href=\"https:\/\/epinut.umh.es\/cfa-117-ddm\/\" \/>\n<meta property=\"og:locale\" content=\"en_US\" \/>\n<meta property=\"og:type\" content=\"article\" \/>\n<meta property=\"og:title\" content=\"CFA 117 DDM - Unidad de epidemiolog\u00eda de la nutrici\u00f3n\" \/>\n<meta property=\"og:description\" content=\"The 117-item FFQ was developed for the DDM (Dieta y Densidad Mamogr\u00e1fica) Study in order to assess diet in a large sample of women attending the early detection of breast cancer centres in several Spanish areas. It is based on the 101-FFQ and adds new foods with high soya content. This questionnaire is suitable to [&hellip;]\" \/>\n<meta property=\"og:url\" content=\"https:\/\/epinut.umh.es\/cfa-117-ddm\/\" \/>\n<meta property=\"og:site_name\" content=\"Unidad de epidemiolog\u00eda de la nutrici\u00f3n\" \/>\n<meta property=\"article:modified_time\" content=\"2018-07-09T08:25:30+00:00\" \/>\n<meta property=\"og:image\" content=\"http:\/\/epinut.umh.es\/files\/2011\/07\/logo-pdf-150x150.jpg\" \/>\n<meta name=\"twitter:card\" content=\"summary\" \/>\n<meta name=\"twitter:label1\" content=\"Est. reading time\" \/>\n\t<meta name=\"twitter:data1\" content=\"1 minute\" \/>\n<script type=\"application\/ld+json\" class=\"yoast-schema-graph\">{\"@context\":\"https:\/\/schema.org\",\"@graph\":[{\"@type\":\"WebSite\",\"@id\":\"https:\/\/epinut.umh.es\/#website\",\"url\":\"https:\/\/epinut.umh.es\/\",\"name\":\"Unidad de epidemiolog\\u00eda de la nutrici\\u00f3n\",\"description\":\"Universidad Miguel Hern\\u00e1ndez de Elche\",\"potentialAction\":[{\"@type\":\"SearchAction\",\"target\":{\"@type\":\"EntryPoint\",\"urlTemplate\":\"https:\/\/epinut.umh.es\/?s={search_term_string}\"},\"query-input\":\"required name=search_term_string\"}],\"inLanguage\":\"en-US\"},{\"@type\":\"ImageObject\",\"@id\":\"https:\/\/epinut.umh.es\/cfa-117-ddm\/#primaryimage\",\"inLanguage\":\"en-US\",\"url\":\"http:\/\/epinut.umh.es\/files\/2011\/07\/logo-pdf-150x150.jpg\",\"contentUrl\":\"http:\/\/epinut.umh.es\/files\/2011\/07\/logo-pdf-150x150.jpg\"},{\"@type\":\"WebPage\",\"@id\":\"https:\/\/epinut.umh.es\/cfa-117-ddm\/#webpage\",\"url\":\"https:\/\/epinut.umh.es\/cfa-117-ddm\/\",\"name\":\"CFA 117 DDM - Unidad de epidemiolog\\u00eda de la nutrici\\u00f3n\",\"isPartOf\":{\"@id\":\"https:\/\/epinut.umh.es\/#website\"},\"primaryImageOfPage\":{\"@id\":\"https:\/\/epinut.umh.es\/cfa-117-ddm\/#primaryimage\"},\"datePublished\":\"2011-07-18T07:52:39+00:00\",\"dateModified\":\"2018-07-09T08:25:30+00:00\",\"breadcrumb\":{\"@id\":\"https:\/\/epinut.umh.es\/cfa-117-ddm\/#breadcrumb\"},\"inLanguage\":\"en-US\",\"potentialAction\":[{\"@type\":\"ReadAction\",\"target\":[\"https:\/\/epinut.umh.es\/cfa-117-ddm\/\"]}]},{\"@type\":\"BreadcrumbList\",\"@id\":\"https:\/\/epinut.umh.es\/cfa-117-ddm\/#breadcrumb\",\"itemListElement\":[{\"@type\":\"ListItem\",\"position\":1,\"name\":\"Home\",\"item\":\"https:\/\/epinut.umh.es\/\"},{\"@type\":\"ListItem\",\"position\":2,\"name\":\"CFA 117 DDM\"}]}]}<\/script>\n<!-- \/ Yoast SEO plugin. -->","yoast_head_json":{"title":"CFA 117 DDM - Unidad de epidemiolog\u00eda de la nutrici\u00f3n","robots":{"index":"index","follow":"follow","max-snippet":"max-snippet:-1","max-image-preview":"max-image-preview:large","max-video-preview":"max-video-preview:-1"},"canonical":"https:\/\/epinut.umh.es\/cfa-117-ddm\/","og_locale":"en_US","og_type":"article","og_title":"CFA 117 DDM - Unidad de epidemiolog\u00eda de la nutrici\u00f3n","og_description":"The 117-item FFQ was developed for the DDM (Dieta y Densidad Mamogr\u00e1fica) Study in order to assess diet in a large sample of women attending the early detection of breast cancer centres in several Spanish areas. It is based on the 101-FFQ and adds new foods with high soya content. This questionnaire is suitable to [&hellip;]","og_url":"https:\/\/epinut.umh.es\/cfa-117-ddm\/","og_site_name":"Unidad de epidemiolog\u00eda de la nutrici\u00f3n","article_modified_time":"2018-07-09T08:25:30+00:00","og_image":[{"url":"http:\/\/epinut.umh.es\/files\/2011\/07\/logo-pdf-150x150.jpg"}],"twitter_card":"summary","twitter_misc":{"Est. reading time":"1 minute"},"schema":{"@context":"https:\/\/schema.org","@graph":[{"@type":"WebSite","@id":"https:\/\/epinut.umh.es\/#website","url":"https:\/\/epinut.umh.es\/","name":"Unidad de epidemiolog\u00eda de la nutrici\u00f3n","description":"Universidad Miguel Hern\u00e1ndez de Elche","potentialAction":[{"@type":"SearchAction","target":{"@type":"EntryPoint","urlTemplate":"https:\/\/epinut.umh.es\/?s={search_term_string}"},"query-input":"required name=search_term_string"}],"inLanguage":"en-US"},{"@type":"ImageObject","@id":"https:\/\/epinut.umh.es\/cfa-117-ddm\/#primaryimage","inLanguage":"en-US","url":"http:\/\/epinut.umh.es\/files\/2011\/07\/logo-pdf-150x150.jpg","contentUrl":"http:\/\/epinut.umh.es\/files\/2011\/07\/logo-pdf-150x150.jpg"},{"@type":"WebPage","@id":"https:\/\/epinut.umh.es\/cfa-117-ddm\/#webpage","url":"https:\/\/epinut.umh.es\/cfa-117-ddm\/","name":"CFA 117 DDM - Unidad de epidemiolog\u00eda de la nutrici\u00f3n","isPartOf":{"@id":"https:\/\/epinut.umh.es\/#website"},"primaryImageOfPage":{"@id":"https:\/\/epinut.umh.es\/cfa-117-ddm\/#primaryimage"},"datePublished":"2011-07-18T07:52:39+00:00","dateModified":"2018-07-09T08:25:30+00:00","breadcrumb":{"@id":"https:\/\/epinut.umh.es\/cfa-117-ddm\/#breadcrumb"},"inLanguage":"en-US","potentialAction":[{"@type":"ReadAction","target":["https:\/\/epinut.umh.es\/cfa-117-ddm\/"]}]},{"@type":"BreadcrumbList","@id":"https:\/\/epinut.umh.es\/cfa-117-ddm\/#breadcrumb","itemListElement":[{"@type":"ListItem","position":1,"name":"Home","item":"https:\/\/epinut.umh.es\/"},{"@type":"ListItem","position":2,"name":"CFA 117 DDM"}]}]}},"_links":{"self":[{"href":"https:\/\/epinut.umh.es\/en\/wp-json\/wp\/v2\/pages\/15"}],"collection":[{"href":"https:\/\/epinut.umh.es\/en\/wp-json\/wp\/v2\/pages"}],"about":[{"href":"https:\/\/epinut.umh.es\/en\/wp-json\/wp\/v2\/types\/page"}],"author":[{"embeddable":true,"href":"https:\/\/epinut.umh.es\/en\/wp-json\/wp\/v2\/users\/6277"}],"replies":[{"embeddable":true,"href":"https:\/\/epinut.umh.es\/en\/wp-json\/wp\/v2\/comments?post=15"}],"version-history":[{"count":0,"href":"https:\/\/epinut.umh.es\/en\/wp-json\/wp\/v2\/pages\/15\/revisions"}],"wp:attachment":[{"href":"https:\/\/epinut.umh.es\/en\/wp-json\/wp\/v2\/media?parent=15"}],"curies":[{"name":"wp","href":"https:\/\/api.w.org\/{rel}","templated":true}]}}