{"id":16,"date":"2011-07-18T07:53:25","date_gmt":"2011-07-18T07:53:25","guid":{"rendered":"http:\/\/bibliodieta.umh.es\/presentacion\/cuestionarios\/mini-cfa-25\/"},"modified":"2018-07-04T11:42:43","modified_gmt":"2018-07-04T11:42:43","slug":"mini-cfa-30","status":"publish","type":"page","link":"https:\/\/epinut.umh.es\/en\/bibliodieta__trashed\/mini-cfa-30\/","title":{"rendered":"MINI FFQ 30 items"},"content":{"rendered":"<p>The Mini-FFQ includes mainly food groups and high consumption foods and it was designed to assess complete diet and for inclusion along with other questionnaires in studies with time or space limits and interested in assessing diet. In addition, its format has an advantage over other more expensive methods of assessment (long FFQ, 24-hour recall and biochemical markers). It is currently in a process of validation.<\/p>\n<p style=\"text-align: center;\"><a href=\"http:\/\/epinut.umh.es\/files\/2011\/07\/logo-pdf.jpg\"><img loading=\"lazy\" class=\"alignnone  wp-image-1116\" src=\"http:\/\/epinut.umh.es\/files\/2011\/07\/logo-pdf-150x150.jpg\" alt=\"logo-pdf\" width=\"64\" height=\"64\" \/><\/a><\/p>\n<p style=\"text-align: center;\">For further information about this questionnaire, send us an e-mail to bibliodieta@umh.es<\/p>\n<hr \/>\n<p><strong><span style=\"color: #008080;\"><a style=\"color: #008080;\" href=\"http:\/\/epinut.umh.es\/?p=62\">&lt;&lt;Back<\/a><\/span><\/strong><\/p>","protected":false},"excerpt":{"rendered":"<p>The Mini-FFQ includes mainly food groups and high consumption foods and it was designed to assess complete diet and for inclusion along with other questionnaires in studies with time or space limits and interested in assessing diet. In addition, its format has an advantage over other more expensive methods of assessment (long FFQ, 24-hour recall [&hellip;]<\/p>\n","protected":false},"author":6277,"featured_media":0,"parent":62,"menu_order":0,"comment_status":"closed","ping_status":"closed","template":"templates\/template-onecolumn.php","meta":{"_et_pb_use_builder":"","_et_pb_old_content":"","_et_gb_content_width":"","_links_to":"","_links_to_target":""},"yoast_head":"<!-- This site is optimized with the Yoast SEO plugin v17.5 - https:\/\/yoast.com\/wordpress\/plugins\/seo\/ -->\n<title>MINI FFQ 30 items - Unidad de epidemiolog\u00eda de la nutrici\u00f3n<\/title>\n<meta name=\"robots\" content=\"index, follow, max-snippet:-1, max-image-preview:large, max-video-preview:-1\" \/>\n<link rel=\"canonical\" href=\"https:\/\/epinut.umh.es\/bibliodieta__trashed\/mini-cfa-30\/\" \/>\n<meta property=\"og:locale\" content=\"en_US\" \/>\n<meta property=\"og:type\" content=\"article\" \/>\n<meta property=\"og:title\" content=\"MINI FFQ 30 items - Unidad de epidemiolog\u00eda de la nutrici\u00f3n\" \/>\n<meta property=\"og:description\" content=\"The Mini-FFQ includes mainly food groups and high consumption foods and it was designed to assess complete diet and for inclusion along with other questionnaires in studies with time or space limits and interested in assessing diet. In addition, its format has an advantage over other more expensive methods of assessment (long FFQ, 24-hour recall [&hellip;]\" \/>\n<meta property=\"og:url\" content=\"https:\/\/epinut.umh.es\/bibliodieta__trashed\/mini-cfa-30\/\" \/>\n<meta property=\"og:site_name\" content=\"Unidad de epidemiolog\u00eda de la nutrici\u00f3n\" \/>\n<meta property=\"article:modified_time\" content=\"2018-07-04T11:42:43+00:00\" \/>\n<meta property=\"og:image\" content=\"http:\/\/epinut.umh.es\/files\/2011\/07\/logo-pdf-150x150.jpg\" \/>\n<meta name=\"twitter:card\" content=\"summary\" \/>\n<meta name=\"twitter:label1\" content=\"Est. reading time\" \/>\n\t<meta name=\"twitter:data1\" content=\"1 minute\" \/>\n<script type=\"application\/ld+json\" class=\"yoast-schema-graph\">{\"@context\":\"https:\/\/schema.org\",\"@graph\":[{\"@type\":\"WebSite\",\"@id\":\"https:\/\/epinut.umh.es\/#website\",\"url\":\"https:\/\/epinut.umh.es\/\",\"name\":\"Unidad de epidemiolog\\u00eda de la nutrici\\u00f3n\",\"description\":\"Universidad Miguel Hern\\u00e1ndez de Elche\",\"potentialAction\":[{\"@type\":\"SearchAction\",\"target\":{\"@type\":\"EntryPoint\",\"urlTemplate\":\"https:\/\/epinut.umh.es\/?s={search_term_string}\"},\"query-input\":\"required name=search_term_string\"}],\"inLanguage\":\"en-US\"},{\"@type\":\"ImageObject\",\"@id\":\"https:\/\/epinut.umh.es\/bibliodieta__trashed\/mini-cfa-30\/#primaryimage\",\"inLanguage\":\"en-US\",\"url\":\"http:\/\/epinut.umh.es\/files\/2011\/07\/logo-pdf-150x150.jpg\",\"contentUrl\":\"http:\/\/epinut.umh.es\/files\/2011\/07\/logo-pdf-150x150.jpg\"},{\"@type\":\"WebPage\",\"@id\":\"https:\/\/epinut.umh.es\/bibliodieta__trashed\/mini-cfa-30\/#webpage\",\"url\":\"https:\/\/epinut.umh.es\/bibliodieta__trashed\/mini-cfa-30\/\",\"name\":\"MINI FFQ 30 items - Unidad de epidemiolog\\u00eda de la nutrici\\u00f3n\",\"isPartOf\":{\"@id\":\"https:\/\/epinut.umh.es\/#website\"},\"primaryImageOfPage\":{\"@id\":\"https:\/\/epinut.umh.es\/bibliodieta__trashed\/mini-cfa-30\/#primaryimage\"},\"datePublished\":\"2011-07-18T07:53:25+00:00\",\"dateModified\":\"2018-07-04T11:42:43+00:00\",\"breadcrumb\":{\"@id\":\"https:\/\/epinut.umh.es\/bibliodieta__trashed\/mini-cfa-30\/#breadcrumb\"},\"inLanguage\":\"en-US\",\"potentialAction\":[{\"@type\":\"ReadAction\",\"target\":[\"https:\/\/epinut.umh.es\/bibliodieta__trashed\/mini-cfa-30\/\"]}]},{\"@type\":\"BreadcrumbList\",\"@id\":\"https:\/\/epinut.umh.es\/bibliodieta__trashed\/mini-cfa-30\/#breadcrumb\",\"itemListElement\":[{\"@type\":\"ListItem\",\"position\":1,\"name\":\"Home\",\"item\":\"https:\/\/epinut.umh.es\/\"},{\"@type\":\"ListItem\",\"position\":2,\"name\":\"Bibliodieta\",\"item\":\"https:\/\/epinut.umh.es\/?page_id=62\"},{\"@type\":\"ListItem\",\"position\":3,\"name\":\"MINI CFA 30 ITEMS\"}]}]}<\/script>\n<!-- \/ Yoast SEO plugin. -->","yoast_head_json":{"title":"MINI FFQ 30 items - Unidad de epidemiolog\u00eda de la nutrici\u00f3n","robots":{"index":"index","follow":"follow","max-snippet":"max-snippet:-1","max-image-preview":"max-image-preview:large","max-video-preview":"max-video-preview:-1"},"canonical":"https:\/\/epinut.umh.es\/bibliodieta__trashed\/mini-cfa-30\/","og_locale":"en_US","og_type":"article","og_title":"MINI FFQ 30 items - Unidad de epidemiolog\u00eda de la nutrici\u00f3n","og_description":"The Mini-FFQ includes mainly food groups and high consumption foods and it was designed to assess complete diet and for inclusion along with other questionnaires in studies with time or space limits and interested in assessing diet. In addition, its format has an advantage over other more expensive methods of assessment (long FFQ, 24-hour recall [&hellip;]","og_url":"https:\/\/epinut.umh.es\/bibliodieta__trashed\/mini-cfa-30\/","og_site_name":"Unidad de epidemiolog\u00eda de la nutrici\u00f3n","article_modified_time":"2018-07-04T11:42:43+00:00","og_image":[{"url":"http:\/\/epinut.umh.es\/files\/2011\/07\/logo-pdf-150x150.jpg"}],"twitter_card":"summary","twitter_misc":{"Est. reading time":"1 minute"},"schema":{"@context":"https:\/\/schema.org","@graph":[{"@type":"WebSite","@id":"https:\/\/epinut.umh.es\/#website","url":"https:\/\/epinut.umh.es\/","name":"Unidad de epidemiolog\u00eda de la nutrici\u00f3n","description":"Universidad Miguel Hern\u00e1ndez de Elche","potentialAction":[{"@type":"SearchAction","target":{"@type":"EntryPoint","urlTemplate":"https:\/\/epinut.umh.es\/?s={search_term_string}"},"query-input":"required name=search_term_string"}],"inLanguage":"en-US"},{"@type":"ImageObject","@id":"https:\/\/epinut.umh.es\/bibliodieta__trashed\/mini-cfa-30\/#primaryimage","inLanguage":"en-US","url":"http:\/\/epinut.umh.es\/files\/2011\/07\/logo-pdf-150x150.jpg","contentUrl":"http:\/\/epinut.umh.es\/files\/2011\/07\/logo-pdf-150x150.jpg"},{"@type":"WebPage","@id":"https:\/\/epinut.umh.es\/bibliodieta__trashed\/mini-cfa-30\/#webpage","url":"https:\/\/epinut.umh.es\/bibliodieta__trashed\/mini-cfa-30\/","name":"MINI FFQ 30 items - Unidad de epidemiolog\u00eda de la nutrici\u00f3n","isPartOf":{"@id":"https:\/\/epinut.umh.es\/#website"},"primaryImageOfPage":{"@id":"https:\/\/epinut.umh.es\/bibliodieta__trashed\/mini-cfa-30\/#primaryimage"},"datePublished":"2011-07-18T07:53:25+00:00","dateModified":"2018-07-04T11:42:43+00:00","breadcrumb":{"@id":"https:\/\/epinut.umh.es\/bibliodieta__trashed\/mini-cfa-30\/#breadcrumb"},"inLanguage":"en-US","potentialAction":[{"@type":"ReadAction","target":["https:\/\/epinut.umh.es\/bibliodieta__trashed\/mini-cfa-30\/"]}]},{"@type":"BreadcrumbList","@id":"https:\/\/epinut.umh.es\/bibliodieta__trashed\/mini-cfa-30\/#breadcrumb","itemListElement":[{"@type":"ListItem","position":1,"name":"Home","item":"https:\/\/epinut.umh.es\/"},{"@type":"ListItem","position":2,"name":"Bibliodieta","item":"https:\/\/epinut.umh.es\/?page_id=62"},{"@type":"ListItem","position":3,"name":"MINI CFA 30 ITEMS"}]}]}},"_links":{"self":[{"href":"https:\/\/epinut.umh.es\/en\/wp-json\/wp\/v2\/pages\/16"}],"collection":[{"href":"https:\/\/epinut.umh.es\/en\/wp-json\/wp\/v2\/pages"}],"about":[{"href":"https:\/\/epinut.umh.es\/en\/wp-json\/wp\/v2\/types\/page"}],"author":[{"embeddable":true,"href":"https:\/\/epinut.umh.es\/en\/wp-json\/wp\/v2\/users\/6277"}],"replies":[{"embeddable":true,"href":"https:\/\/epinut.umh.es\/en\/wp-json\/wp\/v2\/comments?post=16"}],"version-history":[{"count":0,"href":"https:\/\/epinut.umh.es\/en\/wp-json\/wp\/v2\/pages\/16\/revisions"}],"up":[{"embeddable":true,"href":"https:\/\/epinut.umh.es\/en\/wp-json\/wp\/v2\/pages\/62"}],"wp:attachment":[{"href":"https:\/\/epinut.umh.es\/en\/wp-json\/wp\/v2\/media?parent=16"}],"curies":[{"name":"wp","href":"https:\/\/api.w.org\/{rel}","templated":true}]}}