{"id":17,"date":"2011-07-18T07:55:48","date_gmt":"2011-07-18T07:55:48","guid":{"rendered":"http:\/\/bibliodieta.umh.es\/presentacion\/cuestionarios\/cfa-105-inma-infancia\/"},"modified":"2018-07-13T08:09:20","modified_gmt":"2018-07-13T08:09:20","slug":"cfa-105-inma-infancia","status":"publish","type":"page","link":"https:\/\/epinut.umh.es\/en\/cfa-105-inma-infancia\/","title":{"rendered":"CFA 105 CHILDHOOD"},"content":{"rendered":"<p>This 105-item FFQ is based on the original FFQ of 95 items adapted for a child population. It has been used in child populations of 4-6 years of age participating in several cohort areas from INMA (Infancia y Medio Ambiente) Study. Currently, there is a similar and updated version of this FFQ (105-FFQ), used in the four geographical areas of the INMA Study and is now in a process of validation with 24-hour recall and nutritional biomarkers.<\/p>\n<p style=\"text-align: center;\"><a href=\"http:\/\/epinut.umh.es\/files\/2011\/07\/CFA105-1.pdf\"><img loading=\"lazy\" class=\"alignnone  wp-image-1445\" src=\"http:\/\/epinut.umh.es\/files\/2011\/07\/icono-pdf-150x150.png\" alt=\"icono-pdf\" width=\"79\" height=\"79\" srcset=\"https:\/\/epinut.umh.es\/files\/2011\/07\/icono-pdf-150x148.png 150w, https:\/\/epinut.umh.es\/files\/2011\/07\/icono-pdf-300x296.png 300w, https:\/\/epinut.umh.es\/files\/2011\/07\/icono-pdf.png 338w\" sizes=\"(max-width: 79px) 100vw, 79px\" \/><\/a><a href=\"http:\/\/epinut.umh.es\/files\/2011\/07\/CFA105-1.pdf\"><br \/>\n<\/a><\/p>\n<p style=\"text-align: left;\">If you download the questionnaire, please do not forget to use the following reference: Vioque J, Gimenez-Monzo D, Navarrete-Mu\u00f1oz EM, Garcia-de-la-Hera M, Gonzalez-Palacios S, Rebagliato M, Ballester F, Murcia M, I\u00f1iguez C, Granado F; INMA-Valencia Cohort Study. <a href=\"http:\/\/journals.plos.org\/plosone\/article?id=10.1371\/journal.pone.0167338\" target=\"_blank\"><span style=\"color: #008080;\">Reproducibility and Validity of a Food Frequency Questionnaire Designed to Assess Diet in Children Aged 4-5 Years.<\/span><\/a> <span class=\"jrnl\" title=\"PloS one\">PLoS One<\/span>. 2016 Nov 29;11(11):e0167338.<\/p>\n<p style=\"text-align: left;\">Este cuestionario de frecuencia alimentaria para evaluar ingesta diet\u00e9tica en poblaci\u00f3n infantil ha sido registrado en el Registro de la Propiedad Intelectual, n\u00famero de registro 09\/2016\/33.<\/p>\n<hr \/>\n<hr \/>\n<p style=\"text-align: left;\"><strong><span style=\"color: #008080;\">Related publications<\/span><\/strong><\/p>\n<hr \/>\n<p style=\"text-align: left;\">1. Scholz A, Gimenez-Monzo D, Navarrete-Mu\u00f1oz EM, Garcia-de-la-Hera M, Fernandez-Somoano A, Tardon A, Santa Marina L, Irazabal A, Romaguera D, Guxens M, Julvez J, Llop S, Lopez-Espinosa MJ, Vioque J. <strong>Dietary Intake of Trans Fatty Acids in Children Aged 4-5 in Spain: The INMA Cohort Study.<\/strong> <span style=\"color: #008080;\"><a style=\"color: #008080;\" href=\"https:\/\/www.ncbi.nlm.nih.gov\/pubmed\/27735864\" target=\"_blank\"><span class=\"jrnl\" title=\"Nutrients\">Nutrients<\/span>. 2016 Oct 10;8(10). pii: E625.<\/a><\/span><\/p>\n<hr \/>\n<p><strong><span style=\"color: #008080;\"><a style=\"color: #008080;\" href=\"http:\/\/epinut.umh.es\/?p=62\">&lt;&lt;Back<\/a><\/span><\/strong><\/p>","protected":false},"excerpt":{"rendered":"<p>This 105-item FFQ is based on the original FFQ of 95 items adapted for a child population. It has been used in child populations of 4-6 years of age participating in several cohort areas from INMA (Infancia y Medio Ambiente) Study. Currently, there is a similar and updated version of this FFQ (105-FFQ), used in [&hellip;]<\/p>\n","protected":false},"author":6277,"featured_media":0,"parent":0,"menu_order":0,"comment_status":"closed","ping_status":"open","template":"templates\/template-onecolumn.php","meta":{"_et_pb_use_builder":"","_et_pb_old_content":"","_et_gb_content_width":"","_links_to":"","_links_to_target":""},"yoast_head":"<!-- This site is optimized with the Yoast SEO plugin v17.5 - https:\/\/yoast.com\/wordpress\/plugins\/seo\/ -->\n<title>CFA 105 CHILDHOOD - Unidad de epidemiolog\u00eda de la nutrici\u00f3n<\/title>\n<meta name=\"robots\" content=\"index, follow, max-snippet:-1, max-image-preview:large, max-video-preview:-1\" \/>\n<link rel=\"canonical\" href=\"https:\/\/epinut.umh.es\/cfa-105-inma-infancia\/\" \/>\n<meta property=\"og:locale\" content=\"en_US\" \/>\n<meta property=\"og:type\" content=\"article\" \/>\n<meta property=\"og:title\" content=\"CFA 105 CHILDHOOD - Unidad de epidemiolog\u00eda de la nutrici\u00f3n\" \/>\n<meta property=\"og:description\" content=\"This 105-item FFQ is based on the original FFQ of 95 items adapted for a child population. It has been used in child populations of 4-6 years of age participating in several cohort areas from INMA (Infancia y Medio Ambiente) Study. Currently, there is a similar and updated version of this FFQ (105-FFQ), used in [&hellip;]\" \/>\n<meta property=\"og:url\" content=\"https:\/\/epinut.umh.es\/cfa-105-inma-infancia\/\" \/>\n<meta property=\"og:site_name\" content=\"Unidad de epidemiolog\u00eda de la nutrici\u00f3n\" \/>\n<meta property=\"article:modified_time\" content=\"2018-07-13T08:09:20+00:00\" \/>\n<meta property=\"og:image\" content=\"http:\/\/epinut.umh.es\/files\/2011\/07\/icono-pdf-150x150.png\" \/>\n<meta name=\"twitter:card\" content=\"summary\" \/>\n<meta name=\"twitter:label1\" content=\"Est. reading time\" \/>\n\t<meta name=\"twitter:data1\" content=\"2 minutes\" \/>\n<script type=\"application\/ld+json\" class=\"yoast-schema-graph\">{\"@context\":\"https:\/\/schema.org\",\"@graph\":[{\"@type\":\"WebSite\",\"@id\":\"https:\/\/epinut.umh.es\/en\/#website\",\"url\":\"https:\/\/epinut.umh.es\/en\/\",\"name\":\"Unidad de epidemiolog\\u00eda de la nutrici\\u00f3n\",\"description\":\"Universidad Miguel Hern\\u00e1ndez de Elche\",\"potentialAction\":[{\"@type\":\"SearchAction\",\"target\":{\"@type\":\"EntryPoint\",\"urlTemplate\":\"https:\/\/epinut.umh.es\/en\/?s={search_term_string}\"},\"query-input\":\"required name=search_term_string\"}],\"inLanguage\":\"en-US\"},{\"@type\":\"ImageObject\",\"@id\":\"https:\/\/epinut.umh.es\/cfa-105-inma-infancia\/#primaryimage\",\"inLanguage\":\"en-US\",\"url\":\"http:\/\/epinut.umh.es\/files\/2011\/07\/icono-pdf-150x150.png\",\"contentUrl\":\"http:\/\/epinut.umh.es\/files\/2011\/07\/icono-pdf-150x150.png\"},{\"@type\":\"WebPage\",\"@id\":\"https:\/\/epinut.umh.es\/cfa-105-inma-infancia\/#webpage\",\"url\":\"https:\/\/epinut.umh.es\/cfa-105-inma-infancia\/\",\"name\":\"CFA 105 CHILDHOOD - Unidad de epidemiolog\\u00eda de la nutrici\\u00f3n\",\"isPartOf\":{\"@id\":\"https:\/\/epinut.umh.es\/en\/#website\"},\"primaryImageOfPage\":{\"@id\":\"https:\/\/epinut.umh.es\/cfa-105-inma-infancia\/#primaryimage\"},\"datePublished\":\"2011-07-18T07:55:48+00:00\",\"dateModified\":\"2018-07-13T08:09:20+00:00\",\"breadcrumb\":{\"@id\":\"https:\/\/epinut.umh.es\/cfa-105-inma-infancia\/#breadcrumb\"},\"inLanguage\":\"en-US\",\"potentialAction\":[{\"@type\":\"ReadAction\",\"target\":[\"https:\/\/epinut.umh.es\/cfa-105-inma-infancia\/\"]}]},{\"@type\":\"BreadcrumbList\",\"@id\":\"https:\/\/epinut.umh.es\/cfa-105-inma-infancia\/#breadcrumb\",\"itemListElement\":[{\"@type\":\"ListItem\",\"position\":1,\"name\":\"Home\",\"item\":\"https:\/\/epinut.umh.es\/\"},{\"@type\":\"ListItem\",\"position\":2,\"name\":\"CFA 105 INFANCIA\"}]}]}<\/script>\n<!-- \/ Yoast SEO plugin. -->","yoast_head_json":{"title":"CFA 105 CHILDHOOD - Unidad de epidemiolog\u00eda de la nutrici\u00f3n","robots":{"index":"index","follow":"follow","max-snippet":"max-snippet:-1","max-image-preview":"max-image-preview:large","max-video-preview":"max-video-preview:-1"},"canonical":"https:\/\/epinut.umh.es\/cfa-105-inma-infancia\/","og_locale":"en_US","og_type":"article","og_title":"CFA 105 CHILDHOOD - Unidad de epidemiolog\u00eda de la nutrici\u00f3n","og_description":"This 105-item FFQ is based on the original FFQ of 95 items adapted for a child population. It has been used in child populations of 4-6 years of age participating in several cohort areas from INMA (Infancia y Medio Ambiente) Study. Currently, there is a similar and updated version of this FFQ (105-FFQ), used in [&hellip;]","og_url":"https:\/\/epinut.umh.es\/cfa-105-inma-infancia\/","og_site_name":"Unidad de epidemiolog\u00eda de la nutrici\u00f3n","article_modified_time":"2018-07-13T08:09:20+00:00","og_image":[{"url":"http:\/\/epinut.umh.es\/files\/2011\/07\/icono-pdf-150x150.png"}],"twitter_card":"summary","twitter_misc":{"Est. reading time":"2 minutes"},"schema":{"@context":"https:\/\/schema.org","@graph":[{"@type":"WebSite","@id":"https:\/\/epinut.umh.es\/en\/#website","url":"https:\/\/epinut.umh.es\/en\/","name":"Unidad de epidemiolog\u00eda de la nutrici\u00f3n","description":"Universidad Miguel Hern\u00e1ndez de Elche","potentialAction":[{"@type":"SearchAction","target":{"@type":"EntryPoint","urlTemplate":"https:\/\/epinut.umh.es\/en\/?s={search_term_string}"},"query-input":"required name=search_term_string"}],"inLanguage":"en-US"},{"@type":"ImageObject","@id":"https:\/\/epinut.umh.es\/cfa-105-inma-infancia\/#primaryimage","inLanguage":"en-US","url":"http:\/\/epinut.umh.es\/files\/2011\/07\/icono-pdf-150x150.png","contentUrl":"http:\/\/epinut.umh.es\/files\/2011\/07\/icono-pdf-150x150.png"},{"@type":"WebPage","@id":"https:\/\/epinut.umh.es\/cfa-105-inma-infancia\/#webpage","url":"https:\/\/epinut.umh.es\/cfa-105-inma-infancia\/","name":"CFA 105 CHILDHOOD - Unidad de epidemiolog\u00eda de la nutrici\u00f3n","isPartOf":{"@id":"https:\/\/epinut.umh.es\/en\/#website"},"primaryImageOfPage":{"@id":"https:\/\/epinut.umh.es\/cfa-105-inma-infancia\/#primaryimage"},"datePublished":"2011-07-18T07:55:48+00:00","dateModified":"2018-07-13T08:09:20+00:00","breadcrumb":{"@id":"https:\/\/epinut.umh.es\/cfa-105-inma-infancia\/#breadcrumb"},"inLanguage":"en-US","potentialAction":[{"@type":"ReadAction","target":["https:\/\/epinut.umh.es\/cfa-105-inma-infancia\/"]}]},{"@type":"BreadcrumbList","@id":"https:\/\/epinut.umh.es\/cfa-105-inma-infancia\/#breadcrumb","itemListElement":[{"@type":"ListItem","position":1,"name":"Home","item":"https:\/\/epinut.umh.es\/"},{"@type":"ListItem","position":2,"name":"CFA 105 INFANCIA"}]}]}},"_links":{"self":[{"href":"https:\/\/epinut.umh.es\/en\/wp-json\/wp\/v2\/pages\/17"}],"collection":[{"href":"https:\/\/epinut.umh.es\/en\/wp-json\/wp\/v2\/pages"}],"about":[{"href":"https:\/\/epinut.umh.es\/en\/wp-json\/wp\/v2\/types\/page"}],"author":[{"embeddable":true,"href":"https:\/\/epinut.umh.es\/en\/wp-json\/wp\/v2\/users\/6277"}],"replies":[{"embeddable":true,"href":"https:\/\/epinut.umh.es\/en\/wp-json\/wp\/v2\/comments?post=17"}],"version-history":[{"count":0,"href":"https:\/\/epinut.umh.es\/en\/wp-json\/wp\/v2\/pages\/17\/revisions"}],"wp:attachment":[{"href":"https:\/\/epinut.umh.es\/en\/wp-json\/wp\/v2\/media?parent=17"}],"curies":[{"name":"wp","href":"https:\/\/api.w.org\/{rel}","templated":true}]}}