{"id":1864,"date":"2025-01-29T16:41:19","date_gmt":"2025-01-29T16:41:19","guid":{"rendered":"https:\/\/epinut.umh.es\/?page_id=1864"},"modified":"2025-01-29T17:41:19","modified_gmt":"2025-01-29T17:41:19","slug":"transferencia","status":"publish","type":"page","link":"https:\/\/epinut.umh.es\/en\/transferencia\/","title":{"rendered":"(Espa\u00f1ol) Transferencia"},"content":{"rendered":"<p>[et_pb_section fb_built=&#8221;1&#8243; fullwidth=&#8221;on&#8221; admin_label=&#8221;Header Section&#8221; _builder_version=&#8221;4.17.4&#8243; background_color=&#8221;#dadde2&#8243; height=&#8221;350px&#8221; custom_margin=&#8221;||0px||false|false&#8221; custom_padding=&#8221;||0px||false|false&#8221; locked=&#8221;off&#8221; global_colors_info=&#8221;{}&#8221;][et_pb_fullwidth_header title=&#8221;Transferencia&#8221; subhead=&#8221;GRUPO DE EPIDEMIOLOG\u00cdA DE LA NUTRICI\u00d3N&#8221; text_orientation=&#8221;center&#8221; _builder_version=&#8221;4.17.4&#8243; title_font=&#8221;Oswald|500||on|||||&#8221; title_text_color=&#8221;rgba(0,0,0,0.13)&#8221; title_font_size=&#8221;4vw&#8221; title_letter_spacing=&#8221;10px&#8221; title_line_height=&#8221;1.4em&#8221; content_font=&#8221;||||||||&#8221; content_font_size=&#8221;19px&#8221; content_letter_spacing=&#8221;12px&#8221; subhead_font=&#8221;Oswald|||on|||||&#8221; subhead_text_color=&#8221;rgba(0,0,0,0.72)&#8221; subhead_font_size=&#8221;24px&#8221; subhead_letter_spacing=&#8221;8px&#8221; subhead_line_height=&#8221;1.4em&#8221; background_color=&#8221;rgba(255, 255, 255, 0)&#8221; background_image=&#8221;https:\/\/epinut.umh.es\/files\/2022\/07\/juice-bar-43-1.jpg&#8221; min_height=&#8221;350px&#8221; custom_padding=&#8221;||0px||false|false&#8221; animation_direction=&#8221;bottom&#8221; title_text_shadow_style=&#8221;preset1&#8243; title_text_shadow_color=&#8221;rgba(12,12,12,0.15)&#8221; subhead_text_shadow_style=&#8221;preset3&#8243; subhead_text_shadow_color=&#8221;#FFFFFF&#8221; global_colors_info=&#8221;{}&#8221; button_one_text_size__hover_enabled=&#8221;off&#8221; button_two_text_size__hover_enabled=&#8221;off&#8221; button_one_text_color__hover_enabled=&#8221;off&#8221; button_two_text_color__hover_enabled=&#8221;off&#8221; button_one_border_width__hover_enabled=&#8221;off&#8221; button_two_border_width__hover_enabled=&#8221;off&#8221; button_one_border_color__hover_enabled=&#8221;off&#8221; button_two_border_color__hover_enabled=&#8221;off&#8221; button_one_border_radius__hover_enabled=&#8221;off&#8221; button_two_border_radius__hover_enabled=&#8221;off&#8221; button_one_letter_spacing__hover_enabled=&#8221;off&#8221; button_two_letter_spacing__hover_enabled=&#8221;off&#8221; button_one_bg_color__hover_enabled=&#8221;off&#8221; button_two_bg_color__hover_enabled=&#8221;off&#8221;][\/et_pb_fullwidth_header][\/et_pb_section][et_pb_section fb_built=&#8221;1&#8243; disabled_on=&#8221;off|off|off&#8221; admin_label=&#8221;Juice Categories Section&#8221; _builder_version=&#8221;4.17.4&#8243; custom_padding=&#8221;120px|0px|120px|0px&#8221; locked=&#8221;off&#8221; global_colors_info=&#8221;{}&#8221;][et_pb_row column_structure=&#8221;1_2,1_2&#8243; admin_label=&#8221;Juice Types Row&#8221; _builder_version=&#8221;4.16&#8243; global_colors_info=&#8221;{}&#8221;][et_pb_column type=&#8221;1_2&#8243; _builder_version=&#8221;4.16&#8243; custom_padding=&#8221;|||&#8221; global_colors_info=&#8221;{}&#8221; custom_padding__hover=&#8221;|||&#8221;][et_pb_blurb title=&#8221;APP D-MediterraneApp &#8221; image=&#8221;https:\/\/epinut.umh.es\/files\/2025\/01\/pantalla-inicio-dmediterraneapp.jpg&#8221; admin_label=&#8221;Juice Type&#8221; _builder_version=&#8221;4.17.4&#8243; header_font=&#8221;Oswald|||on|||||&#8221; header_text_align=&#8221;center&#8221; header_font_size=&#8221;20px&#8221; header_letter_spacing=&#8221;2px&#8221; header_line_height=&#8221;1.4em&#8221; body_font=&#8221;Lato||||||||&#8221; body_text_align=&#8221;center&#8221; body_line_height=&#8221;1.8em&#8221; hover_enabled=&#8221;0&#8243; global_colors_info=&#8221;{}&#8221; url=&#8221;@ET-DC@eyJkeW5hbWljIjp0cnVlLCJjb250ZW50IjoicG9zdF9saW5rX3VybF9wYWdlIiwic2V0dGluZ3MiOnsicG9zdF9pZCI6Ijg2NSJ9fQ==@&#8221; _dynamic_attributes=&#8221;url&#8221; sticky_enabled=&#8221;0&#8243;]<\/p>\n<p><span><b>Dise\u00f1o y desarrollo de App.<br \/>Objetivo: <\/b>Incrementar la calidad de la dieta de la poblaci\u00f3n adulta con sobrepeso\/obesidad favoreciendo la adherencia a una dieta mediterr\u00e1nea mediante avisos m\u00f3viles y seguimiento de logros.<\/span><\/p>\n<p><span>\u00a0<\/span><\/p>\n<p>[\/et_pb_blurb][\/et_pb_column][et_pb_column type=&#8221;1_2&#8243; _builder_version=&#8221;4.16&#8243; custom_padding=&#8221;|||&#8221; global_colors_info=&#8221;{}&#8221; custom_padding__hover=&#8221;|||&#8221;][et_pb_blurb title=&#8221;Infograf\u00edas&#8221; url=&#8221;@ET-DC@eyJkeW5hbWljIjp0cnVlLCJjb250ZW50IjoicG9zdF9saW5rX3VybF9wYWdlIiwic2V0dGluZ3MiOnsicG9zdF9pZCI6IjE3MjkifX0=@&#8221; image=&#8221;https:\/\/epinut.umh.es\/files\/2025\/01\/INFOGRAFIAS.png&#8221; admin_label=&#8221;Juice Type&#8221; _builder_version=&#8221;4.17.4&#8243; _dynamic_attributes=&#8221;url&#8221; header_font=&#8221;Oswald|||on|||||&#8221; header_text_align=&#8221;center&#8221; header_font_size=&#8221;20px&#8221; header_letter_spacing=&#8221;2px&#8221; header_line_height=&#8221;1.4em&#8221; body_font=&#8221;Lato||||||||&#8221; body_text_align=&#8221;center&#8221; body_line_height=&#8221;1.8em&#8221; global_colors_info=&#8221;{}&#8221;]<\/p>\n<p><strong>Dise\u00f1o y Publicaci\u00f3n de infograf\u00edas<br \/><\/strong>En este apartado podr\u00e1s encontrar m\u00faltiples infograf\u00edas elaboradas a partir de estudios publicados por EPINUT<\/p>\n<p>[\/et_pb_blurb][\/et_pb_column][\/et_pb_row][\/et_pb_section]<\/p>\n","protected":false},"excerpt":{"rendered":"<p>Dise\u00f1o y desarrollo de App.Objetivo: Incrementar la calidad de la dieta de la poblaci\u00f3n adulta con sobrepeso\/obesidad favoreciendo la adherencia a una dieta mediterr\u00e1nea mediante avisos m\u00f3viles y seguimiento de logros. \u00a0Dise\u00f1o y Publicaci\u00f3n de infograf\u00edasEn este apartado podr\u00e1s encontrar m\u00faltiples infograf\u00edas elaboradas a partir de estudios publicados por EPINUT<\/p>\n","protected":false},"author":5969,"featured_media":0,"parent":0,"menu_order":0,"comment_status":"closed","ping_status":"closed","template":"","meta":{"_et_pb_use_builder":"on","_et_pb_old_content":"","_et_gb_content_width":"","_links_to":"","_links_to_target":""},"yoast_head":"<!-- This site is optimized with the Yoast SEO plugin v17.5 - https:\/\/yoast.com\/wordpress\/plugins\/seo\/ -->\n<title>(Espa\u00f1ol) Transferencia - Unidad de epidemiolog\u00eda de la nutrici\u00f3n<\/title>\n<meta name=\"robots\" content=\"index, follow, max-snippet:-1, max-image-preview:large, max-video-preview:-1\" \/>\n<link rel=\"canonical\" href=\"https:\/\/epinut.umh.es\/transferencia\/\" \/>\n<meta property=\"og:locale\" content=\"en_US\" \/>\n<meta property=\"og:type\" content=\"article\" \/>\n<meta property=\"og:title\" content=\"(Espa\u00f1ol) Transferencia - Unidad de epidemiolog\u00eda de la nutrici\u00f3n\" \/>\n<meta property=\"og:description\" content=\"Dise\u00f1o y desarrollo de App.Objetivo: Incrementar la calidad de la dieta de la poblaci\u00f3n adulta con sobrepeso\/obesidad favoreciendo la adherencia a una dieta mediterr\u00e1nea mediante avisos m\u00f3viles y seguimiento de logros. \u00a0Dise\u00f1o y Publicaci\u00f3n de infograf\u00edasEn este apartado podr\u00e1s encontrar m\u00faltiples infograf\u00edas elaboradas a partir de estudios publicados por EPINUT\" \/>\n<meta property=\"og:url\" content=\"https:\/\/epinut.umh.es\/transferencia\/\" \/>\n<meta property=\"og:site_name\" content=\"Unidad de epidemiolog\u00eda de la nutrici\u00f3n\" \/>\n<meta property=\"article:modified_time\" content=\"2025-01-29T17:41:19+00:00\" \/>\n<meta name=\"twitter:card\" content=\"summary\" \/>\n<meta name=\"twitter:label1\" content=\"Est. reading time\" \/>\n\t<meta name=\"twitter:data1\" content=\"3 minutes\" \/>\n<script type=\"application\/ld+json\" class=\"yoast-schema-graph\">{\"@context\":\"https:\/\/schema.org\",\"@graph\":[{\"@type\":\"WebSite\",\"@id\":\"https:\/\/epinut.umh.es\/#website\",\"url\":\"https:\/\/epinut.umh.es\/\",\"name\":\"Unidad de epidemiolog\\u00eda de la nutrici\\u00f3n\",\"description\":\"Universidad Miguel Hern\\u00e1ndez de Elche\",\"potentialAction\":[{\"@type\":\"SearchAction\",\"target\":{\"@type\":\"EntryPoint\",\"urlTemplate\":\"https:\/\/epinut.umh.es\/?s={search_term_string}\"},\"query-input\":\"required name=search_term_string\"}],\"inLanguage\":\"en-US\"},{\"@type\":\"WebPage\",\"@id\":\"https:\/\/epinut.umh.es\/transferencia\/#webpage\",\"url\":\"https:\/\/epinut.umh.es\/transferencia\/\",\"name\":\"(Espa\\u00f1ol) Transferencia - Unidad de epidemiolog\\u00eda de la nutrici\\u00f3n\",\"isPartOf\":{\"@id\":\"https:\/\/epinut.umh.es\/#website\"},\"datePublished\":\"2025-01-29T16:41:19+00:00\",\"dateModified\":\"2025-01-29T17:41:19+00:00\",\"breadcrumb\":{\"@id\":\"https:\/\/epinut.umh.es\/transferencia\/#breadcrumb\"},\"inLanguage\":\"en-US\",\"potentialAction\":[{\"@type\":\"ReadAction\",\"target\":[\"https:\/\/epinut.umh.es\/transferencia\/\"]}]},{\"@type\":\"BreadcrumbList\",\"@id\":\"https:\/\/epinut.umh.es\/transferencia\/#breadcrumb\",\"itemListElement\":[{\"@type\":\"ListItem\",\"position\":1,\"name\":\"Home\",\"item\":\"https:\/\/epinut.umh.es\/\"},{\"@type\":\"ListItem\",\"position\":2,\"name\":\"Transferencia\"}]}]}<\/script>\n<!-- \/ Yoast SEO plugin. -->","yoast_head_json":{"title":"(Espa\u00f1ol) Transferencia - Unidad de epidemiolog\u00eda de la nutrici\u00f3n","robots":{"index":"index","follow":"follow","max-snippet":"max-snippet:-1","max-image-preview":"max-image-preview:large","max-video-preview":"max-video-preview:-1"},"canonical":"https:\/\/epinut.umh.es\/transferencia\/","og_locale":"en_US","og_type":"article","og_title":"(Espa\u00f1ol) Transferencia - Unidad de epidemiolog\u00eda de la nutrici\u00f3n","og_description":"Dise\u00f1o y desarrollo de App.Objetivo: Incrementar la calidad de la dieta de la poblaci\u00f3n adulta con sobrepeso\/obesidad favoreciendo la adherencia a una dieta mediterr\u00e1nea mediante avisos m\u00f3viles y seguimiento de logros. \u00a0Dise\u00f1o y Publicaci\u00f3n de infograf\u00edasEn este apartado podr\u00e1s encontrar m\u00faltiples infograf\u00edas elaboradas a partir de estudios publicados por EPINUT","og_url":"https:\/\/epinut.umh.es\/transferencia\/","og_site_name":"Unidad de epidemiolog\u00eda de la nutrici\u00f3n","article_modified_time":"2025-01-29T17:41:19+00:00","twitter_card":"summary","twitter_misc":{"Est. reading time":"3 minutes"},"schema":{"@context":"https:\/\/schema.org","@graph":[{"@type":"WebSite","@id":"https:\/\/epinut.umh.es\/#website","url":"https:\/\/epinut.umh.es\/","name":"Unidad de epidemiolog\u00eda de la nutrici\u00f3n","description":"Universidad Miguel Hern\u00e1ndez de Elche","potentialAction":[{"@type":"SearchAction","target":{"@type":"EntryPoint","urlTemplate":"https:\/\/epinut.umh.es\/?s={search_term_string}"},"query-input":"required name=search_term_string"}],"inLanguage":"en-US"},{"@type":"WebPage","@id":"https:\/\/epinut.umh.es\/transferencia\/#webpage","url":"https:\/\/epinut.umh.es\/transferencia\/","name":"(Espa\u00f1ol) Transferencia - Unidad de epidemiolog\u00eda de la nutrici\u00f3n","isPartOf":{"@id":"https:\/\/epinut.umh.es\/#website"},"datePublished":"2025-01-29T16:41:19+00:00","dateModified":"2025-01-29T17:41:19+00:00","breadcrumb":{"@id":"https:\/\/epinut.umh.es\/transferencia\/#breadcrumb"},"inLanguage":"en-US","potentialAction":[{"@type":"ReadAction","target":["https:\/\/epinut.umh.es\/transferencia\/"]}]},{"@type":"BreadcrumbList","@id":"https:\/\/epinut.umh.es\/transferencia\/#breadcrumb","itemListElement":[{"@type":"ListItem","position":1,"name":"Home","item":"https:\/\/epinut.umh.es\/"},{"@type":"ListItem","position":2,"name":"Transferencia"}]}]}},"_links":{"self":[{"href":"https:\/\/epinut.umh.es\/en\/wp-json\/wp\/v2\/pages\/1864"}],"collection":[{"href":"https:\/\/epinut.umh.es\/en\/wp-json\/wp\/v2\/pages"}],"about":[{"href":"https:\/\/epinut.umh.es\/en\/wp-json\/wp\/v2\/types\/page"}],"author":[{"embeddable":true,"href":"https:\/\/epinut.umh.es\/en\/wp-json\/wp\/v2\/users\/5969"}],"replies":[{"embeddable":true,"href":"https:\/\/epinut.umh.es\/en\/wp-json\/wp\/v2\/comments?post=1864"}],"version-history":[{"count":0,"href":"https:\/\/epinut.umh.es\/en\/wp-json\/wp\/v2\/pages\/1864\/revisions"}],"wp:attachment":[{"href":"https:\/\/epinut.umh.es\/en\/wp-json\/wp\/v2\/media?parent=1864"}],"curies":[{"name":"wp","href":"https:\/\/api.w.org\/{rel}","templated":true}]}}