{"id":227,"date":"2014-02-12T15:37:44","date_gmt":"2014-02-12T14:37:44","guid":{"rendered":"http:\/\/bibliodieta.umh.es\/?page_id=227"},"modified":"2025-01-29T11:31:00","modified_gmt":"2025-01-29T11:31:00","slug":"divulgacion","status":"publish","type":"page","link":"https:\/\/epinut.umh.es\/en\/divulgacion\/","title":{"rendered":"Divulgation"},"content":{"rendered":"<p>[et_pb_section admin_label=&#8221;section&#8221;]<br \/>\n\t\t\t[et_pb_row admin_label=&#8221;row&#8221;]<br \/>\n\t\t\t\t[et_pb_column type=&#8221;4_4&#8243;][et_pb_text admin_label=&#8221;Text&#8221;]<\/p>\n<table border=\"5\">\n<tbody>\n<p>b:hover {<br \/>\n    color: #008080;<br \/>\n}<\/p>\n<tr>\n<td colspan=\"7\">\n<h3 style=\"text-align: left\"><strong><span style=\"color: #008080\">DISCOVER WITH THE UMH<\/span><\/strong><\/h3>\n<hr \/>\n<h3 style=\"text-align: left\"><\/h3>\n<hr \/>\n<h3 style=\"text-align: left\"><\/h3>\n<\/td>\n<\/tr>\n<tr>\n<td colspan=\"7\">Throughout this year we continue with outreach activities. We have recorded short videos about food myths for the Discover with the UMH program of UMH television. You can see the complete youtube playlist <span style=\"text-decoration: underline\"><span style=\"color: #333333;text-decoration: underline\"><a style=\"color: #333333;text-decoration: underline\" href=\"https:\/\/www.youtube.com\/playlist?list=PLWWwYhU773BaEkPAFvvkc2KCAiXjPp7yF\" target=\"_blank\" rel=\"noopener\"><b>here.<\/b><\/a><\/span><\/span><\/td>\n<\/tr>\n<tr>\n<td><img loading=\"lazy\" class=\"  wp-image-1352 alignright\" src=\"http:\/\/epinut.umh.es\/files\/2018\/07\/12443-150x150.png\" alt=\"12443\" width=\"31\" height=\"31\" srcset=\"https:\/\/epinut.umh.es\/files\/2018\/07\/12443-150x150.png 150w, https:\/\/epinut.umh.es\/files\/2018\/07\/12443-300x300.png 300w, https:\/\/epinut.umh.es\/files\/2018\/07\/12443.png 512w\" sizes=\"(max-width: 31px) 100vw, 31px\" \/><\/td>\n<td style=\"text-align: left\" colspan=\"6\"><span style=\"color: #000000\"><a style=\"color: #000000\" href=\"https:\/\/youtu.be\/qr3GXycXbLg\"><b>Do nuts and olive oil get fat?<\/b><\/a><\/span><\/td>\n<\/tr>\n<tr>\n<td><span style=\"color: #000000\"><img loading=\"lazy\" class=\"  wp-image-1352 alignright\" src=\"http:\/\/epinut.umh.es\/files\/2018\/07\/12443-150x150.png\" alt=\"12443\" width=\"31\" height=\"31\" srcset=\"https:\/\/epinut.umh.es\/files\/2018\/07\/12443-150x150.png 150w, https:\/\/epinut.umh.es\/files\/2018\/07\/12443-300x300.png 300w, https:\/\/epinut.umh.es\/files\/2018\/07\/12443.png 512w\" sizes=\"(max-width: 31px) 100vw, 31px\" \/><\/span><\/td>\n<td colspan=\"6\"><span style=\"color: #000000\"><a style=\"color: #000000\" href=\"https:\/\/youtu.be\/5Rq8g-Nit50\"><b>Is it healthy to eat fruit after meals?<\/b><\/a><\/span><\/td>\n<\/tr>\n<tr>\n<td><span style=\"color: #000000\"><img loading=\"lazy\" class=\"  wp-image-1352 alignright\" src=\"http:\/\/epinut.umh.es\/files\/2018\/07\/12443-150x150.png\" alt=\"12443\" width=\"31\" height=\"31\" srcset=\"https:\/\/epinut.umh.es\/files\/2018\/07\/12443-150x150.png 150w, https:\/\/epinut.umh.es\/files\/2018\/07\/12443-300x300.png 300w, https:\/\/epinut.umh.es\/files\/2018\/07\/12443.png 512w\" sizes=\"(max-width: 31px) 100vw, 31px\" \/><\/span><\/td>\n<td colspan=\"6\"><span style=\"color: #000000\"><a style=\"color: #000000\" href=\"https:\/\/youtu.be\/yLljOmgoSdY\"><b>Does eating eggs increase cholesterol?<\/b><\/a><\/span><\/td>\n<\/tr>\n<tr>\n<td><span style=\"color: #000000\"><img loading=\"lazy\" class=\"  wp-image-1352 alignright\" src=\"http:\/\/epinut.umh.es\/files\/2018\/07\/12443-150x150.png\" alt=\"12443\" width=\"31\" height=\"31\" srcset=\"https:\/\/epinut.umh.es\/files\/2018\/07\/12443-150x150.png 150w, https:\/\/epinut.umh.es\/files\/2018\/07\/12443-300x300.png 300w, https:\/\/epinut.umh.es\/files\/2018\/07\/12443.png 512w\" sizes=\"(max-width: 31px) 100vw, 31px\" \/><\/span><\/td>\n<td colspan=\"6\"><span style=\"color: #000000\"><a style=\"color: #000000\" href=\"https:\/\/youtu.be\/yO35W-DGcPY\"><b>Does fish feed less than meat?<\/b><\/a><\/span><\/td>\n<\/tr>\n<tr>\n<td colspan=\"7\">\n<h3><strong><span style=\"color: #008080\">Online SEMINARS<\/span><\/strong><\/h3>\n<hr \/>\n<h3><\/h3>\n<hr \/>\n<h3><\/h3>\n<\/td>\n<\/tr>\n<tr>\n<td colspan=\"7\">\u00a0The complete list of videos can be found <span style=\"text-decoration: underline\"><span style=\"color: #333333;text-decoration: underline\"><a style=\"color: #333333;text-decoration: underline\" href=\"https:\/\/www.youtube.com\/playlist?list=PLWWwYhU773BYjcTemk1oUjeaUJFiRP3vR\" target=\"_blank\" rel=\"noopener\"><b>here<\/b><\/a>.<\/span><\/span><\/td>\n<\/tr>\n<tr>\n<td><img loading=\"lazy\" class=\"  wp-image-1354 alignright\" src=\"http:\/\/epinut.umh.es\/files\/2018\/07\/images-150x150.png\" alt=\"images\" width=\"36\" height=\"36\" srcset=\"https:\/\/epinut.umh.es\/files\/2018\/07\/images-150x150.png 150w, https:\/\/epinut.umh.es\/files\/2018\/07\/images.png 200w\" sizes=\"(max-width: 36px) 100vw, 36px\" \/><\/td>\n<td colspan=\"6\"><span style=\"color: #000000\"><a style=\"color: #000000\" href=\"https:\/\/youtu.be\/SAxEDp_6R3U?list=PLWWwYhU773BYjcTemk1oUjeaUJFiRP3vR\"><b>Mediterranean diet and cardiovascular prevention.<\/b><\/a><\/span><\/td>\n<\/tr>\n<tr>\n<td><span style=\"color: #000000\"><img loading=\"lazy\" class=\"  wp-image-1354 alignright\" src=\"http:\/\/epinut.umh.es\/files\/2018\/07\/images-150x150.png\" alt=\"images\" width=\"36\" height=\"36\" srcset=\"https:\/\/epinut.umh.es\/files\/2018\/07\/images-150x150.png 150w, https:\/\/epinut.umh.es\/files\/2018\/07\/images.png 200w\" sizes=\"(max-width: 36px) 100vw, 36px\" \/><\/span><\/td>\n<td colspan=\"6\"><span style=\"color: #000000\"><a style=\"color: #000000\" href=\"https:\/\/youtu.be\/AtJ844kIczE?list=PLWWwYhU773BYjcTemk1oUjeaUJFiRP3vR\"><b>Healthy lifestyles, cancer prevention and survival after suffering from cancer: contributions from the EPIC cohort study.<\/b><\/a><\/span><\/td>\n<\/tr>\n<tr>\n<td><span style=\"color: #000000\"><img loading=\"lazy\" class=\"  wp-image-1354 alignright\" src=\"http:\/\/epinut.umh.es\/files\/2018\/07\/images-150x150.png\" alt=\"images\" width=\"36\" height=\"36\" srcset=\"https:\/\/epinut.umh.es\/files\/2018\/07\/images-150x150.png 150w, https:\/\/epinut.umh.es\/files\/2018\/07\/images.png 200w\" sizes=\"(max-width: 36px) 100vw, 36px\" \/><\/span><\/td>\n<td colspan=\"6\"><span style=\"color: #000000\"><a style=\"color: #000000\" href=\"https:\/\/youtu.be\/GMRIYjRh3Qg?list=PLWWwYhU773BYjcTemk1oUjeaUJFiRP3vR\"><b>The establishment of dietary habits in children and their influence on obesity.<\/b><\/a><\/span><\/td>\n<\/tr>\n<tr>\n<td><span style=\"color: #000000\"><img loading=\"lazy\" class=\"  wp-image-1354 alignright\" src=\"http:\/\/epinut.umh.es\/files\/2018\/07\/images-150x150.png\" alt=\"images\" width=\"36\" height=\"36\" srcset=\"https:\/\/epinut.umh.es\/files\/2018\/07\/images-150x150.png 150w, https:\/\/epinut.umh.es\/files\/2018\/07\/images.png 200w\" sizes=\"(max-width: 36px) 100vw, 36px\" \/><\/span><\/td>\n<td colspan=\"6\"><span style=\"color: #000000\"><a style=\"color: #000000\" href=\"https:\/\/youtu.be\/o0QROodgvd0?list=PLClKgnzRFYe5r3SWin9ujZi1Q1HxR9Yiv\"><b>Alternatives for the calculation of dietary patterns in Nutritional Epidemiology.<\/b><\/a><\/span><\/td>\n<\/tr>\n<tr>\n<td><img loading=\"lazy\" class=\"  wp-image-1354 alignright\" src=\"http:\/\/epinut.umh.es\/files\/2018\/07\/images-150x150.png\" alt=\"images\" width=\"36\" height=\"36\" srcset=\"https:\/\/epinut.umh.es\/files\/2018\/07\/images-150x150.png 150w, https:\/\/epinut.umh.es\/files\/2018\/07\/images.png 200w\" sizes=\"(max-width: 36px) 100vw, 36px\" \/><\/td>\n<td colspan=\"6\"><span style=\"color: #333333\"><a style=\"color: #333333\" href=\"https:\/\/www.youtube.com\/watch?v=Kq3m9N-LpC8&amp;list=PLClKgnzRFYe7gzeivFWMnJwvK59yO8hlk&amp;index=5\"><b>Diet and association with risk of pancreatic cancer: a controversial relationship<\/b><\/a>.<\/span><\/td>\n<\/tr>\n<tr>\n<td><span style=\"color: #333333\"><img loading=\"lazy\" class=\"  wp-image-1354 alignright\" src=\"http:\/\/epinut.umh.es\/files\/2018\/07\/images-150x150.png\" alt=\"images\" width=\"36\" height=\"36\" srcset=\"https:\/\/epinut.umh.es\/files\/2018\/07\/images-150x150.png 150w, https:\/\/epinut.umh.es\/files\/2018\/07\/images.png 200w\" sizes=\"(max-width: 36px) 100vw, 36px\" \/><\/span><\/td>\n<td colspan=\"6\"><span style=\"color: #333333\"><a style=\"color: #333333\" href=\"https:\/\/www.youtube.com\/watch?v=jZSX_E70aOE&amp;list=PLClKgnzRFYe7gzeivFWMnJwvK59yO8hlk&amp;index=38\"><b>Dietary intake of folate and the use of high doses of folic acid during pregnancy and its effects<\/b><\/a>.<\/span><\/td>\n<\/tr>\n<tr>\n<td><span style=\"color: #333333\"><img loading=\"lazy\" class=\"  wp-image-1354 alignright\" src=\"http:\/\/epinut.umh.es\/files\/2018\/07\/images-150x150.png\" alt=\"images\" width=\"36\" height=\"36\" srcset=\"https:\/\/epinut.umh.es\/files\/2018\/07\/images-150x150.png 150w, https:\/\/epinut.umh.es\/files\/2018\/07\/images.png 200w\" sizes=\"(max-width: 36px) 100vw, 36px\" \/><\/span><\/td>\n<td colspan=\"6\"><span style=\"color: #333333\"><a style=\"color: #333333\" href=\"https:\/\/www.youtube.com\/watch?v=u7IdxuCb3eE&amp;index=19&amp;list=PLClKgnzRFYe73QfhdyjSbPEvuTDb2SSOb\"><b>Nutrition Epidemiology.<\/b><\/a><\/span><\/td>\n<\/tr>\n<tr>\n<td><span style=\"color: #333333\"><img loading=\"lazy\" class=\"  wp-image-1354 alignright\" src=\"http:\/\/epinut.umh.es\/files\/2018\/07\/images-150x150.png\" alt=\"images\" width=\"36\" height=\"36\" srcset=\"https:\/\/epinut.umh.es\/files\/2018\/07\/images-150x150.png 150w, https:\/\/epinut.umh.es\/files\/2018\/07\/images.png 200w\" sizes=\"(max-width: 36px) 100vw, 36px\" \/><\/span><\/td>\n<td colspan=\"6\"><span style=\"color: #333333\"><a style=\"color: #333333\" href=\"https:\/\/www.youtube.com\/watch?v=vk12c3hL97U&amp;list=PLClKgnzRFYe73QfhdyjSbPEvuTDb2SSOb&amp;index=38\"><b>The inflammatory capacity of the diet and its relationship with some chronic diseases<\/b><\/a>.<\/span><\/td>\n<\/tr>\n<tr>\n<td colspan=\"7\">\n<h3><strong><span style=\"color: #008080\">UMH RADIO <\/span><\/strong><\/h3>\n<hr \/>\n<h3><\/h3>\n<hr \/>\n<h3><\/h3>\n<\/td>\n<\/tr>\n<tr>\n<td><img loading=\"lazy\" class=\"  wp-image-1353 alignright\" src=\"http:\/\/epinut.umh.es\/files\/2018\/07\/78471-150x150.png\" alt=\"78471\" width=\"33\" height=\"33\" srcset=\"https:\/\/epinut.umh.es\/files\/2018\/07\/78471-150x150.png 150w, https:\/\/epinut.umh.es\/files\/2018\/07\/78471-300x300.png 300w, https:\/\/epinut.umh.es\/files\/2018\/07\/78471.png 512w\" sizes=\"(max-width: 33px) 100vw, 33px\" \/><\/td>\n<td colspan=\"6\"><span style=\"color: #000000\"><a style=\"color: #000000\" href=\"http:\/\/epinut.umh.es\/2014\/02\/25\/programa-de-radio-a-tu-salud\/\"><b>To your health: radio program.<\/b><\/a><\/span><\/td>\n<\/tr>\n<tr>\n<td colspan=\"7\">\n<h3><strong><span style=\"color: #008080\">JOURNEYS<\/span><\/strong><\/h3>\n<hr \/>\n<h3><\/h3>\n<hr \/>\n<h3><\/h3>\n<\/td>\n<\/tr>\n<tr>\n<td><img loading=\"lazy\" class=\"  wp-image-1357 alignright\" src=\"http:\/\/epinut.umh.es\/files\/2018\/07\/32441-150x150.png\" alt=\"32441\" width=\"33\" height=\"33\" srcset=\"https:\/\/epinut.umh.es\/files\/2018\/07\/32441-150x150.png 150w, https:\/\/epinut.umh.es\/files\/2018\/07\/32441-300x300.png 300w, https:\/\/epinut.umh.es\/files\/2018\/07\/32441.png 512w\" sizes=\"(max-width: 33px) 100vw, 33px\" \/><\/td>\n<td colspan=\"6\"><span style=\"color: #000000\"><a style=\"color: #000000\" href=\"http:\/\/epinut.umh.es\/2014\/11\/15\/jornada-umh-saludable\/\"><b>Healthy UMH journeys.<\/b><\/a><\/span><\/td>\n<\/tr>\n<\/tbody>\n<\/table>\n<p>[\/et_pb_text][\/et_pb_column]<br \/>\n\t\t\t[\/et_pb_row]<br \/>\n\t\t[\/et_pb_section]<\/p>","protected":false},"excerpt":{"rendered":"<p>b:hover { color: #008080; } DISCOVER WITH THE UMH Throughout this year we continue with outreach activities. We have recorded short videos about food myths for the Discover with the UMH program of UMH television. You can see the complete youtube playlist here. Do nuts and olive oil get fat? Is it healthy to eat [&hellip;]<\/p>\n","protected":false},"author":162,"featured_media":0,"parent":0,"menu_order":0,"comment_status":"closed","ping_status":"open","template":"","meta":{"_et_pb_use_builder":"on","_et_pb_old_content":"<table border=\"5\">\r\n<tbody>\r\n<style>\r\nb:hover {\r\n    color: #008080;\r\n}\r\n<\/style>\r\n\r\n<tr>\r\n<td colspan=\"7\">\r\n<h3 style=\"text-align: left;\"><strong><span style=\"color: #008080;\">DISCOVER WITH THE UMH<\/span><\/strong><\/h3>\r\n\r\n<hr \/>\r\n\r\n<h3 style=\"text-align: left;\"><\/h3>\r\n\r\n<hr \/>\r\n\r\n<h3 style=\"text-align: left;\"><\/h3>\r\n<\/td>\r\n<\/tr>\r\n<tr>\r\n<td colspan=\"7\">Throughout this year we continue with outreach activities. We have recorded short videos about food myths for the Discover with the UMH program of UMH television. You can see the complete youtube playlist <span style=\"text-decoration: underline;\"><span style=\"color: #333333; text-decoration: underline;\"><a style=\"color: #333333; text-decoration: underline;\" href=\"https:\/\/www.youtube.com\/playlist?list=PLWWwYhU773BaEkPAFvvkc2KCAiXjPp7yF\" target=\"_blank\"><b>here.<\/b><\/a><\/span><\/span><\/td>\r\n<\/tr>\r\n<tr>\r\n<td><img class=\"  wp-image-1352 alignright\" src=\"http:\/\/epinut.umh.es\/files\/2018\/07\/12443-150x150.png\" alt=\"12443\" width=\"31\" height=\"31\" \/><\/td>\r\n<td style=\"text-align: left;\" colspan=\"6\"><span style=\"color: #000000;\"><a style=\"color: #000000;\" href=\"https:\/\/youtu.be\/qr3GXycXbLg\"><b>Do nuts and olive oil get fat?<\/b><\/a><\/span><\/td>\r\n<\/tr>\r\n<tr>\r\n<td><span style=\"color: #000000;\"><img class=\"  wp-image-1352 alignright\" src=\"http:\/\/epinut.umh.es\/files\/2018\/07\/12443-150x150.png\" alt=\"12443\" width=\"31\" height=\"31\" \/><\/span><\/td>\r\n<td colspan=\"6\"><span style=\"color: #000000;\"><a style=\"color: #000000;\" href=\"https:\/\/youtu.be\/5Rq8g-Nit50\"><b>Is it healthy to eat fruit after meals?<\/b><\/a><\/span><\/td>\r\n<\/tr>\r\n<tr>\r\n<td><span style=\"color: #000000;\"><img class=\"  wp-image-1352 alignright\" src=\"http:\/\/epinut.umh.es\/files\/2018\/07\/12443-150x150.png\" alt=\"12443\" width=\"31\" height=\"31\" \/><\/span><\/td>\r\n<td colspan=\"6\"><span style=\"color: #000000;\"><a style=\"color: #000000;\" href=\"https:\/\/youtu.be\/yLljOmgoSdY\"><b>Does eating eggs increase cholesterol?<\/b><\/a><\/span><\/td>\r\n<\/tr>\r\n<tr>\r\n<td><span style=\"color: #000000;\"><img class=\"  wp-image-1352 alignright\" src=\"http:\/\/epinut.umh.es\/files\/2018\/07\/12443-150x150.png\" alt=\"12443\" width=\"31\" height=\"31\" \/><\/span><\/td>\r\n<td colspan=\"6\"><span style=\"color: #000000;\"><a style=\"color: #000000;\" href=\"https:\/\/youtu.be\/yO35W-DGcPY\"><b>Does fish feed less than meat?<\/b><\/a><\/span><\/td>\r\n<\/tr>\r\n<tr>\r\n<td colspan=\"7\">\r\n<h3><strong><span style=\"color: #008080;\">Online SEMINARS<\/span><\/strong><\/h3>\r\n\r\n<hr \/>\r\n\r\n<h3><\/h3>\r\n\r\n<hr \/>\r\n\r\n<h3><\/h3>\r\n<\/td>\r\n<\/tr>\r\n<tr>\r\n<td colspan=\"7\">\u00a0The complete list of videos can be found <span style=\"text-decoration: underline;\"><span style=\"color: #333333; text-decoration: underline;\"><a style=\"color: #333333; text-decoration: underline;\" href=\"https:\/\/www.youtube.com\/playlist?list=PLWWwYhU773BYjcTemk1oUjeaUJFiRP3vR\" target=\"_blank\"><b>here<\/b><\/a>.<\/span><\/span><\/td>\r\n<\/tr>\r\n<tr>\r\n<td><img class=\"  wp-image-1354 alignright\" src=\"http:\/\/epinut.umh.es\/files\/2018\/07\/images-150x150.png\" alt=\"images\" width=\"36\" height=\"36\" \/><\/td>\r\n<td colspan=\"6\"><span style=\"color: #000000;\"><a style=\"color: #000000;\" href=\"https:\/\/youtu.be\/SAxEDp_6R3U?list=PLWWwYhU773BYjcTemk1oUjeaUJFiRP3vR\"><b>Mediterranean diet and cardiovascular prevention.<\/b><\/a><\/span><\/td>\r\n<\/tr>\r\n<tr>\r\n<td><span style=\"color: #000000;\"><img class=\"  wp-image-1354 alignright\" src=\"http:\/\/epinut.umh.es\/files\/2018\/07\/images-150x150.png\" alt=\"images\" width=\"36\" height=\"36\" \/><\/span><\/td>\r\n<td colspan=\"6\"><span style=\"color: #000000;\"><a style=\"color: #000000;\" href=\"https:\/\/youtu.be\/AtJ844kIczE?list=PLWWwYhU773BYjcTemk1oUjeaUJFiRP3vR\"><b>Healthy lifestyles, cancer prevention and survival after suffering from cancer: contributions from the EPIC cohort study.<\/b><\/a><\/span><\/td>\r\n<\/tr>\r\n<tr>\r\n<td><span style=\"color: #000000;\"><img class=\"  wp-image-1354 alignright\" src=\"http:\/\/epinut.umh.es\/files\/2018\/07\/images-150x150.png\" alt=\"images\" width=\"36\" height=\"36\" \/><\/span><\/td>\r\n<td colspan=\"6\"><span style=\"color: #000000;\"><a style=\"color: #000000;\" href=\"https:\/\/youtu.be\/GMRIYjRh3Qg?list=PLWWwYhU773BYjcTemk1oUjeaUJFiRP3vR\"><b>The establishment of dietary habits in children and their influence on obesity.<\/b><\/a><\/span><\/td>\r\n<\/tr>\r\n<tr>\r\n<td><span style=\"color: #000000;\"><img class=\"  wp-image-1354 alignright\" src=\"http:\/\/epinut.umh.es\/files\/2018\/07\/images-150x150.png\" alt=\"images\" width=\"36\" height=\"36\" \/><\/span><\/td>\r\n<td colspan=\"6\"><span style=\"color: #000000;\"><a style=\"color: #000000;\" href=\"https:\/\/youtu.be\/o0QROodgvd0?list=PLClKgnzRFYe5r3SWin9ujZi1Q1HxR9Yiv\"><b>Alternatives for the calculation of dietary patterns in Nutritional Epidemiology.<\/b><\/a><\/span><\/td>\r\n<\/tr>\r\n<tr>\r\n<td><img class=\"  wp-image-1354 alignright\" src=\"http:\/\/epinut.umh.es\/files\/2018\/07\/images-150x150.png\" alt=\"images\" width=\"36\" height=\"36\" \/><\/td>\r\n<td colspan=\"6\"><span style=\"color: #333333;\"><a style=\"color: #333333;\" href=\"https:\/\/www.youtube.com\/watch?v=Kq3m9N-LpC8&amp;list=PLClKgnzRFYe7gzeivFWMnJwvK59yO8hlk&amp;index=5\"><b>Diet and association with risk of pancreatic cancer: a controversial relationship<\/b><\/a>.<\/span><\/td>\r\n<\/tr>\r\n<tr>\r\n<td><span style=\"color: #333333;\"><img class=\"  wp-image-1354 alignright\" src=\"http:\/\/epinut.umh.es\/files\/2018\/07\/images-150x150.png\" alt=\"images\" width=\"36\" height=\"36\" \/><\/span><\/td>\r\n<td colspan=\"6\"><span style=\"color: #333333;\"><a style=\"color: #333333;\" href=\"https:\/\/www.youtube.com\/watch?v=jZSX_E70aOE&amp;list=PLClKgnzRFYe7gzeivFWMnJwvK59yO8hlk&amp;index=38\"><b>Dietary intake of folate and the use of high doses of folic acid during pregnancy and its effects<\/b><\/a>.<\/span><\/td>\r\n<\/tr>\r\n<tr>\r\n<td><span style=\"color: #333333;\"><img class=\"  wp-image-1354 alignright\" src=\"http:\/\/epinut.umh.es\/files\/2018\/07\/images-150x150.png\" alt=\"images\" width=\"36\" height=\"36\" \/><\/span><\/td>\r\n<td colspan=\"6\"><span style=\"color: #333333;\"><a style=\"color: #333333;\" href=\"https:\/\/www.youtube.com\/watch?v=u7IdxuCb3eE&amp;index=19&amp;list=PLClKgnzRFYe73QfhdyjSbPEvuTDb2SSOb\"><b>Nutrition Epidemiology.<\/b><\/a><\/span><\/td>\r\n<\/tr>\r\n<tr>\r\n<td><span style=\"color: #333333;\"><img class=\"  wp-image-1354 alignright\" src=\"http:\/\/epinut.umh.es\/files\/2018\/07\/images-150x150.png\" alt=\"images\" width=\"36\" height=\"36\" \/><\/span><\/td>\r\n<td colspan=\"6\"><span style=\"color: #333333;\"><a style=\"color: #333333;\" href=\"https:\/\/www.youtube.com\/watch?v=vk12c3hL97U&amp;list=PLClKgnzRFYe73QfhdyjSbPEvuTDb2SSOb&amp;index=38\"><b>The inflammatory capacity of the diet and its relationship with some chronic diseases<\/b><\/a>.<\/span><\/td>\r\n<\/tr>\r\n<tr>\r\n<td colspan=\"7\">\r\n<h3><strong><span style=\"color: #008080;\">UMH RADIO <\/span><\/strong><\/h3>\r\n\r\n<hr \/>\r\n\r\n<h3><\/h3>\r\n\r\n<hr \/>\r\n\r\n<h3><\/h3>\r\n<\/td>\r\n<\/tr>\r\n<tr>\r\n<td><img class=\"  wp-image-1353 alignright\" src=\"http:\/\/epinut.umh.es\/files\/2018\/07\/78471-150x150.png\" alt=\"78471\" width=\"33\" height=\"33\" \/><\/td>\r\n<td colspan=\"6\"><span style=\"color: #000000;\"><a style=\"color: #000000;\" href=\"http:\/\/epinut.umh.es\/2014\/02\/25\/programa-de-radio-a-tu-salud\/\"><b>To your health: radio program.<\/b><\/a><\/span><\/td>\r\n<\/tr>\r\n<tr>\r\n<td colspan=\"7\">\r\n<h3><strong><span style=\"color: #008080;\">JOURNEYS<\/span><\/strong><\/h3>\r\n\r\n<hr \/>\r\n\r\n<h3><\/h3>\r\n\r\n<hr \/>\r\n\r\n<h3><\/h3>\r\n<\/td>\r\n<\/tr>\r\n<tr>\r\n<td><img class=\"  wp-image-1357 alignright\" src=\"http:\/\/epinut.umh.es\/files\/2018\/07\/32441-150x150.png\" alt=\"32441\" width=\"33\" height=\"33\" \/><\/td>\r\n<td colspan=\"6\"><span style=\"color: #000000;\"><a style=\"color: #000000;\" href=\"http:\/\/epinut.umh.es\/2014\/11\/15\/jornada-umh-saludable\/\"><b>Healthy UMH journeys.<\/b><\/a><\/span><\/td>\r\n<\/tr>\r\n<\/tbody>\r\n<\/table>","_et_gb_content_width":"","_links_to":"","_links_to_target":""},"yoast_head":"<!-- This site is optimized with the Yoast SEO plugin v17.5 - https:\/\/yoast.com\/wordpress\/plugins\/seo\/ -->\n<title>Divulgation - Unidad de epidemiolog\u00eda de la nutrici\u00f3n<\/title>\n<meta name=\"robots\" content=\"index, follow, max-snippet:-1, max-image-preview:large, max-video-preview:-1\" \/>\n<link rel=\"canonical\" href=\"https:\/\/epinut.umh.es\/divulgacion\/\" \/>\n<meta property=\"og:locale\" content=\"en_US\" \/>\n<meta property=\"og:type\" content=\"article\" \/>\n<meta property=\"og:title\" content=\"Divulgation - Unidad de epidemiolog\u00eda de la nutrici\u00f3n\" \/>\n<meta property=\"og:description\" content=\"b:hover { color: #008080; } DISCOVER WITH THE UMH Throughout this year we continue with outreach activities. We have recorded short videos about food myths for the Discover with the UMH program of UMH television. You can see the complete youtube playlist here. Do nuts and olive oil get fat? Is it healthy to eat [&hellip;]\" \/>\n<meta property=\"og:url\" content=\"https:\/\/epinut.umh.es\/divulgacion\/\" \/>\n<meta property=\"og:site_name\" content=\"Unidad de epidemiolog\u00eda de la nutrici\u00f3n\" \/>\n<meta property=\"article:modified_time\" content=\"2025-01-29T11:31:00+00:00\" \/>\n<meta property=\"og:image\" content=\"http:\/\/epinut.umh.es\/files\/2018\/07\/12443-150x150.png\" \/>\n<meta name=\"twitter:card\" content=\"summary\" \/>\n<meta name=\"twitter:label1\" content=\"Est. reading time\" \/>\n\t<meta name=\"twitter:data1\" content=\"2 minutes\" \/>\n<script type=\"application\/ld+json\" class=\"yoast-schema-graph\">{\"@context\":\"https:\/\/schema.org\",\"@graph\":[{\"@type\":\"WebSite\",\"@id\":\"https:\/\/epinut.umh.es\/#website\",\"url\":\"https:\/\/epinut.umh.es\/\",\"name\":\"Unidad de epidemiolog\\u00eda de la nutrici\\u00f3n\",\"description\":\"Universidad Miguel Hern\\u00e1ndez de Elche\",\"potentialAction\":[{\"@type\":\"SearchAction\",\"target\":{\"@type\":\"EntryPoint\",\"urlTemplate\":\"https:\/\/epinut.umh.es\/?s={search_term_string}\"},\"query-input\":\"required name=search_term_string\"}],\"inLanguage\":\"en-US\"},{\"@type\":\"ImageObject\",\"@id\":\"https:\/\/epinut.umh.es\/divulgacion\/#primaryimage\",\"inLanguage\":\"en-US\",\"url\":\"http:\/\/epinut.umh.es\/files\/2018\/07\/12443-150x150.png\",\"contentUrl\":\"http:\/\/epinut.umh.es\/files\/2018\/07\/12443-150x150.png\"},{\"@type\":\"WebPage\",\"@id\":\"https:\/\/epinut.umh.es\/divulgacion\/#webpage\",\"url\":\"https:\/\/epinut.umh.es\/divulgacion\/\",\"name\":\"Divulgation - Unidad de epidemiolog\\u00eda de la nutrici\\u00f3n\",\"isPartOf\":{\"@id\":\"https:\/\/epinut.umh.es\/#website\"},\"primaryImageOfPage\":{\"@id\":\"https:\/\/epinut.umh.es\/divulgacion\/#primaryimage\"},\"datePublished\":\"2014-02-12T14:37:44+00:00\",\"dateModified\":\"2025-01-29T11:31:00+00:00\",\"breadcrumb\":{\"@id\":\"https:\/\/epinut.umh.es\/divulgacion\/#breadcrumb\"},\"inLanguage\":\"en-US\",\"potentialAction\":[{\"@type\":\"ReadAction\",\"target\":[\"https:\/\/epinut.umh.es\/divulgacion\/\"]}]},{\"@type\":\"BreadcrumbList\",\"@id\":\"https:\/\/epinut.umh.es\/divulgacion\/#breadcrumb\",\"itemListElement\":[{\"@type\":\"ListItem\",\"position\":1,\"name\":\"Home\",\"item\":\"https:\/\/epinut.umh.es\/\"},{\"@type\":\"ListItem\",\"position\":2,\"name\":\"Divulgaci\\u00f3n\"}]}]}<\/script>\n<!-- \/ Yoast SEO plugin. -->","yoast_head_json":{"title":"Divulgation - Unidad de epidemiolog\u00eda de la nutrici\u00f3n","robots":{"index":"index","follow":"follow","max-snippet":"max-snippet:-1","max-image-preview":"max-image-preview:large","max-video-preview":"max-video-preview:-1"},"canonical":"https:\/\/epinut.umh.es\/divulgacion\/","og_locale":"en_US","og_type":"article","og_title":"Divulgation - Unidad de epidemiolog\u00eda de la nutrici\u00f3n","og_description":"b:hover { color: #008080; } DISCOVER WITH THE UMH Throughout this year we continue with outreach activities. We have recorded short videos about food myths for the Discover with the UMH program of UMH television. You can see the complete youtube playlist here. Do nuts and olive oil get fat? Is it healthy to eat [&hellip;]","og_url":"https:\/\/epinut.umh.es\/divulgacion\/","og_site_name":"Unidad de epidemiolog\u00eda de la nutrici\u00f3n","article_modified_time":"2025-01-29T11:31:00+00:00","og_image":[{"url":"http:\/\/epinut.umh.es\/files\/2018\/07\/12443-150x150.png"}],"twitter_card":"summary","twitter_misc":{"Est. reading time":"2 minutes"},"schema":{"@context":"https:\/\/schema.org","@graph":[{"@type":"WebSite","@id":"https:\/\/epinut.umh.es\/#website","url":"https:\/\/epinut.umh.es\/","name":"Unidad de epidemiolog\u00eda de la nutrici\u00f3n","description":"Universidad Miguel Hern\u00e1ndez de Elche","potentialAction":[{"@type":"SearchAction","target":{"@type":"EntryPoint","urlTemplate":"https:\/\/epinut.umh.es\/?s={search_term_string}"},"query-input":"required name=search_term_string"}],"inLanguage":"en-US"},{"@type":"ImageObject","@id":"https:\/\/epinut.umh.es\/divulgacion\/#primaryimage","inLanguage":"en-US","url":"http:\/\/epinut.umh.es\/files\/2018\/07\/12443-150x150.png","contentUrl":"http:\/\/epinut.umh.es\/files\/2018\/07\/12443-150x150.png"},{"@type":"WebPage","@id":"https:\/\/epinut.umh.es\/divulgacion\/#webpage","url":"https:\/\/epinut.umh.es\/divulgacion\/","name":"Divulgation - Unidad de epidemiolog\u00eda de la nutrici\u00f3n","isPartOf":{"@id":"https:\/\/epinut.umh.es\/#website"},"primaryImageOfPage":{"@id":"https:\/\/epinut.umh.es\/divulgacion\/#primaryimage"},"datePublished":"2014-02-12T14:37:44+00:00","dateModified":"2025-01-29T11:31:00+00:00","breadcrumb":{"@id":"https:\/\/epinut.umh.es\/divulgacion\/#breadcrumb"},"inLanguage":"en-US","potentialAction":[{"@type":"ReadAction","target":["https:\/\/epinut.umh.es\/divulgacion\/"]}]},{"@type":"BreadcrumbList","@id":"https:\/\/epinut.umh.es\/divulgacion\/#breadcrumb","itemListElement":[{"@type":"ListItem","position":1,"name":"Home","item":"https:\/\/epinut.umh.es\/"},{"@type":"ListItem","position":2,"name":"Divulgaci\u00f3n"}]}]}},"_links":{"self":[{"href":"https:\/\/epinut.umh.es\/en\/wp-json\/wp\/v2\/pages\/227"}],"collection":[{"href":"https:\/\/epinut.umh.es\/en\/wp-json\/wp\/v2\/pages"}],"about":[{"href":"https:\/\/epinut.umh.es\/en\/wp-json\/wp\/v2\/types\/page"}],"author":[{"embeddable":true,"href":"https:\/\/epinut.umh.es\/en\/wp-json\/wp\/v2\/users\/162"}],"replies":[{"embeddable":true,"href":"https:\/\/epinut.umh.es\/en\/wp-json\/wp\/v2\/comments?post=227"}],"version-history":[{"count":0,"href":"https:\/\/epinut.umh.es\/en\/wp-json\/wp\/v2\/pages\/227\/revisions"}],"wp:attachment":[{"href":"https:\/\/epinut.umh.es\/en\/wp-json\/wp\/v2\/media?parent=227"}],"curies":[{"name":"wp","href":"https:\/\/api.w.org\/{rel}","templated":true}]}}