{"id":247,"date":"2014-06-19T10:03:32","date_gmt":"2014-06-19T10:03:32","guid":{"rendered":"http:\/\/bibliodieta.umh.es\/?page_id=247"},"modified":"2026-02-09T12:28:53","modified_gmt":"2026-02-09T12:28:53","slug":"estudio-disa-umh-comunicaciones-en-congresos-cientificos","status":"publish","type":"page","link":"https:\/\/epinut.umh.es\/en\/proyectos-y-estudios\/estudio-disa-umh-comunicaciones-en-congresos-cientificos\/","title":{"rendered":"Study DiSA-UMH: Communications to scientific congresses"},"content":{"rendered":"<p><\/p>\n<h3><strong><span style=\"color: #008080\">2010<\/span><\/strong><\/h3>\n<hr \/>\n<p>1. D. Gimenez, EM Navarrete-Mu\u00f1oz, N. Galiana, M Garc\u00eda de la Hera, J. Vioque. <strong>Validez y reproducibilidad de un minicuestionario de Frecuencia alimentaria para evaluar dieta en poblaci\u00f3n adulta<\/strong>.&#8221;XXVIII Reuni\u00f3n cient\u00edfica anual de la Sociedad Espa\u00f1ola de Epidemiolog\u00eda&#8221;. Valencia. Octubre 2010. Gaceta Sanitaria, 2010;24 Especial Congreso.<\/p>\n<hr \/>\n<p>2. EM Navarrete-Mu\u00f1oz, N Galiana, D Gimenez, M Garc\u00eda de la Hera, J Vioque. <strong>Patrones de Dieta y estilos de vida en una poblaci\u00f3n adulta joven.<\/strong> XXVIII Reuni\u00f3n cient\u00edfica anual de la Sociedad Espa\u00f1ola de Epidemiolog\u00eda&#8221;. Valencia. Octubre 2010. Gaceta Sanitaria; 24 Especial<\/p>\n<hr \/>\n<p><strong style=\"font-size: 2.0345em\"><span style=\"color: #008080\">2011<\/span><\/strong><\/p>\n<hr \/>\n<p>3. Carmen L\u00f3pez-Qui\u00f1ones, Manoli Garc\u00eda de la Hera, Eva-M\u00aa Navarrete-Mu\u00f1oz, Daniel Gimenez-Monzo, Natividad Galiana, M Dolores Climent, Jesus Vioque. <strong>\u201cIncumplimientos diet\u00e9ticos y estilos de vida en universitarios de ciencias de la salud\u201d<\/strong> Reuni\u00f3n cient\u00edfica de la Sociedad Espa\u00f1ola de Epidemiolog\u00eda y la Sociedad de Salud P\u00fablica y Gesti\u00f3n Sanitaria. Madrid 2011<\/p>\n<hr \/>\n<p>4. Daniel Gimenez-Monzo, Eva-M\u00aa Navarrete-Mu\u00f1oz, Natividad Galiana, M Dolores Climent, Fernando Granado, Manoli Garc\u00eda de la Hera, Jesus Vioque. <strong>\u201cValidaci\u00f3n de un mini Cuestionario de Frecuencia Alimentaria para evaluar dieta en poblaci\u00f3n universitaria\u201d<\/strong> Reuni\u00f3n cient\u00edfica de la Sociedad Espa\u00f1ola de Epidemiolog\u00eda y la Sociedad de Salud P\u00fablica y Gesti\u00f3n Sanitaria. Madrid 2011<\/p>\n<hr \/>\n<p>5. Daniel Gimenez-Monzo, Eva-M\u00aa Navarrete-Mu\u00f1oz, Natividad Galiana, M Dolores Climent, Manoli Garc\u00eda de la Hera, Jesus Vioque. <strong>\u201cValidaci\u00f3n de un Cuestionario de Frecuencia Alimentaria (CFA) para evaluar dieta en universitarios\u201d<\/strong>. Reuni\u00f3n cient\u00edfica de la Sociedad Espa\u00f1ola de Epidemiolog\u00eda y la Sociedad de Salud P\u00fablica y Gesti\u00f3n Sanitaria. Madrid 2011<\/p>\n<hr \/>\n<p><strong style=\"font-size: 2.0345em\"><span style=\"color: #008080\">2012<\/span><\/strong><\/p>\n<hr \/>\n<p>6. Daniel Gimenez, Eva-M\u00aa Navarrete-Mu\u00f1oz, Fernando Granado, Manoli Garc\u00eda de la Hera, Ana Zaragoza, Sandra Gonz\u00e1lez, Desir\u00e9e Valera, Jesus Vioque. <strong>Validez bioqu\u00edmica de un cuestionario de frecuencia de consumo de alimentos (CFA) en poblaci\u00f3n adulta joven<\/strong>. XXX REUNI\u00d3N CIENT\u00cdFICA de la SEE. Santander. 2012<\/p>\n<hr \/>\n<p>7. Daniel Gimenez, Eva-M\u00aa Navarrete-Mu\u00f1oz, Fernando Granado, Manoli Garc\u00eda de la Hera, Ana Zaragoza, Sandra Gonz\u00e1lez, Desir\u00e9e Valera, Jesus Vioque. <strong>\u00cdndices de calidad alimentaria (AHEI y aMED) y perfil lip\u00eddico en en poblaci\u00f3n adulta joven.<\/strong> XXX REUNI\u00d3N CIENT\u00cdFICA de la SEE. Santander. 2012<\/p>\n<hr \/>\n<p>8. F Rosita Savane, Eva M\u00aa Navarrete-Mu\u00f1oz, Manuela Garc\u00eda de la Hera, Daniel Gimenez Monz\u00f3, Sandra Gonzalez, Jes\u00fas Vioque.<strong> Validaci\u00f3n del peso y la talla auto-declarados y factores asociados a discrepancia con los valores medidos.<\/strong> IX Congreso de la Sociedad Espa\u00f1ola de Nutrici\u00f3n Comunitaria (SENC). C\u00e1diz. 2012<\/p>\n<hr \/>\n<p><strong style=\"font-size: 2.0345em\"><span style=\"color: #008080\">2013<\/span><\/strong><\/p>\n<hr \/>\n<p>9. Mar\u00eda Mart\u00ednez-Moya, Eva M\u00aa Navarrete-Mu\u00f1oz, Daniel Gimenez, Manoli Garc\u00eda de la Hera, Sandra Gonz\u00e1lez, Desir\u00e9 Valera, Mar\u00eda Sempere, Jesus Vioque I<strong>nfluencia de la actividad f\u00edsica y consumo de televisi\u00f3n sobre el riesgo de exceso de peso en una poblaci\u00f3n universitaria joven<\/strong>. Latin American Congress \u201cEpidemiology and Public Health\u201d. Granada 2013<\/p>\n<hr \/>\n<p><strong style=\"font-size: 2.0345em\"><span style=\"color: #008080\">2014<\/span><\/strong><\/p>\n<hr \/>\n<p>10. Mari Paz Ruiz Perea, Eva M\u00aa Navarrete-Mu\u00f1oz, Manoli Garc\u00eda de la Hera, Sandra Gonz\u00e1lez, Desir\u00e9 Valera-Gran, Daniel Gimenez, Jesus Vioque <strong>Asociaci\u00f3n entre el consumo de bebidas azucaradas y el exceso de peso en poblaci\u00f3n adulta joven.<\/strong> Reuni\u00f3n cient\u00edfica de la Sociedad Espa\u00f1ola de Epidemiolog\u00eda. Alicante 2014<\/p>\n<hr \/>\n<p>11. Jos\u00e9 Francisco Checa-Sevilla; Desir\u00e9e Valera-Gran; Eva Mar\u00eda Navarrete-Mu\u00f1oz; Manoli Garc\u00eda de la Hera, Daniel Gimenez-Monzo, Sandra Gonzalez-Palacios y Jes\u00fas Vioque. <strong>Determinaci\u00f3n de puntos de corte de indicadores antropom\u00e9tricos comparados con el \u00edndice de masa corporal para exceso de peso en poblaci\u00f3n adulta joven<\/strong>. Reuni\u00f3n cient\u00edfica de la Sociedad Espa\u00f1ola de Epidemiolog\u00eda. Alicante 2014<\/p>\n<hr \/>\n<p>12. Eva Mar\u00eda Navarrete-Mu\u00f1oz, Manoli Garc\u00eda de la Hera, Rosario Maria Soler-Ferr\u00e1ndez, Daniel Gimenez-Monzo, Sandra Gonzalez-Palacios, Desir\u00e9e Valera-Gran, Jos\u00e9 Francisco Checa-Sevilla y Jes\u00fas Vioque. <strong>Uso del etiquetado nutricional, factores asociados y adherencia a la dieta mediterr\u00e1nea en poblaci\u00f3n adulta joven.<\/strong> Reuni\u00f3n cient\u00edfica de la Sociedad Espa\u00f1ola de Epidemiolog\u00eda. Alicante 2014<\/p>\n<hr \/>\n<p>13. Sandra Gonzalez-Palacios; Eva Mar\u00eda Navarrete-Mu\u00f1oz; Manoli Garc\u00eda de la Hera; Desir\u00e9e Valera-Gran; Daniel Gimenez-Monzo, Jos\u00e9 Francisco Checa-Sevilla y Jes\u00fas Vioque. <strong>Comparaci\u00f3n de \u00edndices de adherencia a la dieta mediterr\u00e1nea en poblaci\u00f3n adulta joven.<\/strong> Reuni\u00f3n cient\u00edfica de la Sociedad Espa\u00f1ola de Epidemiolog\u00eda. Alicante 2014<\/p>\n<hr \/>\n<p>14. Alex Scholz, Manoli Garc\u00eda de la Hera, Eva Mar\u00eda Navarrete Mu\u00f1oz, Daniel Gimenez-Monzo, Jos\u00e9 Francisco Checa-Sevilla, Jesus Vioque <strong>Consumo de alcohol y factores asociados a consumo no-moderado de alcohol en poblaci\u00f3n universitaria.<\/strong> III World Congress of Public Health Nutrition. Gran Canarias 2014<\/p>\n<hr \/>\n<p>15. Ricardo Barrios, Eva Mar\u00eda Navarrete Mu\u00f1oz, Manuela Garc\u00eda de la Hera, Sandra Gonzalez-Palacios, Desir\u00e9e Valera Gran, Jes\u00fas Vioque. <strong>Influencia de la adherencia a la dieta mediterr\u00e1nea en el estado de salud autopercibido en poblaci\u00f3n joven.<\/strong> III World Congress of Public Health Nutrition. Gran Canarias 2014<\/p>\n<hr \/>\n<p>16.\u00a0Sandra Gonz\u00e1lez Palacios, Eva M Navarrete Mu\u00f1oz, Manuela Garc\u00eda de la Hera, Desir\u00e9e Valera Gran, Daniel Gimenez Monz\u00f3, Jos\u00e9 Francisco Checa Sevilla y Jes\u00fas Vioque L\u00f3pez.\u00a0<strong>Una mayor adherencia a la Dieta Mediterr\u00e1nea se asocia a un menor consumo de alimentos de alta densidad cal\u00f3rica en poblaci\u00f3n universitaria.<\/strong>\u00a0VI Congreso de la Fundaci\u00f3n Espa\u00f1ola de Dietististas Nutricionistas. Valencia 2014 (Comunicaci\u00f3n Premiada)<\/p>\n<hr \/>\n<p><a href=\"http:\/\/epinut.umh.es\/epinut\/estudios-y-colaboraciones\/disa\/\"><strong><span style=\"color: #008080\">&lt;&lt;Back<\/span><\/strong><\/a><\/p>","protected":false},"excerpt":{"rendered":"<p>2010 1. D. Gimenez, EM Navarrete-Mu\u00f1oz, N. Galiana, M Garc\u00eda de la Hera, J. Vioque. Validez y reproducibilidad de un minicuestionario de Frecuencia alimentaria para evaluar dieta en poblaci\u00f3n adulta.&#8221;XXVIII Reuni\u00f3n cient\u00edfica anual de la Sociedad Espa\u00f1ola de Epidemiolog\u00eda&#8221;. Valencia. Octubre 2010. Gaceta Sanitaria, 2010;24 Especial Congreso. 2. EM Navarrete-Mu\u00f1oz, N Galiana, D Gimenez, M [&hellip;]<\/p>\n","protected":false},"author":162,"featured_media":0,"parent":2149,"menu_order":0,"comment_status":"closed","ping_status":"closed","template":"","meta":{"_et_pb_use_builder":"","_et_pb_old_content":"","_et_gb_content_width":"","_links_to":"","_links_to_target":""},"yoast_head":"<!-- This site is optimized with the Yoast SEO plugin v17.5 - https:\/\/yoast.com\/wordpress\/plugins\/seo\/ -->\n<title>Study DiSA-UMH: Communications to scientific congresses - Unidad de epidemiolog\u00eda de la nutrici\u00f3n<\/title>\n<meta name=\"robots\" content=\"index, follow, max-snippet:-1, max-image-preview:large, max-video-preview:-1\" \/>\n<link rel=\"canonical\" href=\"https:\/\/epinut.umh.es\/en\/proyectos-y-estudios\/estudio-disa-umh-comunicaciones-en-congresos-cientificos\/\" \/>\n<meta property=\"og:locale\" content=\"en_US\" \/>\n<meta property=\"og:type\" content=\"article\" \/>\n<meta property=\"og:title\" content=\"Study DiSA-UMH: Communications to scientific congresses - Unidad de epidemiolog\u00eda de la nutrici\u00f3n\" \/>\n<meta property=\"og:description\" content=\"2010 1. D. Gimenez, EM Navarrete-Mu\u00f1oz, N. Galiana, M Garc\u00eda de la Hera, J. Vioque. Validez y reproducibilidad de un minicuestionario de Frecuencia alimentaria para evaluar dieta en poblaci\u00f3n adulta.&#8221;XXVIII Reuni\u00f3n cient\u00edfica anual de la Sociedad Espa\u00f1ola de Epidemiolog\u00eda&#8221;. Valencia. Octubre 2010. Gaceta Sanitaria, 2010;24 Especial Congreso. 2. EM Navarrete-Mu\u00f1oz, N Galiana, D Gimenez, M [&hellip;]\" \/>\n<meta property=\"og:url\" content=\"https:\/\/epinut.umh.es\/en\/proyectos-y-estudios\/estudio-disa-umh-comunicaciones-en-congresos-cientificos\/\" \/>\n<meta property=\"og:site_name\" content=\"Unidad de epidemiolog\u00eda de la nutrici\u00f3n\" \/>\n<meta property=\"article:modified_time\" content=\"2026-02-09T12:28:53+00:00\" \/>\n<meta name=\"twitter:card\" content=\"summary\" \/>\n<meta name=\"twitter:label1\" content=\"Est. reading time\" \/>\n\t<meta name=\"twitter:data1\" content=\"9 minutes\" \/>\n<script type=\"application\/ld+json\" class=\"yoast-schema-graph\">{\"@context\":\"https:\/\/schema.org\",\"@graph\":[{\"@type\":\"WebSite\",\"@id\":\"https:\/\/epinut.umh.es\/en\/#website\",\"url\":\"https:\/\/epinut.umh.es\/en\/\",\"name\":\"Unidad de epidemiolog\\u00eda de la nutrici\\u00f3n\",\"description\":\"Universidad Miguel Hern\\u00e1ndez de Elche\",\"potentialAction\":[{\"@type\":\"SearchAction\",\"target\":{\"@type\":\"EntryPoint\",\"urlTemplate\":\"https:\/\/epinut.umh.es\/en\/?s={search_term_string}\"},\"query-input\":\"required name=search_term_string\"}],\"inLanguage\":\"en-US\"},{\"@type\":\"WebPage\",\"@id\":\"https:\/\/epinut.umh.es\/en\/proyectos-y-estudios\/estudio-disa-umh-comunicaciones-en-congresos-cientificos\/#webpage\",\"url\":\"https:\/\/epinut.umh.es\/en\/proyectos-y-estudios\/estudio-disa-umh-comunicaciones-en-congresos-cientificos\/\",\"name\":\"Study DiSA-UMH: Communications to scientific congresses - Unidad de epidemiolog\\u00eda de la nutrici\\u00f3n\",\"isPartOf\":{\"@id\":\"https:\/\/epinut.umh.es\/en\/#website\"},\"datePublished\":\"2014-06-19T10:03:32+00:00\",\"dateModified\":\"2026-02-09T12:28:53+00:00\",\"breadcrumb\":{\"@id\":\"https:\/\/epinut.umh.es\/en\/proyectos-y-estudios\/estudio-disa-umh-comunicaciones-en-congresos-cientificos\/#breadcrumb\"},\"inLanguage\":\"en-US\",\"potentialAction\":[{\"@type\":\"ReadAction\",\"target\":[\"https:\/\/epinut.umh.es\/en\/proyectos-y-estudios\/estudio-disa-umh-comunicaciones-en-congresos-cientificos\/\"]}]},{\"@type\":\"BreadcrumbList\",\"@id\":\"https:\/\/epinut.umh.es\/en\/proyectos-y-estudios\/estudio-disa-umh-comunicaciones-en-congresos-cientificos\/#breadcrumb\",\"itemListElement\":[{\"@type\":\"ListItem\",\"position\":1,\"name\":\"Home\",\"item\":\"https:\/\/epinut.umh.es\/\"},{\"@type\":\"ListItem\",\"position\":2,\"name\":\"Proyectos, estudios y colaboraciones de investigaci\\u00f3n\",\"item\":\"https:\/\/epinut.umh.es\/en\/proyectos-y-estudios\/\"},{\"@type\":\"ListItem\",\"position\":3,\"name\":\"Study DiSA-UMH: Communications to scientific congresses\"}]}]}<\/script>\n<!-- \/ Yoast SEO plugin. -->","yoast_head_json":{"title":"Study DiSA-UMH: Communications to scientific congresses - Unidad de epidemiolog\u00eda de la nutrici\u00f3n","robots":{"index":"index","follow":"follow","max-snippet":"max-snippet:-1","max-image-preview":"max-image-preview:large","max-video-preview":"max-video-preview:-1"},"canonical":"https:\/\/epinut.umh.es\/en\/proyectos-y-estudios\/estudio-disa-umh-comunicaciones-en-congresos-cientificos\/","og_locale":"en_US","og_type":"article","og_title":"Study DiSA-UMH: Communications to scientific congresses - Unidad de epidemiolog\u00eda de la nutrici\u00f3n","og_description":"2010 1. D. Gimenez, EM Navarrete-Mu\u00f1oz, N. Galiana, M Garc\u00eda de la Hera, J. Vioque. Validez y reproducibilidad de un minicuestionario de Frecuencia alimentaria para evaluar dieta en poblaci\u00f3n adulta.&#8221;XXVIII Reuni\u00f3n cient\u00edfica anual de la Sociedad Espa\u00f1ola de Epidemiolog\u00eda&#8221;. Valencia. Octubre 2010. Gaceta Sanitaria, 2010;24 Especial Congreso. 2. EM Navarrete-Mu\u00f1oz, N Galiana, D Gimenez, M [&hellip;]","og_url":"https:\/\/epinut.umh.es\/en\/proyectos-y-estudios\/estudio-disa-umh-comunicaciones-en-congresos-cientificos\/","og_site_name":"Unidad de epidemiolog\u00eda de la nutrici\u00f3n","article_modified_time":"2026-02-09T12:28:53+00:00","twitter_card":"summary","twitter_misc":{"Est. reading time":"9 minutes"},"schema":{"@context":"https:\/\/schema.org","@graph":[{"@type":"WebSite","@id":"https:\/\/epinut.umh.es\/en\/#website","url":"https:\/\/epinut.umh.es\/en\/","name":"Unidad de epidemiolog\u00eda de la nutrici\u00f3n","description":"Universidad Miguel Hern\u00e1ndez de Elche","potentialAction":[{"@type":"SearchAction","target":{"@type":"EntryPoint","urlTemplate":"https:\/\/epinut.umh.es\/en\/?s={search_term_string}"},"query-input":"required name=search_term_string"}],"inLanguage":"en-US"},{"@type":"WebPage","@id":"https:\/\/epinut.umh.es\/en\/proyectos-y-estudios\/estudio-disa-umh-comunicaciones-en-congresos-cientificos\/#webpage","url":"https:\/\/epinut.umh.es\/en\/proyectos-y-estudios\/estudio-disa-umh-comunicaciones-en-congresos-cientificos\/","name":"Study DiSA-UMH: Communications to scientific congresses - Unidad de epidemiolog\u00eda de la nutrici\u00f3n","isPartOf":{"@id":"https:\/\/epinut.umh.es\/en\/#website"},"datePublished":"2014-06-19T10:03:32+00:00","dateModified":"2026-02-09T12:28:53+00:00","breadcrumb":{"@id":"https:\/\/epinut.umh.es\/en\/proyectos-y-estudios\/estudio-disa-umh-comunicaciones-en-congresos-cientificos\/#breadcrumb"},"inLanguage":"en-US","potentialAction":[{"@type":"ReadAction","target":["https:\/\/epinut.umh.es\/en\/proyectos-y-estudios\/estudio-disa-umh-comunicaciones-en-congresos-cientificos\/"]}]},{"@type":"BreadcrumbList","@id":"https:\/\/epinut.umh.es\/en\/proyectos-y-estudios\/estudio-disa-umh-comunicaciones-en-congresos-cientificos\/#breadcrumb","itemListElement":[{"@type":"ListItem","position":1,"name":"Home","item":"https:\/\/epinut.umh.es\/"},{"@type":"ListItem","position":2,"name":"Proyectos, estudios y colaboraciones de investigaci\u00f3n","item":"https:\/\/epinut.umh.es\/en\/proyectos-y-estudios\/"},{"@type":"ListItem","position":3,"name":"Study DiSA-UMH: Communications to scientific congresses"}]}]}},"_links":{"self":[{"href":"https:\/\/epinut.umh.es\/en\/wp-json\/wp\/v2\/pages\/247"}],"collection":[{"href":"https:\/\/epinut.umh.es\/en\/wp-json\/wp\/v2\/pages"}],"about":[{"href":"https:\/\/epinut.umh.es\/en\/wp-json\/wp\/v2\/types\/page"}],"author":[{"embeddable":true,"href":"https:\/\/epinut.umh.es\/en\/wp-json\/wp\/v2\/users\/162"}],"replies":[{"embeddable":true,"href":"https:\/\/epinut.umh.es\/en\/wp-json\/wp\/v2\/comments?post=247"}],"version-history":[{"count":0,"href":"https:\/\/epinut.umh.es\/en\/wp-json\/wp\/v2\/pages\/247\/revisions"}],"up":[{"embeddable":true,"href":"https:\/\/epinut.umh.es\/en\/wp-json\/wp\/v2\/pages\/2149"}],"wp:attachment":[{"href":"https:\/\/epinut.umh.es\/en\/wp-json\/wp\/v2\/media?parent=247"}],"curies":[{"name":"wp","href":"https:\/\/api.w.org\/{rel}","templated":true}]}}