{"id":248,"date":"2014-06-19T10:05:19","date_gmt":"2014-06-19T08:05:19","guid":{"rendered":"http:\/\/bibliodieta.umh.es\/?page_id=248"},"modified":"2018-07-02T11:27:26","modified_gmt":"2018-07-02T11:27:26","slug":"estudio-disa-umh-tesinas","status":"publish","type":"page","link":"https:\/\/epinut.umh.es\/en\/estudio-disa-umh-tesinas\/","title":{"rendered":"Estudio DiSA-UMH"},"content":{"rendered":"<p><\/p>\n<h4><strong><span style=\"color: #008080;\">DISSERTATIONS<\/span><\/strong><\/h4>\n<hr \/>\n<ul>\n<li>Daniel Gimenez Monz\u00f3. <strong>Validaci\u00f3n de 2 cuestionarios de frecuencia alimentaria (CFA) en poblaci\u00f3n joven.<\/strong> M\u00e1ster en Salud P\u00fablica 2009-2010<\/li>\n<\/ul>\n<hr \/>\n<ul>\n<li>Carmen L\u00f3pez-Qui\u00f1ones\u00a0 Llamas. <strong>Ingesta diet\u00e9tica, cumplimiento de recomendaciones y estilos de vida en estudiantes universitarios de ramas biosanitarias.<\/strong> M\u00e1ster de Salud P\u00fablica 2010-2011.<\/li>\n<\/ul>\n<hr \/>\n<ul>\n<li>Rosmari Soler. <strong>Uso del etiquetado nutricional y factores asociados en estudiantes universitarios.<\/strong> M\u00e1ster de Salud P\u00fablica 2010-2011<br \/>\n<hr \/>\n<\/li>\n<li>Beatriz Roque Sola. <strong>Influencias de las creencias alimentarias y la calidad de la dieta en adultos j\u00f3venes, poblaci\u00f3n universitaria.<\/strong>\u00a0 M\u00e1ster de Salud P\u00fablica 2010-2011.<br \/>\n<hr \/>\n<\/li>\n<li>Ivette Esquivel del Muro. <strong>Relaci\u00f3n entra la ingesta de \u00e1cidos grasos esenciales y depresi\u00f3n en poblaci\u00f3n universitaria de la Universidad Miguel Hern\u00e1ndez.<\/strong> M\u00e1ster de Salud P\u00fablica 2011-2012.<br \/>\n<hr \/>\n<\/li>\n<li>Maria Paz Ruiz Perea. <strong>Exceso de peso en poblaci\u00f3n adulta joven.: influencia de las bebidas azucaradas.<\/strong>\u00a0 M\u00e1ster de Salud P\u00fablica 2012-2013.<br \/>\n<hr \/>\n<\/li>\n<li>Alex Scholz. <strong>Consumo de alcohol y factores asociados a consumo no-moderado de alcohol en poblaci\u00f3n universitaria.<\/strong>\u00a0 M\u00e1ster de Salud P\u00fablica 2013-2014.<br \/>\n<hr \/>\n<\/li>\n<li>Ricardo Barrios. <strong>Influencia de la adherencia a la dieta mediterr\u00e1nea en el estado de salud autopercibido en poblaci\u00f3n joven.<\/strong> M\u00e1ster de Salud P\u00fablica 2013-2014.<br \/>\n<hr \/>\n<\/li>\n<\/ul>\n<p><a href=\"http:\/\/epinut.umh.es\/epinut\/estudios-y-colaboraciones\/disa\/\"><strong><span style=\"color: #008080;\">&lt;&lt;Back<\/span><\/strong><\/a><\/p>","protected":false},"excerpt":{"rendered":"<p>DISSERTATIONS Daniel Gimenez Monz\u00f3. Validaci\u00f3n de 2 cuestionarios de frecuencia alimentaria (CFA) en poblaci\u00f3n joven. M\u00e1ster en Salud P\u00fablica 2009-2010 Carmen L\u00f3pez-Qui\u00f1ones\u00a0 Llamas. Ingesta diet\u00e9tica, cumplimiento de recomendaciones y estilos de vida en estudiantes universitarios de ramas biosanitarias. M\u00e1ster de Salud P\u00fablica 2010-2011. Rosmari Soler. Uso del etiquetado nutricional y factores asociados en estudiantes universitarios. [&hellip;]<\/p>\n","protected":false},"author":162,"featured_media":0,"parent":0,"menu_order":0,"comment_status":"closed","ping_status":"open","template":"templates\/template-onecolumn.php","meta":{"_et_pb_use_builder":"","_et_pb_old_content":"","_et_gb_content_width":"","_links_to":"","_links_to_target":""},"yoast_head":"<!-- This site is optimized with the Yoast SEO plugin v17.5 - https:\/\/yoast.com\/wordpress\/plugins\/seo\/ -->\n<title>Estudio DiSA-UMH - Unidad de epidemiolog\u00eda de la nutrici\u00f3n<\/title>\n<meta name=\"robots\" content=\"index, follow, max-snippet:-1, max-image-preview:large, max-video-preview:-1\" \/>\n<link rel=\"canonical\" href=\"https:\/\/epinut.umh.es\/estudio-disa-umh-tesinas\/\" \/>\n<meta property=\"og:locale\" content=\"en_US\" \/>\n<meta property=\"og:type\" content=\"article\" \/>\n<meta property=\"og:title\" content=\"Estudio DiSA-UMH - Unidad de epidemiolog\u00eda de la nutrici\u00f3n\" \/>\n<meta property=\"og:description\" content=\"DISSERTATIONS Daniel Gimenez Monz\u00f3. Validaci\u00f3n de 2 cuestionarios de frecuencia alimentaria (CFA) en poblaci\u00f3n joven. M\u00e1ster en Salud P\u00fablica 2009-2010 Carmen L\u00f3pez-Qui\u00f1ones\u00a0 Llamas. Ingesta diet\u00e9tica, cumplimiento de recomendaciones y estilos de vida en estudiantes universitarios de ramas biosanitarias. M\u00e1ster de Salud P\u00fablica 2010-2011. Rosmari Soler. Uso del etiquetado nutricional y factores asociados en estudiantes universitarios. [&hellip;]\" \/>\n<meta property=\"og:url\" content=\"https:\/\/epinut.umh.es\/estudio-disa-umh-tesinas\/\" \/>\n<meta property=\"og:site_name\" content=\"Unidad de epidemiolog\u00eda de la nutrici\u00f3n\" \/>\n<meta property=\"article:modified_time\" content=\"2018-07-02T11:27:26+00:00\" \/>\n<meta name=\"twitter:card\" content=\"summary\" \/>\n<meta name=\"twitter:label1\" content=\"Est. reading time\" \/>\n\t<meta name=\"twitter:data1\" content=\"2 minutes\" \/>\n<script type=\"application\/ld+json\" class=\"yoast-schema-graph\">{\"@context\":\"https:\/\/schema.org\",\"@graph\":[{\"@type\":\"WebSite\",\"@id\":\"https:\/\/epinut.umh.es\/#website\",\"url\":\"https:\/\/epinut.umh.es\/\",\"name\":\"Unidad de epidemiolog\\u00eda de la nutrici\\u00f3n\",\"description\":\"Universidad Miguel Hern\\u00e1ndez de Elche\",\"potentialAction\":[{\"@type\":\"SearchAction\",\"target\":{\"@type\":\"EntryPoint\",\"urlTemplate\":\"https:\/\/epinut.umh.es\/?s={search_term_string}\"},\"query-input\":\"required name=search_term_string\"}],\"inLanguage\":\"en-US\"},{\"@type\":\"WebPage\",\"@id\":\"https:\/\/epinut.umh.es\/estudio-disa-umh-tesinas\/#webpage\",\"url\":\"https:\/\/epinut.umh.es\/estudio-disa-umh-tesinas\/\",\"name\":\"Estudio DiSA-UMH - Unidad de epidemiolog\\u00eda de la nutrici\\u00f3n\",\"isPartOf\":{\"@id\":\"https:\/\/epinut.umh.es\/#website\"},\"datePublished\":\"2014-06-19T08:05:19+00:00\",\"dateModified\":\"2018-07-02T11:27:26+00:00\",\"breadcrumb\":{\"@id\":\"https:\/\/epinut.umh.es\/estudio-disa-umh-tesinas\/#breadcrumb\"},\"inLanguage\":\"en-US\",\"potentialAction\":[{\"@type\":\"ReadAction\",\"target\":[\"https:\/\/epinut.umh.es\/estudio-disa-umh-tesinas\/\"]}]},{\"@type\":\"BreadcrumbList\",\"@id\":\"https:\/\/epinut.umh.es\/estudio-disa-umh-tesinas\/#breadcrumb\",\"itemListElement\":[{\"@type\":\"ListItem\",\"position\":1,\"name\":\"Home\",\"item\":\"https:\/\/epinut.umh.es\/\"},{\"@type\":\"ListItem\",\"position\":2,\"name\":\"Estudio DiSA-UMH\"}]}]}<\/script>\n<!-- \/ Yoast SEO plugin. -->","yoast_head_json":{"title":"Estudio DiSA-UMH - Unidad de epidemiolog\u00eda de la nutrici\u00f3n","robots":{"index":"index","follow":"follow","max-snippet":"max-snippet:-1","max-image-preview":"max-image-preview:large","max-video-preview":"max-video-preview:-1"},"canonical":"https:\/\/epinut.umh.es\/estudio-disa-umh-tesinas\/","og_locale":"en_US","og_type":"article","og_title":"Estudio DiSA-UMH - Unidad de epidemiolog\u00eda de la nutrici\u00f3n","og_description":"DISSERTATIONS Daniel Gimenez Monz\u00f3. Validaci\u00f3n de 2 cuestionarios de frecuencia alimentaria (CFA) en poblaci\u00f3n joven. M\u00e1ster en Salud P\u00fablica 2009-2010 Carmen L\u00f3pez-Qui\u00f1ones\u00a0 Llamas. Ingesta diet\u00e9tica, cumplimiento de recomendaciones y estilos de vida en estudiantes universitarios de ramas biosanitarias. M\u00e1ster de Salud P\u00fablica 2010-2011. Rosmari Soler. Uso del etiquetado nutricional y factores asociados en estudiantes universitarios. [&hellip;]","og_url":"https:\/\/epinut.umh.es\/estudio-disa-umh-tesinas\/","og_site_name":"Unidad de epidemiolog\u00eda de la nutrici\u00f3n","article_modified_time":"2018-07-02T11:27:26+00:00","twitter_card":"summary","twitter_misc":{"Est. reading time":"2 minutes"},"schema":{"@context":"https:\/\/schema.org","@graph":[{"@type":"WebSite","@id":"https:\/\/epinut.umh.es\/#website","url":"https:\/\/epinut.umh.es\/","name":"Unidad de epidemiolog\u00eda de la nutrici\u00f3n","description":"Universidad Miguel Hern\u00e1ndez de Elche","potentialAction":[{"@type":"SearchAction","target":{"@type":"EntryPoint","urlTemplate":"https:\/\/epinut.umh.es\/?s={search_term_string}"},"query-input":"required name=search_term_string"}],"inLanguage":"en-US"},{"@type":"WebPage","@id":"https:\/\/epinut.umh.es\/estudio-disa-umh-tesinas\/#webpage","url":"https:\/\/epinut.umh.es\/estudio-disa-umh-tesinas\/","name":"Estudio DiSA-UMH - Unidad de epidemiolog\u00eda de la nutrici\u00f3n","isPartOf":{"@id":"https:\/\/epinut.umh.es\/#website"},"datePublished":"2014-06-19T08:05:19+00:00","dateModified":"2018-07-02T11:27:26+00:00","breadcrumb":{"@id":"https:\/\/epinut.umh.es\/estudio-disa-umh-tesinas\/#breadcrumb"},"inLanguage":"en-US","potentialAction":[{"@type":"ReadAction","target":["https:\/\/epinut.umh.es\/estudio-disa-umh-tesinas\/"]}]},{"@type":"BreadcrumbList","@id":"https:\/\/epinut.umh.es\/estudio-disa-umh-tesinas\/#breadcrumb","itemListElement":[{"@type":"ListItem","position":1,"name":"Home","item":"https:\/\/epinut.umh.es\/"},{"@type":"ListItem","position":2,"name":"Estudio DiSA-UMH"}]}]}},"_links":{"self":[{"href":"https:\/\/epinut.umh.es\/en\/wp-json\/wp\/v2\/pages\/248"}],"collection":[{"href":"https:\/\/epinut.umh.es\/en\/wp-json\/wp\/v2\/pages"}],"about":[{"href":"https:\/\/epinut.umh.es\/en\/wp-json\/wp\/v2\/types\/page"}],"author":[{"embeddable":true,"href":"https:\/\/epinut.umh.es\/en\/wp-json\/wp\/v2\/users\/162"}],"replies":[{"embeddable":true,"href":"https:\/\/epinut.umh.es\/en\/wp-json\/wp\/v2\/comments?post=248"}],"version-history":[{"count":0,"href":"https:\/\/epinut.umh.es\/en\/wp-json\/wp\/v2\/pages\/248\/revisions"}],"wp:attachment":[{"href":"https:\/\/epinut.umh.es\/en\/wp-json\/wp\/v2\/media?parent=248"}],"curies":[{"name":"wp","href":"https:\/\/api.w.org\/{rel}","templated":true}]}}