{"id":250,"date":"2014-06-19T10:42:09","date_gmt":"2014-06-19T08:42:09","guid":{"rendered":"http:\/\/bibliodieta.umh.es\/?page_id=250"},"modified":"2018-07-09T07:33:14","modified_gmt":"2018-07-09T07:33:14","slug":"estudio-disa-umh-notas-de-prensa","status":"publish","type":"page","link":"https:\/\/epinut.umh.es\/en\/estudio-disa-umh-notas-de-prensa\/","title":{"rendered":"Estudio DiSA-UMH"},"content":{"rendered":"<p><\/p>\n<h4><strong><span style=\"color: #008080;\">Press releases<\/span><\/strong><\/h4>\n<hr \/>\n<p>Web CIBERESP (12-05-2014): <span style=\"color: #008080;\"><a style=\"color: #008080;\" href=\"http:\/\/www.ciberisciii.es\/noticias\/television,-juventud-y-sedentarismo\" target=\"_blank\">Televisi\u00f3n, juventud y sedentarismo<\/a><\/span><\/p>\n<p><a href=\"http:\/\/bibliodieta.edu.umh.es\/files\/2013\/02\/ciberdisa.jpg\"><img loading=\"lazy\" src=\"http:\/\/bibliodieta.edu.umh.es\/files\/2013\/02\/ciberdisa-150x150.jpg\" alt=\"ciberdisa\" width=\"150\" height=\"150\" \/><\/a><\/p>\n<p>Diario de Sevilla (12-05-2014): <span style=\"color: #008080;\"><a style=\"color: #008080;\" href=\"http:\/\/www.diariodesevilla.es\/article\/salud\/1769548\/television\/juventud\/y\/sedentarismo.html\" target=\"_blank\">Televisi\u00f3n, juventud y sedentarismo<\/a><\/span><\/p>\n<p>M\u00e1laga Hoy (12-05-2014): <a href=\"http:\/\/www.malagahoy.es\/article\/salud\/1769548\/television\/juventud\/y\/sedentarismo.html\" target=\"_blank\"><span style=\"color: #008080;\">Televisi\u00f3n, juventud y sedentarism<\/span>o<\/a><\/p>\n<p>Diario de C\u00e1diz (12-05-2014): <span style=\"color: #008080;\"><a style=\"color: #008080;\" href=\"http:\/\/nuevo.diariodecadiz.es\/article\/salud\/1769548\/television\/juventud\/y\/sedentarismo.html\" target=\"_blank\">Televisi\u00f3n, juventud y sedentarismo<\/a><\/span><\/p>\n<p>Diario Informaci\u00f3n (06-04-2014): <span style=\"color: #008080;\"><a style=\"color: #008080;\" href=\"http:\/\/www.diarioinformacion.com\/elche\/2014\/04\/06\/enemigo-casa\/1488148.html\" target=\"_blank\">El enemigo esta en casa<\/a><\/span><\/p>\n<div>\n<dl id=\"attachment_237\">\n<dt><a href=\"http:\/\/bibliodieta.edu.umh.es\/files\/2013\/02\/2014-04-06-Informacion.jpg\"><img loading=\"lazy\" src=\"http:\/\/bibliodieta.edu.umh.es\/files\/2013\/02\/2014-04-06-Informacion-234x300.jpg\" alt=\"2014-04-06 Informacion\" width=\"234\" height=\"300\" \/><\/a><\/dt>\n<dd>2014-04-06 Informacion<\/dd>\n<\/dl>\n<\/div>\n<p>El Periodic (06-03-2014): <span style=\"color: #008080;\"><a style=\"color: #008080;\" href=\"http:\/\/www.elperiodic.com\/elx\/noticias\/289844_relacion-entre-horas-television-actividad-fisica-horas-sueo-debate.html\" target=\"_blank\">La relaci\u00f3n entre las horas de televisi\u00f3n, la actividad f\u00edsica y las horas de sue\u00f1o, a debate en la UMH<\/a><\/span><\/p>\n<p><strong><span style=\"color: #008080;\"><a style=\"color: #008080;\" href=\"http:\/\/epinut.umh.es\/epinut\/estudios-y-colaboraciones\/disa\/\">&lt;&lt;Back<\/a><\/span><\/strong><\/p>","protected":false},"excerpt":{"rendered":"<p>Press releases Web CIBERESP (12-05-2014): Televisi\u00f3n, juventud y sedentarismo Diario de Sevilla (12-05-2014): Televisi\u00f3n, juventud y sedentarismo M\u00e1laga Hoy (12-05-2014): Televisi\u00f3n, juventud y sedentarismo Diario de C\u00e1diz (12-05-2014): Televisi\u00f3n, juventud y sedentarismo Diario Informaci\u00f3n (06-04-2014): El enemigo esta en casa 2014-04-06 Informacion El Periodic (06-03-2014): La relaci\u00f3n entre las horas de televisi\u00f3n, la actividad f\u00edsica [&hellip;]<\/p>\n","protected":false},"author":162,"featured_media":0,"parent":0,"menu_order":0,"comment_status":"closed","ping_status":"open","template":"templates\/template-onecolumn.php","meta":{"_et_pb_use_builder":"","_et_pb_old_content":"","_et_gb_content_width":"","_links_to":"","_links_to_target":""},"yoast_head":"<!-- This site is optimized with the Yoast SEO plugin v17.5 - https:\/\/yoast.com\/wordpress\/plugins\/seo\/ -->\n<title>Estudio DiSA-UMH - Unidad de epidemiolog\u00eda de la nutrici\u00f3n<\/title>\n<meta name=\"robots\" content=\"index, follow, max-snippet:-1, max-image-preview:large, max-video-preview:-1\" \/>\n<link rel=\"canonical\" href=\"https:\/\/epinut.umh.es\/estudio-disa-umh-notas-de-prensa\/\" \/>\n<meta property=\"og:locale\" content=\"en_US\" \/>\n<meta property=\"og:type\" content=\"article\" \/>\n<meta property=\"og:title\" content=\"Estudio DiSA-UMH - Unidad de epidemiolog\u00eda de la nutrici\u00f3n\" \/>\n<meta property=\"og:description\" content=\"Press releases Web CIBERESP (12-05-2014): Televisi\u00f3n, juventud y sedentarismo Diario de Sevilla (12-05-2014): Televisi\u00f3n, juventud y sedentarismo M\u00e1laga Hoy (12-05-2014): Televisi\u00f3n, juventud y sedentarismo Diario de C\u00e1diz (12-05-2014): Televisi\u00f3n, juventud y sedentarismo Diario Informaci\u00f3n (06-04-2014): El enemigo esta en casa 2014-04-06 Informacion El Periodic (06-03-2014): La relaci\u00f3n entre las horas de televisi\u00f3n, la actividad f\u00edsica [&hellip;]\" \/>\n<meta property=\"og:url\" content=\"https:\/\/epinut.umh.es\/estudio-disa-umh-notas-de-prensa\/\" \/>\n<meta property=\"og:site_name\" content=\"Unidad de epidemiolog\u00eda de la nutrici\u00f3n\" \/>\n<meta property=\"article:modified_time\" content=\"2018-07-09T07:33:14+00:00\" \/>\n<meta property=\"og:image\" content=\"http:\/\/bibliodieta.edu.umh.es\/files\/2013\/02\/ciberdisa-150x150.jpg\" \/>\n<meta name=\"twitter:card\" content=\"summary\" \/>\n<meta name=\"twitter:label1\" content=\"Est. reading time\" \/>\n\t<meta name=\"twitter:data1\" content=\"1 minute\" \/>\n<script type=\"application\/ld+json\" class=\"yoast-schema-graph\">{\"@context\":\"https:\/\/schema.org\",\"@graph\":[{\"@type\":\"WebSite\",\"@id\":\"https:\/\/epinut.umh.es\/#website\",\"url\":\"https:\/\/epinut.umh.es\/\",\"name\":\"Unidad de epidemiolog\\u00eda de la nutrici\\u00f3n\",\"description\":\"Universidad Miguel Hern\\u00e1ndez de Elche\",\"potentialAction\":[{\"@type\":\"SearchAction\",\"target\":{\"@type\":\"EntryPoint\",\"urlTemplate\":\"https:\/\/epinut.umh.es\/?s={search_term_string}\"},\"query-input\":\"required name=search_term_string\"}],\"inLanguage\":\"en-US\"},{\"@type\":\"ImageObject\",\"@id\":\"https:\/\/epinut.umh.es\/estudio-disa-umh-notas-de-prensa\/#primaryimage\",\"inLanguage\":\"en-US\",\"url\":\"http:\/\/bibliodieta.edu.umh.es\/files\/2013\/02\/ciberdisa-150x150.jpg\",\"contentUrl\":\"http:\/\/bibliodieta.edu.umh.es\/files\/2013\/02\/ciberdisa-150x150.jpg\"},{\"@type\":\"WebPage\",\"@id\":\"https:\/\/epinut.umh.es\/estudio-disa-umh-notas-de-prensa\/#webpage\",\"url\":\"https:\/\/epinut.umh.es\/estudio-disa-umh-notas-de-prensa\/\",\"name\":\"Estudio DiSA-UMH - Unidad de epidemiolog\\u00eda de la nutrici\\u00f3n\",\"isPartOf\":{\"@id\":\"https:\/\/epinut.umh.es\/#website\"},\"primaryImageOfPage\":{\"@id\":\"https:\/\/epinut.umh.es\/estudio-disa-umh-notas-de-prensa\/#primaryimage\"},\"datePublished\":\"2014-06-19T08:42:09+00:00\",\"dateModified\":\"2018-07-09T07:33:14+00:00\",\"breadcrumb\":{\"@id\":\"https:\/\/epinut.umh.es\/estudio-disa-umh-notas-de-prensa\/#breadcrumb\"},\"inLanguage\":\"en-US\",\"potentialAction\":[{\"@type\":\"ReadAction\",\"target\":[\"https:\/\/epinut.umh.es\/estudio-disa-umh-notas-de-prensa\/\"]}]},{\"@type\":\"BreadcrumbList\",\"@id\":\"https:\/\/epinut.umh.es\/estudio-disa-umh-notas-de-prensa\/#breadcrumb\",\"itemListElement\":[{\"@type\":\"ListItem\",\"position\":1,\"name\":\"Home\",\"item\":\"https:\/\/epinut.umh.es\/\"},{\"@type\":\"ListItem\",\"position\":2,\"name\":\"Estudio DiSA-UMH\"}]}]}<\/script>\n<!-- \/ Yoast SEO plugin. -->","yoast_head_json":{"title":"Estudio DiSA-UMH - Unidad de epidemiolog\u00eda de la nutrici\u00f3n","robots":{"index":"index","follow":"follow","max-snippet":"max-snippet:-1","max-image-preview":"max-image-preview:large","max-video-preview":"max-video-preview:-1"},"canonical":"https:\/\/epinut.umh.es\/estudio-disa-umh-notas-de-prensa\/","og_locale":"en_US","og_type":"article","og_title":"Estudio DiSA-UMH - Unidad de epidemiolog\u00eda de la nutrici\u00f3n","og_description":"Press releases Web CIBERESP (12-05-2014): Televisi\u00f3n, juventud y sedentarismo Diario de Sevilla (12-05-2014): Televisi\u00f3n, juventud y sedentarismo M\u00e1laga Hoy (12-05-2014): Televisi\u00f3n, juventud y sedentarismo Diario de C\u00e1diz (12-05-2014): Televisi\u00f3n, juventud y sedentarismo Diario Informaci\u00f3n (06-04-2014): El enemigo esta en casa 2014-04-06 Informacion El Periodic (06-03-2014): La relaci\u00f3n entre las horas de televisi\u00f3n, la actividad f\u00edsica [&hellip;]","og_url":"https:\/\/epinut.umh.es\/estudio-disa-umh-notas-de-prensa\/","og_site_name":"Unidad de epidemiolog\u00eda de la nutrici\u00f3n","article_modified_time":"2018-07-09T07:33:14+00:00","og_image":[{"url":"http:\/\/bibliodieta.edu.umh.es\/files\/2013\/02\/ciberdisa-150x150.jpg"}],"twitter_card":"summary","twitter_misc":{"Est. reading time":"1 minute"},"schema":{"@context":"https:\/\/schema.org","@graph":[{"@type":"WebSite","@id":"https:\/\/epinut.umh.es\/#website","url":"https:\/\/epinut.umh.es\/","name":"Unidad de epidemiolog\u00eda de la nutrici\u00f3n","description":"Universidad Miguel Hern\u00e1ndez de Elche","potentialAction":[{"@type":"SearchAction","target":{"@type":"EntryPoint","urlTemplate":"https:\/\/epinut.umh.es\/?s={search_term_string}"},"query-input":"required name=search_term_string"}],"inLanguage":"en-US"},{"@type":"ImageObject","@id":"https:\/\/epinut.umh.es\/estudio-disa-umh-notas-de-prensa\/#primaryimage","inLanguage":"en-US","url":"http:\/\/bibliodieta.edu.umh.es\/files\/2013\/02\/ciberdisa-150x150.jpg","contentUrl":"http:\/\/bibliodieta.edu.umh.es\/files\/2013\/02\/ciberdisa-150x150.jpg"},{"@type":"WebPage","@id":"https:\/\/epinut.umh.es\/estudio-disa-umh-notas-de-prensa\/#webpage","url":"https:\/\/epinut.umh.es\/estudio-disa-umh-notas-de-prensa\/","name":"Estudio DiSA-UMH - Unidad de epidemiolog\u00eda de la nutrici\u00f3n","isPartOf":{"@id":"https:\/\/epinut.umh.es\/#website"},"primaryImageOfPage":{"@id":"https:\/\/epinut.umh.es\/estudio-disa-umh-notas-de-prensa\/#primaryimage"},"datePublished":"2014-06-19T08:42:09+00:00","dateModified":"2018-07-09T07:33:14+00:00","breadcrumb":{"@id":"https:\/\/epinut.umh.es\/estudio-disa-umh-notas-de-prensa\/#breadcrumb"},"inLanguage":"en-US","potentialAction":[{"@type":"ReadAction","target":["https:\/\/epinut.umh.es\/estudio-disa-umh-notas-de-prensa\/"]}]},{"@type":"BreadcrumbList","@id":"https:\/\/epinut.umh.es\/estudio-disa-umh-notas-de-prensa\/#breadcrumb","itemListElement":[{"@type":"ListItem","position":1,"name":"Home","item":"https:\/\/epinut.umh.es\/"},{"@type":"ListItem","position":2,"name":"Estudio DiSA-UMH"}]}]}},"_links":{"self":[{"href":"https:\/\/epinut.umh.es\/en\/wp-json\/wp\/v2\/pages\/250"}],"collection":[{"href":"https:\/\/epinut.umh.es\/en\/wp-json\/wp\/v2\/pages"}],"about":[{"href":"https:\/\/epinut.umh.es\/en\/wp-json\/wp\/v2\/types\/page"}],"author":[{"embeddable":true,"href":"https:\/\/epinut.umh.es\/en\/wp-json\/wp\/v2\/users\/162"}],"replies":[{"embeddable":true,"href":"https:\/\/epinut.umh.es\/en\/wp-json\/wp\/v2\/comments?post=250"}],"version-history":[{"count":0,"href":"https:\/\/epinut.umh.es\/en\/wp-json\/wp\/v2\/pages\/250\/revisions"}],"wp:attachment":[{"href":"https:\/\/epinut.umh.es\/en\/wp-json\/wp\/v2\/media?parent=250"}],"curies":[{"name":"wp","href":"https:\/\/api.w.org\/{rel}","templated":true}]}}