{"id":26,"date":"2011-07-18T10:24:06","date_gmt":"2011-07-18T10:24:06","guid":{"rendered":"http:\/\/bibliodieta.umh.es\/%c2%bfquien-la-desarrolla\/miembros\/"},"modified":"2025-12-10T09:18:17","modified_gmt":"2025-12-10T09:18:17","slug":"miembros","status":"publish","type":"page","link":"https:\/\/epinut.umh.es\/en\/miembros\/","title":{"rendered":"TEAM"},"content":{"rendered":"<p>[et_pb_section admin_label=&#8221;section&#8221;]<br \/>\n\t\t\t[et_pb_row admin_label=&#8221;row&#8221;]<br \/>\n\t\t\t\t[et_pb_column type=&#8221;4_4&#8243;][et_pb_text admin_label=&#8221;Text&#8221;]<\/p>\n<table border=\"0\">\n<tbody>\n<tr>\n<td style=\"text-align: center\"><a><img loading=\"lazy\" class=\"alignnone size-thumbnail wp-image-538\" src=\"http:\/\/epinut.umh.es\/files\/2017\/11\/Jes\u00fas-Vioque-L\u00f3pez-2-150x150.jpg\" alt=\"Jes\u00fas Vioque L\u00f3pez 2\" width=\"150\" height=\"150\" srcset=\"https:\/\/epinut.umh.es\/files\/2017\/11\/Jes\u00fas-Vioque-L\u00f3pez-2-150x150.jpg 150w, https:\/\/epinut.umh.es\/files\/2017\/11\/Jes\u00fas-Vioque-L\u00f3pez-2-300x300.jpg 300w, https:\/\/epinut.umh.es\/files\/2017\/11\/Jes\u00fas-Vioque-L\u00f3pez-2-1024x1024.jpg 1024w, https:\/\/epinut.umh.es\/files\/2017\/11\/Jes\u00fas-Vioque-L\u00f3pez-2.jpg 1600w\" sizes=\"(max-width: 150px) 100vw, 150px\" \/><\/a><\/td>\n<td style=\"text-align: center\"><a><img loading=\"lazy\" class=\"alignnone size-thumbnail wp-image-543\" src=\"http:\/\/epinut.umh.es\/files\/2017\/11\/Manoli-Garc\u00eda-de-la-Hera-150x150.jpg\" alt=\"Manoli Garc\u00eda de la Hera\" width=\"150\" height=\"150\" srcset=\"https:\/\/epinut.umh.es\/files\/2017\/11\/Manoli-Garc\u00eda-de-la-Hera-150x150.jpg 150w, https:\/\/epinut.umh.es\/files\/2017\/11\/Manoli-Garc\u00eda-de-la-Hera-300x300.jpg 300w, https:\/\/epinut.umh.es\/files\/2017\/11\/Manoli-Garc\u00eda-de-la-Hera-1024x1024.jpg 1024w, https:\/\/epinut.umh.es\/files\/2017\/11\/Manoli-Garc\u00eda-de-la-Hera.jpg 1600w\" sizes=\"(max-width: 150px) 100vw, 150px\" \/><\/a><\/td>\n<td style=\"text-align: center\"><a><img loading=\"lazy\" class=\"alignnone size-thumbnail wp-image-537\" src=\"http:\/\/epinut.umh.es\/files\/2017\/11\/Eva-Mar\u00eda-Navarrete-Mu\u00f1oz-150x150.jpg\" alt=\"Eva Mar\u00eda Navarrete Mu\u00f1oz\" width=\"150\" height=\"150\" srcset=\"https:\/\/epinut.umh.es\/files\/2017\/11\/Eva-Mar\u00eda-Navarrete-Mu\u00f1oz-150x150.jpg 150w, https:\/\/epinut.umh.es\/files\/2017\/11\/Eva-Mar\u00eda-Navarrete-Mu\u00f1oz-300x300.jpg 300w, https:\/\/epinut.umh.es\/files\/2017\/11\/Eva-Mar\u00eda-Navarrete-Mu\u00f1oz-1024x1024.jpg 1024w, https:\/\/epinut.umh.es\/files\/2017\/11\/Eva-Mar\u00eda-Navarrete-Mu\u00f1oz.jpg 1600w\" sizes=\"(max-width: 150px) 100vw, 150px\" \/><\/a><\/td>\n<td style=\"text-align: center\"><a><img loading=\"lazy\" class=\"alignnone size-thumbnail wp-image-544\" src=\"http:\/\/epinut.umh.es\/files\/2017\/11\/Sandra-Gonz\u00e1lez-Palacios-150x150.jpg\" alt=\"Sandra Gonz\u00e1lez Palacios\" width=\"150\" height=\"150\" srcset=\"https:\/\/epinut.umh.es\/files\/2017\/11\/Sandra-Gonz\u00e1lez-Palacios-150x150.jpg 150w, https:\/\/epinut.umh.es\/files\/2017\/11\/Sandra-Gonz\u00e1lez-Palacios-300x300.jpg 300w, https:\/\/epinut.umh.es\/files\/2017\/11\/Sandra-Gonz\u00e1lez-Palacios-1024x1024.jpg 1024w, https:\/\/epinut.umh.es\/files\/2017\/11\/Sandra-Gonz\u00e1lez-Palacios.jpg 1600w\" sizes=\"(max-width: 150px) 100vw, 150px\" \/><\/a><\/td>\n<\/tr>\n<p>b:hover {<br \/>\n    color: #008080;<br \/>\n}<\/p>\n<tr>\n<td style=\"text-align: center\"><strong><a style=\"color: #000000\" href=\"http:\/\/epinut.umh.es\/?p=559\"><b> Jes\u00fas Vioque Lopez <\/b><\/a><\/strong><\/td>\n<td style=\"text-align: center\"><strong><a><b> Manoli Garc\u00eda de la Hera <\/b><\/a><\/strong><\/td>\n<td style=\"text-align: center\"><strong><a><b> Eva Mar\u00eda Navarrete Mu\u00f1oz <\/b><\/a><\/strong><\/td>\n<td style=\"text-align: center\"><strong><a><b> Sandra Gonz\u00e1lez Palacios <\/b><\/a><\/strong><\/td>\n<\/tr>\n<tr>\n<td style=\"text-align: center\"><a><img loading=\"lazy\" class=\"alignnone size-thumbnail wp-image-541\" src=\"http:\/\/epinut.umh.es\/files\/2017\/11\/Laura-Torres-Collado-150x150.jpg\" alt=\"Laura Torres Collado\" width=\"150\" height=\"150\" srcset=\"https:\/\/epinut.umh.es\/files\/2017\/11\/Laura-Torres-Collado-150x150.jpg 150w, https:\/\/epinut.umh.es\/files\/2017\/11\/Laura-Torres-Collado-300x300.jpg 300w, https:\/\/epinut.umh.es\/files\/2017\/11\/Laura-Torres-Collado-1024x1024.jpg 1024w, https:\/\/epinut.umh.es\/files\/2017\/11\/Laura-Torres-Collado.jpg 1600w\" sizes=\"(max-width: 150px) 100vw, 150px\" \/><\/a><\/td>\n<td style=\"text-align: center\"><a><img loading=\"lazy\" class=\"alignnone size-thumbnail wp-image-536\" src=\"http:\/\/epinut.umh.es\/files\/2017\/11\/Carolina-150x150.jpg\" alt=\"Carolina\" width=\"150\" height=\"150\" srcset=\"https:\/\/epinut.umh.es\/files\/2017\/11\/Carolina-150x150.jpg 150w, https:\/\/epinut.umh.es\/files\/2017\/11\/Carolina-300x300.jpg 300w, https:\/\/epinut.umh.es\/files\/2017\/11\/Carolina-1024x1024.jpg 1024w, https:\/\/epinut.umh.es\/files\/2017\/11\/Carolina.jpg 1600w\" sizes=\"(max-width: 150px) 100vw, 150px\" \/><\/a><\/td>\n<td style=\"text-align: center\"><a><img loading=\"lazy\" class=\"alignnone size-thumbnail wp-image-540\" src=\"http:\/\/epinut.umh.es\/files\/2017\/11\/Laura-Mar\u00eda-Compa\u00f1-Gabucio-150x150.jpg\" alt=\"Laura Mar\u00eda Compa\u00f1 Gabucio\" width=\"150\" height=\"150\" srcset=\"https:\/\/epinut.umh.es\/files\/2017\/11\/Laura-Mar\u00eda-Compa\u00f1-Gabucio-150x150.jpg 150w, https:\/\/epinut.umh.es\/files\/2017\/11\/Laura-Mar\u00eda-Compa\u00f1-Gabucio-300x300.jpg 300w, https:\/\/epinut.umh.es\/files\/2017\/11\/Laura-Mar\u00eda-Compa\u00f1-Gabucio-1024x1024.jpg 1024w, https:\/\/epinut.umh.es\/files\/2017\/11\/Laura-Mar\u00eda-Compa\u00f1-Gabucio.jpg 1600w\" sizes=\"(max-width: 150px) 100vw, 150px\" \/><\/a><\/td>\n<td style=\"text-align: center\"><a><img loading=\"lazy\" class=\"alignnone size-thumbnail wp-image-534\" src=\"http:\/\/epinut.umh.es\/files\/2017\/11\/Alejandro-Oncina-C\u00e1novas-150x150.jpg\" alt=\"Alejandro Oncina C\u00e1novas\" width=\"150\" height=\"150\" srcset=\"https:\/\/epinut.umh.es\/files\/2017\/11\/Alejandro-Oncina-C\u00e1novas-150x150.jpg 150w, https:\/\/epinut.umh.es\/files\/2017\/11\/Alejandro-Oncina-C\u00e1novas-300x300.jpg 300w, https:\/\/epinut.umh.es\/files\/2017\/11\/Alejandro-Oncina-C\u00e1novas-1024x1024.jpg 1024w, https:\/\/epinut.umh.es\/files\/2017\/11\/Alejandro-Oncina-C\u00e1novas.jpg 1600w\" sizes=\"(max-width: 150px) 100vw, 150px\" \/><\/a><\/td>\n<\/tr>\n<tr>\n<td style=\"text-align: center\"><strong><a style=\"color: #000000\" href=\"http:\/\/epinut.umh.es\/?p=577\"><b> Laura Torres Collado <\/b><\/a><\/strong><\/td>\n<td style=\"text-align: center\"><strong><a style=\"color: #000000\" href=\"http:\/\/epinut.umh.es\/?p=646\"><b> Carolina Ojeda Belokon <\/b><\/a><\/strong><\/td>\n<td style=\"text-align: center\"><strong><a style=\"color: #000000\" href=\"http:\/\/epinut.umh.es\/?p=572\"><b> Laura Mar\u00eda Compa\u00f1 Gabucio <\/b><\/a><\/strong><\/td>\n<td style=\"text-align: center\"><strong><a style=\"color: #000000\" href=\"http:\/\/epinut.umh.es\/?p=579\"><b> Alejandro Oncina C\u00e1novas <\/b><\/a><\/strong><\/td>\n<\/tr>\n<tr>\n<td style=\"text-align: center\"><a><img loading=\"lazy\" class=\"alignnone size-thumbnail wp-image-1056\" src=\"http:\/\/epinut.umh.es\/files\/2018\/04\/IMG_2952-150x150.jpg\" alt=\"IMG_2952\" width=\"150\" height=\"150\" srcset=\"https:\/\/epinut.umh.es\/files\/2018\/04\/IMG_2952-150x150.jpg 150w, https:\/\/epinut.umh.es\/files\/2018\/04\/IMG_2952-300x300.jpg 300w, https:\/\/epinut.umh.es\/files\/2018\/04\/IMG_2952-1024x1024.jpg 1024w, https:\/\/epinut.umh.es\/files\/2018\/04\/IMG_2952.jpg 1600w\" sizes=\"(max-width: 150px) 100vw, 150px\" \/><\/a><\/td>\n<td style=\"text-align: center\"><a><img loading=\"lazy\" class=\"alignnone size-thumbnail wp-image-652\" src=\"http:\/\/epinut.umh.es\/files\/2011\/07\/alejandro-moya-e1524051392919-150x150.jpg\" alt=\"alejandro moya\" width=\"150\" height=\"150\" srcset=\"https:\/\/epinut.umh.es\/files\/2011\/07\/alejandro-moya-e1524051392919-150x150.jpg 150w, https:\/\/epinut.umh.es\/files\/2011\/07\/alejandro-moya-e1524051392919.jpg 300w\" sizes=\"(max-width: 150px) 100vw, 150px\" \/><\/a><\/td>\n<\/tr>\n<tr>\n<td style=\"text-align: center\"><strong><a style=\"color: #000000\" href=\"http:\/\/epinut.umh.es\/?p=639\"><b> Leyre Notario Barandiaran <\/b><\/a><\/strong><\/td>\n<td style=\"text-align: center\"><strong><a style=\"color: #000000\" href=\"http:\/\/epinut.umh.es\/?p=655\"><b> Alejandro Moya Mart\u00ednez <\/b><\/a><\/strong><\/td>\n<\/tr>\n<\/tbody>\n<\/table>\n<p>[\/et_pb_text][\/et_pb_column]<br \/>\n\t\t\t[\/et_pb_row]<br \/>\n\t\t[\/et_pb_section]<\/p>","protected":false},"excerpt":{"rendered":"<p>b:hover { color: #008080; } Jes\u00fas Vioque Lopez Manoli Garc\u00eda de la Hera Eva Mar\u00eda Navarrete Mu\u00f1oz Sandra Gonz\u00e1lez Palacios Laura Torres Collado Carolina Ojeda Belokon Laura Mar\u00eda Compa\u00f1 Gabucio Alejandro Oncina C\u00e1novas Leyre Notario Barandiaran Alejandro Moya Mart\u00ednez<\/p>\n","protected":false},"author":6277,"featured_media":0,"parent":0,"menu_order":1,"comment_status":"closed","ping_status":"closed","template":"","meta":{"_et_pb_use_builder":"on","_et_pb_old_content":"<table border=\"0\">\r\n<tbody>\r\n<tr>\r\n<td style=\"text-align: center;\"><a><img class=\"alignnone size-thumbnail wp-image-538\" src=\"http:\/\/epinut.umh.es\/files\/2017\/11\/Jes\u00fas-Vioque-L\u00f3pez-2-150x150.jpg\" alt=\"Jes\u00fas Vioque L\u00f3pez 2\" width=\"150\" height=\"150\" \/><\/a><\/td>\r\n<td style=\"text-align: center;\"><a><img class=\"alignnone size-thumbnail wp-image-543\" src=\"http:\/\/epinut.umh.es\/files\/2017\/11\/Manoli-Garc\u00eda-de-la-Hera-150x150.jpg\" alt=\"Manoli Garc\u00eda de la Hera\" width=\"150\" height=\"150\" \/><\/a><\/td>\r\n<td style=\"text-align: center;\"><a><img class=\"alignnone size-thumbnail wp-image-537\" src=\"http:\/\/epinut.umh.es\/files\/2017\/11\/Eva-Mar\u00eda-Navarrete-Mu\u00f1oz-150x150.jpg\" alt=\"Eva Mar\u00eda Navarrete Mu\u00f1oz\" width=\"150\" height=\"150\" \/><\/a><\/td>\r\n<td style=\"text-align: center;\"><a><img class=\"alignnone size-thumbnail wp-image-544\" src=\"http:\/\/epinut.umh.es\/files\/2017\/11\/Sandra-Gonz\u00e1lez-Palacios-150x150.jpg\" alt=\"Sandra Gonz\u00e1lez Palacios\" width=\"150\" height=\"150\" \/><\/a><\/td>\r\n<\/tr>\r\n<style>\r\nb:hover {\r\n    color: #008080;\r\n}\r\n<\/style>\r\n<tr>\r\n<td style=\"text-align: center;\"><strong><a style=\"color: #000000;\" href=\"http:\/\/epinut.umh.es\/?p=559\"><b> Jes\u00fas Vioque Lopez <\/b><\/a><\/strong><\/td>\r\n<td style=\"text-align: center;\"><strong><a style=\"color: #000000; \"href=\"http:\/\/epinut.umh.es\/?p=624\"><b> Manoli Garc\u00eda de la Hera <\/b><\/a><\/strong><\/td>\r\n<td style=\"text-align: center;\"><strong><a style=\"color: #000000; \"href=\"http:\/\/epinut.umh.es\/?p=566\"><b> Eva Mar\u00eda Navarrete Mu\u00f1oz <\/b><\/a><\/strong><\/td>\r\n<td style=\"text-align: center;\"><strong><a style=\"color: #000000; \"href=\"http:\/\/epinut.umh.es\/?p=569\"><b> Sandra Gonz\u00e1lez Palacios <\/b><\/a><\/strong><\/td>\r\n<\/tr>\r\n<tr>\r\n<td style=\"text-align: center;\"><a><img class=\"alignnone size-thumbnail wp-image-541\" src=\"http:\/\/epinut.umh.es\/files\/2017\/11\/Laura-Torres-Collado-150x150.jpg\" alt=\"Laura Torres Collado\" width=\"150\" height=\"150\" \/><\/a><\/td>\r\n<td style=\"text-align: center;\"><a><img class=\"alignnone size-thumbnail wp-image-536\" src=\"http:\/\/epinut.umh.es\/files\/2017\/11\/Carolina-150x150.jpg\" alt=\"Carolina\" width=\"150\" height=\"150\" \/><\/a><\/td>\r\n<td style=\"text-align: center;\"><a><img class=\"alignnone size-thumbnail wp-image-540\" src=\"http:\/\/epinut.umh.es\/files\/2017\/11\/Laura-Mar\u00eda-Compa\u00f1-Gabucio-150x150.jpg\" alt=\"Laura Mar\u00eda Compa\u00f1 Gabucio\" width=\"150\" height=\"150\" \/><\/a><\/td>\r\n<td style=\"text-align: center;\"><a><img class=\"alignnone size-thumbnail wp-image-534\" src=\"http:\/\/epinut.umh.es\/files\/2017\/11\/Alejandro-Oncina-C\u00e1novas-150x150.jpg\" alt=\"Alejandro Oncina C\u00e1novas\" width=\"150\" height=\"150\" \/><\/a><\/td>\r\n<\/tr>\r\n<tr>\r\n<td style=\"text-align: center;\"><strong><a style=\"color: #000000;\" href=\"http:\/\/epinut.umh.es\/?p=577\"><b> Laura Torres Collado <\/b><\/a><\/strong><\/td>\r\n<td style=\"text-align: center;\"><strong><a style=\"color: #000000;\" href=\"http:\/\/epinut.umh.es\/?p=646\"><b> Carolina Ojeda Belokon <\/b><\/a><\/strong><\/td>\r\n<td style=\"text-align: center;\"><strong><a style=\"color: #000000;\" href=\"http:\/\/epinut.umh.es\/?p=572\"><b> Laura Mar\u00eda Compa\u00f1 Gabucio <\/b><\/a><\/strong><\/td>\r\n<td style=\"text-align: center;\"><strong><a style=\"color: #000000;\" href=\"http:\/\/epinut.umh.es\/?p=579\"><b> Alejandro Oncina C\u00e1novas <\/b><\/a><\/strong><\/td>\r\n<\/tr>\r\n<tr>\r\n<td style=\"text-align: center;\"><a><img class=\"alignnone size-thumbnail wp-image-1056\" src=\"http:\/\/epinut.umh.es\/files\/2018\/04\/IMG_2952-150x150.jpg\" alt=\"IMG_2952\" width=\"150\" height=\"150\" \/><\/a><\/td>\r\n<td style=\"text-align: center;\"><a><img class=\"alignnone size-thumbnail wp-image-652\" src=\"http:\/\/epinut.umh.es\/files\/2011\/07\/alejandro-moya-e1524051392919-150x150.jpg\" alt=\"alejandro moya\" width=\"150\" height=\"150\" \/><\/a><\/td>\r\n<\/tr>\r\n<tr>\r\n<td style=\"text-align: center;\"><strong><a style=\"color: #000000;\" href=\"http:\/\/epinut.umh.es\/?p=639\"><b> Leyre Notario Barandiaran <\/b><\/a><\/strong><\/td>\r\n<td style=\"text-align: center;\"><strong><a style=\"color: #000000;\" href=\"http:\/\/epinut.umh.es\/?p=655\"><b> Alejandro Moya Mart\u00ednez <\/b><\/a><\/strong><\/td>\r\n<\/tr>\r\n<\/tbody>\r\n<\/table>","_et_gb_content_width":"","_links_to":"","_links_to_target":""},"yoast_head":"<!-- This site is optimized with the Yoast SEO plugin v17.5 - https:\/\/yoast.com\/wordpress\/plugins\/seo\/ -->\n<title>TEAM - Unidad de epidemiolog\u00eda de la nutrici\u00f3n<\/title>\n<meta name=\"robots\" content=\"index, follow, max-snippet:-1, max-image-preview:large, max-video-preview:-1\" \/>\n<link rel=\"canonical\" href=\"https:\/\/epinut.umh.es\/miembros\/\" \/>\n<meta property=\"og:locale\" content=\"en_US\" \/>\n<meta property=\"og:type\" content=\"article\" \/>\n<meta property=\"og:title\" content=\"TEAM - Unidad de epidemiolog\u00eda de la nutrici\u00f3n\" \/>\n<meta property=\"og:description\" content=\"b:hover { color: #008080; } Jes\u00fas Vioque Lopez Manoli Garc\u00eda de la Hera Eva Mar\u00eda Navarrete Mu\u00f1oz Sandra Gonz\u00e1lez Palacios Laura Torres Collado Carolina Ojeda Belokon Laura Mar\u00eda Compa\u00f1 Gabucio Alejandro Oncina C\u00e1novas Leyre Notario Barandiaran Alejandro Moya Mart\u00ednez\" \/>\n<meta property=\"og:url\" content=\"https:\/\/epinut.umh.es\/miembros\/\" \/>\n<meta property=\"og:site_name\" content=\"Unidad de epidemiolog\u00eda de la nutrici\u00f3n\" \/>\n<meta property=\"article:modified_time\" content=\"2025-12-10T09:18:17+00:00\" \/>\n<meta property=\"og:image\" content=\"http:\/\/epinut.umh.es\/files\/2017\/11\/Jes\u00fas-Vioque-L\u00f3pez-2-150x150.jpg\" \/>\n<meta name=\"twitter:card\" content=\"summary\" \/>\n<meta name=\"twitter:label1\" content=\"Est. reading time\" \/>\n\t<meta name=\"twitter:data1\" content=\"1 minute\" \/>\n<script type=\"application\/ld+json\" class=\"yoast-schema-graph\">{\"@context\":\"https:\/\/schema.org\",\"@graph\":[{\"@type\":\"WebSite\",\"@id\":\"https:\/\/epinut.umh.es\/#website\",\"url\":\"https:\/\/epinut.umh.es\/\",\"name\":\"Unidad de epidemiolog\\u00eda de la nutrici\\u00f3n\",\"description\":\"Universidad Miguel Hern\\u00e1ndez de Elche\",\"potentialAction\":[{\"@type\":\"SearchAction\",\"target\":{\"@type\":\"EntryPoint\",\"urlTemplate\":\"https:\/\/epinut.umh.es\/?s={search_term_string}\"},\"query-input\":\"required name=search_term_string\"}],\"inLanguage\":\"en-US\"},{\"@type\":\"ImageObject\",\"@id\":\"https:\/\/epinut.umh.es\/miembros\/#primaryimage\",\"inLanguage\":\"en-US\",\"url\":\"http:\/\/epinut.umh.es\/files\/2017\/11\/Jes\\u00fas-Vioque-L\\u00f3pez-2-150x150.jpg\",\"contentUrl\":\"http:\/\/epinut.umh.es\/files\/2017\/11\/Jes\\u00fas-Vioque-L\\u00f3pez-2-150x150.jpg\"},{\"@type\":\"WebPage\",\"@id\":\"https:\/\/epinut.umh.es\/miembros\/#webpage\",\"url\":\"https:\/\/epinut.umh.es\/miembros\/\",\"name\":\"TEAM - Unidad de epidemiolog\\u00eda de la nutrici\\u00f3n\",\"isPartOf\":{\"@id\":\"https:\/\/epinut.umh.es\/#website\"},\"primaryImageOfPage\":{\"@id\":\"https:\/\/epinut.umh.es\/miembros\/#primaryimage\"},\"datePublished\":\"2011-07-18T10:24:06+00:00\",\"dateModified\":\"2025-12-10T09:18:17+00:00\",\"breadcrumb\":{\"@id\":\"https:\/\/epinut.umh.es\/miembros\/#breadcrumb\"},\"inLanguage\":\"en-US\",\"potentialAction\":[{\"@type\":\"ReadAction\",\"target\":[\"https:\/\/epinut.umh.es\/miembros\/\"]}]},{\"@type\":\"BreadcrumbList\",\"@id\":\"https:\/\/epinut.umh.es\/miembros\/#breadcrumb\",\"itemListElement\":[{\"@type\":\"ListItem\",\"position\":1,\"name\":\"Home\",\"item\":\"https:\/\/epinut.umh.es\/\"},{\"@type\":\"ListItem\",\"position\":2,\"name\":\"EL EQUIPO\"}]}]}<\/script>\n<!-- \/ Yoast SEO plugin. -->","yoast_head_json":{"title":"TEAM - Unidad de epidemiolog\u00eda de la nutrici\u00f3n","robots":{"index":"index","follow":"follow","max-snippet":"max-snippet:-1","max-image-preview":"max-image-preview:large","max-video-preview":"max-video-preview:-1"},"canonical":"https:\/\/epinut.umh.es\/miembros\/","og_locale":"en_US","og_type":"article","og_title":"TEAM - Unidad de epidemiolog\u00eda de la nutrici\u00f3n","og_description":"b:hover { color: #008080; } Jes\u00fas Vioque Lopez Manoli Garc\u00eda de la Hera Eva Mar\u00eda Navarrete Mu\u00f1oz Sandra Gonz\u00e1lez Palacios Laura Torres Collado Carolina Ojeda Belokon Laura Mar\u00eda Compa\u00f1 Gabucio Alejandro Oncina C\u00e1novas Leyre Notario Barandiaran Alejandro Moya Mart\u00ednez","og_url":"https:\/\/epinut.umh.es\/miembros\/","og_site_name":"Unidad de epidemiolog\u00eda de la nutrici\u00f3n","article_modified_time":"2025-12-10T09:18:17+00:00","og_image":[{"url":"http:\/\/epinut.umh.es\/files\/2017\/11\/Jes\u00fas-Vioque-L\u00f3pez-2-150x150.jpg"}],"twitter_card":"summary","twitter_misc":{"Est. reading time":"1 minute"},"schema":{"@context":"https:\/\/schema.org","@graph":[{"@type":"WebSite","@id":"https:\/\/epinut.umh.es\/#website","url":"https:\/\/epinut.umh.es\/","name":"Unidad de epidemiolog\u00eda de la nutrici\u00f3n","description":"Universidad Miguel Hern\u00e1ndez de Elche","potentialAction":[{"@type":"SearchAction","target":{"@type":"EntryPoint","urlTemplate":"https:\/\/epinut.umh.es\/?s={search_term_string}"},"query-input":"required name=search_term_string"}],"inLanguage":"en-US"},{"@type":"ImageObject","@id":"https:\/\/epinut.umh.es\/miembros\/#primaryimage","inLanguage":"en-US","url":"http:\/\/epinut.umh.es\/files\/2017\/11\/Jes\u00fas-Vioque-L\u00f3pez-2-150x150.jpg","contentUrl":"http:\/\/epinut.umh.es\/files\/2017\/11\/Jes\u00fas-Vioque-L\u00f3pez-2-150x150.jpg"},{"@type":"WebPage","@id":"https:\/\/epinut.umh.es\/miembros\/#webpage","url":"https:\/\/epinut.umh.es\/miembros\/","name":"TEAM - Unidad de epidemiolog\u00eda de la nutrici\u00f3n","isPartOf":{"@id":"https:\/\/epinut.umh.es\/#website"},"primaryImageOfPage":{"@id":"https:\/\/epinut.umh.es\/miembros\/#primaryimage"},"datePublished":"2011-07-18T10:24:06+00:00","dateModified":"2025-12-10T09:18:17+00:00","breadcrumb":{"@id":"https:\/\/epinut.umh.es\/miembros\/#breadcrumb"},"inLanguage":"en-US","potentialAction":[{"@type":"ReadAction","target":["https:\/\/epinut.umh.es\/miembros\/"]}]},{"@type":"BreadcrumbList","@id":"https:\/\/epinut.umh.es\/miembros\/#breadcrumb","itemListElement":[{"@type":"ListItem","position":1,"name":"Home","item":"https:\/\/epinut.umh.es\/"},{"@type":"ListItem","position":2,"name":"EL EQUIPO"}]}]}},"_links":{"self":[{"href":"https:\/\/epinut.umh.es\/en\/wp-json\/wp\/v2\/pages\/26"}],"collection":[{"href":"https:\/\/epinut.umh.es\/en\/wp-json\/wp\/v2\/pages"}],"about":[{"href":"https:\/\/epinut.umh.es\/en\/wp-json\/wp\/v2\/types\/page"}],"author":[{"embeddable":true,"href":"https:\/\/epinut.umh.es\/en\/wp-json\/wp\/v2\/users\/6277"}],"replies":[{"embeddable":true,"href":"https:\/\/epinut.umh.es\/en\/wp-json\/wp\/v2\/comments?post=26"}],"version-history":[{"count":0,"href":"https:\/\/epinut.umh.es\/en\/wp-json\/wp\/v2\/pages\/26\/revisions"}],"wp:attachment":[{"href":"https:\/\/epinut.umh.es\/en\/wp-json\/wp\/v2\/media?parent=26"}],"curies":[{"name":"wp","href":"https:\/\/api.w.org\/{rel}","templated":true}]}}