{"id":35,"date":"2011-07-18T11:09:33","date_gmt":"2011-07-18T11:09:33","guid":{"rendered":"http:\/\/bibliodieta.umh.es\/?page_id=35"},"modified":"2026-02-09T12:22:31","modified_gmt":"2026-02-09T12:22:31","slug":"encv_orih","status":"publish","type":"page","link":"https:\/\/epinut.umh.es\/en\/proyectos-y-estudios\/encv_orih\/","title":{"rendered":"ENCUESTA DE NUTRICI\u00d3N Y SALUD DE ORIHUELA 1992"},"content":{"rendered":"<p><\/p>\n<h4><strong><span style=\"color: #008080\">DESCRIPTION OF STUDY<\/span><\/strong><\/h4>\n<hr \/>\n<p>b:hover {<br \/>\n    color: #008080;<br \/>\n}<\/p>\n<p>EPINUT undertook the challenge of designing and developing the Health Survey in the population of Orihuela. This project is a cross-sectional study, which gathered information about food and nutrient intake, and also other factors that may affect nutritional status and\/or food consumption.<\/p>\n<p>The general objective of the Orihuela Nutrition and Health Survey was to establish the nutritional status of the Orihuela population and three other nearby districts. In addition, this study was considered as a pilot project for the Valencian Community Nutrition and Health Survey (CVS).<\/p>\n<p>The main specific objectives of CVS were:<\/p>\n<ul>\n<li>To establish accurately the dietary intake patterns of the study population by age and gender.<\/li>\n<li>To collect somatometric data to complete the assessment of nutritional status.<\/li>\n<li>To gather information about factors as consumption of tobacco, health status and other habits and lifestyles that could be associated with nutritional status and\/or dietary intake to assess more accurately the nutritional and health status of this population.<\/li>\n<\/ul>\n<hr \/>\n<p>&nbsp;<\/p>\n<p>We collected information for the following variables:<\/p>\n<ul>\n<li>Dietary Survey Module:\n<ul>\n<li><span style=\"text-decoration: underline\"><span style=\"color: #000000\"><a style=\"color: #000000;text-decoration: underline\" href=\"http:\/\/epinut.umh.es\/en\/cfa-93-encv\/\"><b>Food Frequency Questionnaire of 93 items.<\/b><\/a><\/span><\/span><\/li>\n<li>24h Records.<\/li>\n<\/ul>\n<\/li>\n<li>Health and Lifestyles Module:\n<ul>\n<li>Self-report health status and personal pathological background (chronic diseases).<\/li>\n<li>Dental health<\/li>\n<li>Physical activity<\/li>\n<li>Consumption of tobacco and alcohol<\/li>\n<li>Consumption of drugs<\/li>\n<li>Brief reproductive history (only women)<\/li>\n<\/ul>\n<\/li>\n<li>Socio-demographic Module: Personal data, education level, employment status, marital status, economic income and certain family features.<\/li>\n<li>Anthropometry Module :\n<ul>\n<li>Weight<\/li>\n<li>Height<\/li>\n<li>Brachial circumference.<\/li>\n<li>Abdomen\/hip circumference.<\/li>\n<\/ul>\n<\/li>\n<\/ul>\n<p><strong>Publications related to this study:<\/strong><\/p>\n<p><span style=\"color: #000000\"><strong>1.- <\/strong><span style=\"text-decoration: underline\"><a style=\"color: #000000;text-decoration: underline\" href=\"http:\/\/epinut.umh.es\/files\/2012\/07\/Orihuela.pdf\" target=\"_blank\" rel=\"noopener\"><b>Book on Orihuela Nutrition and Health Survey<\/b><\/a><\/span><\/span><\/p>\n<hr \/>\n<p><span style=\"color: #000000\"><strong>2.-<\/strong>Vioque J, Vicente MC. <strong>The prevalence of obesity in Orihuela, Alicante, Spain. A comparison with the data from the National Health Care Survey in Spain.<\/strong>\u00a0<span style=\"color: #008080\"><a style=\"color: #008080\" href=\"http:\/\/www.ncbi.nlm.nih.gov\/pubmed?term=Vioque%20J%2C%20Vicente%20MC\" target=\"_blank\" rel=\"noopener\">Med Clin (Barc). 1994 Nov 12;103(16):636-7.<\/a><\/span><\/span><\/p>\n<p><strong><span style=\"color: #008080\"><a style=\"color: #008080\" href=\"http:\/\/epinut.umh.es\/en\/epinut\/estudios-y-colaboraciones\/\">&lt;&lt;Back<\/a><\/span><\/strong><\/p>","protected":false},"excerpt":{"rendered":"<p>DESCRIPTION OF STUDY b:hover { color: #008080; } EPINUT undertook the challenge of designing and developing the Health Survey in the population of Orihuela. This project is a cross-sectional study, which gathered information about food and nutrient intake, and also other factors that may affect nutritional status and\/or food consumption. The general objective of the [&hellip;]<\/p>\n","protected":false},"author":6277,"featured_media":0,"parent":2149,"menu_order":0,"comment_status":"closed","ping_status":"closed","template":"","meta":{"_et_pb_use_builder":"","_et_pb_old_content":"","_et_gb_content_width":"","_links_to":"","_links_to_target":""},"yoast_head":"<!-- This site is optimized with the Yoast SEO plugin v17.5 - https:\/\/yoast.com\/wordpress\/plugins\/seo\/ -->\n<title>ENCUESTA DE NUTRICI\u00d3N Y SALUD DE ORIHUELA 1992 - Unidad de epidemiolog\u00eda de la nutrici\u00f3n<\/title>\n<meta name=\"robots\" content=\"index, follow, max-snippet:-1, max-image-preview:large, max-video-preview:-1\" \/>\n<link rel=\"canonical\" href=\"https:\/\/epinut.umh.es\/en\/proyectos-y-estudios\/encv_orih\/\" \/>\n<meta property=\"og:locale\" content=\"en_US\" \/>\n<meta property=\"og:type\" content=\"article\" \/>\n<meta property=\"og:title\" content=\"ENCUESTA DE NUTRICI\u00d3N Y SALUD DE ORIHUELA 1992 - Unidad de epidemiolog\u00eda de la nutrici\u00f3n\" \/>\n<meta property=\"og:description\" content=\"DESCRIPTION OF STUDY b:hover { color: #008080; } EPINUT undertook the challenge of designing and developing the Health Survey in the population of Orihuela. This project is a cross-sectional study, which gathered information about food and nutrient intake, and also other factors that may affect nutritional status and\/or food consumption. The general objective of the [&hellip;]\" \/>\n<meta property=\"og:url\" content=\"https:\/\/epinut.umh.es\/en\/proyectos-y-estudios\/encv_orih\/\" \/>\n<meta property=\"og:site_name\" content=\"Unidad de epidemiolog\u00eda de la nutrici\u00f3n\" \/>\n<meta property=\"article:modified_time\" content=\"2026-02-09T12:22:31+00:00\" \/>\n<meta name=\"twitter:card\" content=\"summary\" \/>\n<meta name=\"twitter:label1\" content=\"Est. reading time\" \/>\n\t<meta name=\"twitter:data1\" content=\"3 minutes\" \/>\n<script type=\"application\/ld+json\" class=\"yoast-schema-graph\">{\"@context\":\"https:\/\/schema.org\",\"@graph\":[{\"@type\":\"WebSite\",\"@id\":\"https:\/\/epinut.umh.es\/en\/#website\",\"url\":\"https:\/\/epinut.umh.es\/en\/\",\"name\":\"Unidad de epidemiolog\\u00eda de la nutrici\\u00f3n\",\"description\":\"Universidad Miguel Hern\\u00e1ndez de Elche\",\"potentialAction\":[{\"@type\":\"SearchAction\",\"target\":{\"@type\":\"EntryPoint\",\"urlTemplate\":\"https:\/\/epinut.umh.es\/en\/?s={search_term_string}\"},\"query-input\":\"required name=search_term_string\"}],\"inLanguage\":\"en-US\"},{\"@type\":\"WebPage\",\"@id\":\"https:\/\/epinut.umh.es\/en\/proyectos-y-estudios\/encv_orih\/#webpage\",\"url\":\"https:\/\/epinut.umh.es\/en\/proyectos-y-estudios\/encv_orih\/\",\"name\":\"ENCUESTA DE NUTRICI\\u00d3N Y SALUD DE ORIHUELA 1992 - Unidad de epidemiolog\\u00eda de la nutrici\\u00f3n\",\"isPartOf\":{\"@id\":\"https:\/\/epinut.umh.es\/en\/#website\"},\"datePublished\":\"2011-07-18T11:09:33+00:00\",\"dateModified\":\"2026-02-09T12:22:31+00:00\",\"breadcrumb\":{\"@id\":\"https:\/\/epinut.umh.es\/en\/proyectos-y-estudios\/encv_orih\/#breadcrumb\"},\"inLanguage\":\"en-US\",\"potentialAction\":[{\"@type\":\"ReadAction\",\"target\":[\"https:\/\/epinut.umh.es\/en\/proyectos-y-estudios\/encv_orih\/\"]}]},{\"@type\":\"BreadcrumbList\",\"@id\":\"https:\/\/epinut.umh.es\/en\/proyectos-y-estudios\/encv_orih\/#breadcrumb\",\"itemListElement\":[{\"@type\":\"ListItem\",\"position\":1,\"name\":\"Home\",\"item\":\"https:\/\/epinut.umh.es\/\"},{\"@type\":\"ListItem\",\"position\":2,\"name\":\"Proyectos, estudios y colaboraciones de investigaci\\u00f3n\",\"item\":\"https:\/\/epinut.umh.es\/en\/proyectos-y-estudios\/\"},{\"@type\":\"ListItem\",\"position\":3,\"name\":\"ENCUESTA DE NUTRICI\\u00d3N Y SALUD DE ORIHUELA 1992\"}]}]}<\/script>\n<!-- \/ Yoast SEO plugin. -->","yoast_head_json":{"title":"ENCUESTA DE NUTRICI\u00d3N Y SALUD DE ORIHUELA 1992 - Unidad de epidemiolog\u00eda de la nutrici\u00f3n","robots":{"index":"index","follow":"follow","max-snippet":"max-snippet:-1","max-image-preview":"max-image-preview:large","max-video-preview":"max-video-preview:-1"},"canonical":"https:\/\/epinut.umh.es\/en\/proyectos-y-estudios\/encv_orih\/","og_locale":"en_US","og_type":"article","og_title":"ENCUESTA DE NUTRICI\u00d3N Y SALUD DE ORIHUELA 1992 - Unidad de epidemiolog\u00eda de la nutrici\u00f3n","og_description":"DESCRIPTION OF STUDY b:hover { color: #008080; } EPINUT undertook the challenge of designing and developing the Health Survey in the population of Orihuela. This project is a cross-sectional study, which gathered information about food and nutrient intake, and also other factors that may affect nutritional status and\/or food consumption. The general objective of the [&hellip;]","og_url":"https:\/\/epinut.umh.es\/en\/proyectos-y-estudios\/encv_orih\/","og_site_name":"Unidad de epidemiolog\u00eda de la nutrici\u00f3n","article_modified_time":"2026-02-09T12:22:31+00:00","twitter_card":"summary","twitter_misc":{"Est. reading time":"3 minutes"},"schema":{"@context":"https:\/\/schema.org","@graph":[{"@type":"WebSite","@id":"https:\/\/epinut.umh.es\/en\/#website","url":"https:\/\/epinut.umh.es\/en\/","name":"Unidad de epidemiolog\u00eda de la nutrici\u00f3n","description":"Universidad Miguel Hern\u00e1ndez de Elche","potentialAction":[{"@type":"SearchAction","target":{"@type":"EntryPoint","urlTemplate":"https:\/\/epinut.umh.es\/en\/?s={search_term_string}"},"query-input":"required name=search_term_string"}],"inLanguage":"en-US"},{"@type":"WebPage","@id":"https:\/\/epinut.umh.es\/en\/proyectos-y-estudios\/encv_orih\/#webpage","url":"https:\/\/epinut.umh.es\/en\/proyectos-y-estudios\/encv_orih\/","name":"ENCUESTA DE NUTRICI\u00d3N Y SALUD DE ORIHUELA 1992 - Unidad de epidemiolog\u00eda de la nutrici\u00f3n","isPartOf":{"@id":"https:\/\/epinut.umh.es\/en\/#website"},"datePublished":"2011-07-18T11:09:33+00:00","dateModified":"2026-02-09T12:22:31+00:00","breadcrumb":{"@id":"https:\/\/epinut.umh.es\/en\/proyectos-y-estudios\/encv_orih\/#breadcrumb"},"inLanguage":"en-US","potentialAction":[{"@type":"ReadAction","target":["https:\/\/epinut.umh.es\/en\/proyectos-y-estudios\/encv_orih\/"]}]},{"@type":"BreadcrumbList","@id":"https:\/\/epinut.umh.es\/en\/proyectos-y-estudios\/encv_orih\/#breadcrumb","itemListElement":[{"@type":"ListItem","position":1,"name":"Home","item":"https:\/\/epinut.umh.es\/"},{"@type":"ListItem","position":2,"name":"Proyectos, estudios y colaboraciones de investigaci\u00f3n","item":"https:\/\/epinut.umh.es\/en\/proyectos-y-estudios\/"},{"@type":"ListItem","position":3,"name":"ENCUESTA DE NUTRICI\u00d3N Y SALUD DE ORIHUELA 1992"}]}]}},"_links":{"self":[{"href":"https:\/\/epinut.umh.es\/en\/wp-json\/wp\/v2\/pages\/35"}],"collection":[{"href":"https:\/\/epinut.umh.es\/en\/wp-json\/wp\/v2\/pages"}],"about":[{"href":"https:\/\/epinut.umh.es\/en\/wp-json\/wp\/v2\/types\/page"}],"author":[{"embeddable":true,"href":"https:\/\/epinut.umh.es\/en\/wp-json\/wp\/v2\/users\/6277"}],"replies":[{"embeddable":true,"href":"https:\/\/epinut.umh.es\/en\/wp-json\/wp\/v2\/comments?post=35"}],"version-history":[{"count":0,"href":"https:\/\/epinut.umh.es\/en\/wp-json\/wp\/v2\/pages\/35\/revisions"}],"up":[{"embeddable":true,"href":"https:\/\/epinut.umh.es\/en\/wp-json\/wp\/v2\/pages\/2149"}],"wp:attachment":[{"href":"https:\/\/epinut.umh.es\/en\/wp-json\/wp\/v2\/media?parent=35"}],"curies":[{"name":"wp","href":"https:\/\/api.w.org\/{rel}","templated":true}]}}