{"id":371,"date":"2016-04-13T09:53:16","date_gmt":"2016-04-13T07:53:16","guid":{"rendered":"http:\/\/bibliodieta.umh.es\/?page_id=371"},"modified":"2018-07-09T07:51:13","modified_gmt":"2018-07-09T07:51:13","slug":"publicaciones-2010-2006","status":"publish","type":"page","link":"https:\/\/epinut.umh.es\/en\/proyectos-y-estudios\/publicaciones\/publicaciones-2010-2006\/","title":{"rendered":"PUBLICATIONS 2010-2006"},"content":{"rendered":"<p><\/p>\n<h2><strong><span style=\"color: #008080;\">2010<\/span><\/strong><\/h2>\n<hr \/>\n<p>76) Navarrete-Mu\u00f1oz EM, Gim\u00e9nez Monz\u00f3 D, Garc\u00eda de La Hera M, et al.\u00a0<strong>Folic acid intake from diet and supplements in a population of pregnant women in Valencia, Spain<\/strong>.\u00a0<span style=\"color: #008080;\"><a style=\"color: #008080;\" href=\"https:\/\/www.ncbi.nlm.nih.gov\/pubmed\/21070911\">Med Clin (Barc). 2010 Nov 13;135(14):637-43.<\/a><\/span><\/p>\n<hr \/>\n<p>75) Llop S, Ballester F, Vizcaino E, et al.<strong>\u00a0<\/strong><strong>Concentrations and determinants of organochlorine levels among pregnant women in Eastern Spain.<\/strong>\u00a0<span style=\"color: #008080;\"><a style=\"color: #008080;\" href=\"https:\/\/www.ncbi.nlm.nih.gov\/pubmed\/20832846\">Sci Total Environ. 2010 Nov 1;408(23):5758-67.<\/a><\/span><\/p>\n<hr \/>\n<p>74) Santiba\u00f1ez M, Vioque J, Alguacil J, et al.<strong>\u00a0<\/strong><strong>Occupational exposures and risk of pancreatic cancer.<\/strong>\u00a0<span style=\"color: #008080;\"><a style=\"color: #008080;\" href=\"https:\/\/www.ncbi.nlm.nih.gov\/pubmed\/20640489\">Eur J Epidemiol. 2010 Oct;25(10):721-30.<\/a><\/span><\/p>\n<hr \/>\n<p>73) Rodr\u00edguez-Bernal CL, Rebagliato M, I\u00f1iguez C, et al.<strong>\u00a0<\/strong><strong>Diet quality in early pregnancy and its effects on fetal growth outcomes: the Infancia y Medio Ambiente (Childhood and Environment) Mother and Child Cohort Study in Spain.<\/strong>\u00a0<span style=\"color: #008080;\"><a style=\"color: #008080;\" href=\"https:\/\/www.ncbi.nlm.nih.gov\/pubmed\/20410088\">Am J Clin Nutr. 2010 Jun;91(6):1659-66.<\/a><\/span><\/p>\n<hr \/>\n<p>72) Vioque J, Manuel Ramos J, Navarrete-Mu\u00f1oz EM, et al.<strong>\u00a0<\/strong><strong>Spanish scientific production in obesity research published in PubMed (1988-2007).<\/strong>\u00a0<span style=\"color: #008080;\"><a style=\"color: #008080;\" href=\"https:\/\/www.ncbi.nlm.nih.gov\/pubmed\/20381211\">Gac Sanit. 2010 May-Jun;24(3):225-32.<\/a><\/span><\/p>\n<hr \/>\n<p>71) Gasull M, Porta M, Pumarega J, et al.<strong>\u00a0<\/strong><strong>The relative influence of diet and serum concentrations of organochlorine compounds on K-ras mutations in exocrine pancreatic cancer.<\/strong>\u00a0<span style=\"color: #008080;\"><a style=\"color: #008080;\" href=\"https:\/\/www.ncbi.nlm.nih.gov\/pubmed\/20350743\">Chemosphere. 2010 Apr;79(7):686-97.<\/a><\/span><\/p>\n<hr \/>\n<p>70) Murcia M, Rebagliato M, Espada M, et al.<strong>\u00a0<\/strong><strong>Iodine intake in a population of pregnant women: INMA mother and child cohort study, Spain.<\/strong>\u00a0<span style=\"color: #008080;\"><a style=\"color: #008080;\" href=\"https:\/\/www.ncbi.nlm.nih.gov\/pubmed\/20008163\">J Epidemiol Community Health. 2010 Dec;64(12):1094-9.<\/a><\/span><\/p>\n<hr \/>\n<p>69) Rebagliato M, Murcia M, Espada M, et al.<strong>\u00a0<\/strong><strong>Iodine intake and maternal thyroid function during pregnancy.<\/strong>\u00a0<span style=\"color: #008080;\"><a style=\"color: #008080;\" href=\"https:\/\/www.ncbi.nlm.nih.gov\/pubmed\/19940773\">Epidemiology. 2010 Jan;21(1):62-9.<\/a><\/span><\/p>\n<hr \/>\n<p>68) Freire C, Ramos R, Lopez-Espinosa MJ, et al.<strong>\u00a0<\/strong><strong>Hair mercury levels, fish consumption, and cognitive development in preschool children from Granada, Spain.<\/strong>\u00a0<span style=\"color: #008080;\"><a style=\"color: #008080;\" href=\"https:\/\/www.ncbi.nlm.nih.gov\/pubmed\/19909946\">Environ Res. 2010 Jan;110(1):96-104.<\/a><\/span><\/p>\n<hr \/>\n<p>67) Vioque J, Ramos JM, Navarrete-Mu\u00f1oz EM, et al.<strong>\u00a0<\/strong><strong>A bibliometric study of scientific literature on obesity research in PubMed (1988-2007).<\/strong>\u00a0<span style=\"color: #008080;\"><a style=\"color: #008080;\" href=\"https:\/\/www.ncbi.nlm.nih.gov\/pubmed\/19754632\">Obes Rev. 2010 Aug;11(8):603-11.<\/a><\/span><\/p>\n<hr \/>\n<p>66) Mendiola J, Torres-Cantero AM, Vioque J, et al.<strong>\u00a0<\/strong><strong>A low intake of antioxidant nutrients is associated with poor semen quality in patients attending fertility clinics.<\/strong>\u00a0<span style=\"color: #008080;\"><a style=\"color: #008080;\" href=\"https:\/\/www.ncbi.nlm.nih.gov\/pubmed\/19147135\">Fertil Steril. 2010 Mar 1;93(4):1128-33<\/a><\/span><\/p>\n<hr \/>\n<h2><strong><span style=\"color: #008080;\">2009<\/span><\/strong><\/h2>\n<hr \/>\n<p>65) Ram\u00f3n R, Ballester F, Aguinagalde X, et al.<strong>\u00a0<\/strong><strong>Fish consumption during pregnancy, prenatal mercury exposure, and anthropometric measures at birth in a prospective mother-infant cohort study in Spain.<\/strong>\u00a0<span style=\"color: #008080;\"><a style=\"color: #008080;\" href=\"https:\/\/www.ncbi.nlm.nih.gov\/pubmed\/19710189\">Am J Clin Nutr. 2009 Oct;90(4):1047-55.<\/a><\/span><\/p>\n<hr \/>\n<p>64) Topouzis F, Anastasopoulos E, Augood C, et al.<strong>\u00a0<\/strong><strong>Association of diabetes with age-related macular degeneration in the EUREYE study.<\/strong>\u00a0<span style=\"color: #008080;\"><a style=\"color: #008080;\" href=\"https:\/\/www.ncbi.nlm.nih.gov\/pubmed\/19429584\">Br J Ophthalmol. 2009 Aug;93(8):1037-41.<\/a><\/span><\/p>\n<hr \/>\n<p>63) Delisle HF, Vioque J, Gil A.<strong>\u00a0<\/strong><strong>Dietary patterns and quality in West-African immigrants in Madrid.<\/strong>\u00a0<span style=\"color: #008080;\"><a style=\"color: #008080;\" href=\"https:\/\/www.ncbi.nlm.nih.gov\/pubmed\/19166606\">Nutr J. 2009 Jan 23;8:3.<\/a><\/span><\/p>\n<hr \/>\n<p>62) Ram\u00f3n R, Ballester F, I\u00f1iguez C, et al.<strong>\u00a0<\/strong><strong>Vegetable but not fruit intake during pregnancy is associated with newborn anthropometric measures.<\/strong>\u00a0<a href=\"https:\/\/www.ncbi.nlm.nih.gov\/pubmed\/19158218\"><span style=\"color: #008080;\">J Nutr. 2009 Mar;139(3):561-7<\/span>.<\/a><\/p>\n<hr \/>\n<h2><strong><span style=\"color: #008080;\">2008<\/span><\/strong><\/h2>\n<hr \/>\n<p>61) Fletcher AE, Bentham GC, Agnew M, et al.<strong>\u00a0<\/strong><strong>Sunlight exposure, antioxidants, and age-related macular degeneration.<\/strong>\u00a0<span style=\"color: #008080;\"><a style=\"color: #008080;\" href=\"https:\/\/www.ncbi.nlm.nih.gov\/pubmed\/18852418\">Arch Ophthalmol. 2008 Oct;126(10):1396-403.<\/a><\/span><\/p>\n<hr \/>\n<p>60) Augood C, Chakravarthy U, Young I, et al.<strong>\u00a0<\/strong><strong>Oily fish consumption, dietary docosahexaenoic acid and eicosapentaenoic acid intakes, and associations with neovascular age-related macular degeneration.<\/strong>\u00a0<span style=\"color: #008080;\"><a style=\"color: #008080;\" href=\"https:\/\/www.ncbi.nlm.nih.gov\/pubmed\/18689376\">Am J Clin Nutr. 2008 Aug;88(2):398-406.<\/a><\/span><\/p>\n<hr \/>\n<p>59) Vioque J, Barber X, Bolumar F, et al.<strong>\u00a0<\/strong><strong>Esophageal cancer risk by type of alcohol drinking and smoking: a case-control study in Spain.<\/strong>\u00a0<span style=\"color: #008080;\"><a style=\"color: #008080;\" href=\"https:\/\/www.ncbi.nlm.nih.gov\/pubmed\/18673563\">BMC Cancer. 2008 Aug 1;8:221.<\/a><\/span><\/p>\n<hr \/>\n<p>58) Santiba\u00f1ez M, Vioque J, Alguacil J, et al.<strong>\u00a0<\/strong><strong>Occupational exposures and risk of oesophageal cancer by histological type: a case-control study in eastern Spain.<\/strong>\u00a0<span style=\"color: #008080;\"><a style=\"color: #008080;\" href=\"https:\/\/www.ncbi.nlm.nih.gov\/pubmed\/18614460\">Occup Environ Med. 2008 Nov;65(11):774-81.<\/a><\/span><\/p>\n<hr \/>\n<p>57) Vioque J, Weinbrenner T, Castell\u00f3 A, et al.<strong>\u00a0<\/strong><strong>Intake of fruits and vegetables in relation to 10-year weight gain among Spanish adults.<\/strong>\u00a0<span style=\"color: #008080;\"><a style=\"color: #008080;\" href=\"https:\/\/www.ncbi.nlm.nih.gov\/pubmed\/18239583\">Obesity (Silver Spring). 2008 Mar;16(3):664-70.<\/a><\/span><\/p>\n<hr \/>\n<p>56) Chatzi L, Torrent M, Romieu I, et al.<strong>\u00a0<\/strong><strong>Mediterranean diet in pregnancy is protective for wheeze and atopy in childhood.<\/strong>\u00a0<span style=\"color: #008080;\"><a style=\"color: #008080;\" href=\"https:\/\/www.ncbi.nlm.nih.gov\/pubmed\/18198206\">Thorax. 2008 Jun;63(6):507-13.<\/a><\/span><\/p>\n<hr \/>\n<p>55) Ram\u00f3n R, Murcia M, Ballester F, et al.<strong>\u00a0<\/strong><strong>Prenatal exposure to mercury in a prospective mother-infant cohort study in a Mediterranean area, Valencia, Spain.<\/strong>\u00a0<span style=\"color: #008080;\"><a style=\"color: #008080;\" href=\"https:\/\/www.ncbi.nlm.nih.gov\/pubmed\/18155751\">Sci Total Environ. 2008 Mar 15;392(1):69-78.<\/a><\/span><\/p>\n<hr \/>\n<p>54) Ram\u00f3n R, Murcia M, Ballester F, et al.<strong>\u00a0<\/strong><strong>Prenatal exposure to mercury in a prospective mother-infant cohort study in a Mediterranean area, Valencia, Spain.<\/strong>\u00a0<span style=\"color: #008080;\"><a style=\"color: #008080;\" href=\"https:\/\/www.ncbi.nlm.nih.gov\/pubmed\/18155751\">Sci Total Environ. 2008 Mar 15;392(1):69-78.<\/a><\/span><\/p>\n<hr \/>\n<h2><strong><span style=\"color: #008080;\">2007<\/span><\/strong><\/h2>\n<hr \/>\n<p>53) Chatzi L, Torrent M, Romieu I, et al.<strong>\u00a0<\/strong><strong>Diet, wheeze, and atopy in school children in Menorca, Spain.<\/strong>\u00a0<span style=\"color: #008080;\"><a style=\"color: #008080;\" href=\"https:\/\/www.ncbi.nlm.nih.gov\/pubmed\/17680906\">Pediatr Allergy Immunol. 2007 Sep;18(6):480-5.<\/a><\/span><\/p>\n<hr \/>\n<p>52) Morales E, Porta M, Vioque J, et al.<strong>\u00a0<\/strong><strong>Food and nutrient intakes and K-ras mutations in exocrine pancreatic cancer.\u00a0<\/strong><span style=\"color: #008080;\"><a style=\"color: #008080;\" href=\"https:\/\/www.ncbi.nlm.nih.gov\/pubmed\/17568059\">J Epidemiol Community Health. 2007 Jul;61(7):641-9.<\/a><\/span><\/p>\n<hr \/>\n<p>51) Vioque J, Weinbrenner T, Asensio L, et al.<strong>\u00a0<\/strong><strong>Plasma concentrations of carotenoids and vitamin C are better correlated with dietary intake in normal weight than overweight and obese elderly subjects.<\/strong>\u00a0<span style=\"color: #008080;\"><a style=\"color: #008080;\" href=\"https:\/\/www.ncbi.nlm.nih.gov\/pubmed\/17408529\">Br J Nutr. 2007 May;97(5):977-86.<\/a><\/span><\/p>\n<hr \/>\n<p>50) Chakravarthy U, Augood C, Bentham GC, et al.<strong>\u00a0<\/strong><strong>Cigarette smoking and age-related macular degeneration in the EUREYE Study.<\/strong>\u00a0<span style=\"color: #008080;\"><a style=\"color: #008080;\" href=\"https:\/\/www.ncbi.nlm.nih.gov\/pubmed\/17337063\">Ophthalmology. 2007 Jun;114(6):1157-63.<\/a><\/span><\/p>\n<hr \/>\n<p>49) Ten J, Mendiola J, Vioque J, et al.<strong>\u00a0Donor oocyte dysmorphisms and their influence on fertilization and embryo quality.<\/strong>\u00a0<span style=\"color: #008080;\"><a style=\"color: #008080;\" href=\"https:\/\/www.ncbi.nlm.nih.gov\/pubmed\/17207330\">Reprod Biomed Online. 2007 Jan;14(1):40-8.<\/a><\/span><\/p>\n<hr \/>\n<p>48) Perez-Hoyos S, Rodr\u00edguez-Arenas MA, Garc\u00eda de la Hera M, et al.<strong>\u00a0<\/strong><strong>Progression to AIDS and death and response to HAART in men and women from a multicenter hospital-based cohort.<\/strong>\u00a0<span style=\"color: #008080;\"><a style=\"color: #008080;\" href=\"https:\/\/www.ncbi.nlm.nih.gov\/pubmed\/17903082\">J Womens Health (Larchmt). 2007 Sep;16(7):1052-61.<\/a><\/span><\/p>\n<hr \/>\n<p>47) Garc\u00eda de la Hera M.<strong>\u00a0<\/strong><strong>Female vulnerability in myocardial infarction.<\/strong><span style=\"color: #008080;\">\u00a0<a style=\"color: #008080;\" href=\"https:\/\/www.ncbi.nlm.nih.gov\/pubmed\/17288924\">Med Clin (Barc). 2007 Jan 27;128(3):97-9.<\/a><\/span><\/p>\n<hr \/>\n<p>46) Perez-Hoyos S, Rodr\u00edguez-Arenas MA, Garc\u00eda de la Hera M, et al.<strong>\u00a0<\/strong><strong>Progression to AIDS and death and response to HAART in men and women from a multicenter hospital-based cohort.<\/strong>\u00a0<span style=\"color: #008080;\"><a style=\"color: #008080;\" href=\"https:\/\/www.ncbi.nlm.nih.gov\/pubmed\/17903082\">J Womens Health (Larchmt). 2007 Sep;16(7):1052-61.<\/a><\/span><\/p>\n<hr \/>\n<h2><strong><span style=\"color: #008080;\">2006<\/span><\/strong><\/h2>\n<hr \/>\n<p>45) Weinbrenner T, Vioque J, Barber X, et al.<strong>\u00a0<\/strong><strong>Estimation of height and body mass index from demi-span in elderly individuals.<\/strong>\u00a0<span style=\"color: #008080;\"><a style=\"color: #008080;\" href=\"https:\/\/www.ncbi.nlm.nih.gov\/pubmed\/16974098\">Gerontology. 2006;52(5):275-81.<\/a><\/span><\/p>\n<hr \/>\n<p>44) Mendez MA, Vioque J, Porta M, et al.<strong>\u00a0<\/strong><strong>Estimating dietary intakes from a brief questionnaire: A simulation study of reliability in a molecular epidemiologic study of pancreatic and biliary diseases.<\/strong><span style=\"color: #008080;\">\u00a0<a style=\"color: #008080;\" href=\"https:\/\/www.ncbi.nlm.nih.gov\/pubmed\/16830172\">Eur J Epidemiol. 2006;21(6):417-26.<\/a><\/span><\/p>\n<hr \/>\n<p>43) Augood CA, Vingerling JR, de Jong PT, et al.<strong>\u00a0<\/strong><strong>Prevalence of age-related maculopathy in older Europeans: the European Eye Study (EUREYE).<\/strong>\u00a0<span style=\"color: #008080;\"><a style=\"color: #008080;\" href=\"https:\/\/www.ncbi.nlm.nih.gov\/pubmed\/16606879\">Arch Ophthalmol. 2006 Apr;124(4):529-35.<\/a><\/span><\/p>\n<hr \/>\n<p>42) Lumbreras B, Jarr\u00edn I, del Amo J, et al.<strong>\u00a0<\/strong><strong>Impact of hepatitis C infection on long-term mortality of injecting drug users from 1990 to 2002: differences before and after HAART.<\/strong>\u00a0<span style=\"color: #008080;\"><a style=\"color: #008080;\" href=\"https:\/\/www.ncbi.nlm.nih.gov\/pubmed\/16327326\">AIDS. 2006 Jan 2;20(1):111-6.<\/a><\/span><\/p>\n<hr \/>\n<p><strong style=\"font-size: 18px;\"><span style=\"color: #008080;\"><a style=\"color: #008080;\" href=\"http:\/\/epinut.umh.es\/%c2%bfquien-la-desarrolla\/publicaciones\/\">&lt;&lt;Back<\/a><\/span><\/strong><\/p>","protected":false},"excerpt":{"rendered":"<p>2010 76) Navarrete-Mu\u00f1oz EM, Gim\u00e9nez Monz\u00f3 D, Garc\u00eda de La Hera M, et al.\u00a0Folic acid intake from diet and supplements in a population of pregnant women in Valencia, Spain.\u00a0Med Clin (Barc). 2010 Nov 13;135(14):637-43. 75) Llop S, Ballester F, Vizcaino E, et al.\u00a0Concentrations and determinants of organochlorine levels among pregnant women in Eastern Spain.\u00a0Sci Total [&hellip;]<\/p>\n","protected":false},"author":6277,"featured_media":0,"parent":43,"menu_order":0,"comment_status":"closed","ping_status":"open","template":"templates\/template-onecolumn.php","meta":{"_et_pb_use_builder":"","_et_pb_old_content":"","_et_gb_content_width":"","_links_to":"","_links_to_target":""},"yoast_head":"<!-- This site is optimized with the Yoast SEO plugin v17.5 - https:\/\/yoast.com\/wordpress\/plugins\/seo\/ -->\n<title>PUBLICATIONS 2010-2006 - Unidad de epidemiolog\u00eda de la nutrici\u00f3n<\/title>\n<meta name=\"robots\" content=\"index, follow, max-snippet:-1, max-image-preview:large, max-video-preview:-1\" \/>\n<link rel=\"canonical\" href=\"https:\/\/epinut.umh.es\/en\/proyectos-y-estudios\/publicaciones\/publicaciones-2010-2006\/\" \/>\n<meta property=\"og:locale\" content=\"en_US\" \/>\n<meta property=\"og:type\" content=\"article\" \/>\n<meta property=\"og:title\" content=\"PUBLICATIONS 2010-2006 - Unidad de epidemiolog\u00eda de la nutrici\u00f3n\" \/>\n<meta property=\"og:description\" content=\"2010 76) Navarrete-Mu\u00f1oz EM, Gim\u00e9nez Monz\u00f3 D, Garc\u00eda de La Hera M, et al.\u00a0Folic acid intake from diet and supplements in a population of pregnant women in Valencia, Spain.\u00a0Med Clin (Barc). 2010 Nov 13;135(14):637-43. 75) Llop S, Ballester F, Vizcaino E, et al.\u00a0Concentrations and determinants of organochlorine levels among pregnant women in Eastern Spain.\u00a0Sci Total [&hellip;]\" \/>\n<meta property=\"og:url\" content=\"https:\/\/epinut.umh.es\/en\/proyectos-y-estudios\/publicaciones\/publicaciones-2010-2006\/\" \/>\n<meta property=\"og:site_name\" content=\"Unidad de epidemiolog\u00eda de la nutrici\u00f3n\" \/>\n<meta property=\"article:modified_time\" content=\"2018-07-09T07:51:13+00:00\" \/>\n<meta name=\"twitter:card\" content=\"summary\" \/>\n<meta name=\"twitter:label1\" content=\"Est. reading time\" \/>\n\t<meta name=\"twitter:data1\" content=\"10 minutes\" \/>\n<script type=\"application\/ld+json\" class=\"yoast-schema-graph\">{\"@context\":\"https:\/\/schema.org\",\"@graph\":[{\"@type\":\"WebSite\",\"@id\":\"https:\/\/epinut.umh.es\/en\/#website\",\"url\":\"https:\/\/epinut.umh.es\/en\/\",\"name\":\"Unidad de epidemiolog\\u00eda de la nutrici\\u00f3n\",\"description\":\"Universidad Miguel Hern\\u00e1ndez de Elche\",\"potentialAction\":[{\"@type\":\"SearchAction\",\"target\":{\"@type\":\"EntryPoint\",\"urlTemplate\":\"https:\/\/epinut.umh.es\/en\/?s={search_term_string}\"},\"query-input\":\"required name=search_term_string\"}],\"inLanguage\":\"en-US\"},{\"@type\":\"WebPage\",\"@id\":\"https:\/\/epinut.umh.es\/en\/proyectos-y-estudios\/publicaciones\/publicaciones-2010-2006\/#webpage\",\"url\":\"https:\/\/epinut.umh.es\/en\/proyectos-y-estudios\/publicaciones\/publicaciones-2010-2006\/\",\"name\":\"PUBLICATIONS 2010-2006 - Unidad de epidemiolog\\u00eda de la nutrici\\u00f3n\",\"isPartOf\":{\"@id\":\"https:\/\/epinut.umh.es\/en\/#website\"},\"datePublished\":\"2016-04-13T07:53:16+00:00\",\"dateModified\":\"2018-07-09T07:51:13+00:00\",\"breadcrumb\":{\"@id\":\"https:\/\/epinut.umh.es\/en\/proyectos-y-estudios\/publicaciones\/publicaciones-2010-2006\/#breadcrumb\"},\"inLanguage\":\"en-US\",\"potentialAction\":[{\"@type\":\"ReadAction\",\"target\":[\"https:\/\/epinut.umh.es\/en\/proyectos-y-estudios\/publicaciones\/publicaciones-2010-2006\/\"]}]},{\"@type\":\"BreadcrumbList\",\"@id\":\"https:\/\/epinut.umh.es\/en\/proyectos-y-estudios\/publicaciones\/publicaciones-2010-2006\/#breadcrumb\",\"itemListElement\":[{\"@type\":\"ListItem\",\"position\":1,\"name\":\"Home\",\"item\":\"https:\/\/epinut.umh.es\/\"},{\"@type\":\"ListItem\",\"position\":2,\"name\":\"Proyectos, estudios y colaboraciones de investigaci\\u00f3n\",\"item\":\"https:\/\/epinut.umh.es\/en\/proyectos-y-estudios\/\"},{\"@type\":\"ListItem\",\"position\":3,\"name\":\"Publications\",\"item\":\"https:\/\/epinut.umh.es\/en\/proyectos-y-estudios\/publicaciones\/\"},{\"@type\":\"ListItem\",\"position\":4,\"name\":\"PUBLICATIONS 2010-2006\"}]}]}<\/script>\n<!-- \/ Yoast SEO plugin. -->","yoast_head_json":{"title":"PUBLICATIONS 2010-2006 - Unidad de epidemiolog\u00eda de la nutrici\u00f3n","robots":{"index":"index","follow":"follow","max-snippet":"max-snippet:-1","max-image-preview":"max-image-preview:large","max-video-preview":"max-video-preview:-1"},"canonical":"https:\/\/epinut.umh.es\/en\/proyectos-y-estudios\/publicaciones\/publicaciones-2010-2006\/","og_locale":"en_US","og_type":"article","og_title":"PUBLICATIONS 2010-2006 - Unidad de epidemiolog\u00eda de la nutrici\u00f3n","og_description":"2010 76) Navarrete-Mu\u00f1oz EM, Gim\u00e9nez Monz\u00f3 D, Garc\u00eda de La Hera M, et al.\u00a0Folic acid intake from diet and supplements in a population of pregnant women in Valencia, Spain.\u00a0Med Clin (Barc). 2010 Nov 13;135(14):637-43. 75) Llop S, Ballester F, Vizcaino E, et al.\u00a0Concentrations and determinants of organochlorine levels among pregnant women in Eastern Spain.\u00a0Sci Total [&hellip;]","og_url":"https:\/\/epinut.umh.es\/en\/proyectos-y-estudios\/publicaciones\/publicaciones-2010-2006\/","og_site_name":"Unidad de epidemiolog\u00eda de la nutrici\u00f3n","article_modified_time":"2018-07-09T07:51:13+00:00","twitter_card":"summary","twitter_misc":{"Est. reading time":"10 minutes"},"schema":{"@context":"https:\/\/schema.org","@graph":[{"@type":"WebSite","@id":"https:\/\/epinut.umh.es\/en\/#website","url":"https:\/\/epinut.umh.es\/en\/","name":"Unidad de epidemiolog\u00eda de la nutrici\u00f3n","description":"Universidad Miguel Hern\u00e1ndez de Elche","potentialAction":[{"@type":"SearchAction","target":{"@type":"EntryPoint","urlTemplate":"https:\/\/epinut.umh.es\/en\/?s={search_term_string}"},"query-input":"required name=search_term_string"}],"inLanguage":"en-US"},{"@type":"WebPage","@id":"https:\/\/epinut.umh.es\/en\/proyectos-y-estudios\/publicaciones\/publicaciones-2010-2006\/#webpage","url":"https:\/\/epinut.umh.es\/en\/proyectos-y-estudios\/publicaciones\/publicaciones-2010-2006\/","name":"PUBLICATIONS 2010-2006 - Unidad de epidemiolog\u00eda de la nutrici\u00f3n","isPartOf":{"@id":"https:\/\/epinut.umh.es\/en\/#website"},"datePublished":"2016-04-13T07:53:16+00:00","dateModified":"2018-07-09T07:51:13+00:00","breadcrumb":{"@id":"https:\/\/epinut.umh.es\/en\/proyectos-y-estudios\/publicaciones\/publicaciones-2010-2006\/#breadcrumb"},"inLanguage":"en-US","potentialAction":[{"@type":"ReadAction","target":["https:\/\/epinut.umh.es\/en\/proyectos-y-estudios\/publicaciones\/publicaciones-2010-2006\/"]}]},{"@type":"BreadcrumbList","@id":"https:\/\/epinut.umh.es\/en\/proyectos-y-estudios\/publicaciones\/publicaciones-2010-2006\/#breadcrumb","itemListElement":[{"@type":"ListItem","position":1,"name":"Home","item":"https:\/\/epinut.umh.es\/"},{"@type":"ListItem","position":2,"name":"Proyectos, estudios y colaboraciones de investigaci\u00f3n","item":"https:\/\/epinut.umh.es\/en\/proyectos-y-estudios\/"},{"@type":"ListItem","position":3,"name":"Publications","item":"https:\/\/epinut.umh.es\/en\/proyectos-y-estudios\/publicaciones\/"},{"@type":"ListItem","position":4,"name":"PUBLICATIONS 2010-2006"}]}]}},"_links":{"self":[{"href":"https:\/\/epinut.umh.es\/en\/wp-json\/wp\/v2\/pages\/371"}],"collection":[{"href":"https:\/\/epinut.umh.es\/en\/wp-json\/wp\/v2\/pages"}],"about":[{"href":"https:\/\/epinut.umh.es\/en\/wp-json\/wp\/v2\/types\/page"}],"author":[{"embeddable":true,"href":"https:\/\/epinut.umh.es\/en\/wp-json\/wp\/v2\/users\/6277"}],"replies":[{"embeddable":true,"href":"https:\/\/epinut.umh.es\/en\/wp-json\/wp\/v2\/comments?post=371"}],"version-history":[{"count":0,"href":"https:\/\/epinut.umh.es\/en\/wp-json\/wp\/v2\/pages\/371\/revisions"}],"up":[{"embeddable":true,"href":"https:\/\/epinut.umh.es\/en\/wp-json\/wp\/v2\/pages\/43"}],"wp:attachment":[{"href":"https:\/\/epinut.umh.es\/en\/wp-json\/wp\/v2\/media?parent=371"}],"curies":[{"name":"wp","href":"https:\/\/api.w.org\/{rel}","templated":true}]}}