{"id":38,"date":"2011-07-18T11:51:12","date_gmt":"2011-07-18T11:51:12","guid":{"rendered":"http:\/\/bibliodieta.umh.es\/eureye\/"},"modified":"2026-02-09T12:23:23","modified_gmt":"2026-02-09T12:23:23","slug":"eureye","status":"publish","type":"page","link":"https:\/\/epinut.umh.es\/en\/proyectos-y-estudios\/eureye\/","title":{"rendered":"EUREYE"},"content":{"rendered":"<p><\/p>\n<h5><strong><span style=\"color: #008080\">DESCRIPTION<\/span><\/strong><\/h5>\n<hr \/>\n<p>b:hover {<br \/>\n    color: #008080;<br \/>\n}<\/p>\n<p>Age-related macular degeneration (AMD) is the most common cause of blind adults in many developed countries, including Europe. AMD is considered to represent the most severe form of a series of morphological changes in the retina that occur in the eye due to aging. It occurs predominantly in the older population, especially in those older than 70 years.<\/p>\n<p>The Eureye study is a European project on visual disability and age-related Macular Degeneration of the Retina whose main objectives were:<br \/>\n\u2022 Establish the prevalence of age-related maculopathy, including macular degeneration, and associated impairment of vision in the European setting.<br \/>\n\u2022 Measure the impact of these conditions on vision related to quality of life.<br \/>\n\u2022 Identify the environmental determinants of macular degeneration in the European environment, with special attention to solar radiation and antioxidants.<\/p>\n<h5><strong><span style=\"color: #008080\">METHODOLOGY<\/span><\/strong><\/h5>\n<hr \/>\n<p>EUREYE is a multicenter cross-sectional study of prevalence of macular degeneration in the elderly in seven European countries. Each center follows an identical protocol for the examination of the eyes and the evaluation of risk factors.<\/p>\n<p>The aim is to examine 800 people over 65 years of age in each of the seven centers, giving rise to a sample of 6000 people in whom a prevalence of AMD was detected from 2% \u00b1 0.5% to 95% confidence.<\/p>\n<p>Socio-demographic data, tobacco consumption habits, alcohol consumption, cardiovascular risk factors, history of eye disease, use of aspirin and other analgesics and, in women, reproductive history and the use of drug therapy were recorded. Hormone replacement<\/p>\n<p>The dietary intake during the last 12 months was evaluated in a semi-quantitative way by means of a Food Frequency Questionnaire (CFA). This questionnaire consists of 131 items and is a modification of the original questionnaire which included questions about whether the interviewee had made any special diet, the use of vitamin supplements and other fats.<br \/>\n<span style=\"text-decoration: underline;color: #333333\"><a style=\"color: #333333\" href=\"http:\/\/epinut.umh.es\/?p=12\"><b>Questionnaire.<\/b><\/a><\/span><\/p>\n<h5><strong><span style=\"color: #008080\">RESULTS<\/span><\/strong><\/h5>\n<hr \/>\n<p>It is estimated that 3.3% (95% CI: 2.5% to 4.1%) of the European population aged 65 or older suffers from AMD.<\/p>\n<p>The prevalence is 40% higher in women than in men. The prevalence increases sharply with age. If this figure applies to the entire European population over 65, this would indicate that approx. 2.1 million people with AMD among the first 15 countries of the EU or 2.5 million with the recent incorporation of the 10 nations.<\/p>\n<p>Our results confirm that visual impairment is frequent in the age group of 65 and over and that the risk of visual impairment, including low vision and blindness, increases sharply in the older age groups. Particularly noteworthy are the high levels of visual impairment in women (twice as much as in men).<\/p>\n<p>There was a marked decrease in the quality of life related to the increase in the degree of visual disability. People who were blind or had AMD had drastically reduced scores, particularly for near and far activities.<\/p>\n<p>To see the publications related to this study, <span style=\"text-decoration: underline;color: #333333\"><a style=\"color: #333333\" href=\"http:\/\/epinut.umh.es\/?p=956\"><b>click here<\/b><\/a><\/span><\/p>\n<hr \/>\n<p>This study was funded by the V EU Framework Program and the FIS 01 \/ 1692E. The principal investigator of the Spanish center was <strong>Jes\u00fas Vioque<\/strong> and the main researcher of the European project was <strong>Astrid Fletcher<\/strong>.<\/p>\n<hr \/>\n<p>&nbsp;<\/p>\n<p><a href=\"http:\/\/epinut.umh.es\/?p=34\"><strong><span style=\"color: #008080\">&lt;&lt; Back<\/span><\/strong><\/a><\/p>","protected":false},"excerpt":{"rendered":"<p>DESCRIPTION b:hover { color: #008080; } Age-related macular degeneration (AMD) is the most common cause of blind adults in many developed countries, including Europe. AMD is considered to represent the most severe form of a series of morphological changes in the retina that occur in the eye due to aging. It occurs predominantly in the [&hellip;]<\/p>\n","protected":false},"author":6277,"featured_media":0,"parent":2149,"menu_order":0,"comment_status":"closed","ping_status":"closed","template":"","meta":{"_et_pb_use_builder":"","_et_pb_old_content":"","_et_gb_content_width":"","_links_to":"","_links_to_target":""},"yoast_head":"<!-- This site is optimized with the Yoast SEO plugin v17.5 - https:\/\/yoast.com\/wordpress\/plugins\/seo\/ -->\n<title>EUREYE - Unidad de epidemiolog\u00eda de la nutrici\u00f3n<\/title>\n<meta name=\"robots\" content=\"index, follow, max-snippet:-1, max-image-preview:large, max-video-preview:-1\" \/>\n<link rel=\"canonical\" href=\"https:\/\/epinut.umh.es\/proyectos-y-estudios\/eureye\/\" \/>\n<meta property=\"og:locale\" content=\"en_US\" \/>\n<meta property=\"og:type\" content=\"article\" \/>\n<meta property=\"og:title\" content=\"EUREYE - Unidad de epidemiolog\u00eda de la nutrici\u00f3n\" \/>\n<meta property=\"og:description\" content=\"DESCRIPTION b:hover { color: #008080; } Age-related macular degeneration (AMD) is the most common cause of blind adults in many developed countries, including Europe. AMD is considered to represent the most severe form of a series of morphological changes in the retina that occur in the eye due to aging. It occurs predominantly in the [&hellip;]\" \/>\n<meta property=\"og:url\" content=\"https:\/\/epinut.umh.es\/proyectos-y-estudios\/eureye\/\" \/>\n<meta property=\"og:site_name\" content=\"Unidad de epidemiolog\u00eda de la nutrici\u00f3n\" \/>\n<meta property=\"article:modified_time\" content=\"2026-02-09T12:23:23+00:00\" \/>\n<meta name=\"twitter:card\" content=\"summary\" \/>\n<meta name=\"twitter:label1\" content=\"Est. reading time\" \/>\n\t<meta name=\"twitter:data1\" content=\"5 minutes\" \/>\n<script type=\"application\/ld+json\" class=\"yoast-schema-graph\">{\"@context\":\"https:\/\/schema.org\",\"@graph\":[{\"@type\":\"WebSite\",\"@id\":\"https:\/\/epinut.umh.es\/#website\",\"url\":\"https:\/\/epinut.umh.es\/\",\"name\":\"Unidad de epidemiolog\\u00eda de la nutrici\\u00f3n\",\"description\":\"Universidad Miguel Hern\\u00e1ndez de Elche\",\"potentialAction\":[{\"@type\":\"SearchAction\",\"target\":{\"@type\":\"EntryPoint\",\"urlTemplate\":\"https:\/\/epinut.umh.es\/?s={search_term_string}\"},\"query-input\":\"required name=search_term_string\"}],\"inLanguage\":\"en-US\"},{\"@type\":\"WebPage\",\"@id\":\"https:\/\/epinut.umh.es\/proyectos-y-estudios\/eureye\/#webpage\",\"url\":\"https:\/\/epinut.umh.es\/proyectos-y-estudios\/eureye\/\",\"name\":\"EUREYE - Unidad de epidemiolog\\u00eda de la nutrici\\u00f3n\",\"isPartOf\":{\"@id\":\"https:\/\/epinut.umh.es\/#website\"},\"datePublished\":\"2011-07-18T11:51:12+00:00\",\"dateModified\":\"2026-02-09T12:23:23+00:00\",\"breadcrumb\":{\"@id\":\"https:\/\/epinut.umh.es\/proyectos-y-estudios\/eureye\/#breadcrumb\"},\"inLanguage\":\"en-US\",\"potentialAction\":[{\"@type\":\"ReadAction\",\"target\":[\"https:\/\/epinut.umh.es\/proyectos-y-estudios\/eureye\/\"]}]},{\"@type\":\"BreadcrumbList\",\"@id\":\"https:\/\/epinut.umh.es\/proyectos-y-estudios\/eureye\/#breadcrumb\",\"itemListElement\":[{\"@type\":\"ListItem\",\"position\":1,\"name\":\"Home\",\"item\":\"https:\/\/epinut.umh.es\/\"},{\"@type\":\"ListItem\",\"position\":2,\"name\":\"Proyectos, estudios y colaboraciones de investigaci\\u00f3n\",\"item\":\"https:\/\/epinut.umh.es\/proyectos-y-estudios\/\"},{\"@type\":\"ListItem\",\"position\":3,\"name\":\"EUREYE\"}]}]}<\/script>\n<!-- \/ Yoast SEO plugin. -->","yoast_head_json":{"title":"EUREYE - Unidad de epidemiolog\u00eda de la nutrici\u00f3n","robots":{"index":"index","follow":"follow","max-snippet":"max-snippet:-1","max-image-preview":"max-image-preview:large","max-video-preview":"max-video-preview:-1"},"canonical":"https:\/\/epinut.umh.es\/proyectos-y-estudios\/eureye\/","og_locale":"en_US","og_type":"article","og_title":"EUREYE - Unidad de epidemiolog\u00eda de la nutrici\u00f3n","og_description":"DESCRIPTION b:hover { color: #008080; } Age-related macular degeneration (AMD) is the most common cause of blind adults in many developed countries, including Europe. AMD is considered to represent the most severe form of a series of morphological changes in the retina that occur in the eye due to aging. It occurs predominantly in the [&hellip;]","og_url":"https:\/\/epinut.umh.es\/proyectos-y-estudios\/eureye\/","og_site_name":"Unidad de epidemiolog\u00eda de la nutrici\u00f3n","article_modified_time":"2026-02-09T12:23:23+00:00","twitter_card":"summary","twitter_misc":{"Est. reading time":"5 minutes"},"schema":{"@context":"https:\/\/schema.org","@graph":[{"@type":"WebSite","@id":"https:\/\/epinut.umh.es\/#website","url":"https:\/\/epinut.umh.es\/","name":"Unidad de epidemiolog\u00eda de la nutrici\u00f3n","description":"Universidad Miguel Hern\u00e1ndez de Elche","potentialAction":[{"@type":"SearchAction","target":{"@type":"EntryPoint","urlTemplate":"https:\/\/epinut.umh.es\/?s={search_term_string}"},"query-input":"required name=search_term_string"}],"inLanguage":"en-US"},{"@type":"WebPage","@id":"https:\/\/epinut.umh.es\/proyectos-y-estudios\/eureye\/#webpage","url":"https:\/\/epinut.umh.es\/proyectos-y-estudios\/eureye\/","name":"EUREYE - Unidad de epidemiolog\u00eda de la nutrici\u00f3n","isPartOf":{"@id":"https:\/\/epinut.umh.es\/#website"},"datePublished":"2011-07-18T11:51:12+00:00","dateModified":"2026-02-09T12:23:23+00:00","breadcrumb":{"@id":"https:\/\/epinut.umh.es\/proyectos-y-estudios\/eureye\/#breadcrumb"},"inLanguage":"en-US","potentialAction":[{"@type":"ReadAction","target":["https:\/\/epinut.umh.es\/proyectos-y-estudios\/eureye\/"]}]},{"@type":"BreadcrumbList","@id":"https:\/\/epinut.umh.es\/proyectos-y-estudios\/eureye\/#breadcrumb","itemListElement":[{"@type":"ListItem","position":1,"name":"Home","item":"https:\/\/epinut.umh.es\/"},{"@type":"ListItem","position":2,"name":"Proyectos, estudios y colaboraciones de investigaci\u00f3n","item":"https:\/\/epinut.umh.es\/proyectos-y-estudios\/"},{"@type":"ListItem","position":3,"name":"EUREYE"}]}]}},"_links":{"self":[{"href":"https:\/\/epinut.umh.es\/en\/wp-json\/wp\/v2\/pages\/38"}],"collection":[{"href":"https:\/\/epinut.umh.es\/en\/wp-json\/wp\/v2\/pages"}],"about":[{"href":"https:\/\/epinut.umh.es\/en\/wp-json\/wp\/v2\/types\/page"}],"author":[{"embeddable":true,"href":"https:\/\/epinut.umh.es\/en\/wp-json\/wp\/v2\/users\/6277"}],"replies":[{"embeddable":true,"href":"https:\/\/epinut.umh.es\/en\/wp-json\/wp\/v2\/comments?post=38"}],"version-history":[{"count":0,"href":"https:\/\/epinut.umh.es\/en\/wp-json\/wp\/v2\/pages\/38\/revisions"}],"up":[{"embeddable":true,"href":"https:\/\/epinut.umh.es\/en\/wp-json\/wp\/v2\/pages\/2149"}],"wp:attachment":[{"href":"https:\/\/epinut.umh.es\/en\/wp-json\/wp\/v2\/media?parent=38"}],"curies":[{"name":"wp","href":"https:\/\/api.w.org\/{rel}","templated":true}]}}