{"id":40,"date":"2011-07-18T12:15:10","date_gmt":"2011-07-18T12:15:10","guid":{"rendered":"http:\/\/bibliodieta.umh.es\/herramientas\/"},"modified":"2018-07-13T08:01:01","modified_gmt":"2018-07-13T08:01:01","slug":"servicios","status":"publish","type":"page","link":"https:\/\/epinut.umh.es\/en\/servicios\/","title":{"rendered":"Services"},"content":{"rendered":"<p><\/p>\n<h1><strong><span style=\"color: #008080;\">SERVICES<\/span><\/strong><\/h1>\n<hr \/>\n<style>\nb:hover {\n    color: #008080;\n}\n<\/style>\n<h1><\/h1>\n<p><strong><span style=\"color: #008080;\">Counseling services<\/span><\/strong> are carried out in many aspects related to the epidemiology of nutrition, such as:<\/p>\n<ul>\n<li>Dietary assessment of all kind of epidemiological studies (case-control studies, nutrition surveys, cohort studies, etc.).<\/li>\n<li>Design of epidemiological studies.<\/li>\n<li>Creation and management databases.<\/li>\n<li>Nutritional analysis with MACRODIETA tool.<\/li>\n<li>Writing of nutritional reports.<\/li>\n<\/ul>\n<hr \/>\n<p>In addition to the advisory counseling we also have the <strong><span style=\"color: #008080;\">service of preparing<\/span><\/strong> various reports and questionnaires such as:<\/p>\n<ul>\n<li>Food Frequency Questionnaires (FFQ) validated to assess diet.<\/li>\n<li>Studies of FFQ validity.<\/li>\n<li>Instructions and access to platform for efficient data collection.<\/li>\n<li>Nutritional reports.<\/li>\n<\/ul>\n<hr \/>\n<p>Due to the great experience acquired in later years in various studies we offer the <strong><span style=\"color: #008080;\">training service<\/span><\/strong> of:<\/p>\n<ul>\n<li>Surveyors and researchers for field work and data analysis.<\/li>\n<\/ul>\n<hr \/>\n<hr \/>\n<p><strong><span style=\"color: #008080;\">MACRODIETA <\/span><\/strong> is software developed by the EPINUT group for nutritional analysis. This software allows researchers to measure:<\/p>\n<ul>\n<li><em>Food intake (portions or grams\/day).<\/em><\/li>\n<li><em>Nutrient intake, crude and adjusted by energy intake (Willet\u2019s or residual method).<\/em><\/li>\n<li><em>Food group intake pre-established ad hoc.<\/em><\/li>\n<li><em>Food quality indexes: Healthy diet (aHEI), Mediterrean diet (AMED).<\/em><\/li>\n<li><em>Personal intake reports according to recommendations.<\/em><\/li>\n<li><em>Food and people groups.<\/em><\/li>\n<li><em>Main foods related to a specific nutrient intake.<\/em><\/li>\n<\/ul>\n<hr \/>\n<hr \/>\n<p>For further information: <span style=\"text-decoration: underline; color: #333333;\"><a style=\"color: #333333; text-decoration: underline;\" href=\"https:\/\/epinut.umh.es\/en\/contacto\/\"><b>Contact<\/b><\/a><\/span><\/p>","protected":false},"excerpt":{"rendered":"<p>SERVICES Counseling services are carried out in many aspects related to the epidemiology of nutrition, such as: Dietary assessment of all kind of epidemiological studies (case-control studies, nutrition surveys, cohort studies, etc.). Design of epidemiological studies. Creation and management databases. Nutritional analysis with MACRODIETA tool. Writing of nutritional reports. In addition to the advisory counseling [&hellip;]<\/p>\n","protected":false},"author":6277,"featured_media":0,"parent":0,"menu_order":0,"comment_status":"closed","ping_status":"open","template":"templates\/template-onecolumn.php","meta":{"_et_pb_use_builder":"","_et_pb_old_content":"","_et_gb_content_width":"","_links_to":"","_links_to_target":""},"yoast_head":"<!-- This site is optimized with the Yoast SEO plugin v17.5 - https:\/\/yoast.com\/wordpress\/plugins\/seo\/ -->\n<title>Services - Unidad de epidemiolog\u00eda de la nutrici\u00f3n<\/title>\n<meta name=\"robots\" content=\"index, follow, max-snippet:-1, max-image-preview:large, max-video-preview:-1\" \/>\n<link rel=\"canonical\" href=\"https:\/\/epinut.umh.es\/servicios\/\" \/>\n<meta property=\"og:locale\" content=\"en_US\" \/>\n<meta property=\"og:type\" content=\"article\" \/>\n<meta property=\"og:title\" content=\"Services - Unidad de epidemiolog\u00eda de la nutrici\u00f3n\" \/>\n<meta property=\"og:description\" content=\"SERVICES Counseling services are carried out in many aspects related to the epidemiology of nutrition, such as: Dietary assessment of all kind of epidemiological studies (case-control studies, nutrition surveys, cohort studies, etc.). Design of epidemiological studies. Creation and management databases. Nutritional analysis with MACRODIETA tool. Writing of nutritional reports. In addition to the advisory counseling [&hellip;]\" \/>\n<meta property=\"og:url\" content=\"https:\/\/epinut.umh.es\/servicios\/\" \/>\n<meta property=\"og:site_name\" content=\"Unidad de epidemiolog\u00eda de la nutrici\u00f3n\" \/>\n<meta property=\"article:modified_time\" content=\"2018-07-13T08:01:01+00:00\" \/>\n<meta name=\"twitter:card\" content=\"summary\" \/>\n<meta name=\"twitter:label1\" content=\"Est. reading time\" \/>\n\t<meta name=\"twitter:data1\" content=\"2 minutes\" \/>\n<script type=\"application\/ld+json\" class=\"yoast-schema-graph\">{\"@context\":\"https:\/\/schema.org\",\"@graph\":[{\"@type\":\"WebSite\",\"@id\":\"https:\/\/epinut.umh.es\/#website\",\"url\":\"https:\/\/epinut.umh.es\/\",\"name\":\"Unidad de epidemiolog\\u00eda de la nutrici\\u00f3n\",\"description\":\"Universidad Miguel Hern\\u00e1ndez de Elche\",\"potentialAction\":[{\"@type\":\"SearchAction\",\"target\":{\"@type\":\"EntryPoint\",\"urlTemplate\":\"https:\/\/epinut.umh.es\/?s={search_term_string}\"},\"query-input\":\"required name=search_term_string\"}],\"inLanguage\":\"en-US\"},{\"@type\":\"WebPage\",\"@id\":\"https:\/\/epinut.umh.es\/servicios\/#webpage\",\"url\":\"https:\/\/epinut.umh.es\/servicios\/\",\"name\":\"Services - Unidad de epidemiolog\\u00eda de la nutrici\\u00f3n\",\"isPartOf\":{\"@id\":\"https:\/\/epinut.umh.es\/#website\"},\"datePublished\":\"2011-07-18T12:15:10+00:00\",\"dateModified\":\"2018-07-13T08:01:01+00:00\",\"breadcrumb\":{\"@id\":\"https:\/\/epinut.umh.es\/servicios\/#breadcrumb\"},\"inLanguage\":\"en-US\",\"potentialAction\":[{\"@type\":\"ReadAction\",\"target\":[\"https:\/\/epinut.umh.es\/servicios\/\"]}]},{\"@type\":\"BreadcrumbList\",\"@id\":\"https:\/\/epinut.umh.es\/servicios\/#breadcrumb\",\"itemListElement\":[{\"@type\":\"ListItem\",\"position\":1,\"name\":\"Home\",\"item\":\"https:\/\/epinut.umh.es\/\"},{\"@type\":\"ListItem\",\"position\":2,\"name\":\"Servicios\"}]}]}<\/script>\n<!-- \/ Yoast SEO plugin. -->","yoast_head_json":{"title":"Services - Unidad de epidemiolog\u00eda de la nutrici\u00f3n","robots":{"index":"index","follow":"follow","max-snippet":"max-snippet:-1","max-image-preview":"max-image-preview:large","max-video-preview":"max-video-preview:-1"},"canonical":"https:\/\/epinut.umh.es\/servicios\/","og_locale":"en_US","og_type":"article","og_title":"Services - Unidad de epidemiolog\u00eda de la nutrici\u00f3n","og_description":"SERVICES Counseling services are carried out in many aspects related to the epidemiology of nutrition, such as: Dietary assessment of all kind of epidemiological studies (case-control studies, nutrition surveys, cohort studies, etc.). Design of epidemiological studies. Creation and management databases. Nutritional analysis with MACRODIETA tool. Writing of nutritional reports. In addition to the advisory counseling [&hellip;]","og_url":"https:\/\/epinut.umh.es\/servicios\/","og_site_name":"Unidad de epidemiolog\u00eda de la nutrici\u00f3n","article_modified_time":"2018-07-13T08:01:01+00:00","twitter_card":"summary","twitter_misc":{"Est. reading time":"2 minutes"},"schema":{"@context":"https:\/\/schema.org","@graph":[{"@type":"WebSite","@id":"https:\/\/epinut.umh.es\/#website","url":"https:\/\/epinut.umh.es\/","name":"Unidad de epidemiolog\u00eda de la nutrici\u00f3n","description":"Universidad Miguel Hern\u00e1ndez de Elche","potentialAction":[{"@type":"SearchAction","target":{"@type":"EntryPoint","urlTemplate":"https:\/\/epinut.umh.es\/?s={search_term_string}"},"query-input":"required name=search_term_string"}],"inLanguage":"en-US"},{"@type":"WebPage","@id":"https:\/\/epinut.umh.es\/servicios\/#webpage","url":"https:\/\/epinut.umh.es\/servicios\/","name":"Services - Unidad de epidemiolog\u00eda de la nutrici\u00f3n","isPartOf":{"@id":"https:\/\/epinut.umh.es\/#website"},"datePublished":"2011-07-18T12:15:10+00:00","dateModified":"2018-07-13T08:01:01+00:00","breadcrumb":{"@id":"https:\/\/epinut.umh.es\/servicios\/#breadcrumb"},"inLanguage":"en-US","potentialAction":[{"@type":"ReadAction","target":["https:\/\/epinut.umh.es\/servicios\/"]}]},{"@type":"BreadcrumbList","@id":"https:\/\/epinut.umh.es\/servicios\/#breadcrumb","itemListElement":[{"@type":"ListItem","position":1,"name":"Home","item":"https:\/\/epinut.umh.es\/"},{"@type":"ListItem","position":2,"name":"Servicios"}]}]}},"_links":{"self":[{"href":"https:\/\/epinut.umh.es\/en\/wp-json\/wp\/v2\/pages\/40"}],"collection":[{"href":"https:\/\/epinut.umh.es\/en\/wp-json\/wp\/v2\/pages"}],"about":[{"href":"https:\/\/epinut.umh.es\/en\/wp-json\/wp\/v2\/types\/page"}],"author":[{"embeddable":true,"href":"https:\/\/epinut.umh.es\/en\/wp-json\/wp\/v2\/users\/6277"}],"replies":[{"embeddable":true,"href":"https:\/\/epinut.umh.es\/en\/wp-json\/wp\/v2\/comments?post=40"}],"version-history":[{"count":0,"href":"https:\/\/epinut.umh.es\/en\/wp-json\/wp\/v2\/pages\/40\/revisions"}],"wp:attachment":[{"href":"https:\/\/epinut.umh.es\/en\/wp-json\/wp\/v2\/media?parent=40"}],"curies":[{"name":"wp","href":"https:\/\/api.w.org\/{rel}","templated":true}]}}