{"id":43,"date":"2011-07-19T08:19:20","date_gmt":"2011-07-19T08:19:20","guid":{"rendered":"http:\/\/bibliodieta.umh.es\/publicaciones\/"},"modified":"2026-02-09T12:22:44","modified_gmt":"2026-02-09T12:22:44","slug":"publicaciones","status":"publish","type":"page","link":"https:\/\/epinut.umh.es\/en\/proyectos-y-estudios\/publicaciones\/","title":{"rendered":"Publications"},"content":{"rendered":"<p><\/p>\n<h2><strong><span style=\"color: #008080\">2018<\/span><\/strong><\/h2>\n<hr \/>\n<p>191) Galilea-Zabalza I, Buil-Cosiales P, Salas-Salvad\u00f3 J, et al.\u00a0<strong>Mediterranean diet and quality of life: Baseline cross-sectional analysis of the PREDIMED-PLUS trial.<\/strong>\u00a0<span style=\"color: #008080\"><a style=\"color: #008080\" href=\"https:\/\/www.ncbi.nlm.nih.gov\/pubmed\/29912978\">PLoS One. 2018 Jun 18;13(6):e0198974. doi: 10.1371\/journal.pone.0198974.<\/a><\/span><\/p>\n<hr \/>\n<p>190) Amor\u00f3s R, Murcia M, Gonz\u00e1lez L, et al.\u00a0<strong>Maternal selenium status and neuropsychological development in Spanish preschool children.<\/strong>\u00a0<span style=\"color: #008080\"><a style=\"color: #008080\" href=\"https:\/\/www.ncbi.nlm.nih.gov\/pubmed\/29890426\">Environ Res. 2018 Jun 8;166:215-222.<\/a><\/span><\/p>\n<hr \/>\n<p>189) Ferro A, Morais S, Rota M, et al.\u00a0<strong>Alcohol intake and gastric cancer: Meta-analyses of published data versus individual participant data pooled analyses (StoP Project).<\/strong><span style=\"color: #008080\">\u00a0<a style=\"color: #008080\" href=\"https:\/\/www.ncbi.nlm.nih.gov\/pubmed\/29727805\">Cancer Epidemiol. 2018 Jun;54:125-132.<\/a><\/span><\/p>\n<hr \/>\n<p>188) Ferro A, Morais S, Rota M, et al.\u00a0<strong>Tobacco smoking and gastric cancer: meta-analyses of published data versus pooled analyses of individual participant data (StoP Project).<\/strong>\u00a0<span style=\"color: #008080\"><a style=\"color: #008080\" href=\"https:\/\/www.ncbi.nlm.nih.gov\/pubmed\/29595756\">Eur J Cancer Prev. 2018 May;27(3):197-204.<\/a><\/span><\/p>\n<hr \/>\n<p>187) Navarrete-Mu\u00f1oz EM, Torres-Collado L, Valera-Gran D, et al.\u00a0<strong>Nutrition Labelling Use and Higher Adherence to Mediterranean Diet: Results from the DiSA-UMH Study.<\/strong>\u00a0<span style=\"color: #008080\"><a style=\"color: #008080\" href=\"https:\/\/www.ncbi.nlm.nih.gov\/pubmed\/29614009\">Nutrients. 2018 Apr 3;10(4). pii: E442.\u00a0<\/a><\/span><\/p>\n<hr \/>\n<p>186) NCD Risk Factor Collaboration.\u00a0<strong>Contributions of mean and shape of blood pressure distribution to worldwide trends and variations in raised blood pressure: a pooled analysis of 1018 population-based measurement studies with 88.6 million participants.<\/strong>\u00a0<span style=\"color: #008080\"><a style=\"color: #008080\" href=\"https:\/\/www.ncbi.nlm.nih.gov\/pubmed\/29579276\">Int J Epidemiol. 2018 Mar\u00a019.<\/a><\/span><\/p>\n<hr \/>\n<p>185) Praud D, Rota M, Pelucchi C, et al.\u00a0<strong>Cigarette smoking and gastric cancer in the Stomach Cancer Pooling (StoP) Project.<\/strong>\u00a0<span style=\"color: #008080\"><a style=\"color: #008080\" href=\"https:\/\/www.ncbi.nlm.nih.gov\/pubmed\/27560662\">Eur J Cancer Prev. 2018 Mar;27(2):124-133.\u00a0<\/a><\/span><\/p>\n<hr \/>\n<p>184) Murcia M, Espada M, Julvez J, et al.\u00a0<strong>Iodine intake from supplements and diet during pregnancy and child cognitive and motor development: the INMA Mother and Child Cohort Study.<\/strong>\u00a0<span style=\"color: #008080\"><a style=\"color: #008080\" href=\"https:\/\/www.ncbi.nlm.nih.gov\/pubmed\/29279360\">J Epidemiol Community Health. 2018 Mar;72(3):216-222.\u00a0<\/a><\/span><\/p>\n<hr \/>\n<p>183) Ballester F, I\u00f1iguez C, Murcia M, et al.\u00a0<strong>Prenatal exposure to mercury and longitudinally assessed fetal growth: Relation and effect modifiers.<\/strong>\u00a0<span style=\"color: #008080\"><a style=\"color: #008080\" href=\"https:\/\/www.ncbi.nlm.nih.gov\/pubmed\/28968527\">Environ Res. 2018 Jan;160:97-106.\u00a0<\/a><\/span><\/p>\n<hr \/>\n<p>182) Navarrete-Mu\u00f1oz EM, Tard\u00f3n A, Romaguera D, et al.\u00a0<strong>Food industry funding and epidemiologic research in public health nutrition.<\/strong><span style=\"color: #008080\">\u00a0<a style=\"color: #008080\" href=\"https:\/\/www.ncbi.nlm.nih.gov\/pubmed\/28595992\">Gac Sanit. 2018 Mar &#8211; Apr;32(2):168-171.\u00a0<\/a><\/span><\/p>\n<hr \/>\n<h6>181) Peralta GP, Forns J, Garc\u00eda de la Hera M, et al.\u00a0<strong>Sleeping, TV, Cognitively Stimulating Activities, Physical Activity, and Attention-Deficit Hyperactivity Disorder Symptom Incidence in Children: A Prospective Study<\/strong><strong>.<\/strong><span style=\"color: #008080\"><strong>\u00a0<\/strong><a style=\"color: #008080\" href=\"https:\/\/www.ncbi.nlm.nih.gov\/pubmed\/29261536\">J Dev Behav Pediatr. 2018 Apr;39(3):192-199.<\/a><\/span><\/h6>\n<hr \/>\n<h6><\/h6>\n<p><strong>&gt;&gt; Previous publications: <a style=\"color: #008080\" href=\"http:\/\/epinut.umh.es\/estudios-y-colaboraciones\/publicaciones\/publicaciones-2017a11\/\">2017-2011<\/a>;\u00a0 <a style=\"color: #008080\" href=\"http:\/\/epinut.umh.es\/?p=371\">2010-2006<\/a>; \u00a0<a style=\"color: #008080\" href=\"http:\/\/epinut.umh.es\/?p=44\">&lt;2006<\/a><\/strong><\/p>","protected":false},"excerpt":{"rendered":"<p>2018 191) Galilea-Zabalza I, Buil-Cosiales P, Salas-Salvad\u00f3 J, et al.\u00a0Mediterranean diet and quality of life: Baseline cross-sectional analysis of the PREDIMED-PLUS trial.\u00a0PLoS One. 2018 Jun 18;13(6):e0198974. doi: 10.1371\/journal.pone.0198974. 190) Amor\u00f3s R, Murcia M, Gonz\u00e1lez L, et al.\u00a0Maternal selenium status and neuropsychological development in Spanish preschool children.\u00a0Environ Res. 2018 Jun 8;166:215-222. 189) Ferro A, Morais S, [&hellip;]<\/p>\n","protected":false},"author":6277,"featured_media":0,"parent":2149,"menu_order":0,"comment_status":"closed","ping_status":"closed","template":"","meta":{"_et_pb_use_builder":"","_et_pb_old_content":"","_et_gb_content_width":"","_links_to":"","_links_to_target":""},"yoast_head":"<!-- This site is optimized with the Yoast SEO plugin v17.5 - https:\/\/yoast.com\/wordpress\/plugins\/seo\/ -->\n<title>Publications - Unidad de epidemiolog\u00eda de la nutrici\u00f3n<\/title>\n<meta name=\"robots\" content=\"index, follow, max-snippet:-1, max-image-preview:large, max-video-preview:-1\" \/>\n<link rel=\"canonical\" href=\"https:\/\/epinut.umh.es\/en\/proyectos-y-estudios\/publicaciones\/\" \/>\n<meta property=\"og:locale\" content=\"en_US\" \/>\n<meta property=\"og:type\" content=\"article\" \/>\n<meta property=\"og:title\" content=\"Publications - Unidad de epidemiolog\u00eda de la nutrici\u00f3n\" \/>\n<meta property=\"og:description\" content=\"2018 191) Galilea-Zabalza I, Buil-Cosiales P, Salas-Salvad\u00f3 J, et al.\u00a0Mediterranean diet and quality of life: Baseline cross-sectional analysis of the PREDIMED-PLUS trial.\u00a0PLoS One. 2018 Jun 18;13(6):e0198974. doi: 10.1371\/journal.pone.0198974. 190) Amor\u00f3s R, Murcia M, Gonz\u00e1lez L, et al.\u00a0Maternal selenium status and neuropsychological development in Spanish preschool children.\u00a0Environ Res. 2018 Jun 8;166:215-222. 189) Ferro A, Morais S, [&hellip;]\" \/>\n<meta property=\"og:url\" content=\"https:\/\/epinut.umh.es\/en\/proyectos-y-estudios\/publicaciones\/\" \/>\n<meta property=\"og:site_name\" content=\"Unidad de epidemiolog\u00eda de la nutrici\u00f3n\" \/>\n<meta property=\"article:modified_time\" content=\"2026-02-09T12:22:44+00:00\" \/>\n<meta name=\"twitter:card\" content=\"summary\" \/>\n<meta name=\"twitter:label1\" content=\"Est. reading time\" \/>\n\t<meta name=\"twitter:data1\" content=\"3 minutes\" \/>\n<script type=\"application\/ld+json\" class=\"yoast-schema-graph\">{\"@context\":\"https:\/\/schema.org\",\"@graph\":[{\"@type\":\"WebSite\",\"@id\":\"https:\/\/epinut.umh.es\/en\/#website\",\"url\":\"https:\/\/epinut.umh.es\/en\/\",\"name\":\"Unidad de epidemiolog\\u00eda de la nutrici\\u00f3n\",\"description\":\"Universidad Miguel Hern\\u00e1ndez de Elche\",\"potentialAction\":[{\"@type\":\"SearchAction\",\"target\":{\"@type\":\"EntryPoint\",\"urlTemplate\":\"https:\/\/epinut.umh.es\/en\/?s={search_term_string}\"},\"query-input\":\"required name=search_term_string\"}],\"inLanguage\":\"en-US\"},{\"@type\":\"WebPage\",\"@id\":\"https:\/\/epinut.umh.es\/en\/proyectos-y-estudios\/publicaciones\/#webpage\",\"url\":\"https:\/\/epinut.umh.es\/en\/proyectos-y-estudios\/publicaciones\/\",\"name\":\"Publications - Unidad de epidemiolog\\u00eda de la nutrici\\u00f3n\",\"isPartOf\":{\"@id\":\"https:\/\/epinut.umh.es\/en\/#website\"},\"datePublished\":\"2011-07-19T08:19:20+00:00\",\"dateModified\":\"2026-02-09T12:22:44+00:00\",\"breadcrumb\":{\"@id\":\"https:\/\/epinut.umh.es\/en\/proyectos-y-estudios\/publicaciones\/#breadcrumb\"},\"inLanguage\":\"en-US\",\"potentialAction\":[{\"@type\":\"ReadAction\",\"target\":[\"https:\/\/epinut.umh.es\/en\/proyectos-y-estudios\/publicaciones\/\"]}]},{\"@type\":\"BreadcrumbList\",\"@id\":\"https:\/\/epinut.umh.es\/en\/proyectos-y-estudios\/publicaciones\/#breadcrumb\",\"itemListElement\":[{\"@type\":\"ListItem\",\"position\":1,\"name\":\"Home\",\"item\":\"https:\/\/epinut.umh.es\/\"},{\"@type\":\"ListItem\",\"position\":2,\"name\":\"Proyectos, estudios y colaboraciones de investigaci\\u00f3n\",\"item\":\"https:\/\/epinut.umh.es\/en\/proyectos-y-estudios\/\"},{\"@type\":\"ListItem\",\"position\":3,\"name\":\"Publications\"}]}]}<\/script>\n<!-- \/ Yoast SEO plugin. -->","yoast_head_json":{"title":"Publications - Unidad de epidemiolog\u00eda de la nutrici\u00f3n","robots":{"index":"index","follow":"follow","max-snippet":"max-snippet:-1","max-image-preview":"max-image-preview:large","max-video-preview":"max-video-preview:-1"},"canonical":"https:\/\/epinut.umh.es\/en\/proyectos-y-estudios\/publicaciones\/","og_locale":"en_US","og_type":"article","og_title":"Publications - Unidad de epidemiolog\u00eda de la nutrici\u00f3n","og_description":"2018 191) Galilea-Zabalza I, Buil-Cosiales P, Salas-Salvad\u00f3 J, et al.\u00a0Mediterranean diet and quality of life: Baseline cross-sectional analysis of the PREDIMED-PLUS trial.\u00a0PLoS One. 2018 Jun 18;13(6):e0198974. doi: 10.1371\/journal.pone.0198974. 190) Amor\u00f3s R, Murcia M, Gonz\u00e1lez L, et al.\u00a0Maternal selenium status and neuropsychological development in Spanish preschool children.\u00a0Environ Res. 2018 Jun 8;166:215-222. 189) Ferro A, Morais S, [&hellip;]","og_url":"https:\/\/epinut.umh.es\/en\/proyectos-y-estudios\/publicaciones\/","og_site_name":"Unidad de epidemiolog\u00eda de la nutrici\u00f3n","article_modified_time":"2026-02-09T12:22:44+00:00","twitter_card":"summary","twitter_misc":{"Est. reading time":"3 minutes"},"schema":{"@context":"https:\/\/schema.org","@graph":[{"@type":"WebSite","@id":"https:\/\/epinut.umh.es\/en\/#website","url":"https:\/\/epinut.umh.es\/en\/","name":"Unidad de epidemiolog\u00eda de la nutrici\u00f3n","description":"Universidad Miguel Hern\u00e1ndez de Elche","potentialAction":[{"@type":"SearchAction","target":{"@type":"EntryPoint","urlTemplate":"https:\/\/epinut.umh.es\/en\/?s={search_term_string}"},"query-input":"required name=search_term_string"}],"inLanguage":"en-US"},{"@type":"WebPage","@id":"https:\/\/epinut.umh.es\/en\/proyectos-y-estudios\/publicaciones\/#webpage","url":"https:\/\/epinut.umh.es\/en\/proyectos-y-estudios\/publicaciones\/","name":"Publications - Unidad de epidemiolog\u00eda de la nutrici\u00f3n","isPartOf":{"@id":"https:\/\/epinut.umh.es\/en\/#website"},"datePublished":"2011-07-19T08:19:20+00:00","dateModified":"2026-02-09T12:22:44+00:00","breadcrumb":{"@id":"https:\/\/epinut.umh.es\/en\/proyectos-y-estudios\/publicaciones\/#breadcrumb"},"inLanguage":"en-US","potentialAction":[{"@type":"ReadAction","target":["https:\/\/epinut.umh.es\/en\/proyectos-y-estudios\/publicaciones\/"]}]},{"@type":"BreadcrumbList","@id":"https:\/\/epinut.umh.es\/en\/proyectos-y-estudios\/publicaciones\/#breadcrumb","itemListElement":[{"@type":"ListItem","position":1,"name":"Home","item":"https:\/\/epinut.umh.es\/"},{"@type":"ListItem","position":2,"name":"Proyectos, estudios y colaboraciones de investigaci\u00f3n","item":"https:\/\/epinut.umh.es\/en\/proyectos-y-estudios\/"},{"@type":"ListItem","position":3,"name":"Publications"}]}]}},"_links":{"self":[{"href":"https:\/\/epinut.umh.es\/en\/wp-json\/wp\/v2\/pages\/43"}],"collection":[{"href":"https:\/\/epinut.umh.es\/en\/wp-json\/wp\/v2\/pages"}],"about":[{"href":"https:\/\/epinut.umh.es\/en\/wp-json\/wp\/v2\/types\/page"}],"author":[{"embeddable":true,"href":"https:\/\/epinut.umh.es\/en\/wp-json\/wp\/v2\/users\/6277"}],"replies":[{"embeddable":true,"href":"https:\/\/epinut.umh.es\/en\/wp-json\/wp\/v2\/comments?post=43"}],"version-history":[{"count":0,"href":"https:\/\/epinut.umh.es\/en\/wp-json\/wp\/v2\/pages\/43\/revisions"}],"up":[{"embeddable":true,"href":"https:\/\/epinut.umh.es\/en\/wp-json\/wp\/v2\/pages\/2149"}],"wp:attachment":[{"href":"https:\/\/epinut.umh.es\/en\/wp-json\/wp\/v2\/media?parent=43"}],"curies":[{"name":"wp","href":"https:\/\/api.w.org\/{rel}","templated":true}]}}