{"id":44,"date":"2011-07-19T08:30:07","date_gmt":"2011-07-19T08:30:07","guid":{"rendered":"http:\/\/bibliodieta.umh.es\/publicaciones-anteriores-a-2006\/"},"modified":"2018-07-09T07:55:25","modified_gmt":"2018-07-09T07:55:25","slug":"publicaciones-anteriores-a-2006","status":"publish","type":"page","link":"https:\/\/epinut.umh.es\/en\/proyectos-y-estudios\/publicaciones\/publicaciones-anteriores-a-2006\/","title":{"rendered":"PUBLICATIONS BEFORE 2006"},"content":{"rendered":"<p><\/p>\n<h2><strong><span style=\"color: #008080;\">2005<\/span><\/strong><\/h2>\n<hr \/>\n<p>41) Gil A, Vioque J, Torija E.\u00a0<strong>Usual diet in Bubis, a rural immigrant population of African origin in Madrid.<span style=\"color: #008080;\">\u00a0<\/span><\/strong><span style=\"color: #008080;\"><a style=\"color: #008080;\" href=\"https:\/\/www.ncbi.nlm.nih.gov\/pubmed\/15647096\">J Hum Nutr Diet. 2005 Feb;18(1):25-32.<\/a><\/span><\/p>\n<hr \/>\n<h2><strong><span style=\"color: #008080;\">2004<\/span><\/strong><\/h2>\n<hr \/>\n<p>40) Ahumada M, Vioque J.\u00a0<strong>Prevalence and risk factors of varicose veins in adults.\u00a0<\/strong><span style=\"color: #008080;\"><a style=\"color: #008080;\" href=\"https:\/\/www.ncbi.nlm.nih.gov\/pubmed\/15563798\">Med Clin (Barc). 2004 Nov 13;123(17):647-51.<\/a><\/span><\/p>\n<hr \/>\n<p>39)Augood C, Fletcher A, Bentham G, et al.\u00a0<strong>Methods for a population-based study of the prevalence of and risk factors for age-related maculopathy and macular degeneration in elderly European populations: the EUREYE study.\u00a0<\/strong><span style=\"color: #008080;\"><a style=\"color: #008080;\" href=\"https:\/\/www.ncbi.nlm.nih.gov\/pubmed\/15255027\">Ophthalmic Epidemiol. 2004 Apr;11(2):117-29.<\/a><\/span><\/p>\n<hr \/>\n<p>38) Garc\u00eda de la Hera M, Ferreros I, del Amo J, et al.\u00a0<strong>Gender differences in progression to AIDS and death from HIV seroconversion in a cohort of injecting drug users from 1986 to 2001.\u00a0<\/strong><span style=\"color: #008080;\"><a style=\"color: #008080;\" href=\"https:\/\/www.ncbi.nlm.nih.gov\/pubmed\/15483312\">J Epidemiol Community Health. 2004 Nov;58(11):944-50<\/a>.<\/span><\/p>\n<hr \/>\n<h2><strong><span style=\"color: #008080;\">2003<\/span><\/strong><\/h2>\n<hr \/>\n<p>37) Porta M, Vioque J, Ayude D, et al.\u00a0<strong>Coffee drinking: the rationale for treating it as a potential effect modifier of carcinogenic exposures.\u00a0<\/strong><span style=\"color: #008080;\"><a style=\"color: #008080;\" href=\"https:\/\/www.ncbi.nlm.nih.gov\/pubmed\/12803368\">Eur J Epidemiol. 2003;18(4):289-98. Review.<\/a><\/span><\/p>\n<hr \/>\n<p>36) Aranceta J, P\u00e9rez Rodrigo C, Serra Majem L, et al.\u00a0<strong>Prevalence of obesity in Spain: results of the SEEDO 2000 study.\u00a0<\/strong><span style=\"color: #008080;\"><a style=\"color: #008080;\" href=\"https:\/\/www.ncbi.nlm.nih.gov\/pubmed\/12732125\">Med Clin (Barc). 2003 May 3;120(16):608-12.<\/a><\/span><\/p>\n<hr \/>\n<p>35) P\u00e9rez-Hoyos S, Ferreros I, del Amo J, et al.<strong>\u00a0Imputation of the date of HIV seroconversion in cohorts of haemophiliacs<\/strong>.<strong>\u00a0<\/strong><span style=\"color: #008080;\"><a style=\"color: #008080;\" href=\"https:\/\/www.ncbi.nlm.nih.gov\/pubmed\/14670254\">Gac Sanit. 2003 Nov-Dec;17(6):474-82.<\/a><\/span><\/p>\n<hr \/>\n<p>34) Garc\u00eda de la Hera M, Ruiz I, P\u00e9rez-Hoyos S, et al.<strong>\u00a0Health services utilization according to gender in a cohort of intravenous drug users infected with HIV.\u00a0<\/strong><span style=\"color: #008080;\"><a style=\"color: #008080;\" href=\"https:\/\/www.ncbi.nlm.nih.gov\/pubmed\/12716541\">Med Clin (Barc). 2003 Apr 12;120(13):489-93.<\/a><\/span><\/p>\n<hr \/>\n<h2><strong><span style=\"color: #008080;\">2002<\/span><\/strong><\/h2>\n<hr \/>\n<p>33) Vioque J.<strong>\u00a0Where are you, odds ratio? Where are you, control group?.\u00a0<\/strong><span style=\"color: #008080;\"><a style=\"color: #008080;\" href=\"https:\/\/www.ncbi.nlm.nih.gov\/pubmed\/12084375\">Med Clin (Barc). 2002 Jun 15;119(2):75; author reply 75-6.<\/a><\/span><\/p>\n<hr \/>\n<p>32) Porta M, Kogevinas M, Zumeta E, et al.<strong>\u00a0Concentrations of persistent toxic compounds in the Spanish population: a puzzle without pieces and the protection of public health.\u00a0<\/strong><span style=\"color: #008080;\"><a style=\"color: #008080;\" href=\"https:\/\/www.ncbi.nlm.nih.gov\/pubmed\/12057183\">Gac Sanit. 2002 May-Jun;16(3):257-66. Review.<\/a><\/span><\/p>\n<hr \/>\n<p>31) Valero MP, Fletcher AE, De Stavola BL, et al.<strong>\u00a0Vitamin C is associated with reduced risk of cataract in a Mediterranean population.\u00a0<\/strong><span style=\"color: #008080;\"><a style=\"color: #008080;\" href=\"https:\/\/www.ncbi.nlm.nih.gov\/pubmed\/12042450\">J Nutr. 2002 Jun;132(6):1299-306.<\/a><\/span><\/p>\n<hr \/>\n<h2><strong><span style=\"color: #008080;\">2001<\/span><\/strong><\/h2>\n<hr \/>\n<p>30) Perez LH, Gutierrez LA, Vioque J,\u00a0et al.<strong>\u00a0Relation between overweight, diabetes, stress and hypertension: a case-control study in Yarumal&#8211;Antioquia, Colombia.\u00a0<\/strong><span style=\"color: #008080;\"><a style=\"color: #008080;\" href=\"https:\/\/www.ncbi.nlm.nih.gov\/pubmed\/11680548\">Eur J Epidemiol. 2001;17(3):275-80.<\/a><\/span><\/p>\n<hr \/>\n<p>29) Alvarez Le\u00f3n EE, Vioque J.<strong>\u00a0Weight gain along adult life.\u00a0<\/strong><span style=\"color: #008080;\"><a style=\"color: #008080;\" href=\"https:\/\/www.ncbi.nlm.nih.gov\/pubmed\/11481084\">Med Clin (Barc). 2001 Jul 7;117(5):172-4.<\/a><\/span><\/p>\n<hr \/>\n<p>28) Hern\u00e1ndez Aguado I, Lumbreras B, Vioque J.<strong>\u00a0Evaluation of reactive strip for diagnosis of urinary infection in children and adults.\u00a0<\/strong><span style=\"color: #008080;\"><a style=\"color: #008080;\" href=\"https:\/\/www.ncbi.nlm.nih.gov\/pubmed\/11459583\">Med Clin (Barc). 2001 Jun 23;117(3):117.<\/a><\/span><\/p>\n<hr \/>\n<p>27) Aranceta J, Perez-Rodrigo C, Serra-Majem L,\u00a0et al.<strong>\u00a0Influence of sociodemographic factors in the prevalence of obesity in Spain. The SEEDO&#8217;97 Study.\u00a0<\/strong><span style=\"color: #008080;\"><a style=\"color: #008080;\" href=\"https:\/\/www.ncbi.nlm.nih.gov\/pubmed\/11423919\">Eur J Clin Nutr. 2001 Jun;55(6):430-5.<\/a><\/span><\/p>\n<hr \/>\n<p>26) Garc\u00eda De La Hera M, Fern\u00e1ndez Garc\u00eda E, Hern\u00e1ndez-Aguado I,\u00a0et al.<strong>\u00a0Changes in condom use among a cohort of prostitutes.\u00a0<\/strong><span style=\"color: #008080;\"><a style=\"color: #008080;\" href=\"https:\/\/www.ncbi.nlm.nih.gov\/pubmed\/11423024\">Gac Sanit. 2001 May-Jun;15(3):209-16.<\/a><\/span><\/p>\n<hr \/>\n<h2><strong><span style=\"color: #008080;\">2000<\/span><\/strong><\/h2>\n<hr \/>\n<p>25) Vioque J, Torres A, Quiles J.<strong>\u00a0Time spent watching television, sleep duration and obesity in adults living in Valencia, Spain.\u00a0<\/strong><span style=\"color: #008080;\"><a style=\"color: #008080;\" href=\"https:\/\/www.ncbi.nlm.nih.gov\/pubmed\/11126224\">Int J Obes Relat Metab Disord. 2000 Dec;24(12):1683-8.<\/a><\/span><\/p>\n<hr \/>\n<p>24) Vioque J, Quiles J, Garc\u00eda de la Hera M,\u00a0et al.<strong>\u00a0Folic acid ingestion and associated factors in adult women 15-44 years of age in the Valencian Community.\u00a0<\/strong><span style=\"color: #008080;\"><a style=\"color: #008080;\" href=\"https:\/\/www.ncbi.nlm.nih.gov\/pubmed\/10786360\">Med Clin (Barc). 2000 Mar 25;114(11):414-6.<\/a><\/span><\/p>\n<hr \/>\n<h2><strong><span style=\"color: #008080;\">1999<\/span><\/strong><\/h2>\n<hr \/>\n<p>23) Hern\u00e1ndez-Aguado I, Avi\u00f1o MJ, P\u00e9rez-Hoyos S,\u00a0et al.<strong>\u00a0Human immunodeficiency virus (HIV) infection in parenteral drug users: evolution of the epidemic over 10 years. Valencian Epidemiology and Prevention of HIV Disease Study Group.\u00a0<\/strong><span style=\"color: #008080;\"><a style=\"color: #008080;\" href=\"https:\/\/www.ncbi.nlm.nih.gov\/pubmed\/10342700\">Int J Epidemiol. 1999 Apr;28(2):335-40.<\/a><\/span><\/p>\n<hr \/>\n<h2><strong><span style=\"color: #008080;\">1998<\/span><\/strong><\/h2>\n<hr \/>\n<p>22) Vioque J, Hern\u00e1ndez-Aguado I, Fernandez Garc\u00eda E,\u00a0et al.<strong>\u00a0Prospective cohort study of female sex workers and the risk of HIV infection in Alicante, Spain (1986-96).\u00a0<\/strong><span style=\"color: #008080;\"><a style=\"color: #008080;\" href=\"https:\/\/www.ncbi.nlm.nih.gov\/pubmed\/9924471\">Sex Transm Infect. 1998 Aug;74(4):284-8.<\/a><\/span><\/p>\n<hr \/>\n<p>21) Aranceta J, P\u00e9rez Rodrigo C, Serra Majem,\u00a0et al.\u00a0<strong>Prevalence of obesity in Spain: the SEEDO&#8217;97 study. Spanish Collaborative Group for the Study of Obesity.\u00a0<\/strong><span style=\"color: #008080;\"><a style=\"color: #008080;\" href=\"https:\/\/www.ncbi.nlm.nih.gov\/pubmed\/9842529\">Med Clin (Barc). 1998 Oct 17;111(12):441-5.<\/a><\/span><\/p>\n<hr \/>\n<p>20) Compa\u00f1 L, Vioque J, Hern\u00e1ndez-Aguado I, et al.\u00a0<strong>Factors associated with the knowledge, treatment, and control of arterial hypertension in an adult population of the community of Valencia.\u00a0<\/strong><span style=\"color: #008080;\"><a style=\"color: #008080;\" href=\"https:\/\/www.ncbi.nlm.nih.gov\/pubmed\/9670580\">Aten Primaria. 1998 May 15;21(8):527-33.<\/a><\/span><\/p>\n<hr \/>\n<p>19) Compa\u00f1 Barco L, Vioque J, Quiles J, et al.\u00a0<strong>Prevalence and control of arterial hypertension in the adult population of the Valencian community, 1994.\u00a0<\/strong><span style=\"color: #008080;\"><a style=\"color: #008080;\" href=\"https:\/\/www.ncbi.nlm.nih.gov\/pubmed\/9580505\">Med Clin (Barc). 1998 Mar 14;110(9):328-33.<\/a><\/span><\/p>\n<hr \/>\n<p>18) Quiles J, Vioque J.\u00a0<strong>Prevalence of obesity in the Valencian community.\u00a0<\/strong><span style=\"color: #008080;\"><a style=\"color: #008080;\" href=\"https:\/\/www.ncbi.nlm.nih.gov\/pubmed\/9567263\">Med Clin (Barc). 1998 Mar 7;110(8):319.<\/a><\/span><\/p>\n<hr \/>\n<h2><strong><span style=\"color: #008080;\">1997<\/span><\/strong><\/h2>\n<hr \/>\n<p>17) Vioque J, Ferrer PJ, Bol\u00famar F.\u00a0<strong>Income, percent of women living in rural areas, parity, and breast cancer mortality in Spain, 1975-1991.\u00a0<\/strong><span style=\"color: #008080;\"><a style=\"color: #008080;\" href=\"https:\/\/www.ncbi.nlm.nih.gov\/pubmed\/9064415\">Med Clin (Barc). 1997 Jan 18;108(2):41-4.<\/a><\/span><\/p>\n<hr \/>\n<h2><strong><span style=\"color: #008080;\">1996<\/span><\/strong><\/h2>\n<hr \/>\n<p>16) Porta M, Bolumar F, Hernandez I, et al.\u00a0<strong>N of 1 trials. Research is needed into why such trials are not more widely used.\u00a0<\/strong><span style=\"color: #008080;\"><a style=\"color: #008080;\" href=\"https:\/\/www.ncbi.nlm.nih.gov\/pubmed\/8761252\">BMJ. 1996 Aug 17;313(7054):427.<\/a><\/span><\/p>\n<hr \/>\n<p>15) Quiles Izquierdo J, Vioque J.\u00a0<strong>Validity of notified anthropometric data for determining the prevalence of obesity.<\/strong>\u00a0<span style=\"color: #008080;\"><a style=\"color: #008080;\" href=\"https:\/\/www.ncbi.nlm.nih.gov\/pubmed\/8801383\">Med Clin (Barc). 1996 May 18;106(19):725-9.<\/a><\/span><\/p>\n<hr \/>\n<p>14) Quiles Izquierdo J, Vioque J.\u00a0<strong>Prevalence of obesity in the Valencia community.<\/strong>\u00a0<span style=\"color: #008080;\"><a style=\"color: #008080;\" href=\"https:\/\/www.ncbi.nlm.nih.gov\/pubmed\/8656741\">Med Clin (Barc). 1996 Apr 13;106(14):529-33.<\/a><\/span><\/p>\n<hr \/>\n<h2><strong><span style=\"color: #008080;\">1995<\/span><\/strong><\/h2>\n<hr \/>\n<p>13) Navarro Garc\u00eda JF, Vioque J, Cuch\u00ed Alfaro C, et al.\u00a0<strong>Survival in cancer of the breast in Zaragoza (1960-1990) in relation to age, clinical stage and period of time of the diagnosis.<\/strong>\u00a0<span style=\"color: #008080;\"><a style=\"color: #008080;\" href=\"https:\/\/www.ncbi.nlm.nih.gov\/pubmed\/8523952\">Med Clin (Barc). 1995 Dec 2;105(19):721-7.<\/a><\/span><\/p>\n<hr \/>\n<p>12) Vioque J, Egea CM, Porta M.\u00a0<strong>Stomach cancer mortality in Spain: an ecological analysis of diet, altitude, latitude, and income.<\/strong>\u00a0<span style=\"color: #008080;\"><a style=\"color: #008080;\" href=\"https:\/\/www.ncbi.nlm.nih.gov\/pubmed\/7650472\">J Epidemiol Community Health. 1995 Aug;49(4):441-2<\/a><\/span><\/p>\n<hr \/>\n<p>11) Vioque J, Fenollar J.\u00a0<strong>The distribution of cervical cancer mortality in Spain (1981-1986). An ecological study.<\/strong>\u00a0<span style=\"color: #008080;\"><a style=\"color: #008080;\" href=\"https:\/\/www.ncbi.nlm.nih.gov\/pubmed\/7700087\">Med Clin (Barc). 1995 Mar 4;104(8):287-92.<\/a><\/span><\/p>\n<hr \/>\n<h2><strong><span style=\"color: #008080;\">1994<\/span><\/strong><\/h2>\n<hr \/>\n<p>10) Vioque J, Vicente MC.<strong>\u00a0The prevalence of obesity in Orihuela, Alicante, Spain. A comparison with the data from the National Health Care Survey in Spain.<\/strong>\u00a0<span style=\"color: #008080;\"><a style=\"color: #008080;\" href=\"https:\/\/www.ncbi.nlm.nih.gov\/pubmed\/7996923\">Med Clin (Barc). 1994 Nov 12;103(16):636-7.<\/a><\/span><\/p>\n<hr \/>\n<h2><strong><span style=\"color: #008080;\">1993<\/span><\/strong><\/h2>\n<hr \/>\n<p>9) Garc\u00eda E, Vioque J.\u00a0<strong>Vaccination coverage in the districts of the city of Castellon and the relationship with sociodemographic factors: an ecologic study.<\/strong>\u00a0<span style=\"color: #008080;\"><a style=\"color: #008080;\" href=\"https:\/\/www.ncbi.nlm.nih.gov\/pubmed\/8412398\">Med Clin (Barc). 1993 Sep 25;101(9):333-7.<\/a><\/span><\/p>\n<hr \/>\n<p>8) Vioque J, Navarro Gracia JF, Millas Ros J, et al.\u00a0<strong>The evolution and prediction of the incidence of breast cancer in Zaragoza, 1961-2000.<\/strong>\u00a0<span style=\"color: #008080;\"><a style=\"color: #008080;\" href=\"https:\/\/www.ncbi.nlm.nih.gov\/pubmed\/8315970\">Med Clin (Barc). 1993 May 29;101(1):12-7.<\/a><\/span><\/p>\n<hr \/>\n<h2><strong><span style=\"color: #008080;\">1991<\/span><\/strong><\/h2>\n<hr \/>\n<p>7) Cayuela A, Vioque J, Bolumar F.\u00a0<strong>Oesophageal cancer mortality: relationship with alcohol intake and cigarette smoking in Spain.<\/strong>\u00a0<a href=\"https:\/\/www.ncbi.nlm.nih.gov\/pubmed\/1795145\"><span style=\"color: #008080;\">J Epidemiol Community Health. 1991 Dec;45(4):273-6.<\/span><\/a><\/p>\n<hr \/>\n<p>6) Vioque J, Walker AM.\u00a0<strong>Pancreatic cancer and ABO blood types: a study of cases and controls.<\/strong>\u00a0<span style=\"color: #008080;\"><a style=\"color: #008080;\" href=\"https:\/\/www.ncbi.nlm.nih.gov\/pubmed\/1875761\">Med Clin (Barc). 1991 May 25;96(20):761-4.<\/a><\/span><\/p>\n<hr \/>\n<p>5) Bolumar F, Vioque J, Cayuela A.\u00a0<strong>Changing mortality patterns for major cancers in Spain, 1951-1985.<\/strong>\u00a0<span style=\"color: #008080;\"><a style=\"color: #008080;\" href=\"https:\/\/www.ncbi.nlm.nih.gov\/pubmed\/2066221\">Int J Epidemiol. 1991 Mar;20(1):20-5.<\/a><\/span><\/p>\n<hr \/>\n<p>4) Cayuela A, Vioque J, Rodr\u00edguez-Arce A,\u00a0et al.\u00a0<strong>Geographic differences in mortality from digestive tumors in Spain, 1980-1984.<\/strong>\u00a0<span style=\"color: #008080;\"><a style=\"color: #008080;\" href=\"https:\/\/www.ncbi.nlm.nih.gov\/pubmed\/1800444\">Gac Sanit. 1991 Mar-Apr;5(23):72-81.<\/a><\/span><\/p>\n<hr \/>\n<h2><strong><span style=\"color: #008080;\">1990<\/span><\/strong><\/h2>\n<hr \/>\n<p>3) Longnecker MP, Orza MJ, Adams ME,\u00a0et al.\u00a0<strong>A meta-analysis of alcoholic beverage consumption in relation to risk of colorectal cancer.<\/strong>\u00a0<span style=\"color: #008080;\"><a style=\"color: #008080;\" href=\"https:\/\/www.ncbi.nlm.nih.gov\/pubmed\/2151680\">Cancer Causes Control. 1990 Jul;1(1):59-68.<\/a><\/span><\/p>\n<hr \/>\n<p>2) Vioque J, Gonz\u00e1lez S\u00e1ez L, Cayuela Dom\u00ednguez A.\u00a0<strong>Cancer of the pancreas: an ecologic study.<\/strong>\u00a0<span style=\"color: #008080;\"><a style=\"color: #008080;\" href=\"https:\/\/www.ncbi.nlm.nih.gov\/pubmed\/2250529\">Med Clin (Barc). 1990 Jun 23;95(4):121-5.<\/a><\/span><\/p>\n<hr \/>\n<h2><strong><span style=\"color: #008080;\">1987<\/span><\/strong><\/h2>\n<hr \/>\n<p>1) Vioque J, Bolumar F.\u00a0<strong>Trends in mortality from lung cancer in Spain, 1951-80.<\/strong>\u00a0<span style=\"color: #008080;\"><a style=\"color: #008080;\" href=\"https:\/\/www.ncbi.nlm.nih.gov\/pubmed\/3668465\">J Epidemiol Community Health. 1987 Mar;41(1):74-8.<\/a><\/span><\/p>\n<hr \/>\n<p><strong><span style=\"color: #008080;\"><a style=\"color: #008080;\" href=\"http:\/\/epinut.umh.es\/en\/epinut\/publicaciones\/\">&lt;&lt; Back<\/a><\/span><\/strong><\/p>","protected":false},"excerpt":{"rendered":"<p>2005 41) Gil A, Vioque J, Torija E.\u00a0Usual diet in Bubis, a rural immigrant population of African origin in Madrid.\u00a0J Hum Nutr Diet. 2005 Feb;18(1):25-32. 2004 40) Ahumada M, Vioque J.\u00a0Prevalence and risk factors of varicose veins in adults.\u00a0Med Clin (Barc). 2004 Nov 13;123(17):647-51. 39)Augood C, Fletcher A, Bentham G, et al.\u00a0Methods for a population-based [&hellip;]<\/p>\n","protected":false},"author":6277,"featured_media":0,"parent":43,"menu_order":0,"comment_status":"closed","ping_status":"closed","template":"templates\/template-onecolumn.php","meta":{"_et_pb_use_builder":"","_et_pb_old_content":"","_et_gb_content_width":"","_links_to":"","_links_to_target":""},"yoast_head":"<!-- This site is optimized with the Yoast SEO plugin v17.5 - https:\/\/yoast.com\/wordpress\/plugins\/seo\/ -->\n<title>PUBLICATIONS BEFORE 2006 - Unidad de epidemiolog\u00eda de la nutrici\u00f3n<\/title>\n<meta name=\"robots\" content=\"index, follow, max-snippet:-1, max-image-preview:large, max-video-preview:-1\" \/>\n<link rel=\"canonical\" href=\"https:\/\/epinut.umh.es\/en\/proyectos-y-estudios\/publicaciones\/publicaciones-anteriores-a-2006\/\" \/>\n<meta property=\"og:locale\" content=\"en_US\" \/>\n<meta property=\"og:type\" content=\"article\" \/>\n<meta property=\"og:title\" content=\"PUBLICATIONS BEFORE 2006 - Unidad de epidemiolog\u00eda de la nutrici\u00f3n\" \/>\n<meta property=\"og:description\" content=\"2005 41) Gil A, Vioque J, Torija E.\u00a0Usual diet in Bubis, a rural immigrant population of African origin in Madrid.\u00a0J Hum Nutr Diet. 2005 Feb;18(1):25-32. 2004 40) Ahumada M, Vioque J.\u00a0Prevalence and risk factors of varicose veins in adults.\u00a0Med Clin (Barc). 2004 Nov 13;123(17):647-51. 39)Augood C, Fletcher A, Bentham G, et al.\u00a0Methods for a population-based [&hellip;]\" \/>\n<meta property=\"og:url\" content=\"https:\/\/epinut.umh.es\/en\/proyectos-y-estudios\/publicaciones\/publicaciones-anteriores-a-2006\/\" \/>\n<meta property=\"og:site_name\" content=\"Unidad de epidemiolog\u00eda de la nutrici\u00f3n\" \/>\n<meta property=\"article:modified_time\" content=\"2018-07-09T07:55:25+00:00\" \/>\n<meta name=\"twitter:card\" content=\"summary\" \/>\n<meta name=\"twitter:label1\" content=\"Est. reading time\" \/>\n\t<meta name=\"twitter:data1\" content=\"11 minutes\" \/>\n<script type=\"application\/ld+json\" class=\"yoast-schema-graph\">{\"@context\":\"https:\/\/schema.org\",\"@graph\":[{\"@type\":\"WebSite\",\"@id\":\"https:\/\/epinut.umh.es\/en\/#website\",\"url\":\"https:\/\/epinut.umh.es\/en\/\",\"name\":\"Unidad de epidemiolog\\u00eda de la nutrici\\u00f3n\",\"description\":\"Universidad Miguel Hern\\u00e1ndez de Elche\",\"potentialAction\":[{\"@type\":\"SearchAction\",\"target\":{\"@type\":\"EntryPoint\",\"urlTemplate\":\"https:\/\/epinut.umh.es\/en\/?s={search_term_string}\"},\"query-input\":\"required name=search_term_string\"}],\"inLanguage\":\"en-US\"},{\"@type\":\"WebPage\",\"@id\":\"https:\/\/epinut.umh.es\/en\/proyectos-y-estudios\/publicaciones\/publicaciones-anteriores-a-2006\/#webpage\",\"url\":\"https:\/\/epinut.umh.es\/en\/proyectos-y-estudios\/publicaciones\/publicaciones-anteriores-a-2006\/\",\"name\":\"PUBLICATIONS BEFORE 2006 - Unidad de epidemiolog\\u00eda de la nutrici\\u00f3n\",\"isPartOf\":{\"@id\":\"https:\/\/epinut.umh.es\/en\/#website\"},\"datePublished\":\"2011-07-19T08:30:07+00:00\",\"dateModified\":\"2018-07-09T07:55:25+00:00\",\"breadcrumb\":{\"@id\":\"https:\/\/epinut.umh.es\/en\/proyectos-y-estudios\/publicaciones\/publicaciones-anteriores-a-2006\/#breadcrumb\"},\"inLanguage\":\"en-US\",\"potentialAction\":[{\"@type\":\"ReadAction\",\"target\":[\"https:\/\/epinut.umh.es\/en\/proyectos-y-estudios\/publicaciones\/publicaciones-anteriores-a-2006\/\"]}]},{\"@type\":\"BreadcrumbList\",\"@id\":\"https:\/\/epinut.umh.es\/en\/proyectos-y-estudios\/publicaciones\/publicaciones-anteriores-a-2006\/#breadcrumb\",\"itemListElement\":[{\"@type\":\"ListItem\",\"position\":1,\"name\":\"Home\",\"item\":\"https:\/\/epinut.umh.es\/\"},{\"@type\":\"ListItem\",\"position\":2,\"name\":\"Proyectos, estudios y colaboraciones de investigaci\\u00f3n\",\"item\":\"https:\/\/epinut.umh.es\/en\/proyectos-y-estudios\/\"},{\"@type\":\"ListItem\",\"position\":3,\"name\":\"Publications\",\"item\":\"https:\/\/epinut.umh.es\/en\/proyectos-y-estudios\/publicaciones\/\"},{\"@type\":\"ListItem\",\"position\":4,\"name\":\"PUBLICATIONS BEFORE 2006\"}]}]}<\/script>\n<!-- \/ Yoast SEO plugin. -->","yoast_head_json":{"title":"PUBLICATIONS BEFORE 2006 - Unidad de epidemiolog\u00eda de la nutrici\u00f3n","robots":{"index":"index","follow":"follow","max-snippet":"max-snippet:-1","max-image-preview":"max-image-preview:large","max-video-preview":"max-video-preview:-1"},"canonical":"https:\/\/epinut.umh.es\/en\/proyectos-y-estudios\/publicaciones\/publicaciones-anteriores-a-2006\/","og_locale":"en_US","og_type":"article","og_title":"PUBLICATIONS BEFORE 2006 - Unidad de epidemiolog\u00eda de la nutrici\u00f3n","og_description":"2005 41) Gil A, Vioque J, Torija E.\u00a0Usual diet in Bubis, a rural immigrant population of African origin in Madrid.\u00a0J Hum Nutr Diet. 2005 Feb;18(1):25-32. 2004 40) Ahumada M, Vioque J.\u00a0Prevalence and risk factors of varicose veins in adults.\u00a0Med Clin (Barc). 2004 Nov 13;123(17):647-51. 39)Augood C, Fletcher A, Bentham G, et al.\u00a0Methods for a population-based [&hellip;]","og_url":"https:\/\/epinut.umh.es\/en\/proyectos-y-estudios\/publicaciones\/publicaciones-anteriores-a-2006\/","og_site_name":"Unidad de epidemiolog\u00eda de la nutrici\u00f3n","article_modified_time":"2018-07-09T07:55:25+00:00","twitter_card":"summary","twitter_misc":{"Est. reading time":"11 minutes"},"schema":{"@context":"https:\/\/schema.org","@graph":[{"@type":"WebSite","@id":"https:\/\/epinut.umh.es\/en\/#website","url":"https:\/\/epinut.umh.es\/en\/","name":"Unidad de epidemiolog\u00eda de la nutrici\u00f3n","description":"Universidad Miguel Hern\u00e1ndez de Elche","potentialAction":[{"@type":"SearchAction","target":{"@type":"EntryPoint","urlTemplate":"https:\/\/epinut.umh.es\/en\/?s={search_term_string}"},"query-input":"required name=search_term_string"}],"inLanguage":"en-US"},{"@type":"WebPage","@id":"https:\/\/epinut.umh.es\/en\/proyectos-y-estudios\/publicaciones\/publicaciones-anteriores-a-2006\/#webpage","url":"https:\/\/epinut.umh.es\/en\/proyectos-y-estudios\/publicaciones\/publicaciones-anteriores-a-2006\/","name":"PUBLICATIONS BEFORE 2006 - Unidad de epidemiolog\u00eda de la nutrici\u00f3n","isPartOf":{"@id":"https:\/\/epinut.umh.es\/en\/#website"},"datePublished":"2011-07-19T08:30:07+00:00","dateModified":"2018-07-09T07:55:25+00:00","breadcrumb":{"@id":"https:\/\/epinut.umh.es\/en\/proyectos-y-estudios\/publicaciones\/publicaciones-anteriores-a-2006\/#breadcrumb"},"inLanguage":"en-US","potentialAction":[{"@type":"ReadAction","target":["https:\/\/epinut.umh.es\/en\/proyectos-y-estudios\/publicaciones\/publicaciones-anteriores-a-2006\/"]}]},{"@type":"BreadcrumbList","@id":"https:\/\/epinut.umh.es\/en\/proyectos-y-estudios\/publicaciones\/publicaciones-anteriores-a-2006\/#breadcrumb","itemListElement":[{"@type":"ListItem","position":1,"name":"Home","item":"https:\/\/epinut.umh.es\/"},{"@type":"ListItem","position":2,"name":"Proyectos, estudios y colaboraciones de investigaci\u00f3n","item":"https:\/\/epinut.umh.es\/en\/proyectos-y-estudios\/"},{"@type":"ListItem","position":3,"name":"Publications","item":"https:\/\/epinut.umh.es\/en\/proyectos-y-estudios\/publicaciones\/"},{"@type":"ListItem","position":4,"name":"PUBLICATIONS BEFORE 2006"}]}]}},"_links":{"self":[{"href":"https:\/\/epinut.umh.es\/en\/wp-json\/wp\/v2\/pages\/44"}],"collection":[{"href":"https:\/\/epinut.umh.es\/en\/wp-json\/wp\/v2\/pages"}],"about":[{"href":"https:\/\/epinut.umh.es\/en\/wp-json\/wp\/v2\/types\/page"}],"author":[{"embeddable":true,"href":"https:\/\/epinut.umh.es\/en\/wp-json\/wp\/v2\/users\/6277"}],"replies":[{"embeddable":true,"href":"https:\/\/epinut.umh.es\/en\/wp-json\/wp\/v2\/comments?post=44"}],"version-history":[{"count":0,"href":"https:\/\/epinut.umh.es\/en\/wp-json\/wp\/v2\/pages\/44\/revisions"}],"up":[{"embeddable":true,"href":"https:\/\/epinut.umh.es\/en\/wp-json\/wp\/v2\/pages\/43"}],"wp:attachment":[{"href":"https:\/\/epinut.umh.es\/en\/wp-json\/wp\/v2\/media?parent=44"}],"curies":[{"name":"wp","href":"https:\/\/api.w.org\/{rel}","templated":true}]}}