{"id":569,"date":"2017-11-20T08:07:15","date_gmt":"2017-11-20T08:07:15","guid":{"rendered":"http:\/\/bibliodieta.edu-desarrollo.umh.es\/?page_id=569"},"modified":"2018-07-02T14:24:00","modified_gmt":"2018-07-02T14:24:00","slug":"569-2","status":"publish","type":"page","link":"https:\/\/epinut.umh.es\/en\/569-2\/","title":{"rendered":"Sandra Gonz\u00e1lez Palacios"},"content":{"rendered":"<p><\/p>\n<p style=\"text-align: center;\"><img loading=\"lazy\" class=\"alignnone size-medium wp-image-544\" src=\"http:\/\/bibliodieta.edu.umh.es\/files\/2017\/11\/Sandra-Gonz\u00e1lez-Palacios-300x300.jpg\" alt=\"Sandra Gonz\u00e1lez Palacios\" width=\"300\" height=\"300\" srcset=\"https:\/\/epinut.umh.es\/files\/2017\/11\/Sandra-Gonz\u00e1lez-Palacios-300x300.jpg 300w, https:\/\/epinut.umh.es\/files\/2017\/11\/Sandra-Gonz\u00e1lez-Palacios-150x150.jpg 150w, https:\/\/epinut.umh.es\/files\/2017\/11\/Sandra-Gonz\u00e1lez-Palacios-1024x1024.jpg 1024w, https:\/\/epinut.umh.es\/files\/2017\/11\/Sandra-Gonz\u00e1lez-Palacios.jpg 1600w\" sizes=\"(max-width: 300px) 100vw, 300px\" \/><\/p>\n<p style=\"text-align: center;\"><strong><span style=\"color: #000000;\">Sandra Gonz\u00e1lez Palacios<\/span><\/strong><\/p>\n<hr \/>\n<hr \/>\n<p style=\"text-align: justify;\"><span style=\"text-decoration: underline;\"><strong><em>Current position<\/em>:<\/strong><\/span> Postdoctoral Research Associate at Epidemiology and Public Health CIBER.<\/p>\n<p style=\"text-align: justify;\"><span style=\"text-decoration: underline;\"><strong><em>Education<\/em>:<\/strong><\/span> BSc Human Nutrition and Dietetics (2010); MSc Genetic, Nutritional and Environmental Conditioning Factors of Growth and Development (2011); MSc Public Health (2014) and PhD in Public Health (2017).<\/p>\n<p style=\"text-align: justify;\"><span style=\"text-decoration: underline;\"><em>Brief CV<\/em>:<\/span> I started in the Group of Nutritional Epidemiology (EPINUT-UMH) after finishing my first MSc in 2011. I collected data in the 7-year-interview stage of the prospective cohort study INfancia and Environment (<strong>INMA Study<\/strong>) for two years. At the same time, I started my second MSc and the PhD in Public Health. After the INMA study, I carried out a validation of a dietary questionnaire and management of of food and nutrient databases. In 2015, EPINUT-UMH began as a recruiting node of the intervention study<strong> PREDIMED-PLUS<\/strong>, on which I have been working\u00a0until the present. In July 2017 I defended my doctoral thesis which is focused on the study of the association between sweetened beverages and obesity in children aged 4-5 years in the INMA study. I have done a predoctoral stay at the Institute of Public Health at of Porto University (1 month). In addition, I have done the following international courses:\u00a0 Nutritional Epidemiology in Potsdam (Berlin, 2014) and European Educational Program in Epidemiology (Florence, 2016). To conclude, I am part of the board of the \u201cGrupo Espa\u00f1ol de J\u00f3venes Epidemi\u00f3logos\u201d (EJE Group).<\/p>\n<hr \/>\n<p><a href=\"http:\/\/epinut.umh.es\/?p=26\"><strong><span style=\"color: #008080;\">&lt;&lt;Back<\/span><\/strong><\/a><\/p>","protected":false},"excerpt":{"rendered":"<p>Sandra Gonz\u00e1lez Palacios Current position: Postdoctoral Research Associate at Epidemiology and Public Health CIBER. Education: BSc Human Nutrition and Dietetics (2010); MSc Genetic, Nutritional and Environmental Conditioning Factors of Growth and Development (2011); MSc Public Health (2014) and PhD in Public Health (2017). Brief CV: I started in the Group of Nutritional Epidemiology (EPINUT-UMH) after [&hellip;]<\/p>\n","protected":false},"author":6277,"featured_media":0,"parent":0,"menu_order":0,"comment_status":"closed","ping_status":"closed","template":"","meta":{"_et_pb_use_builder":"","_et_pb_old_content":"","_et_gb_content_width":"","_links_to":"","_links_to_target":""},"yoast_head":"<!-- This site is optimized with the Yoast SEO plugin v17.5 - https:\/\/yoast.com\/wordpress\/plugins\/seo\/ -->\n<title>Sandra Gonz\u00e1lez Palacios - Unidad de epidemiolog\u00eda de la nutrici\u00f3n<\/title>\n<meta name=\"robots\" content=\"index, follow, max-snippet:-1, max-image-preview:large, max-video-preview:-1\" \/>\n<link rel=\"canonical\" href=\"https:\/\/epinut.umh.es\/569-2\/\" \/>\n<meta property=\"og:locale\" content=\"en_US\" \/>\n<meta property=\"og:type\" content=\"article\" \/>\n<meta property=\"og:title\" content=\"Sandra Gonz\u00e1lez Palacios - Unidad de epidemiolog\u00eda de la nutrici\u00f3n\" \/>\n<meta property=\"og:description\" content=\"Sandra Gonz\u00e1lez Palacios Current position: Postdoctoral Research Associate at Epidemiology and Public Health CIBER. Education: BSc Human Nutrition and Dietetics (2010); MSc Genetic, Nutritional and Environmental Conditioning Factors of Growth and Development (2011); MSc Public Health (2014) and PhD in Public Health (2017). Brief CV: I started in the Group of Nutritional Epidemiology (EPINUT-UMH) after [&hellip;]\" \/>\n<meta property=\"og:url\" content=\"https:\/\/epinut.umh.es\/569-2\/\" \/>\n<meta property=\"og:site_name\" content=\"Unidad de epidemiolog\u00eda de la nutrici\u00f3n\" \/>\n<meta property=\"article:modified_time\" content=\"2018-07-02T14:24:00+00:00\" \/>\n<meta property=\"og:image\" content=\"http:\/\/bibliodieta.edu.umh.es\/files\/2017\/11\/Sandra-Gonz\u00e1lez-Palacios-300x300.jpg\" \/>\n<meta name=\"twitter:card\" content=\"summary\" \/>\n<meta name=\"twitter:label1\" content=\"Est. reading time\" \/>\n\t<meta name=\"twitter:data1\" content=\"3 minutes\" \/>\n<script type=\"application\/ld+json\" class=\"yoast-schema-graph\">{\"@context\":\"https:\/\/schema.org\",\"@graph\":[{\"@type\":\"WebSite\",\"@id\":\"https:\/\/epinut.umh.es\/#website\",\"url\":\"https:\/\/epinut.umh.es\/\",\"name\":\"Unidad de epidemiolog\\u00eda de la nutrici\\u00f3n\",\"description\":\"Universidad Miguel Hern\\u00e1ndez de Elche\",\"potentialAction\":[{\"@type\":\"SearchAction\",\"target\":{\"@type\":\"EntryPoint\",\"urlTemplate\":\"https:\/\/epinut.umh.es\/?s={search_term_string}\"},\"query-input\":\"required name=search_term_string\"}],\"inLanguage\":\"en-US\"},{\"@type\":\"ImageObject\",\"@id\":\"https:\/\/epinut.umh.es\/569-2\/#primaryimage\",\"inLanguage\":\"en-US\",\"url\":\"http:\/\/bibliodieta.edu.umh.es\/files\/2017\/11\/Sandra-Gonz\\u00e1lez-Palacios-300x300.jpg\",\"contentUrl\":\"http:\/\/bibliodieta.edu.umh.es\/files\/2017\/11\/Sandra-Gonz\\u00e1lez-Palacios-300x300.jpg\"},{\"@type\":\"WebPage\",\"@id\":\"https:\/\/epinut.umh.es\/569-2\/#webpage\",\"url\":\"https:\/\/epinut.umh.es\/569-2\/\",\"name\":\"Sandra Gonz\\u00e1lez Palacios - Unidad de epidemiolog\\u00eda de la nutrici\\u00f3n\",\"isPartOf\":{\"@id\":\"https:\/\/epinut.umh.es\/#website\"},\"primaryImageOfPage\":{\"@id\":\"https:\/\/epinut.umh.es\/569-2\/#primaryimage\"},\"datePublished\":\"2017-11-20T08:07:15+00:00\",\"dateModified\":\"2018-07-02T14:24:00+00:00\",\"breadcrumb\":{\"@id\":\"https:\/\/epinut.umh.es\/569-2\/#breadcrumb\"},\"inLanguage\":\"en-US\",\"potentialAction\":[{\"@type\":\"ReadAction\",\"target\":[\"https:\/\/epinut.umh.es\/569-2\/\"]}]},{\"@type\":\"BreadcrumbList\",\"@id\":\"https:\/\/epinut.umh.es\/569-2\/#breadcrumb\",\"itemListElement\":[{\"@type\":\"ListItem\",\"position\":1,\"name\":\"Home\",\"item\":\"https:\/\/epinut.umh.es\/\"},{\"@type\":\"ListItem\",\"position\":2,\"name\":\"Sandra Gonz\\u00e1lez Palacios\"}]}]}<\/script>\n<!-- \/ Yoast SEO plugin. -->","yoast_head_json":{"title":"Sandra Gonz\u00e1lez Palacios - Unidad de epidemiolog\u00eda de la nutrici\u00f3n","robots":{"index":"index","follow":"follow","max-snippet":"max-snippet:-1","max-image-preview":"max-image-preview:large","max-video-preview":"max-video-preview:-1"},"canonical":"https:\/\/epinut.umh.es\/569-2\/","og_locale":"en_US","og_type":"article","og_title":"Sandra Gonz\u00e1lez Palacios - Unidad de epidemiolog\u00eda de la nutrici\u00f3n","og_description":"Sandra Gonz\u00e1lez Palacios Current position: Postdoctoral Research Associate at Epidemiology and Public Health CIBER. Education: BSc Human Nutrition and Dietetics (2010); MSc Genetic, Nutritional and Environmental Conditioning Factors of Growth and Development (2011); MSc Public Health (2014) and PhD in Public Health (2017). Brief CV: I started in the Group of Nutritional Epidemiology (EPINUT-UMH) after [&hellip;]","og_url":"https:\/\/epinut.umh.es\/569-2\/","og_site_name":"Unidad de epidemiolog\u00eda de la nutrici\u00f3n","article_modified_time":"2018-07-02T14:24:00+00:00","og_image":[{"url":"http:\/\/bibliodieta.edu.umh.es\/files\/2017\/11\/Sandra-Gonz\u00e1lez-Palacios-300x300.jpg"}],"twitter_card":"summary","twitter_misc":{"Est. reading time":"3 minutes"},"schema":{"@context":"https:\/\/schema.org","@graph":[{"@type":"WebSite","@id":"https:\/\/epinut.umh.es\/#website","url":"https:\/\/epinut.umh.es\/","name":"Unidad de epidemiolog\u00eda de la nutrici\u00f3n","description":"Universidad Miguel Hern\u00e1ndez de Elche","potentialAction":[{"@type":"SearchAction","target":{"@type":"EntryPoint","urlTemplate":"https:\/\/epinut.umh.es\/?s={search_term_string}"},"query-input":"required name=search_term_string"}],"inLanguage":"en-US"},{"@type":"ImageObject","@id":"https:\/\/epinut.umh.es\/569-2\/#primaryimage","inLanguage":"en-US","url":"http:\/\/bibliodieta.edu.umh.es\/files\/2017\/11\/Sandra-Gonz\u00e1lez-Palacios-300x300.jpg","contentUrl":"http:\/\/bibliodieta.edu.umh.es\/files\/2017\/11\/Sandra-Gonz\u00e1lez-Palacios-300x300.jpg"},{"@type":"WebPage","@id":"https:\/\/epinut.umh.es\/569-2\/#webpage","url":"https:\/\/epinut.umh.es\/569-2\/","name":"Sandra Gonz\u00e1lez Palacios - Unidad de epidemiolog\u00eda de la nutrici\u00f3n","isPartOf":{"@id":"https:\/\/epinut.umh.es\/#website"},"primaryImageOfPage":{"@id":"https:\/\/epinut.umh.es\/569-2\/#primaryimage"},"datePublished":"2017-11-20T08:07:15+00:00","dateModified":"2018-07-02T14:24:00+00:00","breadcrumb":{"@id":"https:\/\/epinut.umh.es\/569-2\/#breadcrumb"},"inLanguage":"en-US","potentialAction":[{"@type":"ReadAction","target":["https:\/\/epinut.umh.es\/569-2\/"]}]},{"@type":"BreadcrumbList","@id":"https:\/\/epinut.umh.es\/569-2\/#breadcrumb","itemListElement":[{"@type":"ListItem","position":1,"name":"Home","item":"https:\/\/epinut.umh.es\/"},{"@type":"ListItem","position":2,"name":"Sandra Gonz\u00e1lez Palacios"}]}]}},"_links":{"self":[{"href":"https:\/\/epinut.umh.es\/en\/wp-json\/wp\/v2\/pages\/569"}],"collection":[{"href":"https:\/\/epinut.umh.es\/en\/wp-json\/wp\/v2\/pages"}],"about":[{"href":"https:\/\/epinut.umh.es\/en\/wp-json\/wp\/v2\/types\/page"}],"author":[{"embeddable":true,"href":"https:\/\/epinut.umh.es\/en\/wp-json\/wp\/v2\/users\/6277"}],"replies":[{"embeddable":true,"href":"https:\/\/epinut.umh.es\/en\/wp-json\/wp\/v2\/comments?post=569"}],"version-history":[{"count":0,"href":"https:\/\/epinut.umh.es\/en\/wp-json\/wp\/v2\/pages\/569\/revisions"}],"wp:attachment":[{"href":"https:\/\/epinut.umh.es\/en\/wp-json\/wp\/v2\/media?parent=569"}],"curies":[{"name":"wp","href":"https:\/\/api.w.org\/{rel}","templated":true}]}}