{"id":572,"date":"2017-11-20T08:14:11","date_gmt":"2017-11-20T08:14:11","guid":{"rendered":"http:\/\/bibliodieta.edu-desarrollo.umh.es\/?page_id=572"},"modified":"2018-07-02T14:24:40","modified_gmt":"2018-07-02T14:24:40","slug":"laura-maria-compan-gabucio-2","status":"publish","type":"page","link":"https:\/\/epinut.umh.es\/en\/laura-maria-compan-gabucio-2\/","title":{"rendered":"Laura Mar\u00eda Compa\u00f1 Gabucio"},"content":{"rendered":"<p><\/p>\n<p style=\"text-align: center;\"><img loading=\"lazy\" class=\"alignnone size-medium wp-image-540\" src=\"http:\/\/bibliodieta.edu.umh.es\/files\/2017\/11\/Laura-Mar\u00eda-Compa\u00f1-Gabucio-300x300.jpg\" alt=\"Laura Mar\u00eda Compa\u00f1 Gabucio\" width=\"300\" height=\"300\" srcset=\"https:\/\/epinut.umh.es\/files\/2017\/11\/Laura-Mar\u00eda-Compa\u00f1-Gabucio-300x300.jpg 300w, https:\/\/epinut.umh.es\/files\/2017\/11\/Laura-Mar\u00eda-Compa\u00f1-Gabucio-150x150.jpg 150w, https:\/\/epinut.umh.es\/files\/2017\/11\/Laura-Mar\u00eda-Compa\u00f1-Gabucio-1024x1024.jpg 1024w, https:\/\/epinut.umh.es\/files\/2017\/11\/Laura-Mar\u00eda-Compa\u00f1-Gabucio.jpg 1600w\" sizes=\"(max-width: 300px) 100vw, 300px\" \/><\/p>\n<p style=\"text-align: center;\"><strong><span style=\"color: #000000;\">Laura Mar\u00eda Compa\u00f1 Gabucio<\/span><\/strong><\/p>\n<hr \/>\n<hr \/>\n<p style=\"text-align: justify;\"><span style=\"text-decoration: underline;\"><strong><em>Current position<\/em>:<\/strong><\/span> PhD student.<\/p>\n<p style=\"text-align: justify;\"><strong><span style=\"text-decoration: underline;\"><em>Education<\/em>:<\/span><\/strong> BSc Occupational Therapy (2014); MSc Public Health (2015), MSc Neurology in Occupational Therapy (2016), PhD in Public Health (Currently studying).<\/p>\n<p style=\"text-align: justify;\"><span style=\"text-decoration: underline;\"><strong><em>Brief CV<\/em>:<\/strong><\/span> I started in the Group of Nutritional Epidemiology (EPINUT-UMH) after I graduated in Occupational Therapy. In 2015, I did both MSc Public Health and worked as a Research Assistant in the cross-sectional study <strong>DISA-UMH<\/strong> collecting data and managing databases. In November 2015, I joined the <strong>PREDIMED-PLUS Study<\/strong> as a field worker for the intervention study, with EPINUT-UMH which is one of the recruiting nodes. I took part of the recruitment of participants and the collection and management of data, and I continue to work on that project.<\/p>\n<hr \/>\n<p><a href=\"http:\/\/epinut.umh.es\/?p=26\"><strong><span style=\"color: #008080;\">&lt;&lt;Back<\/span><\/strong><\/a><\/p>","protected":false},"excerpt":{"rendered":"<p>Laura Mar\u00eda Compa\u00f1 Gabucio Current position: PhD student. Education: BSc Occupational Therapy (2014); MSc Public Health (2015), MSc Neurology in Occupational Therapy (2016), PhD in Public Health (Currently studying). Brief CV: I started in the Group of Nutritional Epidemiology (EPINUT-UMH) after I graduated in Occupational Therapy. In 2015, I did both MSc Public Health and [&hellip;]<\/p>\n","protected":false},"author":6277,"featured_media":0,"parent":0,"menu_order":0,"comment_status":"closed","ping_status":"closed","template":"","meta":{"_et_pb_use_builder":"","_et_pb_old_content":"","_et_gb_content_width":"","_links_to":"","_links_to_target":""},"yoast_head":"<!-- This site is optimized with the Yoast SEO plugin v17.5 - https:\/\/yoast.com\/wordpress\/plugins\/seo\/ -->\n<title>Laura Mar\u00eda Compa\u00f1 Gabucio - Unidad de epidemiolog\u00eda de la nutrici\u00f3n<\/title>\n<meta name=\"robots\" content=\"index, follow, max-snippet:-1, max-image-preview:large, max-video-preview:-1\" \/>\n<link rel=\"canonical\" href=\"https:\/\/epinut.umh.es\/laura-maria-compan-gabucio-2\/\" \/>\n<meta property=\"og:locale\" content=\"en_US\" \/>\n<meta property=\"og:type\" content=\"article\" \/>\n<meta property=\"og:title\" content=\"Laura Mar\u00eda Compa\u00f1 Gabucio - Unidad de epidemiolog\u00eda de la nutrici\u00f3n\" \/>\n<meta property=\"og:description\" content=\"Laura Mar\u00eda Compa\u00f1 Gabucio Current position: PhD student. Education: BSc Occupational Therapy (2014); MSc Public Health (2015), MSc Neurology in Occupational Therapy (2016), PhD in Public Health (Currently studying). Brief CV: I started in the Group of Nutritional Epidemiology (EPINUT-UMH) after I graduated in Occupational Therapy. In 2015, I did both MSc Public Health and [&hellip;]\" \/>\n<meta property=\"og:url\" content=\"https:\/\/epinut.umh.es\/laura-maria-compan-gabucio-2\/\" \/>\n<meta property=\"og:site_name\" content=\"Unidad de epidemiolog\u00eda de la nutrici\u00f3n\" \/>\n<meta property=\"article:modified_time\" content=\"2018-07-02T14:24:40+00:00\" \/>\n<meta property=\"og:image\" content=\"http:\/\/bibliodieta.edu.umh.es\/files\/2017\/11\/Laura-Mar\u00eda-Compa\u00f1-Gabucio-300x300.jpg\" \/>\n<meta name=\"twitter:card\" content=\"summary\" \/>\n<meta name=\"twitter:label1\" content=\"Est. reading time\" \/>\n\t<meta name=\"twitter:data1\" content=\"1 minute\" \/>\n<script type=\"application\/ld+json\" class=\"yoast-schema-graph\">{\"@context\":\"https:\/\/schema.org\",\"@graph\":[{\"@type\":\"WebSite\",\"@id\":\"https:\/\/epinut.umh.es\/#website\",\"url\":\"https:\/\/epinut.umh.es\/\",\"name\":\"Unidad de epidemiolog\\u00eda de la nutrici\\u00f3n\",\"description\":\"Universidad Miguel Hern\\u00e1ndez de Elche\",\"potentialAction\":[{\"@type\":\"SearchAction\",\"target\":{\"@type\":\"EntryPoint\",\"urlTemplate\":\"https:\/\/epinut.umh.es\/?s={search_term_string}\"},\"query-input\":\"required name=search_term_string\"}],\"inLanguage\":\"en-US\"},{\"@type\":\"ImageObject\",\"@id\":\"https:\/\/epinut.umh.es\/laura-maria-compan-gabucio-2\/#primaryimage\",\"inLanguage\":\"en-US\",\"url\":\"http:\/\/bibliodieta.edu.umh.es\/files\/2017\/11\/Laura-Mar\\u00eda-Compa\\u00f1-Gabucio-300x300.jpg\",\"contentUrl\":\"http:\/\/bibliodieta.edu.umh.es\/files\/2017\/11\/Laura-Mar\\u00eda-Compa\\u00f1-Gabucio-300x300.jpg\"},{\"@type\":\"WebPage\",\"@id\":\"https:\/\/epinut.umh.es\/laura-maria-compan-gabucio-2\/#webpage\",\"url\":\"https:\/\/epinut.umh.es\/laura-maria-compan-gabucio-2\/\",\"name\":\"Laura Mar\\u00eda Compa\\u00f1 Gabucio - Unidad de epidemiolog\\u00eda de la nutrici\\u00f3n\",\"isPartOf\":{\"@id\":\"https:\/\/epinut.umh.es\/#website\"},\"primaryImageOfPage\":{\"@id\":\"https:\/\/epinut.umh.es\/laura-maria-compan-gabucio-2\/#primaryimage\"},\"datePublished\":\"2017-11-20T08:14:11+00:00\",\"dateModified\":\"2018-07-02T14:24:40+00:00\",\"breadcrumb\":{\"@id\":\"https:\/\/epinut.umh.es\/laura-maria-compan-gabucio-2\/#breadcrumb\"},\"inLanguage\":\"en-US\",\"potentialAction\":[{\"@type\":\"ReadAction\",\"target\":[\"https:\/\/epinut.umh.es\/laura-maria-compan-gabucio-2\/\"]}]},{\"@type\":\"BreadcrumbList\",\"@id\":\"https:\/\/epinut.umh.es\/laura-maria-compan-gabucio-2\/#breadcrumb\",\"itemListElement\":[{\"@type\":\"ListItem\",\"position\":1,\"name\":\"Home\",\"item\":\"https:\/\/epinut.umh.es\/\"},{\"@type\":\"ListItem\",\"position\":2,\"name\":\"Laura Mar\\u00eda Compa\\u00f1 Gabucio\"}]}]}<\/script>\n<!-- \/ Yoast SEO plugin. -->","yoast_head_json":{"title":"Laura Mar\u00eda Compa\u00f1 Gabucio - Unidad de epidemiolog\u00eda de la nutrici\u00f3n","robots":{"index":"index","follow":"follow","max-snippet":"max-snippet:-1","max-image-preview":"max-image-preview:large","max-video-preview":"max-video-preview:-1"},"canonical":"https:\/\/epinut.umh.es\/laura-maria-compan-gabucio-2\/","og_locale":"en_US","og_type":"article","og_title":"Laura Mar\u00eda Compa\u00f1 Gabucio - Unidad de epidemiolog\u00eda de la nutrici\u00f3n","og_description":"Laura Mar\u00eda Compa\u00f1 Gabucio Current position: PhD student. Education: BSc Occupational Therapy (2014); MSc Public Health (2015), MSc Neurology in Occupational Therapy (2016), PhD in Public Health (Currently studying). Brief CV: I started in the Group of Nutritional Epidemiology (EPINUT-UMH) after I graduated in Occupational Therapy. In 2015, I did both MSc Public Health and [&hellip;]","og_url":"https:\/\/epinut.umh.es\/laura-maria-compan-gabucio-2\/","og_site_name":"Unidad de epidemiolog\u00eda de la nutrici\u00f3n","article_modified_time":"2018-07-02T14:24:40+00:00","og_image":[{"url":"http:\/\/bibliodieta.edu.umh.es\/files\/2017\/11\/Laura-Mar\u00eda-Compa\u00f1-Gabucio-300x300.jpg"}],"twitter_card":"summary","twitter_misc":{"Est. reading time":"1 minute"},"schema":{"@context":"https:\/\/schema.org","@graph":[{"@type":"WebSite","@id":"https:\/\/epinut.umh.es\/#website","url":"https:\/\/epinut.umh.es\/","name":"Unidad de epidemiolog\u00eda de la nutrici\u00f3n","description":"Universidad Miguel Hern\u00e1ndez de Elche","potentialAction":[{"@type":"SearchAction","target":{"@type":"EntryPoint","urlTemplate":"https:\/\/epinut.umh.es\/?s={search_term_string}"},"query-input":"required name=search_term_string"}],"inLanguage":"en-US"},{"@type":"ImageObject","@id":"https:\/\/epinut.umh.es\/laura-maria-compan-gabucio-2\/#primaryimage","inLanguage":"en-US","url":"http:\/\/bibliodieta.edu.umh.es\/files\/2017\/11\/Laura-Mar\u00eda-Compa\u00f1-Gabucio-300x300.jpg","contentUrl":"http:\/\/bibliodieta.edu.umh.es\/files\/2017\/11\/Laura-Mar\u00eda-Compa\u00f1-Gabucio-300x300.jpg"},{"@type":"WebPage","@id":"https:\/\/epinut.umh.es\/laura-maria-compan-gabucio-2\/#webpage","url":"https:\/\/epinut.umh.es\/laura-maria-compan-gabucio-2\/","name":"Laura Mar\u00eda Compa\u00f1 Gabucio - Unidad de epidemiolog\u00eda de la nutrici\u00f3n","isPartOf":{"@id":"https:\/\/epinut.umh.es\/#website"},"primaryImageOfPage":{"@id":"https:\/\/epinut.umh.es\/laura-maria-compan-gabucio-2\/#primaryimage"},"datePublished":"2017-11-20T08:14:11+00:00","dateModified":"2018-07-02T14:24:40+00:00","breadcrumb":{"@id":"https:\/\/epinut.umh.es\/laura-maria-compan-gabucio-2\/#breadcrumb"},"inLanguage":"en-US","potentialAction":[{"@type":"ReadAction","target":["https:\/\/epinut.umh.es\/laura-maria-compan-gabucio-2\/"]}]},{"@type":"BreadcrumbList","@id":"https:\/\/epinut.umh.es\/laura-maria-compan-gabucio-2\/#breadcrumb","itemListElement":[{"@type":"ListItem","position":1,"name":"Home","item":"https:\/\/epinut.umh.es\/"},{"@type":"ListItem","position":2,"name":"Laura Mar\u00eda Compa\u00f1 Gabucio"}]}]}},"_links":{"self":[{"href":"https:\/\/epinut.umh.es\/en\/wp-json\/wp\/v2\/pages\/572"}],"collection":[{"href":"https:\/\/epinut.umh.es\/en\/wp-json\/wp\/v2\/pages"}],"about":[{"href":"https:\/\/epinut.umh.es\/en\/wp-json\/wp\/v2\/types\/page"}],"author":[{"embeddable":true,"href":"https:\/\/epinut.umh.es\/en\/wp-json\/wp\/v2\/users\/6277"}],"replies":[{"embeddable":true,"href":"https:\/\/epinut.umh.es\/en\/wp-json\/wp\/v2\/comments?post=572"}],"version-history":[{"count":0,"href":"https:\/\/epinut.umh.es\/en\/wp-json\/wp\/v2\/pages\/572\/revisions"}],"wp:attachment":[{"href":"https:\/\/epinut.umh.es\/en\/wp-json\/wp\/v2\/media?parent=572"}],"curies":[{"name":"wp","href":"https:\/\/api.w.org\/{rel}","templated":true}]}}