{"id":577,"date":"2017-11-20T08:16:51","date_gmt":"2017-11-20T08:16:51","guid":{"rendered":"http:\/\/bibliodieta.edu-desarrollo.umh.es\/?page_id=577"},"modified":"2018-07-02T14:27:24","modified_gmt":"2018-07-02T14:27:24","slug":"laura-torres-collado-2","status":"publish","type":"page","link":"https:\/\/epinut.umh.es\/en\/laura-torres-collado-2\/","title":{"rendered":"Laura Torres Collado"},"content":{"rendered":"<p><\/p>\n<p style=\"text-align: center;\"><img loading=\"lazy\" class=\"alignnone size-medium wp-image-541\" src=\"http:\/\/bibliodieta.edu.umh.es\/files\/2017\/11\/Laura-Torres-Collado-300x300.jpg\" alt=\"Laura Torres Collado\" width=\"300\" height=\"300\" srcset=\"https:\/\/epinut.umh.es\/files\/2017\/11\/Laura-Torres-Collado-300x300.jpg 300w, https:\/\/epinut.umh.es\/files\/2017\/11\/Laura-Torres-Collado-150x150.jpg 150w, https:\/\/epinut.umh.es\/files\/2017\/11\/Laura-Torres-Collado-1024x1024.jpg 1024w, https:\/\/epinut.umh.es\/files\/2017\/11\/Laura-Torres-Collado.jpg 1600w\" sizes=\"(max-width: 300px) 100vw, 300px\" \/><\/p>\n<p style=\"text-align: center;\"><strong><span style=\"color: #000000;\">Laura Torres Collado<\/span><\/strong><\/p>\n<hr \/>\n<hr \/>\n<p style=\"text-align: justify;\"><strong><span style=\"text-decoration: underline;\"><em>Current position<\/em>:<\/span><\/strong> Predoctoral Fellow<\/p>\n<p style=\"text-align: justify;\"><strong><span style=\"text-decoration: underline;\"><em>Education<\/em>:<\/span><\/strong> BSNc (2013); MSc Public Health (2014)<\/p>\n<p style=\"text-align: justify;\"><strong><span style=\"text-decoration: underline;\"><em>Brief CV<\/em>:<\/span><\/strong> I started in the Group of Nutritional Epidemiology (EPINUT-UMH) in 2014 as a researcher; I was working with the management and analysis of data from the EPINUT-UMH studies. In 2014, I received contract &#8220;Jer\u00f3nimo Forteza&#8221; contract to continue researching with EPINUT-UMH group. In 2015, I joined the <strong>PREDIMED-PLUS<\/strong> study as a Predoctoral Fellow and nurse. At present, I am doing my doctoral thesis on the influence of diet on survival.<\/p>\n<hr \/>\n<p><a href=\"http:\/\/epinut.umh.es\/?p=26\"><strong><span style=\"color: #008080;\">&lt;&lt;Back<\/span><\/strong><\/a><\/p>","protected":false},"excerpt":{"rendered":"<p>Laura Torres Collado Current position: Predoctoral Fellow Education: BSNc (2013); MSc Public Health (2014) Brief CV: I started in the Group of Nutritional Epidemiology (EPINUT-UMH) in 2014 as a researcher; I was working with the management and analysis of data from the EPINUT-UMH studies. In 2014, I received contract &#8220;Jer\u00f3nimo Forteza&#8221; contract to continue researching [&hellip;]<\/p>\n","protected":false},"author":6277,"featured_media":0,"parent":0,"menu_order":0,"comment_status":"closed","ping_status":"closed","template":"","meta":{"_et_pb_use_builder":"","_et_pb_old_content":"","_et_gb_content_width":"","_links_to":"","_links_to_target":""},"yoast_head":"<!-- This site is optimized with the Yoast SEO plugin v17.5 - https:\/\/yoast.com\/wordpress\/plugins\/seo\/ -->\n<title>Laura Torres Collado - Unidad de epidemiolog\u00eda de la nutrici\u00f3n<\/title>\n<meta name=\"robots\" content=\"index, follow, max-snippet:-1, max-image-preview:large, max-video-preview:-1\" \/>\n<link rel=\"canonical\" href=\"https:\/\/epinut.umh.es\/laura-torres-collado-2\/\" \/>\n<meta property=\"og:locale\" content=\"en_US\" \/>\n<meta property=\"og:type\" content=\"article\" \/>\n<meta property=\"og:title\" content=\"Laura Torres Collado - Unidad de epidemiolog\u00eda de la nutrici\u00f3n\" \/>\n<meta property=\"og:description\" content=\"Laura Torres Collado Current position: Predoctoral Fellow Education: BSNc (2013); MSc Public Health (2014) Brief CV: I started in the Group of Nutritional Epidemiology (EPINUT-UMH) in 2014 as a researcher; I was working with the management and analysis of data from the EPINUT-UMH studies. In 2014, I received contract &#8220;Jer\u00f3nimo Forteza&#8221; contract to continue researching [&hellip;]\" \/>\n<meta property=\"og:url\" content=\"https:\/\/epinut.umh.es\/laura-torres-collado-2\/\" \/>\n<meta property=\"og:site_name\" content=\"Unidad de epidemiolog\u00eda de la nutrici\u00f3n\" \/>\n<meta property=\"article:modified_time\" content=\"2018-07-02T14:27:24+00:00\" \/>\n<meta property=\"og:image\" content=\"http:\/\/bibliodieta.edu.umh.es\/files\/2017\/11\/Laura-Torres-Collado-300x300.jpg\" \/>\n<meta name=\"twitter:card\" content=\"summary\" \/>\n<meta name=\"twitter:label1\" content=\"Est. reading time\" \/>\n\t<meta name=\"twitter:data1\" content=\"1 minute\" \/>\n<script type=\"application\/ld+json\" class=\"yoast-schema-graph\">{\"@context\":\"https:\/\/schema.org\",\"@graph\":[{\"@type\":\"WebSite\",\"@id\":\"https:\/\/epinut.umh.es\/#website\",\"url\":\"https:\/\/epinut.umh.es\/\",\"name\":\"Unidad de epidemiolog\\u00eda de la nutrici\\u00f3n\",\"description\":\"Universidad Miguel Hern\\u00e1ndez de Elche\",\"potentialAction\":[{\"@type\":\"SearchAction\",\"target\":{\"@type\":\"EntryPoint\",\"urlTemplate\":\"https:\/\/epinut.umh.es\/?s={search_term_string}\"},\"query-input\":\"required name=search_term_string\"}],\"inLanguage\":\"en-US\"},{\"@type\":\"ImageObject\",\"@id\":\"https:\/\/epinut.umh.es\/laura-torres-collado-2\/#primaryimage\",\"inLanguage\":\"en-US\",\"url\":\"http:\/\/bibliodieta.edu.umh.es\/files\/2017\/11\/Laura-Torres-Collado-300x300.jpg\",\"contentUrl\":\"http:\/\/bibliodieta.edu.umh.es\/files\/2017\/11\/Laura-Torres-Collado-300x300.jpg\"},{\"@type\":\"WebPage\",\"@id\":\"https:\/\/epinut.umh.es\/laura-torres-collado-2\/#webpage\",\"url\":\"https:\/\/epinut.umh.es\/laura-torres-collado-2\/\",\"name\":\"Laura Torres Collado - Unidad de epidemiolog\\u00eda de la nutrici\\u00f3n\",\"isPartOf\":{\"@id\":\"https:\/\/epinut.umh.es\/#website\"},\"primaryImageOfPage\":{\"@id\":\"https:\/\/epinut.umh.es\/laura-torres-collado-2\/#primaryimage\"},\"datePublished\":\"2017-11-20T08:16:51+00:00\",\"dateModified\":\"2018-07-02T14:27:24+00:00\",\"breadcrumb\":{\"@id\":\"https:\/\/epinut.umh.es\/laura-torres-collado-2\/#breadcrumb\"},\"inLanguage\":\"en-US\",\"potentialAction\":[{\"@type\":\"ReadAction\",\"target\":[\"https:\/\/epinut.umh.es\/laura-torres-collado-2\/\"]}]},{\"@type\":\"BreadcrumbList\",\"@id\":\"https:\/\/epinut.umh.es\/laura-torres-collado-2\/#breadcrumb\",\"itemListElement\":[{\"@type\":\"ListItem\",\"position\":1,\"name\":\"Home\",\"item\":\"https:\/\/epinut.umh.es\/\"},{\"@type\":\"ListItem\",\"position\":2,\"name\":\"Laura Torres Collado\"}]}]}<\/script>\n<!-- \/ Yoast SEO plugin. -->","yoast_head_json":{"title":"Laura Torres Collado - Unidad de epidemiolog\u00eda de la nutrici\u00f3n","robots":{"index":"index","follow":"follow","max-snippet":"max-snippet:-1","max-image-preview":"max-image-preview:large","max-video-preview":"max-video-preview:-1"},"canonical":"https:\/\/epinut.umh.es\/laura-torres-collado-2\/","og_locale":"en_US","og_type":"article","og_title":"Laura Torres Collado - Unidad de epidemiolog\u00eda de la nutrici\u00f3n","og_description":"Laura Torres Collado Current position: Predoctoral Fellow Education: BSNc (2013); MSc Public Health (2014) Brief CV: I started in the Group of Nutritional Epidemiology (EPINUT-UMH) in 2014 as a researcher; I was working with the management and analysis of data from the EPINUT-UMH studies. In 2014, I received contract &#8220;Jer\u00f3nimo Forteza&#8221; contract to continue researching [&hellip;]","og_url":"https:\/\/epinut.umh.es\/laura-torres-collado-2\/","og_site_name":"Unidad de epidemiolog\u00eda de la nutrici\u00f3n","article_modified_time":"2018-07-02T14:27:24+00:00","og_image":[{"url":"http:\/\/bibliodieta.edu.umh.es\/files\/2017\/11\/Laura-Torres-Collado-300x300.jpg"}],"twitter_card":"summary","twitter_misc":{"Est. reading time":"1 minute"},"schema":{"@context":"https:\/\/schema.org","@graph":[{"@type":"WebSite","@id":"https:\/\/epinut.umh.es\/#website","url":"https:\/\/epinut.umh.es\/","name":"Unidad de epidemiolog\u00eda de la nutrici\u00f3n","description":"Universidad Miguel Hern\u00e1ndez de Elche","potentialAction":[{"@type":"SearchAction","target":{"@type":"EntryPoint","urlTemplate":"https:\/\/epinut.umh.es\/?s={search_term_string}"},"query-input":"required name=search_term_string"}],"inLanguage":"en-US"},{"@type":"ImageObject","@id":"https:\/\/epinut.umh.es\/laura-torres-collado-2\/#primaryimage","inLanguage":"en-US","url":"http:\/\/bibliodieta.edu.umh.es\/files\/2017\/11\/Laura-Torres-Collado-300x300.jpg","contentUrl":"http:\/\/bibliodieta.edu.umh.es\/files\/2017\/11\/Laura-Torres-Collado-300x300.jpg"},{"@type":"WebPage","@id":"https:\/\/epinut.umh.es\/laura-torres-collado-2\/#webpage","url":"https:\/\/epinut.umh.es\/laura-torres-collado-2\/","name":"Laura Torres Collado - Unidad de epidemiolog\u00eda de la nutrici\u00f3n","isPartOf":{"@id":"https:\/\/epinut.umh.es\/#website"},"primaryImageOfPage":{"@id":"https:\/\/epinut.umh.es\/laura-torres-collado-2\/#primaryimage"},"datePublished":"2017-11-20T08:16:51+00:00","dateModified":"2018-07-02T14:27:24+00:00","breadcrumb":{"@id":"https:\/\/epinut.umh.es\/laura-torres-collado-2\/#breadcrumb"},"inLanguage":"en-US","potentialAction":[{"@type":"ReadAction","target":["https:\/\/epinut.umh.es\/laura-torres-collado-2\/"]}]},{"@type":"BreadcrumbList","@id":"https:\/\/epinut.umh.es\/laura-torres-collado-2\/#breadcrumb","itemListElement":[{"@type":"ListItem","position":1,"name":"Home","item":"https:\/\/epinut.umh.es\/"},{"@type":"ListItem","position":2,"name":"Laura Torres Collado"}]}]}},"_links":{"self":[{"href":"https:\/\/epinut.umh.es\/en\/wp-json\/wp\/v2\/pages\/577"}],"collection":[{"href":"https:\/\/epinut.umh.es\/en\/wp-json\/wp\/v2\/pages"}],"about":[{"href":"https:\/\/epinut.umh.es\/en\/wp-json\/wp\/v2\/types\/page"}],"author":[{"embeddable":true,"href":"https:\/\/epinut.umh.es\/en\/wp-json\/wp\/v2\/users\/6277"}],"replies":[{"embeddable":true,"href":"https:\/\/epinut.umh.es\/en\/wp-json\/wp\/v2\/comments?post=577"}],"version-history":[{"count":0,"href":"https:\/\/epinut.umh.es\/en\/wp-json\/wp\/v2\/pages\/577\/revisions"}],"wp:attachment":[{"href":"https:\/\/epinut.umh.es\/en\/wp-json\/wp\/v2\/media?parent=577"}],"curies":[{"name":"wp","href":"https:\/\/api.w.org\/{rel}","templated":true}]}}