{"id":624,"date":"2018-04-18T11:03:15","date_gmt":"2018-04-18T11:03:15","guid":{"rendered":"http:\/\/bibliodieta.edu-desarrollo.umh.es\/?page_id=624"},"modified":"2018-07-09T08:09:24","modified_gmt":"2018-07-09T08:09:24","slug":"manoli-garcia-de-la-hera-2","status":"publish","type":"page","link":"https:\/\/epinut.umh.es\/en\/manoli-garcia-de-la-hera-2\/","title":{"rendered":"Manoli Garc\u00eda de la Hera"},"content":{"rendered":"<p><img loading=\"lazy\" class=\"size-medium wp-image-627 aligncenter\" src=\"http:\/\/bibliodieta.edu.umh.es\/files\/2018\/04\/cropped-logoepinut3-300x300.jpg\" alt=\"cropped-logoepinut3\" width=\"300\" height=\"300\" srcset=\"https:\/\/epinut.umh.es\/files\/2018\/04\/cropped-logoepinut3-300x300.jpg 300w, https:\/\/epinut.umh.es\/files\/2018\/04\/cropped-logoepinut3-150x150.jpg 150w, https:\/\/epinut.umh.es\/files\/2018\/04\/cropped-logoepinut3.jpg 557w\" sizes=\"(max-width: 300px) 100vw, 300px\" \/><\/p>\n<p style=\"text-align: center;\"><span style=\"color: #000000;\"><strong>Manoli Garc\u00eda de la Hera<\/strong><\/span><\/p>\n<hr \/>\n<hr \/>\n<p style=\"text-align: justify;\"><span style=\"text-decoration: underline;\"><strong><em>Current position<\/em>:<\/strong><\/span> Lecturer in department of Public Health at Miguel Hern\u00e1ndez University (UMH), CIBERESP and ISABIAL.<\/p>\n<p style=\"text-align: justify;\"><strong><span style=\"text-decoration: underline;\"><em>Education<\/em>:<\/span><\/strong> BSc Psychology (University of Seville, 1984); MSc Public Health (UMH, 1998); PhD in Public Health (UMH, 2004).<\/p>\n<p style=\"text-align: justify;\"><strong><span style=\"text-decoration: underline;\"><em>Brief CV:<\/em><\/span><\/strong> I started in 1990 as a research fellow and I started working in the area of Public Health. Since 2000 I have taught Public Health to Medicinal, Occupational Therapy and postgraduate students. In 2004 I joined in the Group of Nutritional Epidemiology (EPINUT-UMH). I participated in various studies with EPINUT-UMH such as: the <strong>INMA study<\/strong>, the <strong>EUREYE Study<\/strong> and the <strong>DISA-UMH Study<\/strong> (Anthropometry, diet and health in University students) in which I am focusing on the evaluation of diet and other healthy lifestyles. I am responsible for the nutrition and health survey of the Students of the UMH (2017).<br \/>\nI have been a principal investigator (PI) in national and regional studies. I participate in international consortiums such as the <em>Global Burden of Disease initiative<\/em> for the study of obesity, hypertension, diabetes and other health problems worldwide.<\/p>\n<p style=\"text-align: left;\">I participate in Group 6 of Epidemiology and Public Health CIBER.<br \/>\nI have two five-year teaching periods, three six-year research periods, and more than 60 articles in journals indexed in the JCR ISI-Thompson with an H index of 18 according to SCOPUS(November,2017): <span style=\"color: #008080;\"><a style=\"color: #008080;\" href=\"https:\/\/www.ncbi.nlm.nih.gov\/pubmed?term=Garcia+de+la+Hera+M+or+de+la+Hera+MG+or+Hera+M+or+Garcia-de-la-Hera&amp;cmd=DetailsSearch\" target=\"_blank\">https:\/\/www.ncbi.nlm.nih.gov\/pubmed?term=Garcia+de+la+Hera+M+or+de+la+Hera+MG+or+Hera+M+or+Garcia-de-la-Hera&amp;cmd=DetailsSearch<\/a><\/span><\/p>\n<hr \/>\n<p><a href=\"http:\/\/epinut.umh.es\/?p=26\"><strong><span style=\"color: #008080;\">&lt;&lt;Back<\/span><\/strong><\/a><\/p>","protected":false},"excerpt":{"rendered":"<p>Manoli Garc\u00eda de la Hera Current position: Lecturer in department of Public Health at Miguel Hern\u00e1ndez University (UMH), CIBERESP and ISABIAL. Education: BSc Psychology (University of Seville, 1984); MSc Public Health (UMH, 1998); PhD in Public Health (UMH, 2004). Brief CV: I started in 1990 as a research fellow and I started working in the [&hellip;]<\/p>\n","protected":false},"author":6277,"featured_media":0,"parent":0,"menu_order":0,"comment_status":"closed","ping_status":"closed","template":"","meta":{"_et_pb_use_builder":"","_et_pb_old_content":"","_et_gb_content_width":"","_links_to":"","_links_to_target":""},"yoast_head":"<!-- This site is optimized with the Yoast SEO plugin v17.5 - https:\/\/yoast.com\/wordpress\/plugins\/seo\/ -->\n<title>Manoli Garc\u00eda de la Hera - Unidad de epidemiolog\u00eda de la nutrici\u00f3n<\/title>\n<meta name=\"robots\" content=\"index, follow, max-snippet:-1, max-image-preview:large, max-video-preview:-1\" \/>\n<link rel=\"canonical\" href=\"https:\/\/epinut.umh.es\/manoli-garcia-de-la-hera-2\/\" \/>\n<meta property=\"og:locale\" content=\"en_US\" \/>\n<meta property=\"og:type\" content=\"article\" \/>\n<meta property=\"og:title\" content=\"Manoli Garc\u00eda de la Hera - Unidad de epidemiolog\u00eda de la nutrici\u00f3n\" \/>\n<meta property=\"og:description\" content=\"Manoli Garc\u00eda de la Hera Current position: Lecturer in department of Public Health at Miguel Hern\u00e1ndez University (UMH), CIBERESP and ISABIAL. Education: BSc Psychology (University of Seville, 1984); MSc Public Health (UMH, 1998); PhD in Public Health (UMH, 2004). Brief CV: I started in 1990 as a research fellow and I started working in the [&hellip;]\" \/>\n<meta property=\"og:url\" content=\"https:\/\/epinut.umh.es\/manoli-garcia-de-la-hera-2\/\" \/>\n<meta property=\"og:site_name\" content=\"Unidad de epidemiolog\u00eda de la nutrici\u00f3n\" \/>\n<meta property=\"article:modified_time\" content=\"2018-07-09T08:09:24+00:00\" \/>\n<meta property=\"og:image\" content=\"http:\/\/bibliodieta.edu.umh.es\/files\/2018\/04\/cropped-logoepinut3-300x300.jpg\" \/>\n<meta name=\"twitter:card\" content=\"summary\" \/>\n<meta name=\"twitter:label1\" content=\"Est. reading time\" \/>\n\t<meta name=\"twitter:data1\" content=\"3 minutes\" \/>\n<script type=\"application\/ld+json\" class=\"yoast-schema-graph\">{\"@context\":\"https:\/\/schema.org\",\"@graph\":[{\"@type\":\"WebSite\",\"@id\":\"https:\/\/epinut.umh.es\/#website\",\"url\":\"https:\/\/epinut.umh.es\/\",\"name\":\"Unidad de epidemiolog\\u00eda de la nutrici\\u00f3n\",\"description\":\"Universidad Miguel Hern\\u00e1ndez de Elche\",\"potentialAction\":[{\"@type\":\"SearchAction\",\"target\":{\"@type\":\"EntryPoint\",\"urlTemplate\":\"https:\/\/epinut.umh.es\/?s={search_term_string}\"},\"query-input\":\"required name=search_term_string\"}],\"inLanguage\":\"en-US\"},{\"@type\":\"ImageObject\",\"@id\":\"https:\/\/epinut.umh.es\/manoli-garcia-de-la-hera-2\/#primaryimage\",\"inLanguage\":\"en-US\",\"url\":\"http:\/\/bibliodieta.edu.umh.es\/files\/2018\/04\/cropped-logoepinut3-300x300.jpg\",\"contentUrl\":\"http:\/\/bibliodieta.edu.umh.es\/files\/2018\/04\/cropped-logoepinut3-300x300.jpg\"},{\"@type\":\"WebPage\",\"@id\":\"https:\/\/epinut.umh.es\/manoli-garcia-de-la-hera-2\/#webpage\",\"url\":\"https:\/\/epinut.umh.es\/manoli-garcia-de-la-hera-2\/\",\"name\":\"Manoli Garc\\u00eda de la Hera - Unidad de epidemiolog\\u00eda de la nutrici\\u00f3n\",\"isPartOf\":{\"@id\":\"https:\/\/epinut.umh.es\/#website\"},\"primaryImageOfPage\":{\"@id\":\"https:\/\/epinut.umh.es\/manoli-garcia-de-la-hera-2\/#primaryimage\"},\"datePublished\":\"2018-04-18T11:03:15+00:00\",\"dateModified\":\"2018-07-09T08:09:24+00:00\",\"breadcrumb\":{\"@id\":\"https:\/\/epinut.umh.es\/manoli-garcia-de-la-hera-2\/#breadcrumb\"},\"inLanguage\":\"en-US\",\"potentialAction\":[{\"@type\":\"ReadAction\",\"target\":[\"https:\/\/epinut.umh.es\/manoli-garcia-de-la-hera-2\/\"]}]},{\"@type\":\"BreadcrumbList\",\"@id\":\"https:\/\/epinut.umh.es\/manoli-garcia-de-la-hera-2\/#breadcrumb\",\"itemListElement\":[{\"@type\":\"ListItem\",\"position\":1,\"name\":\"Home\",\"item\":\"https:\/\/epinut.umh.es\/\"},{\"@type\":\"ListItem\",\"position\":2,\"name\":\"Manoli Garc\\u00eda de la Hera\"}]}]}<\/script>\n<!-- \/ Yoast SEO plugin. -->","yoast_head_json":{"title":"Manoli Garc\u00eda de la Hera - Unidad de epidemiolog\u00eda de la nutrici\u00f3n","robots":{"index":"index","follow":"follow","max-snippet":"max-snippet:-1","max-image-preview":"max-image-preview:large","max-video-preview":"max-video-preview:-1"},"canonical":"https:\/\/epinut.umh.es\/manoli-garcia-de-la-hera-2\/","og_locale":"en_US","og_type":"article","og_title":"Manoli Garc\u00eda de la Hera - Unidad de epidemiolog\u00eda de la nutrici\u00f3n","og_description":"Manoli Garc\u00eda de la Hera Current position: Lecturer in department of Public Health at Miguel Hern\u00e1ndez University (UMH), CIBERESP and ISABIAL. Education: BSc Psychology (University of Seville, 1984); MSc Public Health (UMH, 1998); PhD in Public Health (UMH, 2004). Brief CV: I started in 1990 as a research fellow and I started working in the [&hellip;]","og_url":"https:\/\/epinut.umh.es\/manoli-garcia-de-la-hera-2\/","og_site_name":"Unidad de epidemiolog\u00eda de la nutrici\u00f3n","article_modified_time":"2018-07-09T08:09:24+00:00","og_image":[{"url":"http:\/\/bibliodieta.edu.umh.es\/files\/2018\/04\/cropped-logoepinut3-300x300.jpg"}],"twitter_card":"summary","twitter_misc":{"Est. reading time":"3 minutes"},"schema":{"@context":"https:\/\/schema.org","@graph":[{"@type":"WebSite","@id":"https:\/\/epinut.umh.es\/#website","url":"https:\/\/epinut.umh.es\/","name":"Unidad de epidemiolog\u00eda de la nutrici\u00f3n","description":"Universidad Miguel Hern\u00e1ndez de Elche","potentialAction":[{"@type":"SearchAction","target":{"@type":"EntryPoint","urlTemplate":"https:\/\/epinut.umh.es\/?s={search_term_string}"},"query-input":"required name=search_term_string"}],"inLanguage":"en-US"},{"@type":"ImageObject","@id":"https:\/\/epinut.umh.es\/manoli-garcia-de-la-hera-2\/#primaryimage","inLanguage":"en-US","url":"http:\/\/bibliodieta.edu.umh.es\/files\/2018\/04\/cropped-logoepinut3-300x300.jpg","contentUrl":"http:\/\/bibliodieta.edu.umh.es\/files\/2018\/04\/cropped-logoepinut3-300x300.jpg"},{"@type":"WebPage","@id":"https:\/\/epinut.umh.es\/manoli-garcia-de-la-hera-2\/#webpage","url":"https:\/\/epinut.umh.es\/manoli-garcia-de-la-hera-2\/","name":"Manoli Garc\u00eda de la Hera - Unidad de epidemiolog\u00eda de la nutrici\u00f3n","isPartOf":{"@id":"https:\/\/epinut.umh.es\/#website"},"primaryImageOfPage":{"@id":"https:\/\/epinut.umh.es\/manoli-garcia-de-la-hera-2\/#primaryimage"},"datePublished":"2018-04-18T11:03:15+00:00","dateModified":"2018-07-09T08:09:24+00:00","breadcrumb":{"@id":"https:\/\/epinut.umh.es\/manoli-garcia-de-la-hera-2\/#breadcrumb"},"inLanguage":"en-US","potentialAction":[{"@type":"ReadAction","target":["https:\/\/epinut.umh.es\/manoli-garcia-de-la-hera-2\/"]}]},{"@type":"BreadcrumbList","@id":"https:\/\/epinut.umh.es\/manoli-garcia-de-la-hera-2\/#breadcrumb","itemListElement":[{"@type":"ListItem","position":1,"name":"Home","item":"https:\/\/epinut.umh.es\/"},{"@type":"ListItem","position":2,"name":"Manoli Garc\u00eda de la Hera"}]}]}},"_links":{"self":[{"href":"https:\/\/epinut.umh.es\/en\/wp-json\/wp\/v2\/pages\/624"}],"collection":[{"href":"https:\/\/epinut.umh.es\/en\/wp-json\/wp\/v2\/pages"}],"about":[{"href":"https:\/\/epinut.umh.es\/en\/wp-json\/wp\/v2\/types\/page"}],"author":[{"embeddable":true,"href":"https:\/\/epinut.umh.es\/en\/wp-json\/wp\/v2\/users\/6277"}],"replies":[{"embeddable":true,"href":"https:\/\/epinut.umh.es\/en\/wp-json\/wp\/v2\/comments?post=624"}],"version-history":[{"count":0,"href":"https:\/\/epinut.umh.es\/en\/wp-json\/wp\/v2\/pages\/624\/revisions"}],"wp:attachment":[{"href":"https:\/\/epinut.umh.es\/en\/wp-json\/wp\/v2\/media?parent=624"}],"curies":[{"name":"wp","href":"https:\/\/api.w.org\/{rel}","templated":true}]}}