{"id":63,"date":"2012-07-04T14:25:12","date_gmt":"2012-07-04T14:25:12","guid":{"rendered":"http:\/\/bibliodieta.umh.es\/contacto\/"},"modified":"2018-07-09T08:07:51","modified_gmt":"2018-07-09T08:07:51","slug":"contacto","status":"publish","type":"page","link":"https:\/\/epinut.umh.es\/en\/contacto\/","title":{"rendered":"Contact"},"content":{"rendered":"<p><\/p>\n<h3><span style=\"color: #008080;\">If you need more information, fill in this form:<\/span><\/h3>\n<form class=\"vscf\" id=\"vscf\" method=\"post\" >\r\n\t\t<div class=\"form-group\">\r\n\t\t\t<label for=\"vscf_name\">Name: <span class=\"hide\" >Please enter at least 2 characters<\/span><\/label>\r\n\t\t\t<input type=\"text\" name=\"vscf_name\" id=\"vscf_name\"  class=\"form-control\" maxlength=\"50\" value=\"\" \/>\r\n\t\t<\/div>\r\n\t\t<div class=\"form-group\">\r\n\t\t\t<label for=\"vscf_email\">Email: <span class=\"hide\" >Please enter a valid email<\/span><\/label>\r\n\t\t\t<input type=\"email\" name=\"vscf_email\" id=\"vscf_email\"  class=\"form-control\" maxlength=\"50\" value=\"\" \/>\r\n\t\t<\/div>\r\n\t\t<div class=\"form-group\">\r\n\t\t\t<label for=\"vscf_subject\">Subject: <span class=\"hide\" >Please enter at least 2 characters<\/span><\/label>\r\n\t\t\t<input type=\"text\" name=\"vscf_subject\" id=\"vscf_subject\"  class=\"form-control\" maxlength=\"50\" value=\"\" \/>\r\n\t\t<\/div>\r\n\t\t<div class=\"form-group\">\r\n\t\t\t<label for=\"vscf_captcha\">Enter number 950: <span class=\"hide\" >Please enter the correct number<\/span><\/label>\r\n\t\t\t<input type=\"text\" name=\"vscf_captcha\" id=\"vscf_captcha\"  class=\"form-control\" maxlength=\"50\" value=\"\" \/>\r\n\t\t<\/div>\r\n\t\t<div class=\"form-group hide\">\r\n\t\t\t<input type=\"text\" name=\"vscf_firstname\" id=\"vscf_firstname\" class=\"form-control\" maxlength=\"50\" value=\"\" \/>\r\n\t\t<\/div>\r\n\t\t<div class=\"form-group hide\">\r\n\t\t\t<input type=\"text\" name=\"vscf_lastname\" id=\"vscf_lastname\" class=\"form-control\" maxlength=\"50\" value=\"\" \/>\r\n\t\t<\/div>\r\n\t\t<div class=\"form-group\">\r\n\t\t\t<label for=\"vscf_message\">Message: <span class=\"hide\" >Please enter at least 10 characters<\/span><\/label>\r\n\t\t\t<textarea name=\"vscf_message\" id=\"vscf_message\" rows=\"10\"  class=\"form-control\"><\/textarea>\r\n\t\t<\/div>\r\n\t\t<div class=\"hide\">\r\n\t\t\t<input type=\"hidden\" name=\"vscf_privacy\" id=\"vscf_privacy_hidden\" value=\"no\">\r\n\t\t\t<label><input type=\"checkbox\" name=\"vscf_privacy\" id=\"vscf_privacy\" class=\"custom-control-input\" value=\"yes\"  \/> <span class=\"\" >I consent to having this website collect my personal data via this form.<\/span><\/label>\r\n\t\t<\/div>\r\n\t\t<div class=\"form-group hide\">\r\n\t\t\t<input type=\"hidden\" id=\"vscf_nonce\" name=\"vscf_nonce\" value=\"187f06b423\" \/><input type=\"hidden\" name=\"_wp_http_referer\" value=\"\/en\/wp-json\/wp\/v2\/pages\/63\" \/>\r\n\t\t<\/div>\r\n\t\t<div class=\"form-group\">\r\n\t\t\t<button type=\"submit\" name=\"vscf_send\" id=\"vscf_send\" class=\"btn btn-primary\">Submit<\/button>\r\n\t\t<\/div>\r\n\t<\/form>\n<h3>You can come to see us:<\/h3>\n<hr \/>\n<p>EPINUT-BIBLIODIETA group<br \/>\nMiguel Hern\u00e1ndez University<br \/>\nSan Juan Campus. Departament Building.<br \/>\nRoad Alicante-Valencia s\/n<br \/>\nTelephone: 965919490<br \/>\ne-mail: bibliodieta@umh.es<\/p>","protected":false},"excerpt":{"rendered":"<p>If you need more information, fill in this form: You can come to see us: EPINUT-BIBLIODIETA group Miguel Hern\u00e1ndez University San Juan Campus. Departament Building. Road Alicante-Valencia s\/n Telephone: 965919490 e-mail: bibliodieta@umh.es<\/p>\n","protected":false},"author":6277,"featured_media":0,"parent":0,"menu_order":100,"comment_status":"closed","ping_status":"open","template":"templates\/template-onecolumn.php","meta":{"_et_pb_use_builder":"","_et_pb_old_content":"","_et_gb_content_width":"","_links_to":"","_links_to_target":""},"yoast_head":"<!-- This site is optimized with the Yoast SEO plugin v17.5 - https:\/\/yoast.com\/wordpress\/plugins\/seo\/ -->\n<title>Contact - Unidad de epidemiolog\u00eda de la nutrici\u00f3n<\/title>\n<meta name=\"robots\" content=\"index, follow, max-snippet:-1, max-image-preview:large, max-video-preview:-1\" \/>\n<link rel=\"canonical\" href=\"https:\/\/epinut.umh.es\/contacto\/\" \/>\n<meta property=\"og:locale\" content=\"en_US\" \/>\n<meta property=\"og:type\" content=\"article\" \/>\n<meta property=\"og:title\" content=\"Contact - Unidad de epidemiolog\u00eda de la nutrici\u00f3n\" \/>\n<meta property=\"og:description\" content=\"If you need more information, fill in this form: You can come to see us: EPINUT-BIBLIODIETA group Miguel Hern\u00e1ndez University San Juan Campus. Departament Building. Road Alicante-Valencia s\/n Telephone: 965919490 e-mail: bibliodieta@umh.es\" \/>\n<meta property=\"og:url\" content=\"https:\/\/epinut.umh.es\/contacto\/\" \/>\n<meta property=\"og:site_name\" content=\"Unidad de epidemiolog\u00eda de la nutrici\u00f3n\" \/>\n<meta property=\"article:modified_time\" content=\"2018-07-09T08:07:51+00:00\" \/>\n<meta name=\"twitter:card\" content=\"summary\" \/>\n<script type=\"application\/ld+json\" class=\"yoast-schema-graph\">{\"@context\":\"https:\/\/schema.org\",\"@graph\":[{\"@type\":\"WebSite\",\"@id\":\"https:\/\/epinut.umh.es\/#website\",\"url\":\"https:\/\/epinut.umh.es\/\",\"name\":\"Unidad de epidemiolog\\u00eda de la nutrici\\u00f3n\",\"description\":\"Universidad Miguel Hern\\u00e1ndez de Elche\",\"potentialAction\":[{\"@type\":\"SearchAction\",\"target\":{\"@type\":\"EntryPoint\",\"urlTemplate\":\"https:\/\/epinut.umh.es\/?s={search_term_string}\"},\"query-input\":\"required name=search_term_string\"}],\"inLanguage\":\"en-US\"},{\"@type\":\"WebPage\",\"@id\":\"https:\/\/epinut.umh.es\/contacto\/#webpage\",\"url\":\"https:\/\/epinut.umh.es\/contacto\/\",\"name\":\"Contact - Unidad de epidemiolog\\u00eda de la nutrici\\u00f3n\",\"isPartOf\":{\"@id\":\"https:\/\/epinut.umh.es\/#website\"},\"datePublished\":\"2012-07-04T14:25:12+00:00\",\"dateModified\":\"2018-07-09T08:07:51+00:00\",\"breadcrumb\":{\"@id\":\"https:\/\/epinut.umh.es\/contacto\/#breadcrumb\"},\"inLanguage\":\"en-US\",\"potentialAction\":[{\"@type\":\"ReadAction\",\"target\":[\"https:\/\/epinut.umh.es\/contacto\/\"]}]},{\"@type\":\"BreadcrumbList\",\"@id\":\"https:\/\/epinut.umh.es\/contacto\/#breadcrumb\",\"itemListElement\":[{\"@type\":\"ListItem\",\"position\":1,\"name\":\"Home\",\"item\":\"https:\/\/epinut.umh.es\/\"},{\"@type\":\"ListItem\",\"position\":2,\"name\":\"Contacto\"}]}]}<\/script>\n<!-- \/ Yoast SEO plugin. -->","yoast_head_json":{"title":"Contact - Unidad de epidemiolog\u00eda de la nutrici\u00f3n","robots":{"index":"index","follow":"follow","max-snippet":"max-snippet:-1","max-image-preview":"max-image-preview:large","max-video-preview":"max-video-preview:-1"},"canonical":"https:\/\/epinut.umh.es\/contacto\/","og_locale":"en_US","og_type":"article","og_title":"Contact - Unidad de epidemiolog\u00eda de la nutrici\u00f3n","og_description":"If you need more information, fill in this form: You can come to see us: EPINUT-BIBLIODIETA group Miguel Hern\u00e1ndez University San Juan Campus. Departament Building. Road Alicante-Valencia s\/n Telephone: 965919490 e-mail: bibliodieta@umh.es","og_url":"https:\/\/epinut.umh.es\/contacto\/","og_site_name":"Unidad de epidemiolog\u00eda de la nutrici\u00f3n","article_modified_time":"2018-07-09T08:07:51+00:00","twitter_card":"summary","schema":{"@context":"https:\/\/schema.org","@graph":[{"@type":"WebSite","@id":"https:\/\/epinut.umh.es\/#website","url":"https:\/\/epinut.umh.es\/","name":"Unidad de epidemiolog\u00eda de la nutrici\u00f3n","description":"Universidad Miguel Hern\u00e1ndez de Elche","potentialAction":[{"@type":"SearchAction","target":{"@type":"EntryPoint","urlTemplate":"https:\/\/epinut.umh.es\/?s={search_term_string}"},"query-input":"required name=search_term_string"}],"inLanguage":"en-US"},{"@type":"WebPage","@id":"https:\/\/epinut.umh.es\/contacto\/#webpage","url":"https:\/\/epinut.umh.es\/contacto\/","name":"Contact - Unidad de epidemiolog\u00eda de la nutrici\u00f3n","isPartOf":{"@id":"https:\/\/epinut.umh.es\/#website"},"datePublished":"2012-07-04T14:25:12+00:00","dateModified":"2018-07-09T08:07:51+00:00","breadcrumb":{"@id":"https:\/\/epinut.umh.es\/contacto\/#breadcrumb"},"inLanguage":"en-US","potentialAction":[{"@type":"ReadAction","target":["https:\/\/epinut.umh.es\/contacto\/"]}]},{"@type":"BreadcrumbList","@id":"https:\/\/epinut.umh.es\/contacto\/#breadcrumb","itemListElement":[{"@type":"ListItem","position":1,"name":"Home","item":"https:\/\/epinut.umh.es\/"},{"@type":"ListItem","position":2,"name":"Contacto"}]}]}},"_links":{"self":[{"href":"https:\/\/epinut.umh.es\/en\/wp-json\/wp\/v2\/pages\/63"}],"collection":[{"href":"https:\/\/epinut.umh.es\/en\/wp-json\/wp\/v2\/pages"}],"about":[{"href":"https:\/\/epinut.umh.es\/en\/wp-json\/wp\/v2\/types\/page"}],"author":[{"embeddable":true,"href":"https:\/\/epinut.umh.es\/en\/wp-json\/wp\/v2\/users\/6277"}],"replies":[{"embeddable":true,"href":"https:\/\/epinut.umh.es\/en\/wp-json\/wp\/v2\/comments?post=63"}],"version-history":[{"count":0,"href":"https:\/\/epinut.umh.es\/en\/wp-json\/wp\/v2\/pages\/63\/revisions"}],"wp:attachment":[{"href":"https:\/\/epinut.umh.es\/en\/wp-json\/wp\/v2\/media?parent=63"}],"curies":[{"name":"wp","href":"https:\/\/api.w.org\/{rel}","templated":true}]}}