{"id":639,"date":"2018-04-18T11:22:04","date_gmt":"2018-04-18T11:22:04","guid":{"rendered":"http:\/\/bibliodieta.edu-desarrollo.umh.es\/?page_id=639"},"modified":"2018-07-02T14:29:12","modified_gmt":"2018-07-02T14:29:12","slug":"leyre-notario-barandiaran-2","status":"publish","type":"page","link":"https:\/\/epinut.umh.es\/en\/leyre-notario-barandiaran-2\/","title":{"rendered":"Leyre Notario Barandiaran"},"content":{"rendered":"<p><img loading=\"lazy\" class=\" size-medium wp-image-1056 aligncenter\" src=\"http:\/\/epinut.umh.es\/files\/2018\/04\/IMG_2952-300x300.jpg\" alt=\"IMG_2952\" width=\"300\" height=\"300\" srcset=\"https:\/\/epinut.umh.es\/files\/2018\/04\/IMG_2952-300x300.jpg 300w, https:\/\/epinut.umh.es\/files\/2018\/04\/IMG_2952-150x150.jpg 150w, https:\/\/epinut.umh.es\/files\/2018\/04\/IMG_2952-1024x1024.jpg 1024w, https:\/\/epinut.umh.es\/files\/2018\/04\/IMG_2952.jpg 1600w\" sizes=\"(max-width: 300px) 100vw, 300px\" \/><\/p>\n<p style=\"text-align: center;\"><span style=\"color: #000000;\"><strong>Leyre Notario Barandiaran<\/strong><\/span><\/p>\n<hr \/>\n<hr \/>\n<p style=\"text-align: justify;\"><span style=\"text-decoration: underline;\"><strong><em>Current position<\/em>:<\/strong><\/span> PhD student.<\/p>\n<p style=\"text-align: justify;\"><strong><span style=\"text-decoration: underline;\"><em>Education<\/em>:<\/span><\/strong> BSc Pharmacy (2014); MSc Public Health (2015), PhD in Public Health (Currently studying).<\/p>\n<p style=\"text-align: justify;\"><strong><span style=\"text-decoration: underline;\"><em>Brief CV<\/em>:<\/span><\/strong> I started in the Group of Nutritional Epidemiology (EPINUT-UMH) after completing the MSc Public Health at the end of 2015. I was a field worker in the intervention study <strong>PREDIMED-PLUS<\/strong>, managing the database and performing statistical analysis. I am currently part of a project related to the <strong>INMA study<\/strong> in which I evaluate the relationship between the Mediterranean Diet and childhood obesity. I carry out bibliographic searches and statistical analysis for the subsequent drafting of scientific reports.<\/p>\n<hr \/>\n<p><a href=\"http:\/\/epinut.umh.es\/?p=26\"><strong><span style=\"color: #008080;\">&lt;&lt;Back<\/span><\/strong><\/a><\/p>","protected":false},"excerpt":{"rendered":"<p>Leyre Notario Barandiaran Current position: PhD student. Education: BSc Pharmacy (2014); MSc Public Health (2015), PhD in Public Health (Currently studying). Brief CV: I started in the Group of Nutritional Epidemiology (EPINUT-UMH) after completing the MSc Public Health at the end of 2015. I was a field worker in the intervention study PREDIMED-PLUS, managing the [&hellip;]<\/p>\n","protected":false},"author":6277,"featured_media":0,"parent":0,"menu_order":0,"comment_status":"closed","ping_status":"closed","template":"","meta":{"_et_pb_use_builder":"","_et_pb_old_content":"","_et_gb_content_width":"","_links_to":"","_links_to_target":""},"yoast_head":"<!-- This site is optimized with the Yoast SEO plugin v17.5 - https:\/\/yoast.com\/wordpress\/plugins\/seo\/ -->\n<title>Leyre Notario Barandiaran - Unidad de epidemiolog\u00eda de la nutrici\u00f3n<\/title>\n<meta name=\"robots\" content=\"index, follow, max-snippet:-1, max-image-preview:large, max-video-preview:-1\" \/>\n<link rel=\"canonical\" href=\"https:\/\/epinut.umh.es\/leyre-notario-barandiaran-2\/\" \/>\n<meta property=\"og:locale\" content=\"en_US\" \/>\n<meta property=\"og:type\" content=\"article\" \/>\n<meta property=\"og:title\" content=\"Leyre Notario Barandiaran - Unidad de epidemiolog\u00eda de la nutrici\u00f3n\" \/>\n<meta property=\"og:description\" content=\"Leyre Notario Barandiaran Current position: PhD student. Education: BSc Pharmacy (2014); MSc Public Health (2015), PhD in Public Health (Currently studying). Brief CV: I started in the Group of Nutritional Epidemiology (EPINUT-UMH) after completing the MSc Public Health at the end of 2015. I was a field worker in the intervention study PREDIMED-PLUS, managing the [&hellip;]\" \/>\n<meta property=\"og:url\" content=\"https:\/\/epinut.umh.es\/leyre-notario-barandiaran-2\/\" \/>\n<meta property=\"og:site_name\" content=\"Unidad de epidemiolog\u00eda de la nutrici\u00f3n\" \/>\n<meta property=\"article:modified_time\" content=\"2018-07-02T14:29:12+00:00\" \/>\n<meta property=\"og:image\" content=\"http:\/\/epinut.umh.es\/files\/2018\/04\/IMG_2952-300x300.jpg\" \/>\n<meta name=\"twitter:card\" content=\"summary\" \/>\n<meta name=\"twitter:label1\" content=\"Est. reading time\" \/>\n\t<meta name=\"twitter:data1\" content=\"1 minute\" \/>\n<script type=\"application\/ld+json\" class=\"yoast-schema-graph\">{\"@context\":\"https:\/\/schema.org\",\"@graph\":[{\"@type\":\"WebSite\",\"@id\":\"https:\/\/epinut.umh.es\/#website\",\"url\":\"https:\/\/epinut.umh.es\/\",\"name\":\"Unidad de epidemiolog\\u00eda de la nutrici\\u00f3n\",\"description\":\"Universidad Miguel Hern\\u00e1ndez de Elche\",\"potentialAction\":[{\"@type\":\"SearchAction\",\"target\":{\"@type\":\"EntryPoint\",\"urlTemplate\":\"https:\/\/epinut.umh.es\/?s={search_term_string}\"},\"query-input\":\"required name=search_term_string\"}],\"inLanguage\":\"en-US\"},{\"@type\":\"ImageObject\",\"@id\":\"https:\/\/epinut.umh.es\/leyre-notario-barandiaran-2\/#primaryimage\",\"inLanguage\":\"en-US\",\"url\":\"http:\/\/epinut.umh.es\/files\/2018\/04\/IMG_2952-300x300.jpg\",\"contentUrl\":\"http:\/\/epinut.umh.es\/files\/2018\/04\/IMG_2952-300x300.jpg\"},{\"@type\":\"WebPage\",\"@id\":\"https:\/\/epinut.umh.es\/leyre-notario-barandiaran-2\/#webpage\",\"url\":\"https:\/\/epinut.umh.es\/leyre-notario-barandiaran-2\/\",\"name\":\"Leyre Notario Barandiaran - Unidad de epidemiolog\\u00eda de la nutrici\\u00f3n\",\"isPartOf\":{\"@id\":\"https:\/\/epinut.umh.es\/#website\"},\"primaryImageOfPage\":{\"@id\":\"https:\/\/epinut.umh.es\/leyre-notario-barandiaran-2\/#primaryimage\"},\"datePublished\":\"2018-04-18T11:22:04+00:00\",\"dateModified\":\"2018-07-02T14:29:12+00:00\",\"breadcrumb\":{\"@id\":\"https:\/\/epinut.umh.es\/leyre-notario-barandiaran-2\/#breadcrumb\"},\"inLanguage\":\"en-US\",\"potentialAction\":[{\"@type\":\"ReadAction\",\"target\":[\"https:\/\/epinut.umh.es\/leyre-notario-barandiaran-2\/\"]}]},{\"@type\":\"BreadcrumbList\",\"@id\":\"https:\/\/epinut.umh.es\/leyre-notario-barandiaran-2\/#breadcrumb\",\"itemListElement\":[{\"@type\":\"ListItem\",\"position\":1,\"name\":\"Home\",\"item\":\"https:\/\/epinut.umh.es\/\"},{\"@type\":\"ListItem\",\"position\":2,\"name\":\"Leyre Notario Barandiaran\"}]}]}<\/script>\n<!-- \/ Yoast SEO plugin. -->","yoast_head_json":{"title":"Leyre Notario Barandiaran - Unidad de epidemiolog\u00eda de la nutrici\u00f3n","robots":{"index":"index","follow":"follow","max-snippet":"max-snippet:-1","max-image-preview":"max-image-preview:large","max-video-preview":"max-video-preview:-1"},"canonical":"https:\/\/epinut.umh.es\/leyre-notario-barandiaran-2\/","og_locale":"en_US","og_type":"article","og_title":"Leyre Notario Barandiaran - Unidad de epidemiolog\u00eda de la nutrici\u00f3n","og_description":"Leyre Notario Barandiaran Current position: PhD student. Education: BSc Pharmacy (2014); MSc Public Health (2015), PhD in Public Health (Currently studying). Brief CV: I started in the Group of Nutritional Epidemiology (EPINUT-UMH) after completing the MSc Public Health at the end of 2015. I was a field worker in the intervention study PREDIMED-PLUS, managing the [&hellip;]","og_url":"https:\/\/epinut.umh.es\/leyre-notario-barandiaran-2\/","og_site_name":"Unidad de epidemiolog\u00eda de la nutrici\u00f3n","article_modified_time":"2018-07-02T14:29:12+00:00","og_image":[{"url":"http:\/\/epinut.umh.es\/files\/2018\/04\/IMG_2952-300x300.jpg"}],"twitter_card":"summary","twitter_misc":{"Est. reading time":"1 minute"},"schema":{"@context":"https:\/\/schema.org","@graph":[{"@type":"WebSite","@id":"https:\/\/epinut.umh.es\/#website","url":"https:\/\/epinut.umh.es\/","name":"Unidad de epidemiolog\u00eda de la nutrici\u00f3n","description":"Universidad Miguel Hern\u00e1ndez de Elche","potentialAction":[{"@type":"SearchAction","target":{"@type":"EntryPoint","urlTemplate":"https:\/\/epinut.umh.es\/?s={search_term_string}"},"query-input":"required name=search_term_string"}],"inLanguage":"en-US"},{"@type":"ImageObject","@id":"https:\/\/epinut.umh.es\/leyre-notario-barandiaran-2\/#primaryimage","inLanguage":"en-US","url":"http:\/\/epinut.umh.es\/files\/2018\/04\/IMG_2952-300x300.jpg","contentUrl":"http:\/\/epinut.umh.es\/files\/2018\/04\/IMG_2952-300x300.jpg"},{"@type":"WebPage","@id":"https:\/\/epinut.umh.es\/leyre-notario-barandiaran-2\/#webpage","url":"https:\/\/epinut.umh.es\/leyre-notario-barandiaran-2\/","name":"Leyre Notario Barandiaran - Unidad de epidemiolog\u00eda de la nutrici\u00f3n","isPartOf":{"@id":"https:\/\/epinut.umh.es\/#website"},"primaryImageOfPage":{"@id":"https:\/\/epinut.umh.es\/leyre-notario-barandiaran-2\/#primaryimage"},"datePublished":"2018-04-18T11:22:04+00:00","dateModified":"2018-07-02T14:29:12+00:00","breadcrumb":{"@id":"https:\/\/epinut.umh.es\/leyre-notario-barandiaran-2\/#breadcrumb"},"inLanguage":"en-US","potentialAction":[{"@type":"ReadAction","target":["https:\/\/epinut.umh.es\/leyre-notario-barandiaran-2\/"]}]},{"@type":"BreadcrumbList","@id":"https:\/\/epinut.umh.es\/leyre-notario-barandiaran-2\/#breadcrumb","itemListElement":[{"@type":"ListItem","position":1,"name":"Home","item":"https:\/\/epinut.umh.es\/"},{"@type":"ListItem","position":2,"name":"Leyre Notario Barandiaran"}]}]}},"_links":{"self":[{"href":"https:\/\/epinut.umh.es\/en\/wp-json\/wp\/v2\/pages\/639"}],"collection":[{"href":"https:\/\/epinut.umh.es\/en\/wp-json\/wp\/v2\/pages"}],"about":[{"href":"https:\/\/epinut.umh.es\/en\/wp-json\/wp\/v2\/types\/page"}],"author":[{"embeddable":true,"href":"https:\/\/epinut.umh.es\/en\/wp-json\/wp\/v2\/users\/6277"}],"replies":[{"embeddable":true,"href":"https:\/\/epinut.umh.es\/en\/wp-json\/wp\/v2\/comments?post=639"}],"version-history":[{"count":0,"href":"https:\/\/epinut.umh.es\/en\/wp-json\/wp\/v2\/pages\/639\/revisions"}],"wp:attachment":[{"href":"https:\/\/epinut.umh.es\/en\/wp-json\/wp\/v2\/media?parent=639"}],"curies":[{"name":"wp","href":"https:\/\/api.w.org\/{rel}","templated":true}]}}