{"id":865,"date":"2025-01-28T07:38:44","date_gmt":"2025-01-28T07:38:44","guid":{"rendered":"http:\/\/epinut.umh.es\/?page_id=865"},"modified":"2025-01-29T17:39:26","modified_gmt":"2025-01-29T17:39:26","slug":"d-mediterraneapp","status":"publish","type":"page","link":"https:\/\/epinut.umh.es\/en\/d-mediterraneapp\/","title":{"rendered":"D-MediterraneApp"},"content":{"rendered":"<p>[et_pb_section fb_built=&#8221;1&#8243; fullwidth=&#8221;on&#8221; admin_label=&#8221;Header Section&#8221; _builder_version=&#8221;4.17.4&#8243; background_color=&#8221;#dadde2&#8243; height=&#8221;350px&#8221; custom_margin=&#8221;||0px||false|false&#8221; custom_padding=&#8221;||0px||false|false&#8221; hover_enabled=&#8221;0&#8243; locked=&#8221;off&#8221; global_colors_info=&#8221;{}&#8221; theme_builder_area=&#8221;post_content&#8221; sticky_enabled=&#8221;0&#8243;][et_pb_fullwidth_header title=&#8221;D-Mediterraneapp&#8221; subhead=&#8221;GRUPO DE EPIDEMIOLOG\u00cdA DE LA NUTRICI\u00d3N&#8221; text_orientation=&#8221;center&#8221; _builder_version=&#8221;4.17.4&#8243; title_font=&#8221;Oswald|500||on|||||&#8221; title_text_color=&#8221;rgba(255,255,255,0.87)&#8221; title_font_size=&#8221;4vw&#8221; title_letter_spacing=&#8221;10px&#8221; title_line_height=&#8221;1.4em&#8221; content_font=&#8221;||||||||&#8221; content_font_size=&#8221;19px&#8221; content_letter_spacing=&#8221;12px&#8221; subhead_font=&#8221;Oswald|||on|||||&#8221; subhead_text_color=&#8221;rgba(0,0,0,0.72)&#8221; subhead_font_size=&#8221;24px&#8221; subhead_letter_spacing=&#8221;8px&#8221; subhead_line_height=&#8221;1.4em&#8221; background_color=&#8221;rgba(255, 255, 255, 0)&#8221; background_image=&#8221;https:\/\/epinut.umh.es\/files\/2025\/01\/app-dmediterraneapp-portada.png&#8221; min_height=&#8221;350px&#8221; custom_padding=&#8221;||0px||false|false&#8221; animation_direction=&#8221;bottom&#8221; hover_enabled=&#8221;0&#8243; title_text_shadow_style=&#8221;preset1&#8243; title_text_shadow_color=&#8221;rgba(12,12,12,0.9)&#8221; subhead_text_shadow_style=&#8221;preset3&#8243; subhead_text_shadow_color=&#8221;#FFFFFF&#8221; global_colors_info=&#8221;{}&#8221; button_one_text_size__hover_enabled=&#8221;off&#8221; button_two_text_size__hover_enabled=&#8221;off&#8221; button_one_text_color__hover_enabled=&#8221;off&#8221; button_two_text_color__hover_enabled=&#8221;off&#8221; button_one_border_width__hover_enabled=&#8221;off&#8221; button_two_border_width__hover_enabled=&#8221;off&#8221; button_one_border_color__hover_enabled=&#8221;off&#8221; button_two_border_color__hover_enabled=&#8221;off&#8221; button_one_border_radius__hover_enabled=&#8221;off&#8221; button_two_border_radius__hover_enabled=&#8221;off&#8221; button_one_letter_spacing__hover_enabled=&#8221;off&#8221; button_two_letter_spacing__hover_enabled=&#8221;off&#8221; button_one_bg_color__hover_enabled=&#8221;off&#8221; button_two_bg_color__hover_enabled=&#8221;off&#8221; theme_builder_area=&#8221;post_content&#8221; title_text=&#8221;app dmediterraneapp portada&#8221; background_repeat=&#8221;repeat-x&#8221; background_size=&#8221;contain&#8221; sticky_enabled=&#8221;0&#8243;][\/et_pb_fullwidth_header][\/et_pb_section][et_pb_section fb_built=&#8221;1&#8243; admin_label=&#8221;Intro Section&#8221; _builder_version=&#8221;4.16&#8243; custom_padding=&#8221;60px|0px|60px|0px&#8221; global_colors_info=&#8221;{}&#8221; _module_preset=&#8221;default&#8221; theme_builder_area=&#8221;post_content&#8221;][et_pb_row admin_label=&#8221;Intro Row&#8221; _builder_version=&#8221;4.16&#8243; global_colors_info=&#8221;{}&#8221; _module_preset=&#8221;default&#8221; theme_builder_area=&#8221;post_content&#8221;][et_pb_column type=&#8221;4_4&#8243; _builder_version=&#8221;4.16&#8243; custom_padding=&#8221;|||&#8221; global_colors_info=&#8221;{}&#8221; custom_padding__hover=&#8221;|||&#8221; _module_preset=&#8221;default&#8221; theme_builder_area=&#8221;post_content&#8221;][et_pb_text _builder_version=&#8221;4.16&#8243; text_font=&#8221;Open Sans|600|||||||&#8221; text_font_size=&#8221;16px&#8221; text_line_height=&#8221;1.8em&#8221; header_font=&#8221;||||||||&#8221; header_2_font=&#8221;Oswald|||on|||||&#8221; header_2_font_size=&#8221;45px&#8221; header_2_letter_spacing=&#8221;3px&#8221; header_2_line_height=&#8221;1.4em&#8221; text_orientation=&#8221;center&#8221; max_width=&#8221;600px&#8221; module_alignment=&#8221;center&#8221; custom_margin=&#8221;||-1px|||&#8221; custom_margin_tablet=&#8221;0px|||&#8221; custom_margin_phone=&#8221;|||&#8221; custom_margin_last_edited=&#8221;off|desktop&#8221; global_colors_info=&#8221;{}&#8221; _module_preset=&#8221;default&#8221; theme_builder_area=&#8221;post_content&#8221;]<\/p>\n<h2>La App D-Mediterraneapp<\/h2>\n<p>[\/et_pb_text][\/et_pb_column][\/et_pb_row][et_pb_row admin_label=&#8221;Intro Row&#8221; _builder_version=&#8221;4.17.4&#8243; hover_enabled=&#8221;0&#8243; global_colors_info=&#8221;{}&#8221; _module_preset=&#8221;default&#8221; theme_builder_area=&#8221;post_content&#8221; sticky_enabled=&#8221;0&#8243;][et_pb_column type=&#8221;4_4&#8243; _builder_version=&#8221;4.16&#8243; custom_padding=&#8221;|||&#8221; global_colors_info=&#8221;{}&#8221; custom_padding__hover=&#8221;|||&#8221; _module_preset=&#8221;default&#8221; theme_builder_area=&#8221;post_content&#8221;][et_pb_text _builder_version=&#8221;4.17.4&#8243; text_font=&#8221;Lato||||||||&#8221; text_font_size=&#8221;13px&#8221; text_line_height=&#8221;1.8em&#8221; header_font=&#8221;||||||||&#8221; header_2_font=&#8221;Oswald|||on|||||&#8221; header_2_font_size=&#8221;45px&#8221; header_2_letter_spacing=&#8221;3px&#8221; header_2_line_height=&#8221;1.4em&#8221; module_alignment=&#8221;center&#8221; custom_margin=&#8221;|||&#8221; custom_margin_tablet=&#8221;0px|||&#8221; custom_margin_phone=&#8221;|||&#8221; custom_margin_last_edited=&#8221;off|desktop&#8221; hover_enabled=&#8221;0&#8243; global_colors_info=&#8221;{}&#8221; _module_preset=&#8221;default&#8221; theme_builder_area=&#8221;post_content&#8221; text_orientation=&#8221;center&#8221; text_letter_spacing=&#8221;1px&#8221; sticky_enabled=&#8221;0&#8243;]<\/p>\n<p><span>La prevalencia de sobrepeso y obesidad en Espa\u00f1a es del 60% en poblaci\u00f3n adulta. Estudios previos muestran que una mayor adherencia a la Dieta Mediterr\u00e1nea se relaciona con menor riesgo de obesidad, enfermedades cardiovasculares y mortalidad.<\/span><\/p>\n<p><span>Es por ello de vital importancia promocionar la salud en este colectivo espec\u00edfico mediante acciones de fomento de esta dieta. D-MediterraneApp es una app para m\u00f3viles, \u00a0sencilla e intuitiva sobre Dieta Mediterr\u00e1nea que pretende\u00a0ayudar a la poblaci\u00f3n general, y m\u00e1s espec\u00edficamente, a los colectivos de riesgo cardiovascular, a seguir una dieta de calidad.<\/span><\/p>\n<p>[\/et_pb_text][\/et_pb_column][\/et_pb_row][et_pb_row admin_label=&#8221;Intro Row&#8221; _builder_version=&#8221;4.17.4&#8243; hover_enabled=&#8221;0&#8243; global_colors_info=&#8221;{}&#8221; _module_preset=&#8221;default&#8221; theme_builder_area=&#8221;post_content&#8221; sticky_enabled=&#8221;0&#8243;][et_pb_column type=&#8221;4_4&#8243; _builder_version=&#8221;4.16&#8243; custom_padding=&#8221;|||&#8221; global_colors_info=&#8221;{}&#8221; custom_padding__hover=&#8221;|||&#8221; _module_preset=&#8221;default&#8221; theme_builder_area=&#8221;post_content&#8221;][et_pb_gallery _builder_version=&#8221;4.17.4&#8243; _module_preset=&#8221;default&#8221; theme_builder_area=&#8221;post_content&#8221; gallery_ids=&#8221;1910,1913,1916,1919&#8243; show_title_and_caption=&#8221;off&#8221; show_pagination=&#8221;off&#8221; hover_enabled=&#8221;0&#8243; sticky_enabled=&#8221;0&#8243; orientation=&#8221;portrait&#8221;][\/et_pb_gallery][\/et_pb_column][\/et_pb_row][\/et_pb_section][et_pb_section fb_built=&#8221;1&#8243; admin_label=&#8221;Advice Section&#8221; _builder_version=&#8221;4.17.4&#8243; custom_padding=&#8221;||||false|false&#8221; hover_enabled=&#8221;0&#8243; global_colors_info=&#8221;{}&#8221; _module_preset=&#8221;default&#8221; background_color=&#8221;#9cbc86&#8243; sticky_enabled=&#8221;0&#8243; min_height=&#8221;698px&#8221;][et_pb_row admin_label=&#8221;Section Header Row&#8221; _builder_version=&#8221;4.17.4&#8243; hover_enabled=&#8221;0&#8243; global_colors_info=&#8221;{}&#8221; _module_preset=&#8221;default&#8221; min_height=&#8221;31.6px&#8221; sticky_enabled=&#8221;0&#8243;][et_pb_column type=&#8221;4_4&#8243; _builder_version=&#8221;4.16&#8243; custom_padding=&#8221;|||&#8221; global_colors_info=&#8221;{}&#8221; custom_padding__hover=&#8221;|||&#8221; _module_preset=&#8221;default&#8221;][et_pb_text _builder_version=&#8221;4.17.4&#8243; text_font=&#8221;Lato||||||||&#8221; text_font_size=&#8221;16px&#8221; text_line_height=&#8221;1.8em&#8221; header_font=&#8221;||||||||&#8221; header_2_font=&#8221;Oswald|||on|||||&#8221; header_2_font_size=&#8221;23px&#8221; header_2_letter_spacing=&#8221;2px&#8221; header_2_line_height=&#8221;1.4em&#8221; text_orientation=&#8221;center&#8221; module_alignment=&#8221;center&#8221; hover_enabled=&#8221;0&#8243; global_colors_info=&#8221;{}&#8221; _module_preset=&#8221;default&#8221; header_font_size=&#8221;29px&#8221; sticky_enabled=&#8221;0&#8243; text_text_color=&#8221;#FFFFFF&#8221; header_2_text_color=&#8221;#6d9c4c&#8221;]<\/p>\n<h2><span>D-MediterraneApp ofrece la oportunidad de cambio de h\u00e1bitos de alimentaci\u00f3n<\/span><\/h2>\n<p><span>Gracias a avisos m\u00f3viles con informaci\u00f3n basada en evidencia cient\u00edfica sobre diferentes alimentos y recordatorios entre comidas que favorecer\u00e1n la inclusi\u00f3n de alimentos saludables en la dieta (frutas, verduras, frutos secos, AOVE y alimentos integrales).<\/span><\/p>\n<p>[\/et_pb_text][\/et_pb_column][\/et_pb_row][et_pb_row admin_label=&#8221;Advice Row&#8221; _builder_version=&#8221;4.17.4&#8243; custom_padding=&#8221;||||false|false&#8221; hover_enabled=&#8221;0&#8243; global_colors_info=&#8221;{}&#8221; _module_preset=&#8221;default&#8221; column_structure=&#8221;1_2,1_2&#8243; sticky_enabled=&#8221;0&#8243;][et_pb_column type=&#8221;1_2&#8243; _builder_version=&#8221;4.16&#8243; custom_padding=&#8221;|||&#8221; global_colors_info=&#8221;{}&#8221; custom_padding__hover=&#8221;|||&#8221; _module_preset=&#8221;default&#8221;][et_pb_image src=&#8221;https:\/\/epinut.umh.es\/files\/2025\/01\/logo-pegatinas.png&#8221; align_tablet=&#8221;center&#8221; align_last_edited=&#8221;on|desktop&#8221; _builder_version=&#8221;4.17.4&#8243; animation_style=&#8221;slide&#8221; animation_direction=&#8221;right&#8221; animation_intensity_slide=&#8221;5%&#8221; hover_enabled=&#8221;0&#8243; global_colors_info=&#8221;{}&#8221; _module_preset=&#8221;default&#8221; title_text=&#8221;logo-pegatinas&#8221; align=&#8221;center&#8221; show_bottom_space=&#8221;off&#8221; custom_margin=&#8221;||||false|false&#8221; sticky_enabled=&#8221;0&#8243; border_radii=&#8221;on|256px|256px|256px|256px&#8221; width=&#8221;76%&#8221; align_phone=&#8221;center&#8221;][\/et_pb_image][\/et_pb_column][et_pb_column type=&#8221;1_2&#8243; _builder_version=&#8221;4.16&#8243; custom_padding=&#8221;|||&#8221; global_colors_info=&#8221;{}&#8221; custom_padding__hover=&#8221;|||&#8221; _module_preset=&#8221;default&#8221;][et_pb_text _builder_version=&#8221;4.17.4&#8243; text_font=&#8221;Lato||||||||&#8221; text_font_size=&#8221;13px&#8221; text_line_height=&#8221;1.8em&#8221; header_font=&#8221;||||||||&#8221; header_2_font=&#8221;||||||||&#8221; header_5_font=&#8221;Oswald|||on|||||&#8221; header_5_font_size=&#8221;18px&#8221; header_5_letter_spacing=&#8221;2px&#8221; header_5_line_height=&#8221;1.8em&#8221; header_6_font=&#8221;||||||||&#8221; module_alignment=&#8221;center&#8221; custom_margin=&#8221;|||&#8221; custom_margin_tablet=&#8221;0px|||&#8221; custom_margin_phone=&#8221;|||&#8221; custom_margin_last_edited=&#8221;off|desktop&#8221; hover_enabled=&#8221;0&#8243; global_colors_info=&#8221;{}&#8221; _module_preset=&#8221;default&#8221; sticky_enabled=&#8221;0&#8243; header_text_color=&#8221;#FFFFFF&#8221; header_5_text_color=&#8221;#6d9c4c&#8221; text_text_color=&#8221;#FFFFFF&#8221;]<\/p>\n<h5><span>1. Personalizable<\/span><\/h5>\n<p><span>Con la posibilidad de incluir peso, altura, IMC, tensi\u00f3n arterial, circunferencia de cintura y cadera de forma peri\u00f3dica y realizar un seguimiento y evoluci\u00f3n de nuestros logros.\u00a0<\/span><\/p>\n<p>[\/et_pb_text][et_pb_text _builder_version=&#8221;4.17.4&#8243; text_font=&#8221;Lato||||||||&#8221; text_font_size=&#8221;13px&#8221; text_line_height=&#8221;1.8em&#8221; header_font=&#8221;||||||||&#8221; header_2_font=&#8221;||||||||&#8221; header_5_font=&#8221;Oswald|||on|||||&#8221; header_5_font_size=&#8221;18px&#8221; header_5_letter_spacing=&#8221;2px&#8221; header_5_line_height=&#8221;1.8em&#8221; header_6_font=&#8221;||||||||&#8221; module_alignment=&#8221;center&#8221; custom_margin=&#8221;|||&#8221; global_colors_info=&#8221;{}&#8221; _module_preset=&#8221;default&#8221; sticky_enabled=&#8221;0&#8243; header_text_color=&#8221;#FFFFFF&#8221; header_5_text_color=&#8221;#6d9c4c&#8221; text_text_color=&#8221;#FFFFFF&#8221;]<\/p>\n<h5><span>2. Avisos m\u00f3viles.<\/span><\/h5>\n<p><span>De forma aleatoria y diaria, en forma de: <strong>mitos<\/strong> (desminti\u00e9ndolos), <strong>\u201c\u00bfSab\u00edas qu\u00e9?\u201d<\/strong> con informaci\u00f3n sobre propiedades de diferentes alimentos y en forma de <strong>\u201cEs un buen momento para\u201d<\/strong>; estos avisos se recibir\u00e1n entre comidas, favoreciendo la realizaci\u00f3n de 5 comidas diarias incluyendo m\u00e1s fruta y frutos secos a la dieta.<\/span><\/p>\n<p>[\/et_pb_text][et_pb_text _builder_version=&#8221;4.17.4&#8243; text_font=&#8221;Lato||||||||&#8221; text_font_size=&#8221;13px&#8221; text_line_height=&#8221;1.8em&#8221; header_font=&#8221;||||||||&#8221; header_2_font=&#8221;||||||||&#8221; header_5_font=&#8221;Oswald|||on|||||&#8221; header_5_font_size=&#8221;18px&#8221; header_5_letter_spacing=&#8221;2px&#8221; header_5_line_height=&#8221;1.8em&#8221; header_6_font=&#8221;||||||||&#8221; module_alignment=&#8221;center&#8221; custom_margin=&#8221;|||&#8221; global_colors_info=&#8221;{}&#8221; _module_preset=&#8221;default&#8221; sticky_enabled=&#8221;0&#8243; header_text_color=&#8221;#FFFFFF&#8221; header_5_text_color=&#8221;#6d9c4c&#8221; text_text_color=&#8221;#FFFFFF&#8221;]<\/p>\n<h5><span>3. Evaluaci\u00f3n<\/span><\/h5>\n<p><span>Se evaluar\u00e1 la adherencia a la Dieta Mediterr\u00e1nea de forma peri\u00f3dica mediante el cuestionario de Adherencia a la Dieta Mediterr\u00e1nea de 17 \u00edtems.<\/span><\/p>\n<p>[\/et_pb_text][\/et_pb_column][\/et_pb_row][\/et_pb_section]<\/p>\n","protected":false},"excerpt":{"rendered":"<p>La App D-MediterraneappLa prevalencia de sobrepeso y obesidad en Espa\u00f1a es del 60% en poblaci\u00f3n adulta. Estudios previos muestran que una mayor adherencia a la Dieta Mediterr\u00e1nea se relaciona con menor riesgo de obesidad, enfermedades cardiovasculares y mortalidad. Es por ello de vital importancia promocionar la salud en este colectivo espec\u00edfico mediante acciones de fomento [&hellip;]<\/p>\n","protected":false},"author":163,"featured_media":0,"parent":0,"menu_order":0,"comment_status":"open","ping_status":"closed","template":"","meta":{"_et_pb_use_builder":"on","_et_pb_old_content":"","_et_gb_content_width":"","_links_to":"","_links_to_target":""},"yoast_head":"<!-- This site is optimized with the Yoast SEO plugin v17.5 - https:\/\/yoast.com\/wordpress\/plugins\/seo\/ -->\n<title>D-MediterraneApp - Unidad de epidemiolog\u00eda de la nutrici\u00f3n<\/title>\n<meta name=\"robots\" content=\"index, follow, max-snippet:-1, max-image-preview:large, max-video-preview:-1\" \/>\n<link rel=\"canonical\" href=\"https:\/\/epinut.umh.es\/d-mediterraneapp\/\" \/>\n<meta property=\"og:locale\" content=\"en_US\" \/>\n<meta property=\"og:type\" content=\"article\" \/>\n<meta property=\"og:title\" content=\"D-MediterraneApp - Unidad de epidemiolog\u00eda de la nutrici\u00f3n\" \/>\n<meta property=\"og:description\" content=\"La App D-MediterraneappLa prevalencia de sobrepeso y obesidad en Espa\u00f1a es del 60% en poblaci\u00f3n adulta. Estudios previos muestran que una mayor adherencia a la Dieta Mediterr\u00e1nea se relaciona con menor riesgo de obesidad, enfermedades cardiovasculares y mortalidad. Es por ello de vital importancia promocionar la salud en este colectivo espec\u00edfico mediante acciones de fomento [&hellip;]\" \/>\n<meta property=\"og:url\" content=\"https:\/\/epinut.umh.es\/d-mediterraneapp\/\" \/>\n<meta property=\"og:site_name\" content=\"Unidad de epidemiolog\u00eda de la nutrici\u00f3n\" \/>\n<meta property=\"article:modified_time\" content=\"2025-01-29T17:39:26+00:00\" \/>\n<meta name=\"twitter:card\" content=\"summary\" \/>\n<meta name=\"twitter:label1\" content=\"Est. reading time\" \/>\n\t<meta name=\"twitter:data1\" content=\"7 minutes\" \/>\n<script type=\"application\/ld+json\" class=\"yoast-schema-graph\">{\"@context\":\"https:\/\/schema.org\",\"@graph\":[{\"@type\":\"WebSite\",\"@id\":\"https:\/\/epinut.umh.es\/#website\",\"url\":\"https:\/\/epinut.umh.es\/\",\"name\":\"Unidad de epidemiolog\\u00eda de la nutrici\\u00f3n\",\"description\":\"Universidad Miguel Hern\\u00e1ndez de Elche\",\"potentialAction\":[{\"@type\":\"SearchAction\",\"target\":{\"@type\":\"EntryPoint\",\"urlTemplate\":\"https:\/\/epinut.umh.es\/?s={search_term_string}\"},\"query-input\":\"required name=search_term_string\"}],\"inLanguage\":\"en-US\"},{\"@type\":\"WebPage\",\"@id\":\"https:\/\/epinut.umh.es\/d-mediterraneapp\/#webpage\",\"url\":\"https:\/\/epinut.umh.es\/d-mediterraneapp\/\",\"name\":\"D-MediterraneApp - Unidad de epidemiolog\\u00eda de la nutrici\\u00f3n\",\"isPartOf\":{\"@id\":\"https:\/\/epinut.umh.es\/#website\"},\"datePublished\":\"2025-01-28T07:38:44+00:00\",\"dateModified\":\"2025-01-29T17:39:26+00:00\",\"breadcrumb\":{\"@id\":\"https:\/\/epinut.umh.es\/d-mediterraneapp\/#breadcrumb\"},\"inLanguage\":\"en-US\",\"potentialAction\":[{\"@type\":\"ReadAction\",\"target\":[\"https:\/\/epinut.umh.es\/d-mediterraneapp\/\"]}]},{\"@type\":\"BreadcrumbList\",\"@id\":\"https:\/\/epinut.umh.es\/d-mediterraneapp\/#breadcrumb\",\"itemListElement\":[{\"@type\":\"ListItem\",\"position\":1,\"name\":\"Home\",\"item\":\"https:\/\/epinut.umh.es\/\"},{\"@type\":\"ListItem\",\"position\":2,\"name\":\"D-MediterraneApp\"}]}]}<\/script>\n<!-- \/ Yoast SEO plugin. -->","yoast_head_json":{"title":"D-MediterraneApp - Unidad de epidemiolog\u00eda de la nutrici\u00f3n","robots":{"index":"index","follow":"follow","max-snippet":"max-snippet:-1","max-image-preview":"max-image-preview:large","max-video-preview":"max-video-preview:-1"},"canonical":"https:\/\/epinut.umh.es\/d-mediterraneapp\/","og_locale":"en_US","og_type":"article","og_title":"D-MediterraneApp - Unidad de epidemiolog\u00eda de la nutrici\u00f3n","og_description":"La App D-MediterraneappLa prevalencia de sobrepeso y obesidad en Espa\u00f1a es del 60% en poblaci\u00f3n adulta. Estudios previos muestran que una mayor adherencia a la Dieta Mediterr\u00e1nea se relaciona con menor riesgo de obesidad, enfermedades cardiovasculares y mortalidad. Es por ello de vital importancia promocionar la salud en este colectivo espec\u00edfico mediante acciones de fomento [&hellip;]","og_url":"https:\/\/epinut.umh.es\/d-mediterraneapp\/","og_site_name":"Unidad de epidemiolog\u00eda de la nutrici\u00f3n","article_modified_time":"2025-01-29T17:39:26+00:00","twitter_card":"summary","twitter_misc":{"Est. reading time":"7 minutes"},"schema":{"@context":"https:\/\/schema.org","@graph":[{"@type":"WebSite","@id":"https:\/\/epinut.umh.es\/#website","url":"https:\/\/epinut.umh.es\/","name":"Unidad de epidemiolog\u00eda de la nutrici\u00f3n","description":"Universidad Miguel Hern\u00e1ndez de Elche","potentialAction":[{"@type":"SearchAction","target":{"@type":"EntryPoint","urlTemplate":"https:\/\/epinut.umh.es\/?s={search_term_string}"},"query-input":"required name=search_term_string"}],"inLanguage":"en-US"},{"@type":"WebPage","@id":"https:\/\/epinut.umh.es\/d-mediterraneapp\/#webpage","url":"https:\/\/epinut.umh.es\/d-mediterraneapp\/","name":"D-MediterraneApp - Unidad de epidemiolog\u00eda de la nutrici\u00f3n","isPartOf":{"@id":"https:\/\/epinut.umh.es\/#website"},"datePublished":"2025-01-28T07:38:44+00:00","dateModified":"2025-01-29T17:39:26+00:00","breadcrumb":{"@id":"https:\/\/epinut.umh.es\/d-mediterraneapp\/#breadcrumb"},"inLanguage":"en-US","potentialAction":[{"@type":"ReadAction","target":["https:\/\/epinut.umh.es\/d-mediterraneapp\/"]}]},{"@type":"BreadcrumbList","@id":"https:\/\/epinut.umh.es\/d-mediterraneapp\/#breadcrumb","itemListElement":[{"@type":"ListItem","position":1,"name":"Home","item":"https:\/\/epinut.umh.es\/"},{"@type":"ListItem","position":2,"name":"D-MediterraneApp"}]}]}},"_links":{"self":[{"href":"https:\/\/epinut.umh.es\/en\/wp-json\/wp\/v2\/pages\/865"}],"collection":[{"href":"https:\/\/epinut.umh.es\/en\/wp-json\/wp\/v2\/pages"}],"about":[{"href":"https:\/\/epinut.umh.es\/en\/wp-json\/wp\/v2\/types\/page"}],"author":[{"embeddable":true,"href":"https:\/\/epinut.umh.es\/en\/wp-json\/wp\/v2\/users\/163"}],"replies":[{"embeddable":true,"href":"https:\/\/epinut.umh.es\/en\/wp-json\/wp\/v2\/comments?post=865"}],"version-history":[{"count":0,"href":"https:\/\/epinut.umh.es\/en\/wp-json\/wp\/v2\/pages\/865\/revisions"}],"wp:attachment":[{"href":"https:\/\/epinut.umh.es\/en\/wp-json\/wp\/v2\/media?parent=865"}],"curies":[{"name":"wp","href":"https:\/\/api.w.org\/{rel}","templated":true}]}}