{"id":956,"date":"2018-06-29T10:24:33","date_gmt":"2018-06-29T10:24:33","guid":{"rendered":"http:\/\/epinut.umh.es\/?page_id=956"},"modified":"2018-07-02T10:56:59","modified_gmt":"2018-07-02T10:56:59","slug":"publicaciones-eureye","status":"publish","type":"page","link":"https:\/\/epinut.umh.es\/en\/publicaciones-eureye\/","title":{"rendered":"Publications EUREYE"},"content":{"rendered":"<p><\/p>\n<h5><strong><span style=\"color: #008080;\">PUBLICATIONS<\/span><\/strong><\/h5>\n<hr \/>\n<p>1.-Augood C, Fletcher A, Bentham G, Chakravarthy U, de Jong PTVM, Rahu M, Seland J, Soubrane G, Tomazzoli L, Topouzis F, Vioque J, Young I (2004)n. <strong>Methods for a population-based study of the prevalence and risk factors for age-related maculopathy and macular degeneration in elderly European populations: the EUREYE study.<\/strong> Ophthalmic Epidemiology 11(2): 117-129.<\/p>\n<hr \/>\n<p>2.-Vioque J, Martin-Arag\u00f3n E, Asensio L, Ll\u00f3pez P, Guill\u00e9n M, Hueso JR, Placeres J, Schargel K, Mobayed J por el grupo EUREYE-study (2002) <strong>Proyecto EUREYE para el estudio de la degeneraci\u00f3n macular de la retina en poblaci\u00f3n anciana europea, pre-resultados grupo espa\u00f1ol.<\/strong> Gac Sanit 16 (suppl): 104.<\/p>\n<hr \/>\n<p>3.-Topouzis F, Anastasopoulos E, Augood C, Bentham GC, Chakravarthy U, de Jong PT, Rahu M, Seland J, Soubrane G, Tomazzoli L, Vingerling JR, Vioque J, Young IS, Fletcher AE. <strong>Association of diabetes with age-related macular degeneration in the EUREYE study.\u00a0<\/strong>Br J Ophthalmol. 2009 Aug;93(8):1037-41. Epub 2009 May 7.<\/p>\n<hr \/>\n<p><span style=\"font-family: 'Source Sans Pro';\">4.-Augood C, Chakravarthy U, Young I, Vioque J, de Jong PT, Bentham G, Rahu M, Seland J, Soubrane G, Tomazzoli L, Topouzis F, Vingerling JR, Fletcher AE. <\/span><strong>Oily fish consumption, dietary docosahexaenoic acid and eicosapentaenoic acid intakes, and associations with neovascular age-related macular degeneration.<\/strong><span style=\"font-family: 'Source Sans Pro';\"> Am J Clin Nutr. 2008 Aug;88(2):398-406.<\/span><\/p>\n<hr \/>\n<p>5.-Chakravarthy U, Augood C, Bentham GC, de Jong PT, Rahu M, Seland J, Soubrane G, Tomazzoli L, Topouzis F, Vingerling JR, Vioque J, Young IS, Fletcher AE. <strong>Cigarette smoking and age-related macular degeneration in the EUREYE Study.<\/strong> Ophthalmology. 2007 Jun;114(6):1157-63. Epub 2007 Mar 6.<\/p>\n<hr \/>\n<p>6.-Augood CA, Vingerling JR, de Jong PT, Chakravarthy U, Seland J, Soubrane G, Tomazzoli L, Topouzis F, Bentham G, Rahu M, Vioque J, Young IS, Fletcher AE. <strong>Prevalence of age-related maculopathy in older Europeans: the European Eye Study (EUREYE).<\/strong> Arch Ophthalmol. 2006 Apr;124(4):529-35.<\/p>\n<hr \/>\n<p>7.-Valero MP, Fletcher AE, De Stavola BL, Vioque J, Alepuz VC. <strong>Vitamin C is associated with reduced risk of cataract in a Mediterranean population.<\/strong> J Nutr.2002 Jun;132(6):1299-306.<\/p>\n<hr \/>\n<p><span style=\"font-family: 'Source Sans Pro';\">8.-Vioque J, Weinbrenner T, Asensio L, Castell\u00f3 A, Young IS, Fletcher A. <\/span><strong>Plasma concentrations of carotenoids and vitamin C are better correlated with dietary intake in normal weight than overweight and obese elderly subjects.<\/strong><span style=\"font-family: 'Source Sans Pro';\"> Br J Nutr. 2007 May;97(5):977-86.<\/span><\/p>\n<hr \/>\n<p>9.-Weinbrenner T, Vioque J, Barber X, Asensio L. <strong>Estimation of height and body mass index from demi-span in elderly individuals.<\/strong> Gerontology. 2006;52(5):275-81.<\/p>\n<hr \/>\n<p>10.-Vioque J, Martin-Aragon E, Asensio L, Llopez P by the EUREYE group (2003) <strong>Physical Activity assessment among elderly participants of a multi-centre European study in Alicante (EUREYE study). Can a single question capture the whole?.<\/strong> Gac Sanit 17 (suppl 2): 155.<\/p>\n<hr \/>\n<p>11.-Fletcher AE, Bentham GC, Agnew M, Young IS, Augood C, Chakravarthy U, de Jong PT, Rahu M, Seland J, Soubrane G, Tomazzoli L, Topouzis F, Vingerling JR, Vioque J. <strong>Sunlight exposure, antioxidants, and age-related macular degeneration.<\/strong>\u00a0Arch Ophthalmol. 2008 Oct;126(10):1396-403.<\/p>\n<hr \/>\n<p><a href=\"http:\/\/epinut.umh.es\/?p=38\"><strong><span style=\"color: #008080;\">&lt;&lt;Back<\/span><\/strong><\/a><\/p>","protected":false},"excerpt":{"rendered":"<p>PUBLICATIONS 1.-Augood C, Fletcher A, Bentham G, Chakravarthy U, de Jong PTVM, Rahu M, Seland J, Soubrane G, Tomazzoli L, Topouzis F, Vioque J, Young I (2004)n. Methods for a population-based study of the prevalence and risk factors for age-related maculopathy and macular degeneration in elderly European populations: the EUREYE study. Ophthalmic Epidemiology 11(2): 117-129. [&hellip;]<\/p>\n","protected":false},"author":163,"featured_media":0,"parent":0,"menu_order":0,"comment_status":"closed","ping_status":"closed","template":"","meta":{"_et_pb_use_builder":"","_et_pb_old_content":"","_et_gb_content_width":"","_links_to":"","_links_to_target":""},"yoast_head":"<!-- This site is optimized with the Yoast SEO plugin v17.5 - https:\/\/yoast.com\/wordpress\/plugins\/seo\/ -->\n<title>Publications EUREYE - Unidad de epidemiolog\u00eda de la nutrici\u00f3n<\/title>\n<meta name=\"robots\" content=\"index, follow, max-snippet:-1, max-image-preview:large, max-video-preview:-1\" \/>\n<link rel=\"canonical\" href=\"https:\/\/epinut.umh.es\/publicaciones-eureye\/\" \/>\n<meta property=\"og:locale\" content=\"en_US\" \/>\n<meta property=\"og:type\" content=\"article\" \/>\n<meta property=\"og:title\" content=\"Publications EUREYE - Unidad de epidemiolog\u00eda de la nutrici\u00f3n\" \/>\n<meta property=\"og:description\" content=\"PUBLICATIONS 1.-Augood C, Fletcher A, Bentham G, Chakravarthy U, de Jong PTVM, Rahu M, Seland J, Soubrane G, Tomazzoli L, Topouzis F, Vioque J, Young I (2004)n. Methods for a population-based study of the prevalence and risk factors for age-related maculopathy and macular degeneration in elderly European populations: the EUREYE study. Ophthalmic Epidemiology 11(2): 117-129. [&hellip;]\" \/>\n<meta property=\"og:url\" content=\"https:\/\/epinut.umh.es\/publicaciones-eureye\/\" \/>\n<meta property=\"og:site_name\" content=\"Unidad de epidemiolog\u00eda de la nutrici\u00f3n\" \/>\n<meta property=\"article:modified_time\" content=\"2018-07-02T10:56:59+00:00\" \/>\n<meta name=\"twitter:card\" content=\"summary\" \/>\n<meta name=\"twitter:label1\" content=\"Est. reading time\" \/>\n\t<meta name=\"twitter:data1\" content=\"5 minutes\" \/>\n<script type=\"application\/ld+json\" class=\"yoast-schema-graph\">{\"@context\":\"https:\/\/schema.org\",\"@graph\":[{\"@type\":\"WebSite\",\"@id\":\"https:\/\/epinut.umh.es\/en\/#website\",\"url\":\"https:\/\/epinut.umh.es\/en\/\",\"name\":\"Unidad de epidemiolog\\u00eda de la nutrici\\u00f3n\",\"description\":\"Universidad Miguel Hern\\u00e1ndez de Elche\",\"potentialAction\":[{\"@type\":\"SearchAction\",\"target\":{\"@type\":\"EntryPoint\",\"urlTemplate\":\"https:\/\/epinut.umh.es\/en\/?s={search_term_string}\"},\"query-input\":\"required name=search_term_string\"}],\"inLanguage\":\"en-US\"},{\"@type\":\"WebPage\",\"@id\":\"https:\/\/epinut.umh.es\/publicaciones-eureye\/#webpage\",\"url\":\"https:\/\/epinut.umh.es\/publicaciones-eureye\/\",\"name\":\"Publications EUREYE - Unidad de epidemiolog\\u00eda de la nutrici\\u00f3n\",\"isPartOf\":{\"@id\":\"https:\/\/epinut.umh.es\/en\/#website\"},\"datePublished\":\"2018-06-29T10:24:33+00:00\",\"dateModified\":\"2018-07-02T10:56:59+00:00\",\"breadcrumb\":{\"@id\":\"https:\/\/epinut.umh.es\/publicaciones-eureye\/#breadcrumb\"},\"inLanguage\":\"en-US\",\"potentialAction\":[{\"@type\":\"ReadAction\",\"target\":[\"https:\/\/epinut.umh.es\/publicaciones-eureye\/\"]}]},{\"@type\":\"BreadcrumbList\",\"@id\":\"https:\/\/epinut.umh.es\/publicaciones-eureye\/#breadcrumb\",\"itemListElement\":[{\"@type\":\"ListItem\",\"position\":1,\"name\":\"Home\",\"item\":\"https:\/\/epinut.umh.es\/\"},{\"@type\":\"ListItem\",\"position\":2,\"name\":\"Publicaciones EUREYE\"}]}]}<\/script>\n<!-- \/ Yoast SEO plugin. -->","yoast_head_json":{"title":"Publications EUREYE - Unidad de epidemiolog\u00eda de la nutrici\u00f3n","robots":{"index":"index","follow":"follow","max-snippet":"max-snippet:-1","max-image-preview":"max-image-preview:large","max-video-preview":"max-video-preview:-1"},"canonical":"https:\/\/epinut.umh.es\/publicaciones-eureye\/","og_locale":"en_US","og_type":"article","og_title":"Publications EUREYE - Unidad de epidemiolog\u00eda de la nutrici\u00f3n","og_description":"PUBLICATIONS 1.-Augood C, Fletcher A, Bentham G, Chakravarthy U, de Jong PTVM, Rahu M, Seland J, Soubrane G, Tomazzoli L, Topouzis F, Vioque J, Young I (2004)n. Methods for a population-based study of the prevalence and risk factors for age-related maculopathy and macular degeneration in elderly European populations: the EUREYE study. Ophthalmic Epidemiology 11(2): 117-129. [&hellip;]","og_url":"https:\/\/epinut.umh.es\/publicaciones-eureye\/","og_site_name":"Unidad de epidemiolog\u00eda de la nutrici\u00f3n","article_modified_time":"2018-07-02T10:56:59+00:00","twitter_card":"summary","twitter_misc":{"Est. reading time":"5 minutes"},"schema":{"@context":"https:\/\/schema.org","@graph":[{"@type":"WebSite","@id":"https:\/\/epinut.umh.es\/en\/#website","url":"https:\/\/epinut.umh.es\/en\/","name":"Unidad de epidemiolog\u00eda de la nutrici\u00f3n","description":"Universidad Miguel Hern\u00e1ndez de Elche","potentialAction":[{"@type":"SearchAction","target":{"@type":"EntryPoint","urlTemplate":"https:\/\/epinut.umh.es\/en\/?s={search_term_string}"},"query-input":"required name=search_term_string"}],"inLanguage":"en-US"},{"@type":"WebPage","@id":"https:\/\/epinut.umh.es\/publicaciones-eureye\/#webpage","url":"https:\/\/epinut.umh.es\/publicaciones-eureye\/","name":"Publications EUREYE - Unidad de epidemiolog\u00eda de la nutrici\u00f3n","isPartOf":{"@id":"https:\/\/epinut.umh.es\/en\/#website"},"datePublished":"2018-06-29T10:24:33+00:00","dateModified":"2018-07-02T10:56:59+00:00","breadcrumb":{"@id":"https:\/\/epinut.umh.es\/publicaciones-eureye\/#breadcrumb"},"inLanguage":"en-US","potentialAction":[{"@type":"ReadAction","target":["https:\/\/epinut.umh.es\/publicaciones-eureye\/"]}]},{"@type":"BreadcrumbList","@id":"https:\/\/epinut.umh.es\/publicaciones-eureye\/#breadcrumb","itemListElement":[{"@type":"ListItem","position":1,"name":"Home","item":"https:\/\/epinut.umh.es\/"},{"@type":"ListItem","position":2,"name":"Publicaciones EUREYE"}]}]}},"_links":{"self":[{"href":"https:\/\/epinut.umh.es\/en\/wp-json\/wp\/v2\/pages\/956"}],"collection":[{"href":"https:\/\/epinut.umh.es\/en\/wp-json\/wp\/v2\/pages"}],"about":[{"href":"https:\/\/epinut.umh.es\/en\/wp-json\/wp\/v2\/types\/page"}],"author":[{"embeddable":true,"href":"https:\/\/epinut.umh.es\/en\/wp-json\/wp\/v2\/users\/163"}],"replies":[{"embeddable":true,"href":"https:\/\/epinut.umh.es\/en\/wp-json\/wp\/v2\/comments?post=956"}],"version-history":[{"count":0,"href":"https:\/\/epinut.umh.es\/en\/wp-json\/wp\/v2\/pages\/956\/revisions"}],"wp:attachment":[{"href":"https:\/\/epinut.umh.es\/en\/wp-json\/wp\/v2\/media?parent=956"}],"curies":[{"name":"wp","href":"https:\/\/api.w.org\/{rel}","templated":true}]}}