{"id":963,"date":"2018-06-29T10:54:57","date_gmt":"2018-06-29T10:54:57","guid":{"rendered":"http:\/\/epinut.umh.es\/?page_id=963"},"modified":"2018-07-09T07:27:45","modified_gmt":"2018-07-09T07:27:45","slug":"publicaciones-panesoes","status":"publish","type":"page","link":"https:\/\/epinut.umh.es\/en\/publicaciones-panesoes\/","title":{"rendered":"Publications PANESOES"},"content":{"rendered":"<p><\/p>\n<h5><strong><span style=\"color: #008080;\">PUBLICATIONS<\/span><\/strong><\/h5>\n<hr \/>\n<p>1.-Vioque J, Barber X, Bolumar F, Porta M, Santib\u00e1\u00f1ez M, de la Hera MG, Moreno-Osset E; PANESOES Study Group. <strong>Esophageal cancer risk by type of alcohol drinking and smoking: a case-control study in Spain.<\/strong> <span style=\"color: #008080;\"><a style=\"color: #008080;\" href=\"http:\/\/www.ncbi.nlm.nih.gov\/pubmed\/18673563\" target=\"_blank\">BMC Cancer. 2008 Aug 1;8:221.<\/a><\/span><\/p>\n<hr \/>\n<p>2.-Santiba\u00f1ez M, Vioque J, Alguacil J, Barber X, Garc\u00eda de la Hera M, Kauppinen T; PANESOES Study Group. <strong>Occupational exposures and risk of oesophageal cancer by histological type: a case-control study in eastern Spain.<\/strong> <span style=\"color: #008080;\"><a style=\"color: #008080;\" href=\"http:\/\/www.ncbi.nlm.nih.gov\/pubmed\/18614460\" target=\"_blank\">Occup Environ Med. 2008 Nov;65(11):774-81.<\/a><\/span><\/p>\n<hr \/>\n<p>3.-Morales E, Porta M, Vioque J, L\u00f3pez T, Mendez MA, Pumarega J, Malats N, Crous-Bou M, Ngo J, Rif\u00e0 J, Carrato A, Guarner L, Corominas JM, Real FX; PANKRAS II Study Group. <strong>Food and nutrient intakes and K-ras mutations in exocrine pancreatic cancer.<\/strong> <span style=\"color: #008080;\"><a style=\"color: #008080;\" href=\"http:\/\/www.ncbi.nlm.nih.gov\/pubmed\/17568059\" target=\"_blank\">J Epidemiol Community Health. 2007 Jul;61(7):641-9.<\/a><\/span><\/p>\n<hr \/>\n<p>4.-Mendez MA, Vioque J, Porta M, Morales E, L\u00f3pez T, Malats N, Crous M, G\u00f3mez LI; PANKRAS II Study Group. <strong>Estimating dietary intakes from a brief questionnaire: A simulation study of reliability in a molecular epidemiologic study of pancreatic and biliary diseases.<\/strong> <span style=\"color: #008080;\"><a style=\"color: #008080;\" href=\"http:\/\/www.ncbi.nlm.nih.gov\/pubmed\/16830172\" target=\"_blank\">Eur J Epidemiol. 2006;21(6):417-26.<\/a><\/span><\/p>\n<hr \/>\n<p>5.<strong>&#8211;<\/strong>Porta M, Vioque J, Ayude D, Alguacil J, Jariod M, Ruiz L, Murillol JA. <strong>Coffee drinking: the rationale for treating it as a potential effect modifier of carcinogenic exposures.<\/strong> <span style=\"color: #008080;\"><a style=\"color: #008080;\" href=\"http:\/\/www.ncbi.nlm.nih.gov\/pubmed\/12803368\" target=\"_blank\">Eur J Epidemiol. 2003;18(4):289-98.<\/a><\/span><\/p>\n<hr \/>\n<p><a href=\"http:\/\/epinut.umh.es\/?p=39\"><strong><span style=\"color: #008080;\">&lt;&lt;Back<\/span><\/strong><\/a><\/p>","protected":false},"excerpt":{"rendered":"<p>PUBLICATIONS 1.-Vioque J, Barber X, Bolumar F, Porta M, Santib\u00e1\u00f1ez M, de la Hera MG, Moreno-Osset E; PANESOES Study Group. Esophageal cancer risk by type of alcohol drinking and smoking: a case-control study in Spain. BMC Cancer. 2008 Aug 1;8:221. 2.-Santiba\u00f1ez M, Vioque J, Alguacil J, Barber X, Garc\u00eda de la Hera M, Kauppinen T; [&hellip;]<\/p>\n","protected":false},"author":163,"featured_media":0,"parent":0,"menu_order":0,"comment_status":"closed","ping_status":"closed","template":"","meta":{"_et_pb_use_builder":"","_et_pb_old_content":"","_et_gb_content_width":"","_links_to":"","_links_to_target":""},"yoast_head":"<!-- This site is optimized with the Yoast SEO plugin v17.5 - https:\/\/yoast.com\/wordpress\/plugins\/seo\/ -->\n<title>Publications PANESOES - Unidad de epidemiolog\u00eda de la nutrici\u00f3n<\/title>\n<meta name=\"robots\" content=\"index, follow, max-snippet:-1, max-image-preview:large, max-video-preview:-1\" \/>\n<link rel=\"canonical\" href=\"https:\/\/epinut.umh.es\/publicaciones-panesoes\/\" \/>\n<meta property=\"og:locale\" content=\"en_US\" \/>\n<meta property=\"og:type\" content=\"article\" \/>\n<meta property=\"og:title\" content=\"Publications PANESOES - Unidad de epidemiolog\u00eda de la nutrici\u00f3n\" \/>\n<meta property=\"og:description\" content=\"PUBLICATIONS 1.-Vioque J, Barber X, Bolumar F, Porta M, Santib\u00e1\u00f1ez M, de la Hera MG, Moreno-Osset E; PANESOES Study Group. Esophageal cancer risk by type of alcohol drinking and smoking: a case-control study in Spain. BMC Cancer. 2008 Aug 1;8:221. 2.-Santiba\u00f1ez M, Vioque J, Alguacil J, Barber X, Garc\u00eda de la Hera M, Kauppinen T; [&hellip;]\" \/>\n<meta property=\"og:url\" content=\"https:\/\/epinut.umh.es\/publicaciones-panesoes\/\" \/>\n<meta property=\"og:site_name\" content=\"Unidad de epidemiolog\u00eda de la nutrici\u00f3n\" \/>\n<meta property=\"article:modified_time\" content=\"2018-07-09T07:27:45+00:00\" \/>\n<meta name=\"twitter:card\" content=\"summary\" \/>\n<meta name=\"twitter:label1\" content=\"Est. reading time\" \/>\n\t<meta name=\"twitter:data1\" content=\"2 minutes\" \/>\n<script type=\"application\/ld+json\" class=\"yoast-schema-graph\">{\"@context\":\"https:\/\/schema.org\",\"@graph\":[{\"@type\":\"WebSite\",\"@id\":\"https:\/\/epinut.umh.es\/#website\",\"url\":\"https:\/\/epinut.umh.es\/\",\"name\":\"Unidad de epidemiolog\\u00eda de la nutrici\\u00f3n\",\"description\":\"Universidad Miguel Hern\\u00e1ndez de Elche\",\"potentialAction\":[{\"@type\":\"SearchAction\",\"target\":{\"@type\":\"EntryPoint\",\"urlTemplate\":\"https:\/\/epinut.umh.es\/?s={search_term_string}\"},\"query-input\":\"required name=search_term_string\"}],\"inLanguage\":\"en-US\"},{\"@type\":\"WebPage\",\"@id\":\"https:\/\/epinut.umh.es\/publicaciones-panesoes\/#webpage\",\"url\":\"https:\/\/epinut.umh.es\/publicaciones-panesoes\/\",\"name\":\"Publications PANESOES - Unidad de epidemiolog\\u00eda de la nutrici\\u00f3n\",\"isPartOf\":{\"@id\":\"https:\/\/epinut.umh.es\/#website\"},\"datePublished\":\"2018-06-29T10:54:57+00:00\",\"dateModified\":\"2018-07-09T07:27:45+00:00\",\"breadcrumb\":{\"@id\":\"https:\/\/epinut.umh.es\/publicaciones-panesoes\/#breadcrumb\"},\"inLanguage\":\"en-US\",\"potentialAction\":[{\"@type\":\"ReadAction\",\"target\":[\"https:\/\/epinut.umh.es\/publicaciones-panesoes\/\"]}]},{\"@type\":\"BreadcrumbList\",\"@id\":\"https:\/\/epinut.umh.es\/publicaciones-panesoes\/#breadcrumb\",\"itemListElement\":[{\"@type\":\"ListItem\",\"position\":1,\"name\":\"Home\",\"item\":\"https:\/\/epinut.umh.es\/\"},{\"@type\":\"ListItem\",\"position\":2,\"name\":\"Publicaciones PANESOES\"}]}]}<\/script>\n<!-- \/ Yoast SEO plugin. -->","yoast_head_json":{"title":"Publications PANESOES - Unidad de epidemiolog\u00eda de la nutrici\u00f3n","robots":{"index":"index","follow":"follow","max-snippet":"max-snippet:-1","max-image-preview":"max-image-preview:large","max-video-preview":"max-video-preview:-1"},"canonical":"https:\/\/epinut.umh.es\/publicaciones-panesoes\/","og_locale":"en_US","og_type":"article","og_title":"Publications PANESOES - Unidad de epidemiolog\u00eda de la nutrici\u00f3n","og_description":"PUBLICATIONS 1.-Vioque J, Barber X, Bolumar F, Porta M, Santib\u00e1\u00f1ez M, de la Hera MG, Moreno-Osset E; PANESOES Study Group. Esophageal cancer risk by type of alcohol drinking and smoking: a case-control study in Spain. BMC Cancer. 2008 Aug 1;8:221. 2.-Santiba\u00f1ez M, Vioque J, Alguacil J, Barber X, Garc\u00eda de la Hera M, Kauppinen T; [&hellip;]","og_url":"https:\/\/epinut.umh.es\/publicaciones-panesoes\/","og_site_name":"Unidad de epidemiolog\u00eda de la nutrici\u00f3n","article_modified_time":"2018-07-09T07:27:45+00:00","twitter_card":"summary","twitter_misc":{"Est. reading time":"2 minutes"},"schema":{"@context":"https:\/\/schema.org","@graph":[{"@type":"WebSite","@id":"https:\/\/epinut.umh.es\/#website","url":"https:\/\/epinut.umh.es\/","name":"Unidad de epidemiolog\u00eda de la nutrici\u00f3n","description":"Universidad Miguel Hern\u00e1ndez de Elche","potentialAction":[{"@type":"SearchAction","target":{"@type":"EntryPoint","urlTemplate":"https:\/\/epinut.umh.es\/?s={search_term_string}"},"query-input":"required name=search_term_string"}],"inLanguage":"en-US"},{"@type":"WebPage","@id":"https:\/\/epinut.umh.es\/publicaciones-panesoes\/#webpage","url":"https:\/\/epinut.umh.es\/publicaciones-panesoes\/","name":"Publications PANESOES - Unidad de epidemiolog\u00eda de la nutrici\u00f3n","isPartOf":{"@id":"https:\/\/epinut.umh.es\/#website"},"datePublished":"2018-06-29T10:54:57+00:00","dateModified":"2018-07-09T07:27:45+00:00","breadcrumb":{"@id":"https:\/\/epinut.umh.es\/publicaciones-panesoes\/#breadcrumb"},"inLanguage":"en-US","potentialAction":[{"@type":"ReadAction","target":["https:\/\/epinut.umh.es\/publicaciones-panesoes\/"]}]},{"@type":"BreadcrumbList","@id":"https:\/\/epinut.umh.es\/publicaciones-panesoes\/#breadcrumb","itemListElement":[{"@type":"ListItem","position":1,"name":"Home","item":"https:\/\/epinut.umh.es\/"},{"@type":"ListItem","position":2,"name":"Publicaciones PANESOES"}]}]}},"_links":{"self":[{"href":"https:\/\/epinut.umh.es\/en\/wp-json\/wp\/v2\/pages\/963"}],"collection":[{"href":"https:\/\/epinut.umh.es\/en\/wp-json\/wp\/v2\/pages"}],"about":[{"href":"https:\/\/epinut.umh.es\/en\/wp-json\/wp\/v2\/types\/page"}],"author":[{"embeddable":true,"href":"https:\/\/epinut.umh.es\/en\/wp-json\/wp\/v2\/users\/163"}],"replies":[{"embeddable":true,"href":"https:\/\/epinut.umh.es\/en\/wp-json\/wp\/v2\/comments?post=963"}],"version-history":[{"count":0,"href":"https:\/\/epinut.umh.es\/en\/wp-json\/wp\/v2\/pages\/963\/revisions"}],"wp:attachment":[{"href":"https:\/\/epinut.umh.es\/en\/wp-json\/wp\/v2\/media?parent=963"}],"curies":[{"name":"wp","href":"https:\/\/api.w.org\/{rel}","templated":true}]}}